{"id":1823,"date":"2016-02-23T13:32:18","date_gmt":"2016-02-23T13:32:18","guid":{"rendered":"http:\/\/roztocze24.info\/?page_id=1823"},"modified":"2024-03-17T15:00:33","modified_gmt":"2024-03-17T14:00:33","slug":"artykuly-2","status":"publish","type":"page","link":"https:\/\/roztocze24.info\/?page_id=1823","title":{"rendered":"Artyku\u0142y"},"content":{"rendered":"\n<p><strong>2022<\/strong><\/p>\n\n\n\n<p><strong>Gazeta Horyniecka<\/strong><\/p>\n\n\n\n<p><a href=\"https:\/\/roztocze24.info\/pdf\/Andrejkow.pdf\" target=\"_blank\" rel=\"noreferrer noopener\">Cichy Memoria\u0142. Deskale Arkadiusza Andrejkowa na Podkarpaciu (GH58, III 2022)<\/a><\/p>\n\n\n\n<p><strong>2020<\/strong><\/p>\n\n\n\n<p><strong>Gazeta Horyniecka<\/strong><\/p>\n\n\n\n<p><a href=\"https:\/\/roztocze24.info\/pdf\/Kobos.pdf\" data-type=\"link\" data-id=\"https:\/\/roztocze24.info\/pdf\/Wrzos.pdf\" target=\"_blank\" rel=\"noreferrer noopener\">Niezwyk\u0142a historia Stefana Kobosa &#8222;Wrzosa&#8221; (GH55, X 2020)<\/a><\/p>\n\n\n\n<p><strong>2019<\/strong><\/p>\n\n\n\n<p><strong>Gazeta Horyniecka<\/strong><\/p>\n\n\n\n<p><a href=\"http:\/\/roztocze24.info\/pdf\/Repery.pdf\" target=\"_blank\" rel=\"noreferrer noopener\">Znaki wysoko\u015bciowe na roztocza\u0144skiej kolei (GH 53, IX 2019)<\/a><\/p>\n\n\n\n<p><a href=\"\/pdf\/GH 51 BERNINA.pdf\">Per\u0142a Szwajcarii, Bernina Express, (GH nr 51, III 2019)<\/a><\/p>\n\n\n\n<p><\/p>\n\n\n\n<p><strong>2018<\/strong><\/p>\n\n\n\n<p><strong>Gazeta Horyniecka<\/strong><\/p>\n\n\n\n<p><a href=\"\/pdf\/GH50.pdf\">Moje 500 rajd\u00f3w po Roztoczu (GH nr 50, VIII 2018)<\/a><\/p>\n\n\n\n<p><strong>2017<\/strong><\/p>\n\n\n\n<p><strong>Gazeta Horyniecka<\/strong><\/p>\n\n\n\n<p><a href=\"\/pdf\/GH46.pdf\">Dawny szlak Po\u0142udniowy, cz\u0119\u015b\u0107 II: odcinek Horyniec &#8211; Susiec (GH nr 46, I-III 2017)<\/a><\/p>\n\n\n\n<p><a href=\"https:\/\/roztocze24.info\/pdf\/GH 48.pdf\">\ufeffKolejki w\u0105skotorowe na Roztoczu Po\u0142udniowym (GH nr 48, VII-IX 2017)<\/a><\/p>\n\n\n\n<p><\/p>\n\n\n\n<p><strong>2016<\/strong><\/p>\n\n\n\n<p><strong>Gazeta Horyniecka<\/strong><\/p>\n\n\n\n<p><a href=\"\/pdf\/GH 44.pdf\">Rowerem po Roztoczu &#8211; nowa seria map Wydawnictwa Turystycznego Pawe\u0142 W\u0142ad (GH nr 44, VII-IX 2016)<\/a><\/p>\n\n\n\n<p><a href=\"\/pdf\/GH45.pdf\">Dawny szlak Po\u0142udniowy, cz\u0119\u015b\u0107 I: odcinek Horyniec &#8211; Jaros\u0142aw (GH nr 45, X-XII 2016)<\/a><\/p>\n\n\n\n<p><\/p>\n\n\n\n<p><strong>2015<\/strong><\/p>\n\n\n\n<p><strong>Gazeta Horyniecka<\/strong><\/p>\n\n\n\n<p><a href=\"\/pdf\/GH39.pdf\">Moje spotkania z roztocza\u0144skim szlakiem \u015bw. Brata Alberta (GH nr 39, IV-VI 2015)<\/a><\/p>\n\n\n\n<p><a href=\"\/pdf\/GH41.pdf\">Moje przewodniki turystyczne (GH nr 41, X-XII 2015)<\/a><\/p>\n\n\n\n<p><\/p>\n\n\n\n<p><strong>2014<\/strong><\/p>\n\n\n\n<p><strong>Gazeta Horyniecka<\/strong><\/p>\n\n\n\n<p><a href=\"\/pdf\/GH35.pdf\">Linia kolejowa Werchrata &#8211; Rawa Ruska (GH nr 35, VIII 2014)<\/a><\/p>\n\n\n\n<p><a href=\"\/pdf\/GH37.pdf\">Znakowane trasy turystyczne w okolicy Hory\u0144ca-Zdroju, stan i potrzeby (GH nr 37, XI-XII 2014)<\/a><\/p>\n\n\n\n<p><a href=\"\/pdf\/GH37b.pdf\">Subiektywna historia poci\u0105gu &#8222;Roztocze&#8221; (GH nr 37, XI-XII 2014)<\/a><\/p>\n\n\n\n<p><\/p>\n\n\n\n<p><strong>Jednodni\u00f3wka 130 lat linii kolejowej Jaros\u0142aw &#8211; Sokal<\/strong><\/p>\n\n\n\n<p><a href=\"\/pdf\/130 lat.pdf\">130 lat to pi\u0119kny wiek! (artyku\u0142 wprowadzaj\u0105cy, VII 2014)<\/a><\/p>\n\n\n\n<p><\/p>\n\n\n\n<p><strong>2002<\/strong><\/p>\n\n\n\n<p><strong>Gadki z Chatki<\/strong><\/p>\n\n\n\n<p><a href=\"\/pdf\/Gadki z Chatki.pdf\">Roztocze (IV-V 2002)<\/a><\/p>\n\n\n\n<p><\/p>\n\n\n\n<p><strong>Podstawy Kultury ekologicznej<\/strong><\/p>\n\n\n\n<p><a href=\"\/pdf\/Zabytki.pdf\">Ochrona zabytk\u00f3w kultury i sztuki a ochrona zabytk\u00f3w przyrody &#8211; wybrane zagadnienia (Warszawa 2002)<\/a><\/p>\n\n\n\n<p><\/p>\n\n\n\n<p><strong>2001<\/strong><\/p>\n\n\n\n<p><strong>Lubelski miesi\u0119cznik m\u0142odzie\u017cy katolickiej&nbsp;Spojrzenia<\/strong><\/p>\n\n\n\n<p><a href=\"\/pdf\/Spojrzenia 7_8_2001.pdf\">O w\u0119drowaniu s\u0142\u00f3w kilka (VII-VIII 2001)<\/a><\/p>\n\n\n\n<p><\/p>\n\n\n\n<p><strong>2000<\/strong><\/p>\n\n\n\n<p><strong>Zielony zeszyt REFA 2000<\/strong><\/p>\n\n\n\n<p><a href=\"\/pdf\/Franciszkanie.pdf\">Pustelnie Brata Alberta na Roztoczu (8\/2000)<\/a><\/p>\n\n\n\n<p><\/p>\n\n\n\n<p><strong>1998<\/strong><\/p>\n\n\n\n<p><strong>Lubelski miesi\u0119cznik&nbsp;m\u0142odzie\u017cy katolickiej&nbsp; Spojrzenia<\/strong><\/p>\n\n\n\n<p><a href=\"\/pdf\/Spojrzenia 2_1998.pdf\">Opowie\u015bci turystyczne: Linia Mo\u0142otowa (II 1998)<\/a><\/p>\n\n\n\n<p><a href=\"\/pdf\/Spojrzenia 3_1998.pdf\">Opowie\u015bci turystyczne: Zaproszenie do Werchraty (III 1998)<\/a><\/p>\n\n\n\n<p><a href=\"\/pdf\/Spojrzenia 6_1998.pdf\">Opowie\u015bci turystyczne: Zaproszenie do Roztocza\u0144skiego Parku Narodowego (VI 1998)<\/a><\/p>\n\n\n\n<p><a href=\"\/pdf\/Spojrzenia 5_1998.pdf\">Niekonwencjonalny przewodnik turystyczny: Roztocze cz. 2 (V 1996)<\/a><\/p>\n\n\n\n<p><\/p>\n\n\n\n<p><strong>Ku \u015awi\u0119tej Rodzinie, gazeta parafii \u015bw. Rodziny w Lublinie<\/strong><\/p>\n\n\n\n<p><a href=\"\/pdf\/Szumy 1998.pdf\">Propozycja turystyczna na jesienne weekendy: Susiec i szlak szum\u00f3w (IX 1998)<\/a><\/p>\n\n\n\n<p><\/p>\n\n\n\n<p><strong>1995\/1996<\/strong><\/p>\n\n\n\n<p><strong>Lubelski miesi\u0119cznik m\u0142odzie\u017cy katolickiej&nbsp; Spojrzenia<\/strong><\/p>\n\n\n\n<p><a href=\"\/pdf\/Spojrzenia 5_1995.pdf\">Niekonwencjonalny przewodnik turystyczny: Porytowe Wzg\u00f3rza (V 1995)<\/a><\/p>\n\n\n\n<p><a href=\"\/pdf\/Spojrzenia 6_1995.pdf\">N<\/a><a href=\"\/pdf\/Spojrzenia 6_1995.pdf\">iekonwencjonalny przewodnik turystyczny: Kolejka le\u015bna Lipa &#8211; Bukowa (VI 1995)<\/a><\/p>\n\n\n\n<p><a href=\"\/pdf\/Spojrzenia 7_8_1995.pdf\">Niekonwencjonalny przewodnik turystyczny: Momoty G\u00f3rne (VII-VIII 1995)<\/a><\/p>\n\n\n\n<p><a href=\"\/pdf\/Spojrzenia 11_1995.pdf\">Niekonwencjonalny przewodnik turystyczny: Pustelnie Brata Alberta (XI 1995)<\/a><\/p>\n\n\n\n<p><a href=\"\/pdf\/Spojrzenia 6_1996.pdf\">Niekonwencjonalny przewodnik turystyczny: Roztocze cz. 1 (VI 1996)<\/a><\/p>\n","protected":false},"excerpt":{"rendered":"<p>2022 Gazeta Horyniecka Cichy Memoria\u0142. Deskale Arkadiusza Andrejkowa na Podkarpaciu (GH58, III 2022) 2020 Gazeta Horyniecka Niezwyk\u0142a historia Stefana Kobosa &#8222;Wrzosa&#8221; (GH55, X 2020) 2019 Gazeta Horyniecka Znaki wysoko\u015bciowe na roztocza\u0144skiej kolei (GH 53, IX 2019) Per\u0142a Szwajcarii, Bernina Express, (GH nr 51, III 2019) 2018 Gazeta Horyniecka Moje 500 rajd\u00f3w po Roztoczu (GH nr &hellip; <a href=\"https:\/\/roztocze24.info\/?page_id=1823\" class=\"more-link\">Czytaj dalej<span class=\"screen-reader-text\"> \u201eArtyku\u0142y\u201d<\/span><\/a><\/p>\n","protected":false},"author":1,"featured_media":0,"parent":813,"menu_order":0,"comment_status":"closed","ping_status":"closed","template":"","meta":{"footnotes":""},"class_list":["post-1823","page","type-page","status-publish","hentry"],"_links":{"self":[{"href":"https:\/\/roztocze24.info\/index.php?rest_route=\/wp\/v2\/pages\/1823","targetHints":{"allow":["GET"]}}],"collection":[{"href":"https:\/\/roztocze24.info\/index.php?rest_route=\/wp\/v2\/pages"}],"about":[{"href":"https:\/\/roztocze24.info\/index.php?rest_route=\/wp\/v2\/types\/page"}],"author":[{"embeddable":true,"href":"https:\/\/roztocze24.info\/index.php?rest_route=\/wp\/v2\/users\/1"}],"replies":[{"embeddable":true,"href":"https:\/\/roztocze24.info\/index.php?rest_route=%2Fwp%2Fv2%2Fcomments&post=1823"}],"version-history":[{"count":16,"href":"https:\/\/roztocze24.info\/index.php?rest_route=\/wp\/v2\/pages\/1823\/revisions"}],"predecessor-version":[{"id":8784,"href":"https:\/\/roztocze24.info\/index.php?rest_route=\/wp\/v2\/pages\/1823\/revisions\/8784"}],"up":[{"embeddable":true,"href":"https:\/\/roztocze24.info\/index.php?rest_route=\/wp\/v2\/pages\/813"}],"wp:attachment":[{"href":"https:\/\/roztocze24.info\/index.php?rest_route=%2Fwp%2Fv2%2Fmedia&parent=1823"}],"curies":[{"name":"wp","href":"https:\/\/api.w.org\/{rel}","templated":true}]}}