{"id":1979,"date":"2016-03-03T16:43:29","date_gmt":"2016-03-03T16:43:29","guid":{"rendered":"http:\/\/roztocze24.info\/?page_id=1979"},"modified":"2025-04-18T19:12:48","modified_gmt":"2025-04-18T17:12:48","slug":"tydzien-na-roztoczu-3","status":"publish","type":"page","link":"https:\/\/roztocze24.info\/?page_id=1979","title":{"rendered":"Zima"},"content":{"rendered":"\n<p><\/p>\n\n\n\n<p>Roztocze to kraina wzg\u00f3rz, \u015bnieg zalega\u0107 tu wi\u0119c b\u0119dzie d\u0142u\u017cej, ni\u017c w nizinnych regionach kraju.&nbsp; Pami\u0119tam zimowy wypad na wzg\u00f3rze Buczyna w rejonie Dziewi\u0119cierza, gdzie brodzi\u0142em w \u015bniegu po kostki, podczas gdy w ca\u0142ej Polsce, a nawet w pobliskim Hory\u0144cu, \u015bniegu nie by\u0142o wcale. Z uwagi na zmiany klimatyczne coraz cz\u0119\u015bciej trafia si\u0119 jednak zima praktycznie bez\u015bnie\u017cna.<\/p>\n\n\n\n<figure class=\"wp-block-image size-large\"><img loading=\"lazy\" decoding=\"async\" width=\"750\" height=\"500\" src=\"http:\/\/roztocze24.info\/wp-content\/uploads\/2017\/12\/IMG_4748-Jedrzejowka-Gory.jpg\" alt=\"\" class=\"wp-image-6381\" srcset=\"https:\/\/roztocze24.info\/wp-content\/uploads\/2017\/12\/IMG_4748-Jedrzejowka-Gory.jpg 750w, https:\/\/roztocze24.info\/wp-content\/uploads\/2017\/12\/IMG_4748-Jedrzejowka-Gory-300x200.jpg 300w\" sizes=\"auto, (max-width: 750px) 85vw, 750px\" \/><figcaption class=\"wp-element-caption\">Roztocza\u0144skie wzg\u00f3rza zim\u0105<\/figcaption><\/figure>\n\n\n\n<p>\u015anieg nadaje roztocza\u0144skim lasom i wzg\u00f3rzom wyj\u0105tkowego\nuroku, jednak nie mo\u017cna go lekcewa\u017cy\u0107. Zim\u0105 dzie\u0144 jest kr\u00f3tki, a wi\u0119kszo\u015b\u0107\nszlak\u00f3w nie jest przetarta. W tych warunkach, szczeg\u00f3lnie w przypadku odcink\u00f3w\nprowadz\u0105cych na otwartym terenie wierzchowin, odnalezienie w\u0142a\u015bciwej drogi mo\u017ce\nby\u0107 bardzo trudne. Ponadto, przy du\u017cych opadach \u015bniegu, problematyczne mo\u017ce by\u0107\nnawet samo poruszanie si\u0119 do przodu, przynajmniej bez bieg\u00f3wek, czy rakiet\n\u015bnie\u017cnych. <\/p>\n\n\n\n<p>W zimowej wersji przewodnika koncentruj\u0119 si\u0119 raczej na kr\u00f3tkich\n\u015bcie\u017ckach dydaktycznych, kt\u00f3re powinny da\u0107 si\u0119 pokona\u0107 w ka\u017cdych warunkach. <\/p>\n\n\n\n<p>Jakie\u017c wi\u0119c trasy warte s\u0105 uwagi zim\u0105?<\/p>\n\n\n\n<p>1. <strong>\u015acie\u017cka dydaktyczna na Bukow\u0105 G\u00f3r\u0119 w Zwierzy\u0144cu<\/strong>, znakowana kolorem zielonym, prowadz\u0105ca przez Roztocza\u0144ski Park Narodowy (Roztocze \u015arodkowe). W\u0119drujemy przez buczyn\u0119 karpack\u0105 i b\u00f3r jod\u0142owy. Latem jest tu pi\u0119knie, a zim\u0105 wprost bajecznie. Na szczyt powinno uda\u0107 nam si\u0119 wspi\u0105\u0107 bez wi\u0119kszych problem\u00f3w. Natomiast zej\u015bcie w stron\u0119 wsi Sochy mo\u017ce by\u0107 kompletnie zawiane z pot\u0119\u017cnymi zaspami \u015bnie\u017cnymi na \u015brodku. Wtedy po prostu powracamy do Zwierzy\u0144ca t\u0105 sam\u0105 drog\u0105. <\/p>\n\n\n\n<p>2. Ciekawy jest<strong> pe\u0142en w\u0105woz\u00f3w las Cetnar w rejonie Kaw\u0119czynka<\/strong> (Roztocze Zachodnie). Doj\u015bcie z Kaw\u0119czynka za znakami niebieskimi pieszego szlaku centralnego. W\u0142a\u015bciwa \u015bcie\u017cka znakowana jest bia\u0142o-zielonymi kwadratami (nie myli\u0107 z bia\u0142o-czerwonymi, to inna trasa, prowadz\u0105ca do Szczebrzeszyna). D\u0142ugo\u015b\u0107 6 km, koniec przy tzw. Przystanku Kaw\u0119czynek.<\/p>\n\n\n\n<p>3.&nbsp; <strong>\u015acie\u017cka w rezerwacie Czartowe Pole w Hamerni<\/strong>, pieszy szlak czerwony (Roztocze \u015arodkowe). Miejsce wyj\u0105tkowej urody z wodospadami i ruinami ordynackiej papierni, a to wszystko w g\u0142\u0119bokiej dolinie rzeki Sopot. <\/p>\n\n\n\n<p>4. W aspekcie roztocza\u0144skich wodospad\u00f3w wytrwa\u0142ym turystom mo\u017cna poleci\u0107 niebieski <strong>szlak szum\u00f3w w Su\u015bcu<\/strong> (Roztocze \u015arodkowe). Liczy on wprawdzie 18 km, ale zaczynaj\u0105c wcze\u015bnie rano i przy umiarkowanym \u015bniegu, powinno si\u0119 uda\u0107 go pokona\u0107. Na tym szlaku zachowa\u0107 trzeba jednak w zimowych warunkach du\u017c\u0105 czujno\u015b\u0107. <\/p>\n\n\n\n<p>5. Zim\u0105 szczeg\u00f3lnego uroku nabiera <strong>rezerwat \u015aw. Rocha w Krasnobrodzie (<\/strong>Roztocze \u015arodkowe) i znajduj\u0105ca si\u0119 w nim, po\u0142o\u017cona w\u015br\u00f3d bukowego lasu, drewniana kapliczka (obecna z 1943 r.). Aby tam trafi\u0107, z centrum Krasnobrodu udajemy si\u0119 za szos\u0105 prowadz\u0105c\u0105 w kierunku J\u00f3zefowa. Za zabudowaniami rozpoczyna si\u0119 rozleg\u0142a dolina. Jej przeciwleg\u0142ym skrajem prowadzi bia\u0142o-niebieska \u015bcie\u017cka dydaktyczna, kt\u00f3ra w kierunku zach. prowadzi ju\u017c prosto do rezerwatu. Ciekawostk\u0105 jest <strong>park dinozaur\u00f3w<\/strong>, kt\u00f3re pojawi\u0142y si\u0119 tu w 2011 r. Warto tak\u017ce odwiedzi\u0107 inny taki obiekt (b\u0119dzie to \u0142atwiejsze, bo znajduje si\u0119 on przy szosie), czyli <strong>kapliczk\u0119 na wodzie<\/strong>. Postawiono j\u0105 w XIX w. w miejsce starszej. Woda z tutejszych \u017ar\u00f3de\u0142ek przywr\u00f3ci\u0142a swego czasu zdrowie Marii Zamoyskiej (p\u00f3\u017aniejszej Marysie\u0144ce Sobieskiej). Doj\u015bcie od ko\u015bcio\u0142a w Krasnobrodzie Podklasztorze Al. Naj\u015bwi\u0119tszej Marii Panny.<\/p>\n\n\n\n<p>6.&nbsp;&nbsp; W przypadku Roztocza Po\u0142udniowego (Wschodniego) poleci\u0107 mo\u017cna wypraw\u0119 do <strong>Nowin Horynieckich i na wzg\u00f3rze Buczyn<\/strong>a (z buczyn\u0105 karpack\u0105). W Nowinach, w dolince, przy pieszym szlaku zielonym, znajduje si\u0119 bardzo \u0142adna drewniana kapliczka z XIX w., postawiona nad \u017ar\u00f3de\u0142kami (zim\u0105 woda ma tutaj wyj\u0105tkowy smak). Warto p\u00f3\u017aniej uda\u0107 si\u0119 dalej szlakiem, prowadz\u0105cym do grupy g\u0142az\u00f3w zwanej \u015awi\u0105tyni\u0105 S\u0142o\u0144ca. Jak si\u0119 uda, mo\u017cna doj\u015b\u0107 nawet w rejon rezerwatu ja\u0142owc\u00f3w nieopodal dawnej stacji kolejowej Dziewi\u0119cierz i powr\u00f3ci\u0107 nast\u0119pnie do Nowin t\u0105 sam\u0105 drog\u0105.<\/p>\n\n\n\n<p>7.&nbsp; Bardzo ciekawa b\u0119dzie tak\u017ce <strong>wycieczka na Goraje: Kr\u0105g\u0142y i D\u0142ugi<\/strong>, najwy\u017csze wzniesienia Roztocza po polskiej stronie granicy. Dotrzemy tam <strong>z Huty Lubyckiej<\/strong> za znakami czerwonego szlaku pieszego. Ze szczytu D\u0142ugiego Goraja rozci\u0105ga si\u0119 obecnie ca\u0142kiem rozleg\u0142a panorama (po wycince drzew).<\/p>\n\n\n\n<p>8. <strong>Okolice J\u0119drzej\u00f3wki <\/strong>(Roztocze Zachodnie). Do g\u00f3rnej cz\u0119\u015bci wsi prowadzi jedna z najbardziej widokowych szos Roztocza,&nbsp; poprowadzona grzbietem bezle\u015bnej wierzchowiny.<\/p>\n\n\n\n<p>9. <strong>Kuligi <\/strong>&#8211; organizowane w wielu o\u015brodkach turystycznych Roztocza, np. w Zwierzy\u0144cu, Krasnobrodzie, Su\u015bcu, czy Hory\u0144cu. Lasy i wzg\u00f3rza, ogl\u0105dane z perspektywy sa\u0144,&nbsp; to wyj\u0105tkowe doznanie (trzeba si\u0119 tylko ciep\u0142o ubra\u0107). A perspektywa ogniska, ko\u0144cz\u0105cego zwykle kuligi, tak\u017ce nie jest bez znaczenia.<\/p>\n\n\n\n<p>10. <strong>Roztocza\u0144ska trasa kolejowa.<\/strong> Zero wysi\u0142ku, a krajobrazy co chwil\u0119 si\u0119 zmieniaj\u0105. Pomi\u0119dzy Zawad\u0105 a Be\u0142\u017ccem mo\u017cemy obserwowa\u0107 Wzg\u00f3rza Szczebrzeszy\u0144skie, przejecha\u0107 przez Roztocza\u0144ski Park Narodowy, zobaczy\u0107 Wa\u0142 Huty R\u00f3\u017canieckiej w rejonie Su\u015bca i pokona\u0107 ciekawe odcinki le\u015bne.&nbsp; Unikalny jest tak\u017ce odcinek z Hrebennego do Hory\u0144ca, trawersuj\u0105cy wzg\u00f3rza w rejonie Dziewi\u0119cierza. Niestety, obecnie nie istnieje mo\u017cliwo\u015b\u0107 pokonania w ca\u0142o\u015bci tej trasy zim\u0105. Dost\u0119pne s\u0105 odcinki Lublin &#8211; Be\u0142\u017cec i Horyniec &#8211; Jaros\u0142aw.<\/p>\n\n\n\n<p><strong>Podane tu propozycje w\u0119dr\u00f3wek stanowi\u0105 fragmenty tras opisanych bardziej szczeg\u00f3\u0142owo na stronach: Tydzie\u0144 na Roztoczu \u2013 lato i Tydzie\u0144 na Roztoczu \u2013 wiosna i jesie\u0144.<\/strong><\/p>\n","protected":false},"excerpt":{"rendered":"<p>Roztocze to kraina wzg\u00f3rz, \u015bnieg zalega\u0107 tu wi\u0119c b\u0119dzie d\u0142u\u017cej, ni\u017c w nizinnych regionach kraju.&nbsp; Pami\u0119tam zimowy wypad na wzg\u00f3rze Buczyna w rejonie Dziewi\u0119cierza, gdzie brodzi\u0142em w \u015bniegu po kostki, podczas gdy w ca\u0142ej Polsce, a nawet w pobliskim Hory\u0144cu, \u015bniegu nie by\u0142o wcale. Z uwagi na zmiany klimatyczne coraz cz\u0119\u015bciej trafia si\u0119 jednak zima &hellip; <a href=\"https:\/\/roztocze24.info\/?page_id=1979\" class=\"more-link\">Czytaj dalej<span class=\"screen-reader-text\"> \u201eZima\u201d<\/span><\/a><\/p>\n","protected":false},"author":1,"featured_media":0,"parent":813,"menu_order":0,"comment_status":"closed","ping_status":"closed","template":"","meta":{"footnotes":""},"class_list":["post-1979","page","type-page","status-publish","hentry"],"_links":{"self":[{"href":"https:\/\/roztocze24.info\/index.php?rest_route=\/wp\/v2\/pages\/1979","targetHints":{"allow":["GET"]}}],"collection":[{"href":"https:\/\/roztocze24.info\/index.php?rest_route=\/wp\/v2\/pages"}],"about":[{"href":"https:\/\/roztocze24.info\/index.php?rest_route=\/wp\/v2\/types\/page"}],"author":[{"embeddable":true,"href":"https:\/\/roztocze24.info\/index.php?rest_route=\/wp\/v2\/users\/1"}],"replies":[{"embeddable":true,"href":"https:\/\/roztocze24.info\/index.php?rest_route=%2Fwp%2Fv2%2Fcomments&post=1979"}],"version-history":[{"count":6,"href":"https:\/\/roztocze24.info\/index.php?rest_route=\/wp\/v2\/pages\/1979\/revisions"}],"predecessor-version":[{"id":9213,"href":"https:\/\/roztocze24.info\/index.php?rest_route=\/wp\/v2\/pages\/1979\/revisions\/9213"}],"up":[{"embeddable":true,"href":"https:\/\/roztocze24.info\/index.php?rest_route=\/wp\/v2\/pages\/813"}],"wp:attachment":[{"href":"https:\/\/roztocze24.info\/index.php?rest_route=%2Fwp%2Fv2%2Fmedia&parent=1979"}],"curies":[{"name":"wp","href":"https:\/\/api.w.org\/{rel}","templated":true}]}}