{"id":2186,"date":"2016-07-09T19:23:43","date_gmt":"2016-07-09T19:23:43","guid":{"rendered":"http:\/\/roztocze24.info\/?page_id=2186"},"modified":"2019-03-29T07:38:15","modified_gmt":"2019-03-29T06:38:15","slug":"rezrwat-imielty-lug-inaczej","status":"publish","type":"page","link":"https:\/\/roztocze24.info\/?page_id=2186","title":{"rendered":"Rezerwat Imielty \u0141ug inaczej"},"content":{"rendered":"<p>Gdy w 2004 r. uczestniczy\u0142em w przygotowywaniu pierwszej edycji mapy Kartpolu <em>Lasy Janowskie<\/em> malowano na niej ca\u0142kiem sporo szlak\u00f3w turystycznych, kt\u00f3re nie istnia\u0142y i by\u0142y dopiero planowane. W ostatecznej wersji mapy wi\u0119kszo\u015b\u0107 z nich usuni\u0119to, wprowadza\u0142yby wszak turyst\u00f3w w b\u0142\u0105d. Cz\u0119\u015b\u0107 po latach wyznakowano, cz\u0119\u015b\u0107 do dzi\u015b pozosta\u0142a w projekcie, w tym w\u0142a\u015bnie ta trasa. Rozpoczyna si\u0119 ona we wsi Szwedy, sk\u0105d jedziemy jedziemy rowerkiem prosto do le\u015bnicz\u00f3wki D\u0119bowiec, gdzie udajemy si\u0119 na wsch. Docieramy do wydmy po\u0142o\u017conej na skraju rezerwatu Imielty \u0141ug. Przepi\u0119kny i niezwykle malowniczy odcinek! Imielty wygl\u0105da z tej strony zupe\u0142nie inaczej, ni\u017c z po\u0142o\u017conej dalej na wsch. \u015bcie\u017cki dydaktycznej.<\/p>\n<p><img loading=\"lazy\" decoding=\"async\" class=\"aligncenter size-full wp-image-6148\" src=\"http:\/\/roztocze24.info\/wp-content\/uploads\/2019\/03\/IMG_8811-imielty.jpg\" alt=\"\" width=\"750\" height=\"500\" srcset=\"https:\/\/roztocze24.info\/wp-content\/uploads\/2019\/03\/IMG_8811-imielty.jpg 750w, https:\/\/roztocze24.info\/wp-content\/uploads\/2019\/03\/IMG_8811-imielty-300x200.jpg 300w\" sizes=\"auto, (max-width: 750px) 85vw, 750px\" \/><\/p>\n<p><img loading=\"lazy\" decoding=\"async\" class=\"aligncenter size-full wp-image-6149\" src=\"http:\/\/roztocze24.info\/wp-content\/uploads\/2019\/03\/IMG_8812.jpg\" alt=\"\" width=\"750\" height=\"500\" srcset=\"https:\/\/roztocze24.info\/wp-content\/uploads\/2019\/03\/IMG_8812.jpg 750w, https:\/\/roztocze24.info\/wp-content\/uploads\/2019\/03\/IMG_8812-300x200.jpg 300w\" sizes=\"auto, (max-width: 750px) 85vw, 750px\" \/><\/p>\n<p><img loading=\"lazy\" decoding=\"async\" class=\"aligncenter size-full wp-image-6150\" src=\"http:\/\/roztocze24.info\/wp-content\/uploads\/2019\/03\/IMG_8814.jpg\" alt=\"\" width=\"729\" height=\"500\" srcset=\"https:\/\/roztocze24.info\/wp-content\/uploads\/2019\/03\/IMG_8814.jpg 729w, https:\/\/roztocze24.info\/wp-content\/uploads\/2019\/03\/IMG_8814-300x206.jpg 300w\" sizes=\"auto, (max-width: 729px) 85vw, 729px\" \/><\/p>\n<p><img loading=\"lazy\" decoding=\"async\" class=\"aligncenter size-full wp-image-6151\" src=\"http:\/\/roztocze24.info\/wp-content\/uploads\/2019\/03\/IMG_8818.jpg\" alt=\"\" width=\"750\" height=\"500\" srcset=\"https:\/\/roztocze24.info\/wp-content\/uploads\/2019\/03\/IMG_8818.jpg 750w, https:\/\/roztocze24.info\/wp-content\/uploads\/2019\/03\/IMG_8818-300x200.jpg 300w\" sizes=\"auto, (max-width: 750px) 85vw, 750px\" \/><\/p>\n<p><img loading=\"lazy\" decoding=\"async\" class=\"aligncenter size-full wp-image-6152\" src=\"http:\/\/roztocze24.info\/wp-content\/uploads\/2019\/03\/IMG_8821.jpg\" alt=\"\" width=\"750\" height=\"500\" srcset=\"https:\/\/roztocze24.info\/wp-content\/uploads\/2019\/03\/IMG_8821.jpg 750w, https:\/\/roztocze24.info\/wp-content\/uploads\/2019\/03\/IMG_8821-300x200.jpg 300w\" sizes=\"auto, (max-width: 750px) 85vw, 750px\" \/><\/p>\n<p><img loading=\"lazy\" decoding=\"async\" class=\"aligncenter size-full wp-image-6153\" src=\"http:\/\/roztocze24.info\/wp-content\/uploads\/2019\/03\/IMG_8822.jpg\" alt=\"\" width=\"739\" height=\"500\" srcset=\"https:\/\/roztocze24.info\/wp-content\/uploads\/2019\/03\/IMG_8822.jpg 739w, https:\/\/roztocze24.info\/wp-content\/uploads\/2019\/03\/IMG_8822-300x203.jpg 300w\" sizes=\"auto, (max-width: 739px) 85vw, 739px\" \/><\/p>\n<p><img loading=\"lazy\" decoding=\"async\" class=\"aligncenter size-full wp-image-6154\" src=\"http:\/\/roztocze24.info\/wp-content\/uploads\/2019\/03\/IMG_8823.jpg\" alt=\"\" width=\"750\" height=\"500\" srcset=\"https:\/\/roztocze24.info\/wp-content\/uploads\/2019\/03\/IMG_8823.jpg 750w, https:\/\/roztocze24.info\/wp-content\/uploads\/2019\/03\/IMG_8823-300x200.jpg 300w\" sizes=\"auto, (max-width: 750px) 85vw, 750px\" \/><\/p>\n<p><em>Maj 2015<\/em><\/p>\n","protected":false},"excerpt":{"rendered":"<p>Gdy w 2004 r. uczestniczy\u0142em w przygotowywaniu pierwszej edycji mapy Kartpolu Lasy Janowskie malowano na niej ca\u0142kiem sporo szlak\u00f3w turystycznych, kt\u00f3re nie istnia\u0142y i by\u0142y dopiero planowane. W ostatecznej wersji mapy wi\u0119kszo\u015b\u0107 z nich usuni\u0119to, wprowadza\u0142yby wszak turyst\u00f3w w b\u0142\u0105d. Cz\u0119\u015b\u0107 po latach wyznakowano, cz\u0119\u015b\u0107 do dzi\u015b pozosta\u0142a w projekcie, w tym w\u0142a\u015bnie ta trasa. &hellip; <a href=\"https:\/\/roztocze24.info\/?page_id=2186\" class=\"more-link\">Czytaj dalej<span class=\"screen-reader-text\"> \u201eRezerwat Imielty \u0141ug inaczej\u201d<\/span><\/a><\/p>\n","protected":false},"author":1,"featured_media":0,"parent":869,"menu_order":0,"comment_status":"closed","ping_status":"closed","template":"","meta":{"footnotes":""},"class_list":["post-2186","page","type-page","status-publish","hentry"],"_links":{"self":[{"href":"https:\/\/roztocze24.info\/index.php?rest_route=\/wp\/v2\/pages\/2186","targetHints":{"allow":["GET"]}}],"collection":[{"href":"https:\/\/roztocze24.info\/index.php?rest_route=\/wp\/v2\/pages"}],"about":[{"href":"https:\/\/roztocze24.info\/index.php?rest_route=\/wp\/v2\/types\/page"}],"author":[{"embeddable":true,"href":"https:\/\/roztocze24.info\/index.php?rest_route=\/wp\/v2\/users\/1"}],"replies":[{"embeddable":true,"href":"https:\/\/roztocze24.info\/index.php?rest_route=%2Fwp%2Fv2%2Fcomments&post=2186"}],"version-history":[{"count":3,"href":"https:\/\/roztocze24.info\/index.php?rest_route=\/wp\/v2\/pages\/2186\/revisions"}],"predecessor-version":[{"id":6155,"href":"https:\/\/roztocze24.info\/index.php?rest_route=\/wp\/v2\/pages\/2186\/revisions\/6155"}],"up":[{"embeddable":true,"href":"https:\/\/roztocze24.info\/index.php?rest_route=\/wp\/v2\/pages\/869"}],"wp:attachment":[{"href":"https:\/\/roztocze24.info\/index.php?rest_route=%2Fwp%2Fv2%2Fmedia&parent=2186"}],"curies":[{"name":"wp","href":"https:\/\/api.w.org\/{rel}","templated":true}]}}