{"id":2420,"date":"2017-04-05T21:04:44","date_gmt":"2017-04-05T21:04:44","guid":{"rendered":"http:\/\/roztocze24.info\/?page_id=2420"},"modified":"2019-03-26T20:43:46","modified_gmt":"2019-03-26T19:43:46","slug":"podziemny-zamosc","status":"publish","type":"page","link":"https:\/\/roztocze24.info\/?page_id=2420","title":{"rendered":"Podziemny Zamo\u015b\u0107"},"content":{"rendered":"<p>W Zamo\u015bciu w XVII w. wybudowano ciekawy (i unikalny w skali Europy) system kanalizacyjny \u2013 kamienne kana\u0142y, kt\u00f3re zbiera\u0142y wod\u0119 do r\u00f3wnie\u017c kamiennych <em>cystern<\/em>, na potrzeby stra\u017cy po\u017carnej, kt\u00f3ra z ich pomoc\u0105 w przypadku po\u017caru mog\u0142a dzia\u0142a\u0107 bardziej efektywnie. Jak si\u0119 w mi\u0119dzyczasie dowiedzia\u0142em, jedn\u0105 z tych cystern odkryto w 2009 r. i znajduje si\u0119 ona (wraz z kana\u0142ami) na podziemnej trasy turystycznej, wytyczonej w podziemiach zamojskiego ratusza. Prawdopodobnie by\u0142 te\u017c drugi system kana\u0142\u00f3w, kt\u00f3ry odprowadza\u0142 nieczysto\u015bci poza miasto. To r\u00f3wnie unikalne, jak na owe czasy, rozwi\u0105zanie.<\/p>\n<p>Poni\u017csze dwa zdj\u0119cia pokazuj\u0105 zachowany kana\u0142.<\/p>\n<p><img loading=\"lazy\" decoding=\"async\" class=\"aligncenter size-full wp-image-5390\" src=\"http:\/\/roztocze24.info\/wp-content\/uploads\/2019\/03\/IMG_1431.jpg\" alt=\"\" width=\"750\" height=\"500\" srcset=\"https:\/\/roztocze24.info\/wp-content\/uploads\/2019\/03\/IMG_1431.jpg 750w, https:\/\/roztocze24.info\/wp-content\/uploads\/2019\/03\/IMG_1431-300x200.jpg 300w\" sizes=\"auto, (max-width: 750px) 85vw, 750px\" \/><\/p>\n<p><img loading=\"lazy\" decoding=\"async\" class=\"aligncenter size-full wp-image-5391\" src=\"http:\/\/roztocze24.info\/wp-content\/uploads\/2019\/03\/IMG_1432.jpg\" alt=\"\" width=\"750\" height=\"500\" srcset=\"https:\/\/roztocze24.info\/wp-content\/uploads\/2019\/03\/IMG_1432.jpg 750w, https:\/\/roztocze24.info\/wp-content\/uploads\/2019\/03\/IMG_1432-300x200.jpg 300w\" sizes=\"auto, (max-width: 750px) 85vw, 750px\" \/><\/p>\n<p>A to ju\u017c wylot kana\u0142u do cysterny i sama cysterna.<\/p>\n<p><img loading=\"lazy\" decoding=\"async\" class=\"aligncenter size-full wp-image-5392\" src=\"http:\/\/roztocze24.info\/wp-content\/uploads\/2019\/03\/IMG_1434.jpg\" alt=\"\" width=\"750\" height=\"500\" srcset=\"https:\/\/roztocze24.info\/wp-content\/uploads\/2019\/03\/IMG_1434.jpg 750w, https:\/\/roztocze24.info\/wp-content\/uploads\/2019\/03\/IMG_1434-300x200.jpg 300w\" sizes=\"auto, (max-width: 750px) 85vw, 750px\" \/><\/p>\n<p><img loading=\"lazy\" decoding=\"async\" class=\"aligncenter size-full wp-image-5393\" src=\"http:\/\/roztocze24.info\/wp-content\/uploads\/2019\/03\/IMG_1437.jpg\" alt=\"\" width=\"750\" height=\"500\" srcset=\"https:\/\/roztocze24.info\/wp-content\/uploads\/2019\/03\/IMG_1437.jpg 750w, https:\/\/roztocze24.info\/wp-content\/uploads\/2019\/03\/IMG_1437-300x200.jpg 300w\" sizes=\"auto, (max-width: 750px) 85vw, 750px\" \/><\/p>\n<p>Warto tak\u017ce zwr\u00f3ci\u0107 uwag\u0119 na podziemn\u0105 studni\u0119.<\/p>\n<p><img loading=\"lazy\" decoding=\"async\" class=\"aligncenter size-full wp-image-5394\" src=\"http:\/\/roztocze24.info\/wp-content\/uploads\/2019\/03\/IMG_1440.jpg\" alt=\"\" width=\"750\" height=\"500\" srcset=\"https:\/\/roztocze24.info\/wp-content\/uploads\/2019\/03\/IMG_1440.jpg 750w, https:\/\/roztocze24.info\/wp-content\/uploads\/2019\/03\/IMG_1440-300x200.jpg 300w\" sizes=\"auto, (max-width: 750px) 85vw, 750px\" \/><\/p>\n<p>Na trasie wiele ciekawych ekspozycji, tudzie\u017c cela, w kt\u00f3rej znajduje si\u0119 manekin symbolizuj\u0105cy wi\u0119\u017ania (z kul\u0105 u nogi). Obok tablica, z kt\u00f3rej mo\u017cna wyczyta\u0107 informacje o pierwszym polskim kodeksie karnym, zwanym Kodeksem Karz\u0105cym, kt\u00f3ry zatwierdzono w 1818 r. By\u0142 to efekt prac komisji prawodawczej powo\u0142anej przez namiestnika Kr\u00f3lestwa Polskiego \u2013 genera\u0142a J\u00f3zefa Zaj\u0105czka. Z jednej strony na\u015bladowano tu rozwi\u0105zania przyj\u0119te przez Austriak\u00f3w z kodeksu uchwalonego w 1803 r. (aczkolwiek podzia\u0142 czyn\u00f3w wymagaj\u0105cych kary odwo\u0142ywa\u0142 si\u0119 do rozwi\u0105za\u0144 francuskich). Ciekawe by\u0142y niekt\u00f3re kary\u2026 te cielesne wymierzano r\u00f3zgami, przy czym jednorazowa ch\u0142osta nie mog\u0142a przekroczy\u0107 30 raz\u00f3w. Kara \u015bmierci za\u015b wymierzana by\u0142a przez \u015bci\u0119cie lub powieszenie (to drugie tylko dla m\u0119\u017cczyzn) i wymaga\u0142a odpowiedniego przygotowania: ogolenia g\u0142owy, spania na go\u0142ych deskach, ci\u0119\u017ckich kajdan (4-6 kg), przykucia do kul (jeszcze bardziej ci\u0119\u017ckich), ha\u0144bi\u0105cego stroju (cokolwiek mia\u0142oby to znaczy\u0107) i zmniejszonych racji \u017cywno\u015bciowych, z ca\u0142kowitym wykluczeniem mi\u0119sa.<br \/>\nPodsumowuj\u0105c: bardzo ciekawa trasa, godna polecenia!<\/p>\n<p><em>Wiosna 2017<\/em><\/p>\n","protected":false},"excerpt":{"rendered":"<p>W Zamo\u015bciu w XVII w. wybudowano ciekawy (i unikalny w skali Europy) system kanalizacyjny \u2013 kamienne kana\u0142y, kt\u00f3re zbiera\u0142y wod\u0119 do r\u00f3wnie\u017c kamiennych cystern, na potrzeby stra\u017cy po\u017carnej, kt\u00f3ra z ich pomoc\u0105 w przypadku po\u017caru mog\u0142a dzia\u0142a\u0107 bardziej efektywnie. Jak si\u0119 w mi\u0119dzyczasie dowiedzia\u0142em, jedn\u0105 z tych cystern odkryto w 2009 r. i znajduje si\u0119 &hellip; <a href=\"https:\/\/roztocze24.info\/?page_id=2420\" class=\"more-link\">Czytaj dalej<span class=\"screen-reader-text\"> \u201ePodziemny Zamo\u015b\u0107\u201d<\/span><\/a><\/p>\n","protected":false},"author":1,"featured_media":0,"parent":895,"menu_order":0,"comment_status":"closed","ping_status":"closed","template":"","meta":{"footnotes":""},"class_list":["post-2420","page","type-page","status-publish","hentry"],"_links":{"self":[{"href":"https:\/\/roztocze24.info\/index.php?rest_route=\/wp\/v2\/pages\/2420","targetHints":{"allow":["GET"]}}],"collection":[{"href":"https:\/\/roztocze24.info\/index.php?rest_route=\/wp\/v2\/pages"}],"about":[{"href":"https:\/\/roztocze24.info\/index.php?rest_route=\/wp\/v2\/types\/page"}],"author":[{"embeddable":true,"href":"https:\/\/roztocze24.info\/index.php?rest_route=\/wp\/v2\/users\/1"}],"replies":[{"embeddable":true,"href":"https:\/\/roztocze24.info\/index.php?rest_route=%2Fwp%2Fv2%2Fcomments&post=2420"}],"version-history":[{"count":2,"href":"https:\/\/roztocze24.info\/index.php?rest_route=\/wp\/v2\/pages\/2420\/revisions"}],"predecessor-version":[{"id":5395,"href":"https:\/\/roztocze24.info\/index.php?rest_route=\/wp\/v2\/pages\/2420\/revisions\/5395"}],"up":[{"embeddable":true,"href":"https:\/\/roztocze24.info\/index.php?rest_route=\/wp\/v2\/pages\/895"}],"wp:attachment":[{"href":"https:\/\/roztocze24.info\/index.php?rest_route=%2Fwp%2Fv2%2Fmedia&parent=2420"}],"curies":[{"name":"wp","href":"https:\/\/api.w.org\/{rel}","templated":true}]}}