{"id":2479,"date":"2017-04-08T14:10:43","date_gmt":"2017-04-08T14:10:43","guid":{"rendered":"http:\/\/roztocze24.info\/?page_id=2479"},"modified":"2019-03-25T20:55:33","modified_gmt":"2019-03-25T19:55:33","slug":"pomnik-na-dnie-wawozu-w-szperowce","status":"publish","type":"page","link":"https:\/\/roztocze24.info\/?page_id=2479","title":{"rendered":"Pomnik na dnie w\u0105wozu w Szper\u00f3wce"},"content":{"rendered":"<p>W Szper\u00f3wce k. Szczebrzeszyna przy g\u0142\u00f3wnej szosie znajduj\u0105 si\u0119 dwa pomniki. Pierwszy upami\u0119tnia 50 mieszka\u0144c\u00f3w wsi zabitych przez Niemc\u00f3w w 1943 r., drugi bitw\u0119 partyzant\u00f3w AK stoczon\u0105 w tym miejscu 20 VII 1943 r. (na zdj\u0119ciu poni\u017cej). Ma\u0142o kto wie, \u017ce jest jeszcze pomnik trzeci, ale ju\u017c nie przy szosie&#8230;<\/p>\n<p><img loading=\"lazy\" decoding=\"async\" class=\"aligncenter size-full wp-image-4902\" src=\"http:\/\/roztocze24.info\/wp-content\/uploads\/2019\/03\/IMG_6613-Szperowka.jpg\" alt=\"\" width=\"333\" height=\"500\" srcset=\"https:\/\/roztocze24.info\/wp-content\/uploads\/2019\/03\/IMG_6613-Szperowka.jpg 333w, https:\/\/roztocze24.info\/wp-content\/uploads\/2019\/03\/IMG_6613-Szperowka-200x300.jpg 200w\" sizes=\"auto, (max-width: 333px) 85vw, 333px\" \/><\/p>\n<p>St\u0105d schodz\u0119 do w\u0105woz\u00f3w w Zaburskim Lesie i docieram do pomnika.<\/p>\n<p><img loading=\"lazy\" decoding=\"async\" class=\"aligncenter size-full wp-image-4904\" src=\"http:\/\/roztocze24.info\/wp-content\/uploads\/2019\/03\/IMG_6623.jpg\" alt=\"\" width=\"750\" height=\"500\" srcset=\"https:\/\/roztocze24.info\/wp-content\/uploads\/2019\/03\/IMG_6623.jpg 750w, https:\/\/roztocze24.info\/wp-content\/uploads\/2019\/03\/IMG_6623-300x200.jpg 300w\" sizes=\"auto, (max-width: 750px) 85vw, 750px\" \/><\/p>\n<p><img loading=\"lazy\" decoding=\"async\" class=\"aligncenter size-full wp-image-4906\" src=\"http:\/\/roztocze24.info\/wp-content\/uploads\/2019\/03\/IMG_6620.jpg\" alt=\"\" width=\"750\" height=\"500\" srcset=\"https:\/\/roztocze24.info\/wp-content\/uploads\/2019\/03\/IMG_6620.jpg 750w, https:\/\/roztocze24.info\/wp-content\/uploads\/2019\/03\/IMG_6620-300x200.jpg 300w\" sizes=\"auto, (max-width: 750px) 85vw, 750px\" \/><\/p>\n<p><img loading=\"lazy\" decoding=\"async\" class=\"aligncenter size-full wp-image-4912\" src=\"http:\/\/roztocze24.info\/wp-content\/uploads\/2019\/03\/IMG_6621.jpg\" alt=\"\" width=\"750\" height=\"500\" srcset=\"https:\/\/roztocze24.info\/wp-content\/uploads\/2019\/03\/IMG_6621.jpg 750w, https:\/\/roztocze24.info\/wp-content\/uploads\/2019\/03\/IMG_6621-300x200.jpg 300w\" sizes=\"auto, (max-width: 750px) 85vw, 750px\" \/><\/p>\n<p>Napis na nim g\u0142osi, \u017ce <em>w tym miejscu w dniu 25 V 1944 w czasie okupacji odby\u0142a si\u0119 uroczysto\u015b\u0107 \u015bwi\u0119ta ludowego z udzia\u0142em \u017co\u0142nierzy BCh i AK oraz okolicznej ludno\u015bci. W 40 rocznic\u0119 mieszka\u0144cy gm. [gminy] Radecznica<\/em>. Warto odwiedzi\u0107 to miejsce!<br \/>\nO pomniku dowiedzia\u0142em si\u0119 od Pana Edwarda S\u0142oniewskiego z zamojskiego oddzia\u0142u PTTK. Dzi\u0119kuj\u0119!<\/p>\n<p>I jeszcze panorama wzg\u00f3rz w rejonie Szper\u00f3wki.<\/p>\n<p><img loading=\"lazy\" decoding=\"async\" class=\"aligncenter size-full wp-image-4907\" src=\"http:\/\/roztocze24.info\/wp-content\/uploads\/2019\/03\/IMG_6629-1.jpg\" alt=\"\" width=\"750\" height=\"500\" srcset=\"https:\/\/roztocze24.info\/wp-content\/uploads\/2019\/03\/IMG_6629-1.jpg 750w, https:\/\/roztocze24.info\/wp-content\/uploads\/2019\/03\/IMG_6629-1-300x200.jpg 300w\" sizes=\"auto, (max-width: 750px) 85vw, 750px\" \/><\/p>\n<p><em>Maj 2014<\/em><\/p>\n","protected":false},"excerpt":{"rendered":"<p>W Szper\u00f3wce k. Szczebrzeszyna przy g\u0142\u00f3wnej szosie znajduj\u0105 si\u0119 dwa pomniki. Pierwszy upami\u0119tnia 50 mieszka\u0144c\u00f3w wsi zabitych przez Niemc\u00f3w w 1943 r., drugi bitw\u0119 partyzant\u00f3w AK stoczon\u0105 w tym miejscu 20 VII 1943 r. (na zdj\u0119ciu poni\u017cej). Ma\u0142o kto wie, \u017ce jest jeszcze pomnik trzeci, ale ju\u017c nie przy szosie&#8230; St\u0105d schodz\u0119 do w\u0105woz\u00f3w w &hellip; <a href=\"https:\/\/roztocze24.info\/?page_id=2479\" class=\"more-link\">Czytaj dalej<span class=\"screen-reader-text\"> \u201ePomnik na dnie w\u0105wozu w Szper\u00f3wce\u201d<\/span><\/a><\/p>\n","protected":false},"author":1,"featured_media":0,"parent":934,"menu_order":0,"comment_status":"closed","ping_status":"closed","template":"","meta":{"footnotes":""},"class_list":["post-2479","page","type-page","status-publish","hentry"],"_links":{"self":[{"href":"https:\/\/roztocze24.info\/index.php?rest_route=\/wp\/v2\/pages\/2479","targetHints":{"allow":["GET"]}}],"collection":[{"href":"https:\/\/roztocze24.info\/index.php?rest_route=\/wp\/v2\/pages"}],"about":[{"href":"https:\/\/roztocze24.info\/index.php?rest_route=\/wp\/v2\/types\/page"}],"author":[{"embeddable":true,"href":"https:\/\/roztocze24.info\/index.php?rest_route=\/wp\/v2\/users\/1"}],"replies":[{"embeddable":true,"href":"https:\/\/roztocze24.info\/index.php?rest_route=%2Fwp%2Fv2%2Fcomments&post=2479"}],"version-history":[{"count":2,"href":"https:\/\/roztocze24.info\/index.php?rest_route=\/wp\/v2\/pages\/2479\/revisions"}],"predecessor-version":[{"id":4913,"href":"https:\/\/roztocze24.info\/index.php?rest_route=\/wp\/v2\/pages\/2479\/revisions\/4913"}],"up":[{"embeddable":true,"href":"https:\/\/roztocze24.info\/index.php?rest_route=\/wp\/v2\/pages\/934"}],"wp:attachment":[{"href":"https:\/\/roztocze24.info\/index.php?rest_route=%2Fwp%2Fv2%2Fmedia&parent=2479"}],"curies":[{"name":"wp","href":"https:\/\/api.w.org\/{rel}","templated":true}]}}