{"id":2511,"date":"2017-04-30T10:53:35","date_gmt":"2017-04-30T09:53:35","guid":{"rendered":"http:\/\/roztocze24.info\/?page_id=2511"},"modified":"2019-03-26T20:56:54","modified_gmt":"2019-03-26T19:56:54","slug":"lasy-kominiarskie-k-szewni-2016","status":"publish","type":"page","link":"https:\/\/roztocze24.info\/?page_id=2511","title":{"rendered":"Lasy Komisarskie k. Szewni, 2016"},"content":{"rendered":"<p>Pieszy <em>niebieski<\/em> szlak Wzg\u00f3rzami Roztocza powsta\u0142 w 2013 r. Trzy lata p\u00f3\u017aniej doczeka\u0142 si\u0119 on istotnej modyfikacji. W pierwotnej wersji prowadzi\u0142 przez ca\u0142\u0105 Szewni\u0119 Dolna dolin\u0105, za szos\u0105. Teraz jego przebieg uleg\u0142 wyd\u0142u\u017ceniu o 3 km, ale dzi\u0119ki temu zdecydowanie zyska\u0142 na atrakcyjno\u015bci. Miast asfaltu w\u0119drujemy teraz nowymi drogami Las\u00f3w Pa\u0144stwowych przez zalesione i malownicze wzg\u00f3rza Las\u00f3w Komisarskich.<\/p>\n<p><img loading=\"lazy\" decoding=\"async\" class=\"aligncenter size-full wp-image-5400\" src=\"http:\/\/roztocze24.info\/wp-content\/uploads\/2019\/03\/IMG_2499.jpg\" alt=\"\" width=\"750\" height=\"500\" srcset=\"https:\/\/roztocze24.info\/wp-content\/uploads\/2019\/03\/IMG_2499.jpg 750w, https:\/\/roztocze24.info\/wp-content\/uploads\/2019\/03\/IMG_2499-300x200.jpg 300w\" sizes=\"auto, (max-width: 750px) 85vw, 750px\" \/><\/p>\n<p>Nawierzchnia zmienna, b\u0119dzie szuter, betonowe p\u0142yty&#8230;<\/p>\n<p><img loading=\"lazy\" decoding=\"async\" class=\"aligncenter size-full wp-image-5401\" src=\"http:\/\/roztocze24.info\/wp-content\/uploads\/2019\/03\/IMG_2501-Szewnia-Dolna.jpg\" alt=\"\" width=\"333\" height=\"500\" srcset=\"https:\/\/roztocze24.info\/wp-content\/uploads\/2019\/03\/IMG_2501-Szewnia-Dolna.jpg 333w, https:\/\/roztocze24.info\/wp-content\/uploads\/2019\/03\/IMG_2501-Szewnia-Dolna-200x300.jpg 200w\" sizes=\"auto, (max-width: 333px) 85vw, 333px\" \/><\/p>\n<p>&#8230; a na ko\u0144cowym odcinku zwyk\u0142e dukty le\u015bne.<\/p>\n<p><img loading=\"lazy\" decoding=\"async\" class=\"aligncenter size-full wp-image-5402\" src=\"http:\/\/roztocze24.info\/wp-content\/uploads\/2019\/03\/IMG_2503.jpg\" alt=\"\" width=\"333\" height=\"500\" srcset=\"https:\/\/roztocze24.info\/wp-content\/uploads\/2019\/03\/IMG_2503.jpg 333w, https:\/\/roztocze24.info\/wp-content\/uploads\/2019\/03\/IMG_2503-200x300.jpg 200w\" sizes=\"auto, (max-width: 333px) 85vw, 333px\" \/><\/p>\n<p>Na trasie ciekawostka historyczna &#8211; stary cmentarz. Na nim do\u015b\u0107 zagadkowa, nie podpisana jednak, mogi\u0142a.<\/p>\n<p><img loading=\"lazy\" decoding=\"async\" class=\"aligncenter size-full wp-image-5403\" src=\"http:\/\/roztocze24.info\/wp-content\/uploads\/2019\/03\/IMG_2505.jpg\" alt=\"\" width=\"333\" height=\"500\" srcset=\"https:\/\/roztocze24.info\/wp-content\/uploads\/2019\/03\/IMG_2505.jpg 333w, https:\/\/roztocze24.info\/wp-content\/uploads\/2019\/03\/IMG_2505-200x300.jpg 200w\" sizes=\"auto, (max-width: 333px) 85vw, 333px\" \/><\/p>\n<p>Na szlaku czeka nas jeszcze w\u0105w\u00f3z.<\/p>\n<p><img loading=\"lazy\" decoding=\"async\" class=\"aligncenter size-full wp-image-5404\" src=\"http:\/\/roztocze24.info\/wp-content\/uploads\/2019\/03\/IMG_2507.jpg\" alt=\"\" width=\"750\" height=\"500\" srcset=\"https:\/\/roztocze24.info\/wp-content\/uploads\/2019\/03\/IMG_2507.jpg 750w, https:\/\/roztocze24.info\/wp-content\/uploads\/2019\/03\/IMG_2507-300x200.jpg 300w\" sizes=\"auto, (max-width: 750px) 85vw, 750px\" \/><\/p>\n<p>A przy oryginalnej pompie nowy przebieg szlaku \u0142\u0105czy si\u0119 ze starym.<\/p>\n<p><img loading=\"lazy\" decoding=\"async\" class=\"aligncenter size-full wp-image-5405\" src=\"http:\/\/roztocze24.info\/wp-content\/uploads\/2019\/03\/IMG_2508.jpg\" alt=\"\" width=\"750\" height=\"500\" srcset=\"https:\/\/roztocze24.info\/wp-content\/uploads\/2019\/03\/IMG_2508.jpg 750w, https:\/\/roztocze24.info\/wp-content\/uploads\/2019\/03\/IMG_2508-300x200.jpg 300w\" sizes=\"auto, (max-width: 750px) 85vw, 750px\" \/><\/p>\n<p>I jeszcze ciekawostka. Przy okazji chcia\u0142em jeszcze w Szewni G\u00f3rnej zwiedzi\u0107 reklamowan\u0105 na tablicy wystaw\u0119 regionaln\u0105 w jednym z gospodarstw agroturystycznych. Na pytanie o wystaw\u0119 gospodyni powiedzia\u0142a, \u017ce takiej nie ma. Na drugie pytanie, to dlaczego jest ona reklamowana nieopodal na tablicy nie odpowiedzia\u0142a. Dziwni ludzie.<\/p>\n<p><em>(Wakacje 2016, opublikowano 1 maja 2017 r.)<br \/>\n<\/em><\/p>\n","protected":false},"excerpt":{"rendered":"<p>Pieszy niebieski szlak Wzg\u00f3rzami Roztocza powsta\u0142 w 2013 r. Trzy lata p\u00f3\u017aniej doczeka\u0142 si\u0119 on istotnej modyfikacji. W pierwotnej wersji prowadzi\u0142 przez ca\u0142\u0105 Szewni\u0119 Dolna dolin\u0105, za szos\u0105. Teraz jego przebieg uleg\u0142 wyd\u0142u\u017ceniu o 3 km, ale dzi\u0119ki temu zdecydowanie zyska\u0142 na atrakcyjno\u015bci. Miast asfaltu w\u0119drujemy teraz nowymi drogami Las\u00f3w Pa\u0144stwowych przez zalesione i malownicze &hellip; <a href=\"https:\/\/roztocze24.info\/?page_id=2511\" class=\"more-link\">Czytaj dalej<span class=\"screen-reader-text\"> \u201eLasy Komisarskie k. Szewni, 2016\u201d<\/span><\/a><\/p>\n","protected":false},"author":1,"featured_media":0,"parent":895,"menu_order":0,"comment_status":"closed","ping_status":"closed","template":"","meta":{"footnotes":""},"class_list":["post-2511","page","type-page","status-publish","hentry"],"_links":{"self":[{"href":"https:\/\/roztocze24.info\/index.php?rest_route=\/wp\/v2\/pages\/2511","targetHints":{"allow":["GET"]}}],"collection":[{"href":"https:\/\/roztocze24.info\/index.php?rest_route=\/wp\/v2\/pages"}],"about":[{"href":"https:\/\/roztocze24.info\/index.php?rest_route=\/wp\/v2\/types\/page"}],"author":[{"embeddable":true,"href":"https:\/\/roztocze24.info\/index.php?rest_route=\/wp\/v2\/users\/1"}],"replies":[{"embeddable":true,"href":"https:\/\/roztocze24.info\/index.php?rest_route=%2Fwp%2Fv2%2Fcomments&post=2511"}],"version-history":[{"count":1,"href":"https:\/\/roztocze24.info\/index.php?rest_route=\/wp\/v2\/pages\/2511\/revisions"}],"predecessor-version":[{"id":5406,"href":"https:\/\/roztocze24.info\/index.php?rest_route=\/wp\/v2\/pages\/2511\/revisions\/5406"}],"up":[{"embeddable":true,"href":"https:\/\/roztocze24.info\/index.php?rest_route=\/wp\/v2\/pages\/895"}],"wp:attachment":[{"href":"https:\/\/roztocze24.info\/index.php?rest_route=%2Fwp%2Fv2%2Fmedia&parent=2511"}],"curies":[{"name":"wp","href":"https:\/\/api.w.org\/{rel}","templated":true}]}}