{"id":2581,"date":"2017-06-07T22:49:14","date_gmt":"2017-06-07T21:49:14","guid":{"rendered":"http:\/\/roztocze24.info\/?page_id=2581"},"modified":"2019-03-30T15:19:28","modified_gmt":"2019-03-30T14:19:28","slug":"dawna-kolejka-waskotorowa-w-suscu","status":"publish","type":"page","link":"https:\/\/roztocze24.info\/?page_id=2581","title":{"rendered":"Dawna le\u015bna kolejka w\u0105skotorowa w Su\u015bcu"},"content":{"rendered":"<p>Przez Lubelszczyzn\u0119 prowadz\u0105 nie tylko tory normalne, ale tak\u017ce szerokie (LHS) i w\u0105skie. Kolejka na\u0142\u0119czowska nadal prowadzi sezonowy weekendowy ruch turystyczny. Du\u017ce fragmenty torowiska zachowa\u0142y si\u0119 na kolejce hrubieszowskiej, cho\u0107 o poci\u0105gach ju\u017c dawno tam zapomniano.<\/p>\n<p>Historycznie patrz\u0105c kolejek w\u0105skotorowych w naszym regionie by\u0142o grubo ponad 100. A\u017c trudno uwierzy\u0107, \u017ce niemal wszystkie ju\u017c nie istniej\u0105. Ale jest i dobra wiadomo\u015b\u0107. Mimo up\u0142ywu lat w przypadku wielu z nich nasypy s\u0105 nadal doskonale widoczne i mo\u017cliwe do przej\u015bcia piechot\u0105.<\/p>\n<p>Jedn\u0105 z najmniej znanych kart w historii roztocza\u0144skich w\u0105skotor\u00f3wek zapisano w okolicy Su\u015bca.<\/p>\n<p><img loading=\"lazy\" decoding=\"async\" class=\"aligncenter size-full wp-image-5094\" src=\"http:\/\/roztocze24.info\/wp-content\/uploads\/2019\/03\/IMG_8193.jpg\" alt=\"\" width=\"750\" height=\"500\" srcset=\"https:\/\/roztocze24.info\/wp-content\/uploads\/2019\/03\/IMG_8193.jpg 750w, https:\/\/roztocze24.info\/wp-content\/uploads\/2019\/03\/IMG_8193-300x200.jpg 300w\" sizes=\"auto, (max-width: 750px) 85vw, 750px\" \/><\/p>\n<p>Pierwsza kolejka pojawi\u0142a si\u0119 tu ju\u017c w 1928 r. Nie ma jej na \u017cadnej mapie, ale zachowa\u0142a si\u0119 w pami\u0119ci mieszka\u0144c\u00f3w. Jej tras\u0119 odtworzy\u0142 w 2018 r. <strong>Wiktor Jarosz<\/strong> z Su\u015bca.<\/p>\n<p>Tras\u0119 tej kolejki potem zmieniono (a by\u0107 mo\u017ce nawet wybudowano od nowa) przy okazji budowy le\u015bnicz\u00f3wki w rejonie ko\u015bcio\u0142a. T\u0119 w\u0142a\u015bnie drug\u0105 wersj\u0119 mo\u017cna odnale\u017a\u0107 na mapach Sztabu Generalnego WP, w skali 1: 25 000, wydanych w 1958 r. (arkusze Huta R\u00f3\u017caniecka i Borowiec). Posiada\u0142a ona jedn\u0105 bocznic\u0119. T\u0119 tras\u0119 wpisa\u0142em do GPS-u, a potem w terenie przeszed\u0142em razem z <strong>Paw\u0142em Rydzewskim<\/strong> na wiosn\u0119 2017 r.<\/p>\n<p>W 2018 r. okaza\u0142o si\u0119, \u017ce kolejka ta mia\u0142a wi\u0119cej bocznic. Nie ma ich na \u017cadnych mapach, ale jej \u015blady nadal znajduj\u0105 si\u0119 w ziemi. Informacje te przekaza\u0142 pan <strong>Ireneusz Nie\u015bpia\u0142<\/strong> z J\u00f3zefowa, kt\u00f3ry nie tylko pokaza\u0142 mi, kt\u00f3r\u0119dy te bocznice prowadzi\u0142y, ale tak\u017ce co po nich pozosta\u0142o (a pozosta\u0142o wiele). Zapraszam do ogl\u0105dania!<\/p>\n<p><a href=\"https:\/\/roztocze24.info\/?page_id=3614\">Fizyczne pozosta\u0142o\u015bci kolejki<\/a><br \/>\n<a href=\"https:\/\/roztocze24.info\/?page_id=3331\">Kolejka z 1928 r.<\/a><br \/>\n<a href=\"https:\/\/roztocze24.info\/?page_id=3609\">Kolejka w latach 50. XX w.<\/a><br \/>\n<a href=\"https:\/\/roztocze24.info\/?page_id=3628\">Bocznice niezaznaczane na mapach<\/a><\/p>\n<p>Warto doda\u0107, \u017ce kolejka Susiec \u2013 Borowe M\u0142yny to nie jedyna trasa w\u0105skotorowa w okolicy Su\u015bca. Wskaza\u0107 trzeba jeszcze przynajmniej na \u017celazny szlak wiod\u0105cy z kamienio\u0142omu na Krzy\u017cowej G\u00f3rze do stacji PKP Nowiny (ale nie tej obecnej, a tej wcze\u015bniejszej, sprzed 2012 r., znajduj\u0105cej si\u0119 niemal 1,5 km bli\u017cej Su\u015bca). Ale to ju\u017c temat na inn\u0105 opowie\u015b\u0107\u2026<\/p>\n<p><em>27 czerwca 2018 r.<\/em><\/p>\n","protected":false},"excerpt":{"rendered":"<p>Przez Lubelszczyzn\u0119 prowadz\u0105 nie tylko tory normalne, ale tak\u017ce szerokie (LHS) i w\u0105skie. Kolejka na\u0142\u0119czowska nadal prowadzi sezonowy weekendowy ruch turystyczny. Du\u017ce fragmenty torowiska zachowa\u0142y si\u0119 na kolejce hrubieszowskiej, cho\u0107 o poci\u0105gach ju\u017c dawno tam zapomniano. Historycznie patrz\u0105c kolejek w\u0105skotorowych w naszym regionie by\u0142o grubo ponad 100. A\u017c trudno uwierzy\u0107, \u017ce niemal wszystkie ju\u017c nie &hellip; <a href=\"https:\/\/roztocze24.info\/?page_id=2581\" class=\"more-link\">Czytaj dalej<span class=\"screen-reader-text\"> \u201eDawna le\u015bna kolejka w\u0105skotorowa w Su\u015bcu\u201d<\/span><\/a><\/p>\n","protected":false},"author":1,"featured_media":0,"parent":808,"menu_order":0,"comment_status":"closed","ping_status":"closed","template":"","meta":{"footnotes":""},"class_list":["post-2581","page","type-page","status-publish","hentry"],"_links":{"self":[{"href":"https:\/\/roztocze24.info\/index.php?rest_route=\/wp\/v2\/pages\/2581","targetHints":{"allow":["GET"]}}],"collection":[{"href":"https:\/\/roztocze24.info\/index.php?rest_route=\/wp\/v2\/pages"}],"about":[{"href":"https:\/\/roztocze24.info\/index.php?rest_route=\/wp\/v2\/types\/page"}],"author":[{"embeddable":true,"href":"https:\/\/roztocze24.info\/index.php?rest_route=\/wp\/v2\/users\/1"}],"replies":[{"embeddable":true,"href":"https:\/\/roztocze24.info\/index.php?rest_route=%2Fwp%2Fv2%2Fcomments&post=2581"}],"version-history":[{"count":7,"href":"https:\/\/roztocze24.info\/index.php?rest_route=\/wp\/v2\/pages\/2581\/revisions"}],"predecessor-version":[{"id":6467,"href":"https:\/\/roztocze24.info\/index.php?rest_route=\/wp\/v2\/pages\/2581\/revisions\/6467"}],"up":[{"embeddable":true,"href":"https:\/\/roztocze24.info\/index.php?rest_route=\/wp\/v2\/pages\/808"}],"wp:attachment":[{"href":"https:\/\/roztocze24.info\/index.php?rest_route=%2Fwp%2Fv2%2Fmedia&parent=2581"}],"curies":[{"name":"wp","href":"https:\/\/api.w.org\/{rel}","templated":true}]}}