{"id":2611,"date":"2017-06-19T16:15:40","date_gmt":"2017-06-19T15:15:40","guid":{"rendered":"http:\/\/roztocze24.info\/?page_id=2611"},"modified":"2019-03-26T18:32:14","modified_gmt":"2019-03-26T17:32:14","slug":"krzyz-lotnika-por-w-azarewicza-w-krasnobrodzie","status":"publish","type":"page","link":"https:\/\/roztocze24.info\/?page_id=2611","title":{"rendered":"Krzy\u017c lotnika por. W. Azarewicza w Krasnobrodzie"},"content":{"rendered":"<p>Lotnicze katastrofy zdarza\u0142y si\u0119 tak\u017ce na Roztoczu, jedna z nich w okolicy Krasnobrodu. Upami\u0119tnia j\u0105 krzy\u017c postawiony na skraju staw\u00f3w.<\/p>\n<p><img loading=\"lazy\" decoding=\"async\" class=\"aligncenter size-full wp-image-5294\" src=\"http:\/\/roztocze24.info\/wp-content\/uploads\/2019\/03\/IMG_9321.jpg\" alt=\"\" width=\"750\" height=\"500\" srcset=\"https:\/\/roztocze24.info\/wp-content\/uploads\/2019\/03\/IMG_9321.jpg 750w, https:\/\/roztocze24.info\/wp-content\/uploads\/2019\/03\/IMG_9321-300x200.jpg 300w\" sizes=\"auto, (max-width: 750px) 85vw, 750px\" \/><\/p>\n<p>Aby odnale\u017a\u0107 to miejsce, z Krasnobrodu wyruszamy za znakami pieszego szlaku zielonego w kierunku Jacni. Na zach. kra\u0144cu Krasnobrodu wchodzi on w las. Idziemy za szlakiem jeszcze 200 m i skr\u0119camy w pierwsz\u0105 szersz\u0105 dr\u00f3\u017ck\u0119 w kierunku staw\u00f3w. Niebawem zobaczymy przed sob\u0105 ten krzy\u017c.<\/p>\n<p><img loading=\"lazy\" decoding=\"async\" class=\"aligncenter size-full wp-image-5295\" src=\"http:\/\/roztocze24.info\/wp-content\/uploads\/2019\/03\/IMG_9320.jpg\" alt=\"\" width=\"750\" height=\"500\" srcset=\"https:\/\/roztocze24.info\/wp-content\/uploads\/2019\/03\/IMG_9320.jpg 750w, https:\/\/roztocze24.info\/wp-content\/uploads\/2019\/03\/IMG_9320-300x200.jpg 300w\" sizes=\"auto, (max-width: 750px) 85vw, 750px\" \/><\/p>\n<p>Napis na nim g\u0142osi, \u017ce:<\/p>\n<p><em>Tu zgin\u0105\u0142 \u015bmierci\u0105 lotnika \u015bp. porucznik [na oryginalnym napisie b\u0142\u0119dnie podporucznik] Walenty Azarewicz, dnia 27 VIII 1930 r., o godz. 2.25.<\/em><\/p>\n<p>Walenty Azarewicz urodzi\u0142 si\u0119 w Moskwie 21.01.1901 r. W 1921 r. m\u00f3g\u0142 przyby\u0107 ju\u017c do wolnej Polski, gdzie po\u015bwi\u0119ci\u0142 si\u0119 lotnictwu. Absolwent Oficerskiej Szko\u0142y Lotniczej w D\u0119blinie. Pechowy lot nad Krasnobrodem mia\u0142 charakter treningowy. W maszynie by\u0142 jeszcze porucznik Leopold Pamu\u0142a (1898-1940), kt\u00f3ry (ranny) prze\u017cy\u0142 katastrof\u0119 (jego dalsze losy tak\u017ce zwi\u0105zane by\u0142y z lotnictwem, w marcu 1939 r. awansowa\u0142 na podpu\u0142kownika).<\/p>\n<p><em>2015, opublikowano czerwiec 2017<\/em><\/p>\n","protected":false},"excerpt":{"rendered":"<p>Lotnicze katastrofy zdarza\u0142y si\u0119 tak\u017ce na Roztoczu, jedna z nich w okolicy Krasnobrodu. Upami\u0119tnia j\u0105 krzy\u017c postawiony na skraju staw\u00f3w. Aby odnale\u017a\u0107 to miejsce, z Krasnobrodu wyruszamy za znakami pieszego szlaku zielonego w kierunku Jacni. Na zach. kra\u0144cu Krasnobrodu wchodzi on w las. Idziemy za szlakiem jeszcze 200 m i skr\u0119camy w pierwsz\u0105 szersz\u0105 dr\u00f3\u017ck\u0119 &hellip; <a href=\"https:\/\/roztocze24.info\/?page_id=2611\" class=\"more-link\">Czytaj dalej<span class=\"screen-reader-text\"> \u201eKrzy\u017c lotnika por. W. Azarewicza w Krasnobrodzie\u201d<\/span><\/a><\/p>\n","protected":false},"author":1,"featured_media":0,"parent":895,"menu_order":0,"comment_status":"closed","ping_status":"closed","template":"","meta":{"footnotes":""},"class_list":["post-2611","page","type-page","status-publish","hentry"],"_links":{"self":[{"href":"https:\/\/roztocze24.info\/index.php?rest_route=\/wp\/v2\/pages\/2611","targetHints":{"allow":["GET"]}}],"collection":[{"href":"https:\/\/roztocze24.info\/index.php?rest_route=\/wp\/v2\/pages"}],"about":[{"href":"https:\/\/roztocze24.info\/index.php?rest_route=\/wp\/v2\/types\/page"}],"author":[{"embeddable":true,"href":"https:\/\/roztocze24.info\/index.php?rest_route=\/wp\/v2\/users\/1"}],"replies":[{"embeddable":true,"href":"https:\/\/roztocze24.info\/index.php?rest_route=%2Fwp%2Fv2%2Fcomments&post=2611"}],"version-history":[{"count":1,"href":"https:\/\/roztocze24.info\/index.php?rest_route=\/wp\/v2\/pages\/2611\/revisions"}],"predecessor-version":[{"id":5296,"href":"https:\/\/roztocze24.info\/index.php?rest_route=\/wp\/v2\/pages\/2611\/revisions\/5296"}],"up":[{"embeddable":true,"href":"https:\/\/roztocze24.info\/index.php?rest_route=\/wp\/v2\/pages\/895"}],"wp:attachment":[{"href":"https:\/\/roztocze24.info\/index.php?rest_route=%2Fwp%2Fv2%2Fmedia&parent=2611"}],"curies":[{"name":"wp","href":"https:\/\/api.w.org\/{rel}","templated":true}]}}