{"id":2687,"date":"2017-06-30T21:28:06","date_gmt":"2017-06-30T20:28:06","guid":{"rendered":"http:\/\/roztocze24.info\/?page_id=2687"},"modified":"2019-03-26T21:26:44","modified_gmt":"2019-03-26T20:26:44","slug":"rezerwat-szum-k-gorecka","status":"publish","type":"page","link":"https:\/\/roztocze24.info\/?page_id=2687","title":{"rendered":"Rezerwat Szum k. G\u00f3recka"},"content":{"rendered":"<p>Rezerwat Szum zajmuje powierzchni\u0119 18,17 ha. Utworzono go w 1958 r. (pierwotnie jednak ju\u017c w 1934 r.). Na licz\u0105cym ok. 1,6 km odcinku pomi\u0119dzy Starym G\u00f3reckiem a G\u00f3reckiem Ko\u015bcielnym ochronie podlega malownicza dolina rzeki Szum (zwanej niegdy\u015b Stru\u017ck\u0105, a tak\u017ce B\u017adzin\u0105), kt\u00f3ra wartkim nurtem opuszcza obszar Roztocza kieruj\u0105c si\u0119 ku Kotlinie Sandomierskiej. Jej nurt cz\u0119sto rozdwaja si\u0119, op\u0142ywaj\u0105c piaszczyste wysepki. Brzegi rzeki s\u0105 w wielu miejscach strome. Dodatkow\u0105 atrakcj\u0119 rezerwatu stanowi\u0105 malutkie wodospady, pojedyncze, zaro\u015bni\u0119te i rozmieszczone w du\u017cych odst\u0119pach.<\/p>\n<p><img loading=\"lazy\" decoding=\"async\" class=\"aligncenter size-full wp-image-4533\" src=\"http:\/\/roztocze24.info\/wp-content\/uploads\/2019\/03\/WP_20170618_14_24_33_Pro.jpg\" alt=\"\" width=\"750\" height=\"500\" srcset=\"https:\/\/roztocze24.info\/wp-content\/uploads\/2019\/03\/WP_20170618_14_24_33_Pro.jpg 750w, https:\/\/roztocze24.info\/wp-content\/uploads\/2019\/03\/WP_20170618_14_24_33_Pro-300x200.jpg 300w\" sizes=\"auto, (max-width: 750px) 85vw, 750px\" \/><\/p>\n<p><img loading=\"lazy\" decoding=\"async\" class=\"aligncenter size-full wp-image-5433\" src=\"http:\/\/roztocze24.info\/wp-content\/uploads\/2019\/03\/WP_20170618_14_38_27_Pro.jpg\" alt=\"\" width=\"750\" height=\"500\" srcset=\"https:\/\/roztocze24.info\/wp-content\/uploads\/2019\/03\/WP_20170618_14_38_27_Pro.jpg 750w, https:\/\/roztocze24.info\/wp-content\/uploads\/2019\/03\/WP_20170618_14_38_27_Pro-300x200.jpg 300w\" sizes=\"auto, (max-width: 750px) 85vw, 750px\" \/><\/p>\n<p>Od pewnego czasu na dobre rozgo\u015bci\u0142y si\u0119 tu bobry, budowane przez nich tamy spi\u0119trzy\u0142y wody rzeki Szum, tak, \u017ce wi\u0119kszo\u015b\u0107 wodospadzik\u00f3w znalaz\u0142a si\u0119 pod wod\u0105.<\/p>\n<p><img loading=\"lazy\" decoding=\"async\" class=\"aligncenter size-full wp-image-5374\" src=\"http:\/\/roztocze24.info\/wp-content\/uploads\/2019\/03\/WP_20170618_14_23_11_Pro.jpg\" alt=\"\" width=\"750\" height=\"500\" srcset=\"https:\/\/roztocze24.info\/wp-content\/uploads\/2019\/03\/WP_20170618_14_23_11_Pro.jpg 750w, https:\/\/roztocze24.info\/wp-content\/uploads\/2019\/03\/WP_20170618_14_23_11_Pro-300x200.jpg 300w\" sizes=\"auto, (max-width: 750px) 85vw, 750px\" \/><\/p>\n<p>Dno doliny rzeki porasta naturalny las \u0142\u0119gowy i olsowy. Zbocza &#8211; b\u00f3r jod\u0142owy z domieszk\u0105 \u015bwierka i sosny. Wierzchowiny zajmuje b\u00f3r sosnowy. Z gatunk\u00f3w rzadkich w rezerwacie Szum wyst\u0119puj\u0105 m.in. zanokcica skalna i zielona, porzeczka alpejska, wawrzynek wilcze\u0142yko, lilia z\u0142otog\u0142\u00f3w, paprotnica krucha, wid\u0142ak ja\u0142owcowaty i go\u017adzisty, kruszczyk szerokolistny i listera jajowata.<\/p>\n<p><img loading=\"lazy\" decoding=\"async\" class=\"aligncenter size-full wp-image-5379\" src=\"http:\/\/roztocze24.info\/wp-content\/uploads\/2019\/03\/WP_20170618_14_37_06_Pro.jpg\" alt=\"\" width=\"750\" height=\"500\" srcset=\"https:\/\/roztocze24.info\/wp-content\/uploads\/2019\/03\/WP_20170618_14_37_06_Pro.jpg 750w, https:\/\/roztocze24.info\/wp-content\/uploads\/2019\/03\/WP_20170618_14_37_06_Pro-300x200.jpg 300w\" sizes=\"auto, (max-width: 750px) 85vw, 750px\" \/><\/p>\n<p><img loading=\"lazy\" decoding=\"async\" class=\"aligncenter size-full wp-image-5376\" src=\"http:\/\/roztocze24.info\/wp-content\/uploads\/2019\/03\/WP_20170618_14_43_52_Pro.jpg\" alt=\"\" width=\"750\" height=\"500\" srcset=\"https:\/\/roztocze24.info\/wp-content\/uploads\/2019\/03\/WP_20170618_14_43_52_Pro.jpg 750w, https:\/\/roztocze24.info\/wp-content\/uploads\/2019\/03\/WP_20170618_14_43_52_Pro-300x200.jpg 300w\" sizes=\"auto, (max-width: 750px) 85vw, 750px\" \/><br \/>\nW rezerwacie dla turyst\u00f3w udost\u0119pniono niebiesk\u0105 \u015bcie\u017ck\u0119 dydaktyczn\u0105 o d\u0142ugo\u015bci 3 km. Zaczyna si\u0119 na parkingu le\u015bnym pomi\u0119dzy G\u00f3reckiem Starym a Ko\u015bcielnym. Koniec przy kolejnym parkingu, znajduj\u0105cym si\u0119 bli\u017cej G\u00f3recka Ko\u015bcielnego.<br \/>\nJe\u017celi jeste\u015bmy zmotoryzowani najlepiej zostawi\u0107 samoch\u00f3d na tym pierwszym parkingu. Nast\u0119pnie przej\u015b\u0107 podstawow\u0105 cz\u0119\u015b\u0107 \u015bcie\u017cki do tamy nad \u015br\u00f3dle\u015bnym zalewem i powr\u00f3ci\u0107 na parking za pieszym szlakiem czerwonym.<\/p>\n<p><img loading=\"lazy\" decoding=\"async\" class=\"aligncenter size-full wp-image-5378\" src=\"http:\/\/roztocze24.info\/wp-content\/uploads\/2019\/03\/WP_20170618_14_55_16_Pro.jpg\" alt=\"\" width=\"750\" height=\"500\" srcset=\"https:\/\/roztocze24.info\/wp-content\/uploads\/2019\/03\/WP_20170618_14_55_16_Pro.jpg 750w, https:\/\/roztocze24.info\/wp-content\/uploads\/2019\/03\/WP_20170618_14_55_16_Pro-300x200.jpg 300w\" sizes=\"auto, (max-width: 750px) 85vw, 750px\" \/><\/p>\n<p>Po dotarciu do k\u0142adki na Miedziance szlak skr\u0119ca w prawo, a my napotykamy znane nam ju\u017c znaki niebieskie pocz\u0105tkowego odcinka \u015bcie\u017cki dydaktycznej.<\/p>\n<p><img loading=\"lazy\" decoding=\"async\" class=\"aligncenter size-full wp-image-5377\" src=\"http:\/\/roztocze24.info\/wp-content\/uploads\/2019\/03\/WP_20170618_14_58_00_Pro.jpg\" alt=\"\" width=\"333\" height=\"500\" srcset=\"https:\/\/roztocze24.info\/wp-content\/uploads\/2019\/03\/WP_20170618_14_58_00_Pro.jpg 333w, https:\/\/roztocze24.info\/wp-content\/uploads\/2019\/03\/WP_20170618_14_58_00_Pro-200x300.jpg 200w\" sizes=\"auto, (max-width: 333px) 85vw, 333px\" \/><\/p>\n<p>Wspomniana tama powsta\u0142a ju\u017c w latach 50. z my\u015bl\u0105 o ma\u0142ej elektrowni wodnej dla mieszka\u0144c\u00f3w pobliskiego G\u00f3recka. Wie\u015b wkr\u00f3tce zelektryfikowano i elektrownia nie powsta\u0142a. Jednak w latach 80. powr\u00f3cono do tego projektu i uko\u0144czono budow\u0119.<\/p>\n<p><em>czerwiec 2017<\/em><\/p>\n","protected":false},"excerpt":{"rendered":"<p>Rezerwat Szum zajmuje powierzchni\u0119 18,17 ha. Utworzono go w 1958 r. (pierwotnie jednak ju\u017c w 1934 r.). Na licz\u0105cym ok. 1,6 km odcinku pomi\u0119dzy Starym G\u00f3reckiem a G\u00f3reckiem Ko\u015bcielnym ochronie podlega malownicza dolina rzeki Szum (zwanej niegdy\u015b Stru\u017ck\u0105, a tak\u017ce B\u017adzin\u0105), kt\u00f3ra wartkim nurtem opuszcza obszar Roztocza kieruj\u0105c si\u0119 ku Kotlinie Sandomierskiej. Jej nurt cz\u0119sto &hellip; <a href=\"https:\/\/roztocze24.info\/?page_id=2687\" class=\"more-link\">Czytaj dalej<span class=\"screen-reader-text\"> \u201eRezerwat Szum k. G\u00f3recka\u201d<\/span><\/a><\/p>\n","protected":false},"author":1,"featured_media":0,"parent":895,"menu_order":0,"comment_status":"closed","ping_status":"closed","template":"","meta":{"footnotes":""},"class_list":["post-2687","page","type-page","status-publish","hentry"],"_links":{"self":[{"href":"https:\/\/roztocze24.info\/index.php?rest_route=\/wp\/v2\/pages\/2687","targetHints":{"allow":["GET"]}}],"collection":[{"href":"https:\/\/roztocze24.info\/index.php?rest_route=\/wp\/v2\/pages"}],"about":[{"href":"https:\/\/roztocze24.info\/index.php?rest_route=\/wp\/v2\/types\/page"}],"author":[{"embeddable":true,"href":"https:\/\/roztocze24.info\/index.php?rest_route=\/wp\/v2\/users\/1"}],"replies":[{"embeddable":true,"href":"https:\/\/roztocze24.info\/index.php?rest_route=%2Fwp%2Fv2%2Fcomments&post=2687"}],"version-history":[{"count":3,"href":"https:\/\/roztocze24.info\/index.php?rest_route=\/wp\/v2\/pages\/2687\/revisions"}],"predecessor-version":[{"id":5434,"href":"https:\/\/roztocze24.info\/index.php?rest_route=\/wp\/v2\/pages\/2687\/revisions\/5434"}],"up":[{"embeddable":true,"href":"https:\/\/roztocze24.info\/index.php?rest_route=\/wp\/v2\/pages\/895"}],"wp:attachment":[{"href":"https:\/\/roztocze24.info\/index.php?rest_route=%2Fwp%2Fv2%2Fmedia&parent=2687"}],"curies":[{"name":"wp","href":"https:\/\/api.w.org\/{rel}","templated":true}]}}