{"id":2730,"date":"2017-07-05T20:36:37","date_gmt":"2017-07-05T19:36:37","guid":{"rendered":"http:\/\/roztocze24.info\/?page_id=2730"},"modified":"2019-03-25T13:09:10","modified_gmt":"2019-03-25T12:09:10","slug":"dawne-ordynackie-huty-szkla-paary-susiec","status":"publish","type":"page","link":"https:\/\/roztocze24.info\/?page_id=2730","title":{"rendered":"Dawne ordynackie huty szk\u0142a: Paary, Susiec"},"content":{"rendered":"<p>Ordynacja Zamojska stanowi\u0142a przyk\u0142ad ciekawego, zintegrowanego systemu zarz\u0105dzania. Zamoyscy m.in. konsekwentnie rozwijali i zag\u0119szczali sie\u0107 osadnicz\u0105. Dbali tak\u017ce o rozw\u00f3j ma\u0142ych zak\u0142ad\u00f3w przemys\u0142owych.&nbsp; W\u015br\u00f3d nich znacz\u0105c\u0105 grup\u0119 stanowi\u0142y huty szk\u0142a. Budowano je tam, gdzie wyst\u0119powa\u0142y potrzebne surowce (ze szczeg\u00f3lnym uwzgl\u0119dnieniem piasku kwarcowego), lasy (w hutach palono wszak drewnem), a tak\u017ce woda. Do dzi\u015b pozosta\u0142o wiele miejscowo\u015bci z nieprzypadkowym s\u0142owem huta w nazwie.<\/p>\n<p>Tutaj przyjrzymy si\u0119 dw\u00f3m hutom z okolic Su\u015bca (Roztocze \u015arodkowe).<\/p>\n<p><img loading=\"lazy\" decoding=\"async\" class=\"aligncenter size-full wp-image-4673\" src=\"http:\/\/roztocze24.info\/wp-content\/uploads\/2019\/03\/IMG_4664.jpg\" alt=\"\" width=\"750\" height=\"500\" srcset=\"https:\/\/roztocze24.info\/wp-content\/uploads\/2019\/03\/IMG_4664.jpg 750w, https:\/\/roztocze24.info\/wp-content\/uploads\/2019\/03\/IMG_4664-300x200.jpg 300w\" sizes=\"auto, (max-width: 750px) 85vw, 750px\" \/><\/p>\n<p>Huta w Su\u015bcu dzia\u0142a\u0142a w latach 1643-1694. Produkowano tu tak\u017ce szklane naczynia gospodarskie, ale tak\u017ce m.in. ka\u0142amarze.<\/p>\n<p>Poni\u017csze zdj\u0119cia wykonano w 2017 r. Pokazuj\u0105 pami\u0105tki po dawnej hucie, w tym spieczone szk\u0142o.<\/p>\n<p><img loading=\"lazy\" decoding=\"async\" class=\"aligncenter size-full wp-image-4669\" src=\"http:\/\/roztocze24.info\/wp-content\/uploads\/2019\/03\/IMG_4466.jpg\" alt=\"\" width=\"750\" height=\"500\" srcset=\"https:\/\/roztocze24.info\/wp-content\/uploads\/2019\/03\/IMG_4466.jpg 750w, https:\/\/roztocze24.info\/wp-content\/uploads\/2019\/03\/IMG_4466-300x200.jpg 300w\" sizes=\"auto, (max-width: 750px) 85vw, 750px\" \/><\/p>\n<p><img loading=\"lazy\" decoding=\"async\" class=\"aligncenter size-full wp-image-4670\" src=\"http:\/\/roztocze24.info\/wp-content\/uploads\/2019\/03\/IMG_4468.jpg\" alt=\"\" width=\"750\" height=\"500\" srcset=\"https:\/\/roztocze24.info\/wp-content\/uploads\/2019\/03\/IMG_4468.jpg 750w, https:\/\/roztocze24.info\/wp-content\/uploads\/2019\/03\/IMG_4468-300x200.jpg 300w\" sizes=\"auto, (max-width: 750px) 85vw, 750px\" \/><\/p>\n<p><img loading=\"lazy\" decoding=\"async\" class=\"aligncenter size-full wp-image-4671\" src=\"http:\/\/roztocze24.info\/wp-content\/uploads\/2019\/03\/IMG_4480.jpg\" alt=\"\" width=\"750\" height=\"500\" srcset=\"https:\/\/roztocze24.info\/wp-content\/uploads\/2019\/03\/IMG_4480.jpg 750w, https:\/\/roztocze24.info\/wp-content\/uploads\/2019\/03\/IMG_4480-300x200.jpg 300w\" sizes=\"auto, (max-width: 750px) 85vw, 750px\" \/><\/p>\n<p><img loading=\"lazy\" decoding=\"async\" class=\"aligncenter size-full wp-image-4672\" src=\"http:\/\/roztocze24.info\/wp-content\/uploads\/2019\/03\/IMG_4487.jpg\" alt=\"\" width=\"750\" height=\"500\" srcset=\"https:\/\/roztocze24.info\/wp-content\/uploads\/2019\/03\/IMG_4487.jpg 750w, https:\/\/roztocze24.info\/wp-content\/uploads\/2019\/03\/IMG_4487-300x200.jpg 300w\" sizes=\"auto, (max-width: 750px) 85vw, 750px\" \/><\/p>\n<p>Huta we wsi Paary jest p\u00f3\u017aniejsza, dzia\u0142a\u0142a w latach 1791-1860. Wiadomo, \u017ce jej zamkni\u0119cie zwi\u0105zane by\u0142o ze \u015bmierci\u0105 ostatniego dzier\u017cawcy, kt\u00f3rym by\u0142 Pinkas Szerner. Produkowano tu butelki, szk\u0142a apteczne, a tak\u017ce szyby.<\/p>\n<p>Poni\u017csze zdj\u0119cia wykonano w 2017 r. Pokazuj\u0105 pami\u0105tki po dawnej hucie, w tym spieczone szk\u0142o.<\/p>\n<p><img loading=\"lazy\" decoding=\"async\" class=\"aligncenter size-full wp-image-4666\" src=\"http:\/\/roztocze24.info\/wp-content\/uploads\/2019\/03\/IMG_4401.jpg\" alt=\"\" width=\"750\" height=\"500\" srcset=\"https:\/\/roztocze24.info\/wp-content\/uploads\/2019\/03\/IMG_4401.jpg 750w, https:\/\/roztocze24.info\/wp-content\/uploads\/2019\/03\/IMG_4401-300x200.jpg 300w\" sizes=\"auto, (max-width: 750px) 85vw, 750px\" \/><\/p>\n<p><img loading=\"lazy\" decoding=\"async\" class=\"aligncenter size-full wp-image-4668\" src=\"http:\/\/roztocze24.info\/wp-content\/uploads\/2019\/03\/IMG_4411.jpg\" alt=\"\" width=\"750\" height=\"500\" srcset=\"https:\/\/roztocze24.info\/wp-content\/uploads\/2019\/03\/IMG_4411.jpg 750w, https:\/\/roztocze24.info\/wp-content\/uploads\/2019\/03\/IMG_4411-300x200.jpg 300w\" sizes=\"auto, (max-width: 750px) 85vw, 750px\" \/><\/p>\n<p><img loading=\"lazy\" decoding=\"async\" class=\"aligncenter size-full wp-image-4667\" src=\"http:\/\/roztocze24.info\/wp-content\/uploads\/2019\/03\/IMG_4410.jpg\" alt=\"\" width=\"750\" height=\"500\" srcset=\"https:\/\/roztocze24.info\/wp-content\/uploads\/2019\/03\/IMG_4410.jpg 750w, https:\/\/roztocze24.info\/wp-content\/uploads\/2019\/03\/IMG_4410-300x200.jpg 300w\" sizes=\"auto, (max-width: 750px) 85vw, 750px\" \/><\/p>\n<p><img loading=\"lazy\" decoding=\"async\" class=\"aligncenter size-full wp-image-4665\" src=\"http:\/\/roztocze24.info\/wp-content\/uploads\/2019\/03\/IMG_4394.jpg\" alt=\"\" width=\"750\" height=\"500\" srcset=\"https:\/\/roztocze24.info\/wp-content\/uploads\/2019\/03\/IMG_4394.jpg 750w, https:\/\/roztocze24.info\/wp-content\/uploads\/2019\/03\/IMG_4394-300x200.jpg 300w\" sizes=\"auto, (max-width: 750px) 85vw, 750px\" \/><\/p>\n<p>Niezale\u017cnie od hut szk\u0142a tworzono huty zajmuj\u0105ce si\u0119 wypalaniem \u017celaza z rud darniowych. Jed\u0105 z nich utworzono w Szarowoli k. Tomaszowa Lubelskiego, a potem przeniesiono do Su\u015bca (cho\u0107 niekt\u00f3re \u017ar\u00f3d\u0142a wspominaj\u0105 o Paarach). Tutaj wykonano wyposa\u017cenie dla hamerni (czyli ku\u017anicy przerabiaj\u0105cej \u017celazo uzyskane w hucie) nad rzek\u0105 Sopot. Do dzi\u015b znajduje si\u0119 tam wie\u015b Hamernia.<\/p>\n<p>W okolicy wsi Paary i Susiec dzia\u0142a\u0142a jeszcze jednak huta &#8211; w Rybnicy. Ale to temat na inn\u0105 opowie\u015b\u0107&#8230;<\/p>\n","protected":false},"excerpt":{"rendered":"<p>Ordynacja Zamojska stanowi\u0142a przyk\u0142ad ciekawego, zintegrowanego systemu zarz\u0105dzania. Zamoyscy m.in. konsekwentnie rozwijali i zag\u0119szczali sie\u0107 osadnicz\u0105. Dbali tak\u017ce o rozw\u00f3j ma\u0142ych zak\u0142ad\u00f3w przemys\u0142owych.&nbsp; W\u015br\u00f3d nich znacz\u0105c\u0105 grup\u0119 stanowi\u0142y huty szk\u0142a. Budowano je tam, gdzie wyst\u0119powa\u0142y potrzebne surowce (ze szczeg\u00f3lnym uwzgl\u0119dnieniem piasku kwarcowego), lasy (w hutach palono wszak drewnem), a tak\u017ce woda. Do dzi\u015b pozosta\u0142o wiele &hellip; <a href=\"https:\/\/roztocze24.info\/?page_id=2730\" class=\"more-link\">Czytaj dalej<span class=\"screen-reader-text\"> \u201eDawne ordynackie huty szk\u0142a: Paary, Susiec\u201d<\/span><\/a><\/p>\n","protected":false},"author":1,"featured_media":0,"parent":833,"menu_order":0,"comment_status":"closed","ping_status":"closed","template":"","meta":{"footnotes":""},"class_list":["post-2730","page","type-page","status-publish","hentry"],"_links":{"self":[{"href":"https:\/\/roztocze24.info\/index.php?rest_route=\/wp\/v2\/pages\/2730","targetHints":{"allow":["GET"]}}],"collection":[{"href":"https:\/\/roztocze24.info\/index.php?rest_route=\/wp\/v2\/pages"}],"about":[{"href":"https:\/\/roztocze24.info\/index.php?rest_route=\/wp\/v2\/types\/page"}],"author":[{"embeddable":true,"href":"https:\/\/roztocze24.info\/index.php?rest_route=\/wp\/v2\/users\/1"}],"replies":[{"embeddable":true,"href":"https:\/\/roztocze24.info\/index.php?rest_route=%2Fwp%2Fv2%2Fcomments&post=2730"}],"version-history":[{"count":2,"href":"https:\/\/roztocze24.info\/index.php?rest_route=\/wp\/v2\/pages\/2730\/revisions"}],"predecessor-version":[{"id":4691,"href":"https:\/\/roztocze24.info\/index.php?rest_route=\/wp\/v2\/pages\/2730\/revisions\/4691"}],"up":[{"embeddable":true,"href":"https:\/\/roztocze24.info\/index.php?rest_route=\/wp\/v2\/pages\/833"}],"wp:attachment":[{"href":"https:\/\/roztocze24.info\/index.php?rest_route=%2Fwp%2Fv2%2Fmedia&parent=2730"}],"curies":[{"name":"wp","href":"https:\/\/api.w.org\/{rel}","templated":true}]}}