{"id":2822,"date":"2017-08-10T16:18:35","date_gmt":"2017-08-10T15:18:35","guid":{"rendered":"http:\/\/roztocze24.info\/?page_id=2822"},"modified":"2019-03-24T22:02:50","modified_gmt":"2019-03-24T21:02:50","slug":"szlakiem-obozow-partyzanckich-w-puszczy-solskiej-i-2017","status":"publish","type":"page","link":"https:\/\/roztocze24.info\/?page_id=2822","title":{"rendered":"Szlakiem oboz\u00f3w partyzanckich w Puszczy Solskiej I: &#8222;Cord&#8221;, 2017"},"content":{"rendered":"<p><strong>Informacje og\u00f3lne<\/strong><\/p>\n<p>Podstaw\u0105 szlaku jest <em>Partyzancka mapa Puszczy Solskiej<\/em> (w skali 1: 30 000), kt\u00f3ra ukaza\u0142a si\u0119 w ramach projektu Dzia\u0142aj lokalnie IX, realizowanego w 2016 r. przez Ochotnicz\u0105 Stra\u017c po\u017carn\u0105 w Brodziakach. Mapa zawiera lokalizacj\u0119 pomnik\u00f3w partyzanckich, ale tak\u017ce miejsc, kt\u00f3re nie doczeka\u0142y si\u0119 jeszcze upami\u0119tnienia \u2013 dawne obozy, bitwy i potyczki, itp. W wielu przypadkach otrzymujemy wsp\u00f3\u0142rz\u0119dne GPS. Opracowaniem merytorycznym tekst\u00f3w zaj\u0105\u0142 si\u0119 Dominik R\u00f3g i Janusz Skowro\u0144ski, a kartograficznym Pawe\u0142 W\u0142ad.<\/p>\n<p>Prezentowany na mapie Szlak oboz\u00f3w partyzanckich w Puszczy Solskiej to zarazem trasa rajdu, kt\u00f3ry odby\u0142 si\u0119 19 listopada 2016 r. Trasa jest w swej zasadniczej cz\u0119\u015bci nieznakowana i trudna do otworzenia. Nie bez przyczyny partyzanci na swe bazy wybierali lasy&#8230; Nie chodzi\u0142o tu jednak tylko o os\u0142on\u0119, kt\u00f3r\u0105 dawa\u0142y drzewa, ale tak\u017ce o fakt, \u017ce wielu dr\u00f3g i \u015bcie\u017cek nie ma zaznaczonych nawet na dok\u0142adnych mapach, co bardzo utrudnia ewentualne poszukiwania. Dodatkowym problemem s\u0105 podmok\u0142e odcinki, w szczeg\u00f3lno\u015bci w dolinie rzeki Smolnik.<\/p>\n<p>W ramach przygotowa\u0144 przebieg trasy pieczo\u0142owicie przerysowa\u0142em do GPS-u, co znakomicie u\u0142atwi\u0142o poruszanie si\u0119 w terenie.<\/p>\n<p>Szlak podzieli\u0142em na pi\u0119\u0107 cz\u0119\u015bci i nieco rozszerzy\u0142em, aby da\u0142o si\u0119 utworzy\u0107 wygodne p\u0119tle.<\/p>\n<p>Oznaczenia na mapkach: L \u2013 le\u015bnicz\u00f3wka\/gaj\u00f3wka obecna, lub zniszczona, K \u2013 krzy\u017c, kapliczka, B \u2013 bitwa lub potyczka.<\/p>\n<p>Uwaga! Z uwagi na brak oznakowania wi\u0119kszej cz\u0119\u015bci trasy i pl\u0105tanin\u0119 dr\u00f3g le\u015bnych poni\u017cszy opis ma charakter pogl\u0105dowy i mo\u017ce okaza\u0107 si\u0119 niewystarczaj\u0105cy do pokonania trasy.<\/p>\n<p>Oryginaln\u0105 map\u0119 mo\u017cna zam\u00f3wi\u0107 w wydawnictwie <a href=\"http:\/\/www.wlad.com.pl\/Mapy_plany.htm\">Pawe\u0142 W\u0142ad<\/a><\/p>\n<p><strong>Odcinek I: Brodziaki (le\u015bnicz\u00f3wka) \u2013 G\u00f3ra \u0141\u0105czyskowa (Ma\u015blana) \u2013 ob\u00f3z \u201eCorda\u201d \u0142\u0105ki nad Smolnikiem \u2013 Brodziaki, 10 km, bez znak\u00f3w<\/strong><\/p>\n<p>Trasa wprowadza nas w wydarzenia z czerwca 1944 r., gdy w ramach akcji Sturmwind II niemiecki Wehrmacht otoczy\u0142 Puszcz\u0119 Solsk\u0105, a nast\u0119pnie o \u015bwicie 21 czerwca wkroczy\u0142 do lasu, przy wsparciu lotnictwa i artylerii.<\/p>\n<p style=\"text-align: center;\"><img loading=\"lazy\" decoding=\"async\" class=\"aligncenter size-full wp-image-4600\" src=\"http:\/\/roztocze24.info\/wp-content\/uploads\/2019\/03\/P_Mapa_1.jpg\" alt=\"\" width=\"750\" height=\"286\" srcset=\"https:\/\/roztocze24.info\/wp-content\/uploads\/2019\/03\/P_Mapa_1.jpg 750w, https:\/\/roztocze24.info\/wp-content\/uploads\/2019\/03\/P_Mapa_1-300x114.jpg 300w\" sizes=\"auto, (max-width: 750px) 85vw, 750px\" \/><\/p>\n<p>Start z parkingu przy le\u015bnicz\u00f3wce Brodziaki. Nieopodal drewniana kapliczka.<\/p>\n<p style=\"text-align: center;\"><img loading=\"lazy\" decoding=\"async\" class=\"aligncenter size-full wp-image-4565\" src=\"http:\/\/roztocze24.info\/wp-content\/uploads\/2019\/03\/P_IMG_002.jpg\" alt=\"\" width=\"750\" height=\"500\" srcset=\"https:\/\/roztocze24.info\/wp-content\/uploads\/2019\/03\/P_IMG_002.jpg 750w, https:\/\/roztocze24.info\/wp-content\/uploads\/2019\/03\/P_IMG_002-300x200.jpg 300w\" sizes=\"auto, (max-width: 750px) 85vw, 750px\" \/><\/p>\n<p>Gaj\u00f3wki w Puszczy Solskiej stanowi\u0142y oparcie dla partyzant\u00f3w, z czego zdawali sobie spraw\u0119 Niemcy. Gaj\u00f3wk\u0119 Starzyna spalono w kwietniu 1943 r. Gaj\u00f3wki Za Oknem i Helacin zniszczono podczas bombardowa\u0144 w czerwcu 1944 r. w ramach akcji Sturmwind II. Przetrwa\u0142y gaj\u00f3wki Smolnik i Kocio\u0142ki, kt\u00f3re znajdowa\u0142y si\u0119 do\u015b\u0107 daleko od teren\u00f3w zajmowanych przez partyzant\u00f3w, aczkolwiek by\u0142y im te\u017c przychylne.<br \/>\nJu\u017c w tym miejscu zaczynamy spotkanie z histori\u0105. W tej okolicy pierwszy kontakt z wrogiem 21 czerwca nawi\u0105za\u0142, nale\u017c\u0105cy do oddzia\u0142u AK J\u00f3zefa Stegli\u0144skiego \u201eCorda\u201d, licz\u0105cy 33 \u017co\u0142nierzy pluton Tadeusza Piotrowskiego \u201ePazura\u201d. Partyzanci zostali otoczeni, uda\u0142o im si\u0119 jednak pod os\u0142on\u0105 nocy wycofa\u0107.<\/p>\n<p>2 km maszerujemy le\u015bn\u0105 szos\u0105, tak prowadz\u0105 tak\u017ce znaki czarne pieszego szlaku \u0141\u0105cznikowego Brodziaki \u2013 Wolaniny. Zej\u015bcie z asfaltu to pierwszy trudny moment podczas tej wyprawy. Trzeba odnale\u017a\u0107 \u015bcie\u017ck\u0119, kt\u00f3ra odbiega st\u0105d na p\u0142d.-wsch. Niebawem podej\u015bcie na wysok\u0105 wydm\u0119, to g\u00f3ra \u0141\u0105czyskowa, zwan\u0105 te\u017c Ma\u015blan\u0105 (217,6 m n.p.m.). \u0141adnie prezentuje si\u0119 st\u0105d las w dolinie.<\/p>\n<p><img loading=\"lazy\" decoding=\"async\" class=\"aligncenter size-full wp-image-4566\" src=\"http:\/\/roztocze24.info\/wp-content\/uploads\/2019\/03\/P_IMG_004.jpg\" alt=\"\" width=\"750\" height=\"500\" srcset=\"https:\/\/roztocze24.info\/wp-content\/uploads\/2019\/03\/P_IMG_004.jpg 750w, https:\/\/roztocze24.info\/wp-content\/uploads\/2019\/03\/P_IMG_004-300x200.jpg 300w\" sizes=\"auto, (max-width: 750px) 85vw, 750px\" \/><\/p>\n<p><img loading=\"lazy\" decoding=\"async\" class=\"aligncenter size-full wp-image-4567\" src=\"http:\/\/roztocze24.info\/wp-content\/uploads\/2019\/03\/P_IMG_005.jpg\" alt=\"\" width=\"750\" height=\"500\" srcset=\"https:\/\/roztocze24.info\/wp-content\/uploads\/2019\/03\/P_IMG_005.jpg 750w, https:\/\/roztocze24.info\/wp-content\/uploads\/2019\/03\/P_IMG_005-300x200.jpg 300w\" sizes=\"auto, (max-width: 750px) 85vw, 750px\" \/><\/p>\n<p>Dalej do skrzy\u017cowania dr\u00f3g le\u015bnych, gdzie skr\u0119camy w lewo na wsch. Niemal 400 m dalej kolejny skr\u0119t w lewo, tym razem na p\u0142n. Drog\u0119 przegradza nam ogrodzony m\u0142odnik, kt\u00f3ry najdogodniej obje\u015b\u0107 z prawej strony. Za nim uwaga \u2013 po lewej partyzancka mogi\u0142a.<\/p>\n<p><img loading=\"lazy\" decoding=\"async\" class=\"aligncenter size-full wp-image-4568\" src=\"http:\/\/roztocze24.info\/wp-content\/uploads\/2019\/03\/P_IMG_006.jpg\" alt=\"\" width=\"750\" height=\"500\" srcset=\"https:\/\/roztocze24.info\/wp-content\/uploads\/2019\/03\/P_IMG_006.jpg 750w, https:\/\/roztocze24.info\/wp-content\/uploads\/2019\/03\/P_IMG_006-300x200.jpg 300w\" sizes=\"auto, (max-width: 750px) 85vw, 750px\" \/><\/p>\n<p>St\u0105d za drog\u0105 130 m na p\u0142d.-wsch. do prostopad\u0142ego duktu le\u015bnego. Teraz pierwsza trasa boczna, prowadz\u0105ca do bazy \u201eCorda\u201d. Najpierw niemal 300 m do prostopad\u0142ej drogi le\u015bnej (w lewo prowadzi ona do le\u015bnej szosy z Brodziak\u00f3w), my udajemy si\u0119 w prawo. 350 m dalej, po prawej krzy\u017c i tablica upami\u0119tniaj\u0105ce baz\u0119 \u201eCorda\u201d, postawione w 2014 r.<\/p>\n<p style=\"text-align: center;\"><img loading=\"lazy\" decoding=\"async\" class=\"aligncenter size-full wp-image-4577\" src=\"http:\/\/roztocze24.info\/wp-content\/uploads\/2019\/03\/P_IMG_100.jpg\" alt=\"\" width=\"750\" height=\"500\" srcset=\"https:\/\/roztocze24.info\/wp-content\/uploads\/2019\/03\/P_IMG_100.jpg 750w, https:\/\/roztocze24.info\/wp-content\/uploads\/2019\/03\/P_IMG_100-300x200.jpg 300w\" sizes=\"auto, (max-width: 750px) 85vw, 750px\" \/><\/p>\n<p><img loading=\"lazy\" decoding=\"async\" class=\"aligncenter size-full wp-image-4569\" src=\"http:\/\/roztocze24.info\/wp-content\/uploads\/2019\/03\/P_IMG_008.jpg\" alt=\"\" width=\"333\" height=\"500\" srcset=\"https:\/\/roztocze24.info\/wp-content\/uploads\/2019\/03\/P_IMG_008.jpg 333w, https:\/\/roztocze24.info\/wp-content\/uploads\/2019\/03\/P_IMG_008-200x300.jpg 200w\" sizes=\"auto, (max-width: 333px) 85vw, 333px\" \/><\/p>\n<p><img loading=\"lazy\" decoding=\"async\" class=\"aligncenter size-full wp-image-4578\" src=\"http:\/\/roztocze24.info\/wp-content\/uploads\/2019\/03\/P_IMG_109.jpg\" alt=\"\" width=\"750\" height=\"500\" srcset=\"https:\/\/roztocze24.info\/wp-content\/uploads\/2019\/03\/P_IMG_109.jpg 750w, https:\/\/roztocze24.info\/wp-content\/uploads\/2019\/03\/P_IMG_109-300x200.jpg 300w\" sizes=\"auto, (max-width: 750px) 85vw, 750px\" \/><\/p>\n<p>J\u00f3zef Stegli\u0144ski \u201eCord\u201d (1907-1944) to dawny oficer rezerwy lotnictwa i harcmistrz. W kampanii wrze\u015bniowej 1939 r. walczy\u0142 w 53 eskadrze obserwacyjnej Armii \u201eModlin\u201d. Potem pracowa\u0142 w Zak\u0142adach Platerowych Norblina w G\u0142ownie (woj. \u0142\u00f3dzkie), gdzie wst\u0105pi\u0142 do ZWZ. Na pocz\u0105tku 1942 r. na jego trop wpadli Niemcy. Stegli\u0144ski ukrywa\u0142 si\u0119, a nast\u0119pnie zosta\u0142 skierowany do Bi\u0142goraja. Od listopada 1942 komendant I obwodu AK w Bi\u0142goraju. Na pocz\u0105tku 1944 r. na jego trop ponownie wpadli Niemcy, nie uda\u0142o im si\u0119 jednak szcz\u0119\u015bliwie \u201eCorda\u201d aresztowa\u0107.<\/p>\n<p>Jego oddzia\u0142 partyzancki uformowa\u0142 si\u0119 w lipcu 1943 r. Ob\u00f3z le\u015bny, zwany \u201ePlac\u00f3wk\u0105\u201d, zosta\u0142 za\u0142o\u017cony w lutym 1944 r. i funkcjonowa\u0142 do czerwca tego samego roku. Na wyposa\u017ceniu by\u0142y namioty ze spadochronowych plandek, sza\u0142asy, barak kuchenny a nawet szopa dla koni. Odby\u0142y si\u0119 tu dwa Kursy M\u0142odszych Dow\u00f3dc\u00f3w Piechoty, w ramach kt\u00f3rych przeszkolono ok. 50 podoficer\u00f3w AK.<\/p>\n<p>Oddzia\u0142 \u201eCorda\u201d odpowiedzialny jest za wiele akcji dywersyjnych, m.in. na transporty niemieckie, a tak\u017ce za \u2013 niestety nieudany \u2013 zamach na szefa bi\u0142gorajskiego Gestapo \u2013 Colba. W potyczce uda\u0142o si\u0119 go jedynie zrani\u0107. W obliczu akacji Sturmwind II ob\u00f3z zosta\u0142 opuszczony i zaminowany. \u201eCord\u201d przebi\u0142 si\u0119 z cz\u0119\u015bci\u0105 swoich \u017co\u0142nierzy przez okr\u0105\u017cenie pod Osuchami, jednak zdecydowa\u0142 si\u0119 wr\u00f3ci\u0107 po pozosta\u0142ych. Wtedy zosta\u0142 zabity przez Niemc\u00f3w.<\/p>\n<p>Powracamy na szlak g\u0142\u00f3wny t\u0105 sam\u0105 drog\u0105: 350 m z powrotem, potem skr\u0119t w lewo.<br \/>\nTrzymaj\u0105c si\u0119 g\u0142\u00f3wnej drogi zmierzamy generalnie na po\u0142udnie.<br \/>\n4 km \u2013 odbijamy nieco w lewo. Przed nami malownicze \u0142\u0105ki nad Smolnikem.<\/p>\n<p style=\"text-align: center;\"><img loading=\"lazy\" decoding=\"async\" class=\"aligncenter size-full wp-image-4579\" src=\"http:\/\/roztocze24.info\/wp-content\/uploads\/2019\/03\/P_IMG_200.jpg\" alt=\"\" width=\"750\" height=\"500\" srcset=\"https:\/\/roztocze24.info\/wp-content\/uploads\/2019\/03\/P_IMG_200.jpg 750w, https:\/\/roztocze24.info\/wp-content\/uploads\/2019\/03\/P_IMG_200-300x200.jpg 300w\" sizes=\"auto, (max-width: 750px) 85vw, 750px\" \/><\/p>\n<p>Nawet w czasie suszy nie przejdziemy t\u0119dy such\u0105 nog\u0105, o co zadba bagienko, kana\u0142y i rzeka Smolnik sama w sobie. Je\u017celi nie chcemy zdoby\u0107 sprawno\u015bci wodnika szuwarka lepiej tu zawr\u00f3ci\u0107. W lesie wypatrujemy zaznaczonej na mapce na niebiesko szerokiej drogi. W do\u015b\u0107 zawi\u0142y, acz czytelny spos\u00f3b doprowadzi nas ona z powrotem do le\u015bnej szosy. St\u0105d do parkingu w Brodziakach jeszcze tylko 1,5 km.<\/p>\n<p><a href=\"https:\/\/roztocze24.info\/?page_id=2839\">Cz\u0119\u015b\u0107 II: &#8222;Starzyzna&#8221;<\/a><\/p>\n","protected":false},"excerpt":{"rendered":"<p>Informacje og\u00f3lne Podstaw\u0105 szlaku jest Partyzancka mapa Puszczy Solskiej (w skali 1: 30 000), kt\u00f3ra ukaza\u0142a si\u0119 w ramach projektu Dzia\u0142aj lokalnie IX, realizowanego w 2016 r. przez Ochotnicz\u0105 Stra\u017c po\u017carn\u0105 w Brodziakach. Mapa zawiera lokalizacj\u0119 pomnik\u00f3w partyzanckich, ale tak\u017ce miejsc, kt\u00f3re nie doczeka\u0142y si\u0119 jeszcze upami\u0119tnienia \u2013 dawne obozy, bitwy i potyczki, itp. W &hellip; <a href=\"https:\/\/roztocze24.info\/?page_id=2822\" class=\"more-link\">Czytaj dalej<span class=\"screen-reader-text\"> \u201eSzlakiem oboz\u00f3w partyzanckich w Puszczy Solskiej I: &#8222;Cord&#8221;, 2017\u201d<\/span><\/a><\/p>\n","protected":false},"author":1,"featured_media":0,"parent":833,"menu_order":0,"comment_status":"closed","ping_status":"closed","template":"","meta":{"footnotes":""},"class_list":["post-2822","page","type-page","status-publish","hentry"],"_links":{"self":[{"href":"https:\/\/roztocze24.info\/index.php?rest_route=\/wp\/v2\/pages\/2822","targetHints":{"allow":["GET"]}}],"collection":[{"href":"https:\/\/roztocze24.info\/index.php?rest_route=\/wp\/v2\/pages"}],"about":[{"href":"https:\/\/roztocze24.info\/index.php?rest_route=\/wp\/v2\/types\/page"}],"author":[{"embeddable":true,"href":"https:\/\/roztocze24.info\/index.php?rest_route=\/wp\/v2\/users\/1"}],"replies":[{"embeddable":true,"href":"https:\/\/roztocze24.info\/index.php?rest_route=%2Fwp%2Fv2%2Fcomments&post=2822"}],"version-history":[{"count":3,"href":"https:\/\/roztocze24.info\/index.php?rest_route=\/wp\/v2\/pages\/2822\/revisions"}],"predecessor-version":[{"id":4618,"href":"https:\/\/roztocze24.info\/index.php?rest_route=\/wp\/v2\/pages\/2822\/revisions\/4618"}],"up":[{"embeddable":true,"href":"https:\/\/roztocze24.info\/index.php?rest_route=\/wp\/v2\/pages\/833"}],"wp:attachment":[{"href":"https:\/\/roztocze24.info\/index.php?rest_route=%2Fwp%2Fv2%2Fmedia&parent=2822"}],"curies":[{"name":"wp","href":"https:\/\/api.w.org\/{rel}","templated":true}]}}