{"id":2839,"date":"2017-08-10T16:37:52","date_gmt":"2017-08-10T15:37:52","guid":{"rendered":"http:\/\/roztocze24.info\/?page_id=2839"},"modified":"2020-08-13T14:59:05","modified_gmt":"2020-08-13T12:59:05","slug":"szlakiem-obozow-partyzanckich-w-puszczy-solskiej-ii-margole-2017","status":"publish","type":"page","link":"https:\/\/roztocze24.info\/?page_id=2839","title":{"rendered":"Szlakiem oboz\u00f3w partyzanckich w Puszczy Solskiej II: &#8222;Starzyzna&#8221;, 2017"},"content":{"rendered":"<p><strong>Odcinek II: Margole \u2013 dawna gaj\u00f3wka \u201eStarzyzna\u201d \u2013 \u0142\u0105ki nad Smolnikiem \u2013 Margole, 6 km, po cz\u0119\u015bci znaki pieszego szlaku <em>czerwonego<\/em><\/strong><\/p>\n<p><img loading=\"lazy\" decoding=\"async\" class=\"aligncenter size-full wp-image-4601\" src=\"http:\/\/roztocze24.info\/wp-content\/uploads\/2019\/03\/P_Mapa_2.jpg\" alt=\"\" width=\"566\" height=\"450\" srcset=\"https:\/\/roztocze24.info\/wp-content\/uploads\/2019\/03\/P_Mapa_2.jpg 566w, https:\/\/roztocze24.info\/wp-content\/uploads\/2019\/03\/P_Mapa_2-300x239.jpg 300w\" sizes=\"auto, (max-width: 566px) 85vw, 566px\" \/><\/p>\n<p>Przed nami pierwszy znakowany odcinek: szlak czerwony. Nie bardzo wiadomo, gdzie znajduje si\u0119 znak pocz\u0105tkowy. Z centrum wsi Margole, w miejscu gdzie od szosy odbiega boczna droga w prawo, wyruszamy na p\u00f3\u0142noc. Przecinamy rzek\u0119 Czarna \u0141ada. Na \u0142\u0105kach po prawej 21 czerwca 1944 r.\u00a0 star\u0142y si\u0119 z Niemcami pluton AK Tadeusza Piotrowskiego \u201ePazura\u201d i dru\u017cyna Siemibidy z plutonu \u201eGrota\u201d.<\/p>\n<p>Dalej le\u015bny parking, a za nim rozwidlenie dr\u00f3g. Tu ostro w lewo. Tu tak\u017ce pierwszy dostrze\u017cony znak szlaku czerwonego \u2013 znak skr\u0119tu. Dalej kr\u0119t\u0105 drog\u0105 w\u0119drujemy za znakami. Uwaga! Jednego znaku skr\u0119tu brakowa\u0142o! Osi\u0105gamy pomnik postawiony w miejscu dawnej gaj\u00f3wki \u201eStarzyzna\u201d (zwanej te\u017c \u201eMargole\u201d). Na zdj\u0119ciu jeszcze z oryginaln\u0105 tablic\u0105.<\/p>\n<p style=\"text-align: center;\"><img loading=\"lazy\" decoding=\"async\" class=\"aligncenter size-full wp-image-4573\" src=\"http:\/\/roztocze24.info\/wp-content\/uploads\/2019\/03\/P_IMG_019.jpg\" alt=\"\" width=\"750\" height=\"500\" srcset=\"https:\/\/roztocze24.info\/wp-content\/uploads\/2019\/03\/P_IMG_019.jpg 750w, https:\/\/roztocze24.info\/wp-content\/uploads\/2019\/03\/P_IMG_019-300x200.jpg 300w\" sizes=\"auto, (max-width: 750px) 85vw, 750px\" \/><\/p>\n<p>W lutym 1943 r. w \u201eStarzy\u017anie\u201d przebywa\u0142 pluton dywersyjny AK Huberta Jury \u201eBoba\u201d.<br \/>\nTutaj 4 VI 1943 r. otoczony zosta\u0142 przez Niemc\u00f3w sztab grupy operacyjnej GL im. T. Ko\u015bciuszki. Zgin\u0119li wszyscy, z wyj\u0105tkiem Grzegorza Korczy\u0144skiego, kt\u00f3remu uda\u0142o si\u0119 uciec z p\u0142on\u0105cego domu. Ten sam Korczy\u0144ski okaza\u0142 si\u0119 by\u0107 p\u00f3\u017aniej wyj\u0105tkowo okrutnym prze\u015bladowc\u0105 \u017co\u0142nierzy AK i partyzant\u00f3w powojennego podziemia niepodleg\u0142o\u015bciowego. W okresie 1946-1948 by\u0142 wiceministrem w Ministerstwie Bezpiecze\u0144stwa Publicznego. Ma na swoim koncie tak\u017ce mordy na ludno\u015bci cywilnej, w tym \u017cydowskiej, za co zosta\u0142 w 1954 r. skazany na do\u017cywocie. Zwolniono go jednak po dw\u00f3ch latach, aby w 1958 r. mianowa\u0107 szefem zarz\u0105du II Sztabu Generalnego \u2013 organu wywiadu wojskowego Ludowego Wojska Polskiego. Funkcj\u0119 t\u0119 pe\u0142ni\u0142 do 1971 r. W tym ostatnim roku mianowano go ambasadorem nadzwyczajnym w Algierii, gdzie po kilku miesi\u0105cach zmar\u0142 (22 X 1971 r.).<\/p>\n<p>St\u0105d warto przej\u015b\u0107 si\u0119 dalej dotychczasow\u0105 drog\u0105, kt\u00f3ra wyprowadza na malownicze \u0142\u0105ki nad Smolnikiem. Zobaczymy je teraz z drugiej strony, ni\u017c podczas trasy z Brodziak\u00f3w. W suche lato da si\u0119 podej\u015b\u0107 nawet do samej rzeki.<\/p>\n<p><img loading=\"lazy\" decoding=\"async\" class=\"aligncenter size-full wp-image-4571\" src=\"http:\/\/roztocze24.info\/wp-content\/uploads\/2019\/03\/P_IMG_015.jpg\" alt=\"\" width=\"750\" height=\"500\" srcset=\"https:\/\/roztocze24.info\/wp-content\/uploads\/2019\/03\/P_IMG_015.jpg 750w, https:\/\/roztocze24.info\/wp-content\/uploads\/2019\/03\/P_IMG_015-300x200.jpg 300w\" sizes=\"auto, (max-width: 750px) 85vw, 750px\" \/><\/p>\n<p><img loading=\"lazy\" decoding=\"async\" class=\"aligncenter size-full wp-image-4570\" src=\"http:\/\/roztocze24.info\/wp-content\/uploads\/2019\/03\/P_IMG_014.jpg\" alt=\"\" width=\"750\" height=\"500\" srcset=\"https:\/\/roztocze24.info\/wp-content\/uploads\/2019\/03\/P_IMG_014.jpg 750w, https:\/\/roztocze24.info\/wp-content\/uploads\/2019\/03\/P_IMG_014-300x200.jpg 300w\" sizes=\"auto, (max-width: 750px) 85vw, 750px\" \/><\/p>\n<p><img loading=\"lazy\" decoding=\"async\" class=\"aligncenter size-full wp-image-4572\" src=\"http:\/\/roztocze24.info\/wp-content\/uploads\/2019\/03\/P_IMG_016.jpg\" alt=\"\" width=\"750\" height=\"500\" srcset=\"https:\/\/roztocze24.info\/wp-content\/uploads\/2019\/03\/P_IMG_016.jpg 750w, https:\/\/roztocze24.info\/wp-content\/uploads\/2019\/03\/P_IMG_016-300x200.jpg 300w\" sizes=\"auto, (max-width: 750px) 85vw, 750px\" \/><\/p>\n<p>Powr\u00f3t do Margoli t\u0105 sam\u0105 drog\u0105.<\/p>\n<p><a href=\"https:\/\/roztocze24.info\/?page_id=2869\">Cz\u0119\u015b\u0107 III: &#8222;Skrzypik&#8221;<\/a><\/p>\n","protected":false},"excerpt":{"rendered":"<p>Odcinek II: Margole \u2013 dawna gaj\u00f3wka \u201eStarzyzna\u201d \u2013 \u0142\u0105ki nad Smolnikiem \u2013 Margole, 6 km, po cz\u0119\u015bci znaki pieszego szlaku czerwonego Przed nami pierwszy znakowany odcinek: szlak czerwony. Nie bardzo wiadomo, gdzie znajduje si\u0119 znak pocz\u0105tkowy. Z centrum wsi Margole, w miejscu gdzie od szosy odbiega boczna droga w prawo, wyruszamy na p\u00f3\u0142noc. Przecinamy rzek\u0119 &hellip; <a href=\"https:\/\/roztocze24.info\/?page_id=2839\" class=\"more-link\">Czytaj dalej<span class=\"screen-reader-text\"> \u201eSzlakiem oboz\u00f3w partyzanckich w Puszczy Solskiej II: &#8222;Starzyzna&#8221;, 2017\u201d<\/span><\/a><\/p>\n","protected":false},"author":1,"featured_media":0,"parent":833,"menu_order":0,"comment_status":"closed","ping_status":"closed","template":"","meta":{"footnotes":""},"class_list":["post-2839","page","type-page","status-publish","hentry"],"_links":{"self":[{"href":"https:\/\/roztocze24.info\/index.php?rest_route=\/wp\/v2\/pages\/2839","targetHints":{"allow":["GET"]}}],"collection":[{"href":"https:\/\/roztocze24.info\/index.php?rest_route=\/wp\/v2\/pages"}],"about":[{"href":"https:\/\/roztocze24.info\/index.php?rest_route=\/wp\/v2\/types\/page"}],"author":[{"embeddable":true,"href":"https:\/\/roztocze24.info\/index.php?rest_route=\/wp\/v2\/users\/1"}],"replies":[{"embeddable":true,"href":"https:\/\/roztocze24.info\/index.php?rest_route=%2Fwp%2Fv2%2Fcomments&post=2839"}],"version-history":[{"count":4,"href":"https:\/\/roztocze24.info\/index.php?rest_route=\/wp\/v2\/pages\/2839\/revisions"}],"predecessor-version":[{"id":7768,"href":"https:\/\/roztocze24.info\/index.php?rest_route=\/wp\/v2\/pages\/2839\/revisions\/7768"}],"up":[{"embeddable":true,"href":"https:\/\/roztocze24.info\/index.php?rest_route=\/wp\/v2\/pages\/833"}],"wp:attachment":[{"href":"https:\/\/roztocze24.info\/index.php?rest_route=%2Fwp%2Fv2%2Fmedia&parent=2839"}],"curies":[{"name":"wp","href":"https:\/\/api.w.org\/{rel}","templated":true}]}}