{"id":2869,"date":"2017-08-10T17:25:37","date_gmt":"2017-08-10T16:25:37","guid":{"rendered":"http:\/\/roztocze24.info\/?page_id=2869"},"modified":"2019-03-24T22:47:46","modified_gmt":"2019-03-24T21:47:46","slug":"szlakiem-obozow-partyzanckich-w-puszczy-solskiej-iii-2017","status":"publish","type":"page","link":"https:\/\/roztocze24.info\/?page_id=2869","title":{"rendered":"Szlakiem oboz\u00f3w partyzanckich w Puszczy Solskiej III: &#8222;Skrzypik&#8221;, 2017"},"content":{"rendered":"<p><strong>Odcinek III: <\/strong><strong>Margole \u2013 ob\u00f3z \u201eSkrzypika\u201d nad Czarn\u0105 \u0141ad\u0105 \u2013 Wydma Nad \u0141\u0105kami \u2013 g\u0142az upami\u0119tniaj\u0105cy bitw\u0119 na g\u00f3rze \u201eOkno\u201d \u2013 G\u00f3recko Ko\u015bcielne, 9,5 km, bez znak\u00f3w, w ko\u0144cowej cz\u0119\u015bci znaki pieszego szlaku <em>czarnego<\/em><\/strong><\/p>\n<p style=\"text-align: center;\"><img loading=\"lazy\" decoding=\"async\" class=\"aligncenter size-full wp-image-4602\" src=\"http:\/\/roztocze24.info\/wp-content\/uploads\/2019\/03\/P_Mapa_3.jpg\" alt=\"\" width=\"750\" height=\"245\" srcset=\"https:\/\/roztocze24.info\/wp-content\/uploads\/2019\/03\/P_Mapa_3.jpg 750w, https:\/\/roztocze24.info\/wp-content\/uploads\/2019\/03\/P_Mapa_3-300x98.jpg 300w\" sizes=\"auto, (max-width: 750px) 85vw, 750px\" \/><\/p>\n<p>Z centrum wsi Margole, w miejscu gdzie od szosy odbiega boczna droga w prawo, wyruszamy za szos\u0105 na p\u00f3\u0142noc. Po 500 skr\u0119camy w prawo, skrajem j\u0119zyka lasu. Wychodzimy na rozleg\u0142e i zaro\u015bni\u0119te wysokimi trawami \u0141\u0105ki Tereszpolskie.<\/p>\n<p style=\"text-align: center;\"><img loading=\"lazy\" decoding=\"async\" class=\"aligncenter size-full wp-image-4574\" src=\"http:\/\/roztocze24.info\/wp-content\/uploads\/2019\/03\/P_IMG_022.jpg\" alt=\"\" width=\"750\" height=\"500\" srcset=\"https:\/\/roztocze24.info\/wp-content\/uploads\/2019\/03\/P_IMG_022.jpg 750w, https:\/\/roztocze24.info\/wp-content\/uploads\/2019\/03\/P_IMG_022-300x200.jpg 300w\" sizes=\"auto, (max-width: 750px) 85vw, 750px\" \/><\/p>\n<p>Ledwie zarysowana \u015bcie\u017cka wykr\u0119ca w lewo. W sierpniu 2017 r. szcz\u0119\u015bliwie w\u015br\u00f3d tych traw przejecha\u0142 ci\u0105gnik na szerokich ko\u0142ach. Dalej nie trzeba si\u0119 by\u0142o wi\u0119c specjalnie przedziera\u0107, ale nie wiadomo, jak b\u0119dzie kolejnym razem. Maszerujemy generalnie na wsch. Przekraczamy rzek\u0119 Czarna \u0141ada (bez mostku, ale o ile nie trafimy na bardzo mokre lato nie b\u0119dzie to trudne). Idziemy \u0142\u0105k\u0105 pomi\u0119dzy dwoma j\u0119zykami lasu. W tym po lewej znajdowa\u0142 si\u0119 ob\u00f3z BCh \u201eSkrzypika\u201d. Korzystaj\u0105c z betonowego mostku przejdziemy na drugi brzeg Czarnej \u0141ady, bli\u017cej lasu.<\/p>\n<p style=\"text-align: center;\"><img loading=\"lazy\" decoding=\"async\" class=\"aligncenter size-full wp-image-4575\" src=\"http:\/\/roztocze24.info\/wp-content\/uploads\/2019\/03\/P_IMG_024.jpg\" alt=\"\" width=\"750\" height=\"500\" srcset=\"https:\/\/roztocze24.info\/wp-content\/uploads\/2019\/03\/P_IMG_024.jpg 750w, https:\/\/roztocze24.info\/wp-content\/uploads\/2019\/03\/P_IMG_024-300x200.jpg 300w\" sizes=\"auto, (max-width: 750px) 85vw, 750px\" \/><\/p>\n<p>Baza oddzia\u0142u BCh J\u00f3zefa Mazura \u201eSkrzypika\u201d (1913-1944), mieszcz\u0105ca si\u0119 w lesie Ostr\u00f3w, otoczonym rozleg\u0142ymi podmok\u0142ymi \u0142\u0105kami oraz dolinami rzek \u2013 od p\u00f3\u0142nocy Studczek, a od po\u0142udnia Czarna \u0141ada. Oddzia\u0142 zosta\u0142 za\u0142o\u017cony w czerwcu 1943 r. w pobliskim Aleksandrowie. Stan osobowy to ok. 60 partyzant\u00f3w. Podczas akcji Sturmwind II partyzantom nie udaje si\u0119 niestety wydosta\u0107 z kot\u0142a pod Maziarzami, dow\u00f3dca zgin\u0105\u0142 na polach wsi Podso\u015bnina.<\/p>\n<p>Ta przetarta droga niebawem si\u0119 sko\u0144czy\u0142a, ale odcinek prowadz\u0105cy w\u015br\u00f3d traw nie by\u0142 ju\u017c d\u0142ugi. Zmierzamy prosto do lasu, gdzie odnajdujemy wygodniejsz\u0105 drog\u0119. Wska\u017anikiem czy trafili\u015bmy dobrze b\u0119dzie kapliczka maryjna na drzewie po lewej stronie.<\/p>\n<p style=\"text-align: center;\"><img loading=\"lazy\" decoding=\"async\" class=\"aligncenter size-full wp-image-4576\" src=\"http:\/\/roztocze24.info\/wp-content\/uploads\/2019\/03\/P_IMG_025.jpg\" alt=\"\" width=\"281\" height=\"500\" srcset=\"https:\/\/roztocze24.info\/wp-content\/uploads\/2019\/03\/P_IMG_025.jpg 281w, https:\/\/roztocze24.info\/wp-content\/uploads\/2019\/03\/P_IMG_025-169x300.jpg 169w\" sizes=\"auto, (max-width: 281px) 85vw, 281px\" \/><\/p>\n<p>Po prawej mijamy wydm\u0119 Nad \u0141\u0105kami.<\/p>\n<p>3,5 km \u2013 uwaga! Szlak oboz\u00f3w partyzanckich skr\u0119ca w lewo w niezbyt wyra\u017any dukt. Proponuj\u0119 pozna\u0107 go w ramach 4 etapu poznawania szlaku. Teraz za g\u0142\u00f3wn\u0105 drog\u0105 zmierzamy na p\u0142n.-wsch.<\/p>\n<p>5 km \u2013 docieramy do prostopad\u0142ej linii dzia\u0142owej. Tu w prawo. Mocno piaszczystym duktem wspinamy si\u0119 na g\u00f3r\u0119 Okno (232,3 m n.p.m.).<\/p>\n<p style=\"text-align: center;\"><img loading=\"lazy\" decoding=\"async\" class=\"aligncenter size-full wp-image-4593\" src=\"http:\/\/roztocze24.info\/wp-content\/uploads\/2019\/03\/P_IMG_6084.jpg\" alt=\"\" width=\"750\" height=\"500\" srcset=\"https:\/\/roztocze24.info\/wp-content\/uploads\/2019\/03\/P_IMG_6084.jpg 750w, https:\/\/roztocze24.info\/wp-content\/uploads\/2019\/03\/P_IMG_6084-300x200.jpg 300w\" sizes=\"auto, (max-width: 750px) 85vw, 750px\" \/><\/p>\n<p>Rozegra\u0142a si\u0119 tu bitwa, kt\u00f3r\u0105 upami\u0119tnia pomnik znajduj\u0105cy si\u0119 dalej na tej samej linii dzia\u0142owej, ju\u017c za miejscem gdy na ten dukt wprowadzi pieszy szlak czarny Walk partyzanckich.<\/p>\n<p style=\"text-align: center;\"><img loading=\"lazy\" decoding=\"async\" class=\"aligncenter size-full wp-image-4592\" src=\"http:\/\/roztocze24.info\/wp-content\/uploads\/2019\/03\/P_IMG_6080.jpg\" alt=\"\" width=\"750\" height=\"500\" srcset=\"https:\/\/roztocze24.info\/wp-content\/uploads\/2019\/03\/P_IMG_6080.jpg 750w, https:\/\/roztocze24.info\/wp-content\/uploads\/2019\/03\/P_IMG_6080-300x200.jpg 300w\" sizes=\"auto, (max-width: 750px) 85vw, 750px\" \/><\/p>\n<p>Napis na pomniku g\u0142osi: \u201eW tym miejscu dnia 22.06.1944 r. partyzanci AL ze zgrupowania kpt. [Stanis\u0142awa] Szelesta i kpt. [Ignacego] Borkowskiego przyj\u0119li nier\u00f3wn\u0105 bitw\u0119 z wojskami hitlerowskimi w akcji Sturmwind II. W walce poleg\u0142o ok. 100 partyzant\u00f3w\u201d. W obliczu ci\u0119\u017ckiej artylerii partyzanci przesun\u0119li si\u0119 na tzw. \u201eGrz\u0119d\u0119\u201d, a w nocy z 22\/23 czerwca przebili si\u0119 przez niemieckie okr\u0105\u017cenie w okolicy G\u00f3recka Ko\u015bcielnego (pomnik pami\u0119ci bojownik\u00f3w \u201eWicka\u201d odnajdziemy w lesie przy szosie G\u00f3recko Ko\u015bcielne \u2013 Stare G\u00f3recko), odrzucaj\u0105c propozycj\u0119 AK o wsp\u00f3lnym przebijaniu si\u0119 w jednym miejscu. O ile oba pomniki nie zostan\u0105 w mi\u0119dzyczasie uznane za niew\u0142a\u015bciwe&#8230; Takie czasy.<\/p>\n<p>W\u0119drujemy ca\u0142y czas ta sam\u0105 lini\u0105 dzia\u0142ow\u0105, schodz\u0105c nast\u0119pnie do doliny rzeki Szum. Przekraczamy j\u0105 po k\u0142adce, nieopodal drewnianej kapliczki na wodzie. Nast\u0119pnie w\u015br\u00f3d pi\u0119knych starych d\u0119b\u00f3w docieramy do modrzewiowego ko\u015bcio\u0142a w centrum G\u00f3recka Ko\u015bcielnego (9,5 km).<\/p>\n<p><a href=\"https:\/\/roztocze24.info\/?page_id=2886\">Cz\u0119\u015b\u0107 IV: \u201eWir\u201d, 2017<\/a><\/p>\n","protected":false},"excerpt":{"rendered":"<p>Odcinek III: Margole \u2013 ob\u00f3z \u201eSkrzypika\u201d nad Czarn\u0105 \u0141ad\u0105 \u2013 Wydma Nad \u0141\u0105kami \u2013 g\u0142az upami\u0119tniaj\u0105cy bitw\u0119 na g\u00f3rze \u201eOkno\u201d \u2013 G\u00f3recko Ko\u015bcielne, 9,5 km, bez znak\u00f3w, w ko\u0144cowej cz\u0119\u015bci znaki pieszego szlaku czarnego Z centrum wsi Margole, w miejscu gdzie od szosy odbiega boczna droga w prawo, wyruszamy za szos\u0105 na p\u00f3\u0142noc. Po 500 &hellip; <a href=\"https:\/\/roztocze24.info\/?page_id=2869\" class=\"more-link\">Czytaj dalej<span class=\"screen-reader-text\"> \u201eSzlakiem oboz\u00f3w partyzanckich w Puszczy Solskiej III: &#8222;Skrzypik&#8221;, 2017\u201d<\/span><\/a><\/p>\n","protected":false},"author":1,"featured_media":0,"parent":833,"menu_order":0,"comment_status":"closed","ping_status":"closed","template":"","meta":{"footnotes":""},"class_list":["post-2869","page","type-page","status-publish","hentry"],"_links":{"self":[{"href":"https:\/\/roztocze24.info\/index.php?rest_route=\/wp\/v2\/pages\/2869","targetHints":{"allow":["GET"]}}],"collection":[{"href":"https:\/\/roztocze24.info\/index.php?rest_route=\/wp\/v2\/pages"}],"about":[{"href":"https:\/\/roztocze24.info\/index.php?rest_route=\/wp\/v2\/types\/page"}],"author":[{"embeddable":true,"href":"https:\/\/roztocze24.info\/index.php?rest_route=\/wp\/v2\/users\/1"}],"replies":[{"embeddable":true,"href":"https:\/\/roztocze24.info\/index.php?rest_route=%2Fwp%2Fv2%2Fcomments&post=2869"}],"version-history":[{"count":4,"href":"https:\/\/roztocze24.info\/index.php?rest_route=\/wp\/v2\/pages\/2869\/revisions"}],"predecessor-version":[{"id":4644,"href":"https:\/\/roztocze24.info\/index.php?rest_route=\/wp\/v2\/pages\/2869\/revisions\/4644"}],"up":[{"embeddable":true,"href":"https:\/\/roztocze24.info\/index.php?rest_route=\/wp\/v2\/pages\/833"}],"wp:attachment":[{"href":"https:\/\/roztocze24.info\/index.php?rest_route=%2Fwp%2Fv2%2Fmedia&parent=2869"}],"curies":[{"name":"wp","href":"https:\/\/api.w.org\/{rel}","templated":true}]}}