{"id":2915,"date":"2017-08-10T19:04:38","date_gmt":"2017-08-10T18:04:38","guid":{"rendered":"http:\/\/roztocze24.info\/?page_id=2915"},"modified":"2021-08-24T19:49:46","modified_gmt":"2021-08-24T17:49:46","slug":"szlakiem-obozow-partyzanckich-w-puszczy-solskiej-v-2017","status":"publish","type":"page","link":"https:\/\/roztocze24.info\/?page_id=2915","title":{"rendered":"Szlakiem oboz\u00f3w partyzanckich w Puszczy Solskiej V: &#8222;Woyna&#8221;, 2017"},"content":{"rendered":"<p><strong>Odcinek V: <\/strong><strong>Szpital \u201e665\u201d \u2013 kapliczka w miejscu dawnej gaj\u00f3wki Za Oknem \u2013 ob\u00f3z \u201eWoyny\u201d nad Studczekiem \u2013 \u00a0miejsce bitwy na Kobylim Grzbiecie \u2013 szpital \u201e665\u201d, 10,5 km, bez znak\u00f3w<\/strong><\/p>\n<p>Ta trasa stanowi rozbudowan\u0105 wersj\u0119 odcinka IV, dlatego do kilometra\u017ca nale\u017cy dopisa\u0107 jeszcze 8 km potrzebne na pokonanie p\u0119tli Sig\u0142a \u2013 bunkier \u201eWira\u201d \u2013 szpital \u201e665\u201d, tam i z powrotem.<\/p>\n<p style=\"text-align: center;\"><img loading=\"lazy\" decoding=\"async\" class=\"aligncenter size-full wp-image-4604\" src=\"http:\/\/roztocze24.info\/wp-content\/uploads\/2019\/03\/P_Mapa_5.jpg\" alt=\"\" width=\"750\" height=\"519\" srcset=\"https:\/\/roztocze24.info\/wp-content\/uploads\/2019\/03\/P_Mapa_5.jpg 750w, https:\/\/roztocze24.info\/wp-content\/uploads\/2019\/03\/P_Mapa_5-300x208.jpg 300w\" sizes=\"auto, (max-width: 750px) 85vw, 750px\" \/><\/p>\n<p>Nowy odcinek zaczyna si\u0119 przy szpitalu \u201e665\u201d. W lesie na p\u0142n. od tego miejsca znajduje si\u0119 \u201eGrz\u0119da\u201d, zatrzyma\u0142o si\u0119 tam zgrupowanie AL podczas odwrotu z g\u00f3ry Okno (por. odcinek III szlaku).<\/p>\n<p>W\u0119drujemy na zach., wzd\u0142u\u017c doliny rzeki Okno, wypatruj\u0105c po drodze czerwonych pask\u00f3w na drzewach.<\/p>\n<p>650 m \u2013 prostopad\u0142a le\u015bna, skr\u0119t w prawo (w lewo prowadzi inny \u0142\u0105cznik do pieszego szlaku czarnego).<\/p>\n<p>1 km \u2013 w\u0119ze\u0142 z pieszym szlakiem czarnym Walk partyzanckich. Skr\u0119camy w prawo. Przechodzimy nad bagnist\u0105 w tym miejscu rzek\u0105 Okno.<\/p>\n<p style=\"text-align: center;\"><img loading=\"lazy\" decoding=\"async\" class=\"aligncenter size-full wp-image-4590\" src=\"http:\/\/roztocze24.info\/wp-content\/uploads\/2019\/03\/P_IMG_6071.jpg\" alt=\"\" width=\"750\" height=\"500\" srcset=\"https:\/\/roztocze24.info\/wp-content\/uploads\/2019\/03\/P_IMG_6071.jpg 750w, https:\/\/roztocze24.info\/wp-content\/uploads\/2019\/03\/P_IMG_6071-300x200.jpg 300w\" sizes=\"auto, (max-width: 750px) 85vw, 750px\" \/><\/p>\n<p>Niebawem po lewej kapliczka na drzewie w miejscu dawnej gaj\u00f3wki Za Oknem .Je\u017celi chodzi o nazw\u0119, to nie chodzi o rzek\u0119, kt\u00f3ra przecinali\u015bmy, a o wydm\u0119 znajduj\u0105ca si\u0119 na p\u0142n.-wsch. od tego miejsca. W pobli\u017cu jest jeszcze wzg\u00f3rze Okno (232 m n.p.m.).<\/p>\n<p style=\"text-align: center;\"><img loading=\"lazy\" decoding=\"async\" class=\"aligncenter size-full wp-image-4591\" src=\"http:\/\/roztocze24.info\/wp-content\/uploads\/2019\/03\/P_IMG_6076.jpg\" alt=\"\" width=\"333\" height=\"500\" srcset=\"https:\/\/roztocze24.info\/wp-content\/uploads\/2019\/03\/P_IMG_6076.jpg 333w, https:\/\/roztocze24.info\/wp-content\/uploads\/2019\/03\/P_IMG_6076-200x300.jpg 200w\" sizes=\"auto, (max-width: 333px) 85vw, 333px\" \/><\/p>\n<p>2,5 km \u2013 skrzy\u017cowanie dr\u00f3g le\u015bnych pod g\u00f3r\u0105 Okno. Udajemy si\u0119 tym razem w lewo. Z czasem droga robi si\u0119 zaro\u015bni\u0119ta, po bokach pojawi\u0105 si\u0119 bagna.<\/p>\n<p><img loading=\"lazy\" decoding=\"async\" class=\"aligncenter size-full wp-image-4594\" src=\"http:\/\/roztocze24.info\/wp-content\/uploads\/2019\/03\/P_IMG_6085.jpg\" alt=\"\" width=\"750\" height=\"500\" srcset=\"https:\/\/roztocze24.info\/wp-content\/uploads\/2019\/03\/P_IMG_6085.jpg 750w, https:\/\/roztocze24.info\/wp-content\/uploads\/2019\/03\/P_IMG_6085-300x200.jpg 300w\" sizes=\"auto, (max-width: 750px) 85vw, 750px\" \/><\/p>\n<p>3,5 km \u2013 prostopad\u0142y dukt le\u015bny. Skr\u0119camy w prawo, w\u0119druj\u0105c w\u015br\u00f3d wysokich trzcin i traw. 350 m dalej z lewej rzadszy las. Ledwie zarysowana \u015bcie\u017cka w lewo prowadzi w okolice dawnego obozu Adama Haniewicza \u201eWoyny\u201d, a dalej do polanki, na kt\u00f3rej odbywa\u0142y si\u0119 partyzanckie \u0107wiczenia i apele (st\u0105d 400 m).<\/p>\n<p><img loading=\"lazy\" decoding=\"async\" class=\"aligncenter size-full wp-image-4597\" src=\"http:\/\/roztocze24.info\/wp-content\/uploads\/2019\/03\/P_IMG_6098.jpg\" alt=\"\" width=\"750\" height=\"500\" srcset=\"https:\/\/roztocze24.info\/wp-content\/uploads\/2019\/03\/P_IMG_6098.jpg 750w, https:\/\/roztocze24.info\/wp-content\/uploads\/2019\/03\/P_IMG_6098-300x200.jpg 300w\" sizes=\"auto, (max-width: 750px) 85vw, 750px\" \/><\/p>\n<p style=\"text-align: center;\"><img loading=\"lazy\" decoding=\"async\" class=\"aligncenter size-full wp-image-4598\" src=\"http:\/\/roztocze24.info\/wp-content\/uploads\/2019\/03\/P_IMG_6105.jpg\" alt=\"\" width=\"750\" height=\"500\" srcset=\"https:\/\/roztocze24.info\/wp-content\/uploads\/2019\/03\/P_IMG_6105.jpg 750w, https:\/\/roztocze24.info\/wp-content\/uploads\/2019\/03\/P_IMG_6105-300x200.jpg 300w\" sizes=\"auto, (max-width: 750px) 85vw, 750px\" \/><\/p>\n<p>Po tej wycieczce bocznej powracamy na znan\u0105 nam ju\u017c drog\u0119 i kontynuujemy marsz na p\u00f3\u0142noc. Drewniany most, mocno podtopiony przez bobry, kt\u00f3re po lewej maj\u0105 swoje \u017ceremie, pomaga nam przekroczy\u0107 rzeczk\u0119 Studczek. Jeszcze 100 m i skr\u0119camy w lewo, w dukt wiod\u0105cy na Kobyli Grzbiet. Warto przej\u015b\u0107 ca\u0142\u0105 wydm\u0119 (500 m w jedn\u0105 stron\u0119).<\/p>\n<p>Adam Haniewicz \u201eWoyna\u201d (1912-1944) pochodzi\u0142 ze \u015awidra pod Warszaw\u0105. Maj\u0105c 19 lat, tu\u017c co po uko\u0144czeniu szko\u0142y \u015bredniej, wst\u0105pi\u0142 ochotniczo do Szko\u0142y Podchor\u0105\u017cych Kawalerii w Grudzi\u0105dzu. We wrze\u015bniu 1939 r. walczy\u0142 jako dow\u00f3dca szwadronu, zosta\u0142 ci\u0119\u017cko ranny. Z ZWZ zwi\u0105za\u0142 si\u0119 ju\u017c w 1940 r. Prowadzi\u0142 tajne szkolenia dla podchor\u0105\u017cych w Warszawie. W czerwcu 1943 r. delegowany, wraz ze swoimi \u017co\u0142nierzami, na Zamojszczyzn\u0119 jako tzw. kompania warszawska. Wst\u0119powali do niej tak\u017ce miejscowi partyzanci. Pierwszym dow\u00f3dc\u0105 by\u0142 Tadeusza Sztumberk-Rychter \u201e\u017begota\u201d, a \u201eWoyna\u201d pe\u0142ni\u0142 funkcj\u0119 zast\u0119pcy. W\u015br\u00f3d akcji kompanii wskaza\u0107 trzeba na rozbicie wi\u0119zienia w Bi\u0142goraju, dzi\u0119ki kt\u00f3remu mo\u017cliwe sta\u0142o si\u0119 uwolnienie wielu ludzi podziemia, m.in. dow\u00f3dcy oddzia\u0142u NOW-AK \u201eOjca Jana\u201d. \u201e\u017begota\u201d odszed\u0142 nast\u0119pnie na Wo\u0142y\u0144, a nowym dow\u00f3dc\u0105 zosta\u0142 \u201eWoyna\u201d. Jesieni\u0105 1943 r. pe\u0142ni\u0142 funkcj\u0119 oficera do spraw odbioru zrzut\u00f3w. W maju 1944 r. powierzono mu organizacj\u0119 i dow\u00f3dztwo I Kompanii Sztabowej Inspektoratu Zamojskiego AK.<\/p>\n<p>Ob\u00f3z nad Studczekiem za\u0142o\u017cono latem 1943 r. Osobliwe by\u0142o jego wyposa\u017cenie, kt\u00f3re stanowi\u0142y m.in. 4 baraki, zabrane Niemcom ze stacji PKP Krasnobr\u00f3d (dzi\u015b J\u00f3zef\u00f3w Roztocza\u0144ski). Warto wspomnie\u0107 tak\u017ce o linii telefonicznej \u0142\u0105cz\u0105cej ob\u00f3z \u201eWoyny\u201d z pobliskim punktem obserwacyjnym na Kobylim Grzbiecie z jednej strony, a obozem \u201eWira\u201d z drugiej. W czasie akcji Sturmwind II w obozie \u201eWoyny\u201d stacjonowa\u0142 dow\u00f3dca 9 pu\u0142ku piechoty AK major Edward Markiewicz \u201eKalina\u201d.<\/p>\n<p>22 czerwca 1944 r. rano czujka na pobliskim Kobylim Grzbiecie donios\u0142a o tyralierze Niemc\u00f3w. Wywi\u0105za\u0142a si\u0119 walka, kt\u00f3ra op\u00f3\u017ani\u0142a przej\u015bcie Niemc\u00f3w i umo\u017cliwi\u0142a ewakuacj\u0119 obozu. \u201eWoyna\u201d przedar\u0142 si\u0119 przez niemieckie okr\u0105\u017cenie pod Osuchami, jednak zdecydowa\u0142 si\u0119 wr\u00f3ci\u0107 po pozosta\u0142\u0105 cz\u0119\u015b\u0107 swoich \u017co\u0142nierzy. Podczas tej akcji zgin\u0105\u0142.<\/p>\n<p><img loading=\"lazy\" decoding=\"async\" class=\"aligncenter size-full wp-image-4596\" src=\"http:\/\/roztocze24.info\/wp-content\/uploads\/2019\/03\/P_IMG_6095.jpg\" alt=\"\" width=\"750\" height=\"500\" srcset=\"https:\/\/roztocze24.info\/wp-content\/uploads\/2019\/03\/P_IMG_6095.jpg 750w, https:\/\/roztocze24.info\/wp-content\/uploads\/2019\/03\/P_IMG_6095-300x200.jpg 300w\" sizes=\"auto, (max-width: 750px) 85vw, 750px\" \/><\/p>\n<p>Z Kobylego Grzbietu powracamy znan\u0105 nam ju\u017c drog\u0105, tym samym mostkiem przekraczamy rzek\u0119 Studczek.<\/p>\n<p>6,5 km \u2013 skrzy\u017cowanie dr\u00f3g. W lewe wiedzie dukt, kt\u00f3rym tu przyszli\u015bmy, trasa Szlak oboz\u00f3w partyzanckich w Puszczy Solskiej wiedzie prosto. Ten odcinek jest miejscami podmok\u0142y, a poniewa\u017c nie znajduj\u0105 si\u0119 przy nim \u017cadne obiekty historyczne mo\u017cna go omin\u0105\u0107, wracaj\u0105c do szpitala \u201e665\u201d znan\u0105 nam tras\u0105 prowadz\u0105c\u0105 w pobli\u017cu g\u00f3ry Okno. Je\u017celi jednak chcemy nadal w\u0119drowa\u0107 naszym nieznakowanym szlakiem, zag\u0142\u0119biamy si\u0119 w przecink\u0119 le\u015bn\u0105 wiod\u0105c\u0105 na p\u0142d.<\/p>\n<p>7,5 km \u2013 prostopad\u0142a droga le\u015bna. W\u0119drowali\u015bmy ni\u0105 na trasie z Margoli do G\u00f3recka.<\/p>\n<p style=\"text-align: center;\"><img loading=\"lazy\" decoding=\"async\" class=\"aligncenter size-full wp-image-4599\" src=\"http:\/\/roztocze24.info\/wp-content\/uploads\/2019\/03\/P_IMG_6111.jpg\" alt=\"\" width=\"750\" height=\"500\" srcset=\"https:\/\/roztocze24.info\/wp-content\/uploads\/2019\/03\/P_IMG_6111.jpg 750w, https:\/\/roztocze24.info\/wp-content\/uploads\/2019\/03\/P_IMG_6111-300x200.jpg 300w\" sizes=\"auto, (max-width: 750px) 85vw, 750px\" \/><\/p>\n<p>Skr\u0119camy tu w lewo, a po kolejnych 900 m w prawo. Osi\u0105gamy ponownie drog\u0119, kt\u00f3ra prowadzi czarny pieszy szlak partyzancki. Skr\u0119camy w prawo.<\/p>\n<p>9,5 km \u2013 rozej\u015bcie pieszego szlaku pieszego z podstawow\u0105 drog\u0105 wiod\u0105c\u0105 do szpitala \u201e665\u201d. Skr\u0119camy w lewo, a po 200 m ponownie w lewo.<\/p>\n<p>10,5 km \u2013 szpital le\u015bny \u201e665\u201d.<\/p>\n<p>Na tym spotkanie z \u201ePartyzanck\u0105 map\u0105 Puszczy Solskiej\u201d na razie si\u0119 ko\u0144czy. Kiedy\u015b tu jednak powr\u00f3c\u0119. W przypadku obozu \u201eWoyny\u201d do odnalezienia jest pami\u0105tkowy g\u0142az.<\/p>\n<p><em>Sierpie\u0144 2017<\/em><\/p>\n","protected":false},"excerpt":{"rendered":"<p>Odcinek V: Szpital \u201e665\u201d \u2013 kapliczka w miejscu dawnej gaj\u00f3wki Za Oknem \u2013 ob\u00f3z \u201eWoyny\u201d nad Studczekiem \u2013 \u00a0miejsce bitwy na Kobylim Grzbiecie \u2013 szpital \u201e665\u201d, 10,5 km, bez znak\u00f3w Ta trasa stanowi rozbudowan\u0105 wersj\u0119 odcinka IV, dlatego do kilometra\u017ca nale\u017cy dopisa\u0107 jeszcze 8 km potrzebne na pokonanie p\u0119tli Sig\u0142a \u2013 bunkier \u201eWira\u201d \u2013 szpital &hellip; <a href=\"https:\/\/roztocze24.info\/?page_id=2915\" class=\"more-link\">Czytaj dalej<span class=\"screen-reader-text\"> \u201eSzlakiem oboz\u00f3w partyzanckich w Puszczy Solskiej V: &#8222;Woyna&#8221;, 2017\u201d<\/span><\/a><\/p>\n","protected":false},"author":1,"featured_media":0,"parent":833,"menu_order":0,"comment_status":"closed","ping_status":"closed","template":"","meta":{"footnotes":""},"class_list":["post-2915","page","type-page","status-publish","hentry"],"_links":{"self":[{"href":"https:\/\/roztocze24.info\/index.php?rest_route=\/wp\/v2\/pages\/2915","targetHints":{"allow":["GET"]}}],"collection":[{"href":"https:\/\/roztocze24.info\/index.php?rest_route=\/wp\/v2\/pages"}],"about":[{"href":"https:\/\/roztocze24.info\/index.php?rest_route=\/wp\/v2\/types\/page"}],"author":[{"embeddable":true,"href":"https:\/\/roztocze24.info\/index.php?rest_route=\/wp\/v2\/users\/1"}],"replies":[{"embeddable":true,"href":"https:\/\/roztocze24.info\/index.php?rest_route=%2Fwp%2Fv2%2Fcomments&post=2915"}],"version-history":[{"count":4,"href":"https:\/\/roztocze24.info\/index.php?rest_route=\/wp\/v2\/pages\/2915\/revisions"}],"predecessor-version":[{"id":7997,"href":"https:\/\/roztocze24.info\/index.php?rest_route=\/wp\/v2\/pages\/2915\/revisions\/7997"}],"up":[{"embeddable":true,"href":"https:\/\/roztocze24.info\/index.php?rest_route=\/wp\/v2\/pages\/833"}],"wp:attachment":[{"href":"https:\/\/roztocze24.info\/index.php?rest_route=%2Fwp%2Fv2%2Fmedia&parent=2915"}],"curies":[{"name":"wp","href":"https:\/\/api.w.org\/{rel}","templated":true}]}}