{"id":3005,"date":"2017-09-05T21:33:08","date_gmt":"2017-09-05T20:33:08","guid":{"rendered":"http:\/\/roztocze24.info\/?page_id=3005"},"modified":"2019-03-26T13:50:06","modified_gmt":"2019-03-26T12:50:06","slug":"kolejka-waskotorowa-w-rudzie-rozanieckiej","status":"publish","type":"page","link":"https:\/\/roztocze24.info\/?page_id=3005","title":{"rendered":"Dawna kolejka w\u0105skotorowa w Rudzie R\u00f3\u017canieckiej"},"content":{"rendered":"<p>Kolejk\u0119 w\u0105skotorow\u0105 w maj\u0105tku Ruda R\u00f3\u017caniecka wybudowa\u0142 w\u0142a\u015bciciel baron Hugo Wattmann w latach 30. XX w. Jej przebieg mo\u017cna odnale\u017a\u0107 na mapach WIG z tego okresu. Co ciekawe, s\u0142u\u017cy\u0142a ona g\u0142\u00f3wnie do obs\u0142ugi hodowli karpi. Warto doda\u0107, \u017ce tradycje rybackie w tej okolicy si\u0119gaj\u0105 XVIII w. i odnosz\u0105 si\u0119 do pstr\u0105g\u00f3w i w\u0142a\u015bnie karpi. Hodowli pstr\u0105g\u00f3w zaniechano w 1932 r. z uwagi na nisk\u0105 op\u0142acalno\u015b\u0107. Inaczej by\u0142o z karpiami, cho\u0107 w tym przypadku to wp\u0142yw ustawy sejmowej o parcelacji maj\u0105tk\u00f3w pa\u0144stwowych oraz nadwy\u017cek grunt\u00f3w rolniczych w folwarkach prywatnych. Poniewa\u017c nie obejmowa\u0142a ona staw\u00f3w, aby zapobiec podzia\u0142owi maj\u0105tku, Wattmann zdecydowa\u0142 si\u0119 na ogromne inwestycje w tym w\u0142a\u015bnie zakresie, zaci\u0105gaj\u0105c kredyt na a\u017c 3 mln. z\u0142otych. Wiele z tych obiekt\u00f3w istnieje do dzi\u015b, a tradycje rybackie podtrzymuje gospodarstwo Zarz\u0105d D\u00f3br Smolin s.c.<\/p>\n<p>Kolejka Wattmanna prowadzi\u0142a od staw\u00f3w Sopilne do folwarku w Rudzie R\u00f3\u017canieckiej, a jej trasa liczy\u0142a 5,5 km. Dostarcza\u0142a pasze dla ryb (suszone mi\u0119so i \u0142ubin) oraz obornik na pola. W drug\u0105 stron\u0119 transportowane by\u0142y ryby i p\u0142ody rolne, sprzedawane nast\u0119pnie nie tylko w kraju, ale i za granic\u0105. Niestety, sp\u0142ata wysokiego kredytu nie by\u0142a prosta i Wattmann musia\u0142 tak\u017ce sprzedawa\u0107 drewno, w tym celu masowo wycina\u0142 lasy.<br \/>\nW przypadku kolejki niewiele zachowa\u0142o si\u0119 \u015blad\u00f3w, g\u0142\u00f3wnie pozosta\u0142o\u015bci nasypu, szczeg\u00f3lnie ciekawie prezentuj\u0105ce si\u0119 na pocz\u0105tkowym odcinku.<\/p>\n<p>Tras\u0119 pokonali\u015bmy pieszo pod koniec sierpnia 2017 r. jako dru\u017cyna turystyczno-kolejowa w sk\u0142adzie Pawe\u0142 Rydzewski (GERP, Grupa Eksplorator\u00f3w Roztocza Po\u0142udniowego) i Artur Paw\u0142owski.<\/p>\n<p>Najpro\u015bciej do staw\u00f3w Sopilne trafi\u0107 za drog\u0105 zaczynaj\u0105c\u0105 si\u0119 na tu\u017c za mostem na R\u00f3\u017ca\u0144cu (po jego po\u0142udniowej stronie) w Rudzie R\u00f3\u017canieckiej.<\/p>\n<p>Poni\u017cej przebieg trasy. Kolorem czarnym zaznaczy\u0142em fragment, kt\u00f3re obecnie nie jest mo\u017cliwy do przej\u015bcia piechot\u0105, z uwagi na zagrodzenie m\u0142odnik\u00f3w, a dalej g\u0105szcz m\u0142odego sosnowego lasu.<\/p>\n<p><img loading=\"lazy\" decoding=\"async\" class=\"aligncenter size-full wp-image-5169\" src=\"http:\/\/roztocze24.info\/wp-content\/uploads\/2019\/03\/IMG_6910.jpg\" alt=\"\" width=\"500\" height=\"308\" srcset=\"https:\/\/roztocze24.info\/wp-content\/uploads\/2019\/03\/IMG_6910.jpg 500w, https:\/\/roztocze24.info\/wp-content\/uploads\/2019\/03\/IMG_6910-300x185.jpg 300w\" sizes=\"auto, (max-width: 500px) 85vw, 500px\" \/><\/p>\n<p>0,0 km \u2013 pocz\u0105tek trasy, przy p\u0142n. skraju staw\u00f3w. Miejsce wyj\u0105tkowe, z klimatem.<\/p>\n<p><img loading=\"lazy\" decoding=\"async\" class=\"aligncenter size-full wp-image-5170\" src=\"http:\/\/roztocze24.info\/wp-content\/uploads\/2019\/03\/IMG_6913.jpg\" alt=\"\" width=\"750\" height=\"500\" srcset=\"https:\/\/roztocze24.info\/wp-content\/uploads\/2019\/03\/IMG_6913.jpg 750w, https:\/\/roztocze24.info\/wp-content\/uploads\/2019\/03\/IMG_6913-300x200.jpg 300w\" sizes=\"auto, (max-width: 750px) 85vw, 750px\" \/><\/p>\n<p>Wkraczamy do r\u00f3wnie pi\u0119knego lasu. Niebawem skr\u0119t w lewo. Przekraczamy most na R\u00f3\u017ca\u0144cu. 350 m \u2013 opuszczamy wygodn\u0105 drog\u0119 le\u015bn\u0105 przedzieraj\u0105c si\u0119 wzd\u0142u\u017c nasypu (bezpo\u015brednio si\u0119 to nie uda, z uwagi na bagienko) w kierunku p\u0142n. Dalej nasyp staje si\u0119 wyra\u017any.<\/p>\n<p><img loading=\"lazy\" decoding=\"async\" class=\"aligncenter size-full wp-image-5171\" src=\"http:\/\/roztocze24.info\/wp-content\/uploads\/2019\/03\/IMG_6916.jpg\" alt=\"\" width=\"750\" height=\"500\" srcset=\"https:\/\/roztocze24.info\/wp-content\/uploads\/2019\/03\/IMG_6916.jpg 750w, https:\/\/roztocze24.info\/wp-content\/uploads\/2019\/03\/IMG_6916-300x200.jpg 300w\" sizes=\"auto, (max-width: 750px) 85vw, 750px\" \/><br \/>\n<img loading=\"lazy\" decoding=\"async\" class=\"aligncenter size-full wp-image-5172\" src=\"http:\/\/roztocze24.info\/wp-content\/uploads\/2019\/03\/IMG_6932.jpg\" alt=\"\" width=\"750\" height=\"500\" srcset=\"https:\/\/roztocze24.info\/wp-content\/uploads\/2019\/03\/IMG_6932.jpg 750w, https:\/\/roztocze24.info\/wp-content\/uploads\/2019\/03\/IMG_6932-300x200.jpg 300w\" sizes=\"auto, (max-width: 750px) 85vw, 750px\" \/><\/p>\n<p>1 km \u2013 osi\u0105gamy asfaltow\u0105 drog\u0119 Las\u00f3w Pa\u0144stwowych Ruda R\u00f3\u017caniecka \u2013 stawy Koman. Idziemy za ni\u0105 w dotychczasowym kierunku. Droga, a dawniej kolejka, przecina rozkopan\u0105 wydm\u0119.<\/p>\n<p><img loading=\"lazy\" decoding=\"async\" class=\"aligncenter size-full wp-image-5173\" src=\"http:\/\/roztocze24.info\/wp-content\/uploads\/2019\/03\/IMG_6937.jpg\" alt=\"\" width=\"750\" height=\"500\" srcset=\"https:\/\/roztocze24.info\/wp-content\/uploads\/2019\/03\/IMG_6937.jpg 750w, https:\/\/roztocze24.info\/wp-content\/uploads\/2019\/03\/IMG_6937-300x200.jpg 300w\" sizes=\"auto, (max-width: 750px) 85vw, 750px\" \/><\/p>\n<p>3 km \u2013 zaczynaj\u0105 si\u0119 rozleg\u0142e wyr\u0119by. Trzymaj\u0105c si\u0119 \u015bcie\u017cki na ich skraju musimy nieco oddali\u0107 si\u0119 od dawnego nasypu, tu z reszt\u0105 ca\u0142kowicie zatartego.<\/p>\n<p><img loading=\"lazy\" decoding=\"async\" class=\"aligncenter size-full wp-image-5174\" src=\"http:\/\/roztocze24.info\/wp-content\/uploads\/2019\/03\/IMG_6943.jpg\" alt=\"\" width=\"750\" height=\"500\" srcset=\"https:\/\/roztocze24.info\/wp-content\/uploads\/2019\/03\/IMG_6943.jpg 750w, https:\/\/roztocze24.info\/wp-content\/uploads\/2019\/03\/IMG_6943-300x200.jpg 300w\" sizes=\"auto, (max-width: 750px) 85vw, 750px\" \/><\/p>\n<p>Dodatkow\u0105 przeszkod\u0119 stanowi du\u017ca ogrodzona szk\u00f3\u0142ka le\u015bna. Obchodzimy j\u0105 z lewej strony trafiaj\u0105c ponownie na g\u0142\u00f3wniejsz\u0105 drog\u0119 le\u015bn\u0105. Prowadzi ona pomi\u0119dzy kolejnymi szk\u00f3\u0142kami le\u015bnymi. Nawet, gdyby ich nie by\u0142o i tak przej\u015bcie tras\u0105 kolejki nie by\u0142oby mo\u017cliwe, gdy\u017c dalej wyr\u00f3s\u0142 na niej wyj\u0105tkowo gesty m\u0142odnik sosnowy. Trafiamy na kolejna asfalt\u00f3wk\u0119 Las\u00f3w Pa\u0144stwowych. Udajemy si\u0119 w prawo i po 200 m osi\u0105gamy dawny nasyp. Skr\u0119camy w lewo, w las, za g\u0142\u00f3wn\u0105 drog\u0105 le\u015bn\u0105.<\/p>\n<p><img loading=\"lazy\" decoding=\"async\" class=\"aligncenter size-full wp-image-5175\" src=\"http:\/\/roztocze24.info\/wp-content\/uploads\/2019\/03\/IMG_6973.jpg\" alt=\"\" width=\"750\" height=\"500\" srcset=\"https:\/\/roztocze24.info\/wp-content\/uploads\/2019\/03\/IMG_6973.jpg 750w, https:\/\/roztocze24.info\/wp-content\/uploads\/2019\/03\/IMG_6973-300x200.jpg 300w\" sizes=\"auto, (max-width: 750px) 85vw, 750px\" \/><\/p>\n<p>4,5 km osi\u0105gamy skraj staw\u00f3w w Rudzie R\u00f3\u017canieckiej. Uwaga! Kolejka nie wprowadza\u0142a na grobl\u0119 wiod\u0105c dalej dotychczasow\u0105 drog\u0105 le\u015bn\u0105. Prze dnami pe\u0142en uroku odcinek wiod\u0105cy w\u015br\u00f3d kolejnych, zagubionych w puszczy staw\u00f3w. To tu dzia\u0142a gospodarstwo rybackie Zarz\u0105d D\u00f3br Smolin s.c.<\/p>\n<p><img loading=\"lazy\" decoding=\"async\" class=\"aligncenter size-full wp-image-5176\" src=\"http:\/\/roztocze24.info\/wp-content\/uploads\/2019\/03\/IMG_6977.jpg\" alt=\"\" width=\"750\" height=\"500\" srcset=\"https:\/\/roztocze24.info\/wp-content\/uploads\/2019\/03\/IMG_6977.jpg 750w, https:\/\/roztocze24.info\/wp-content\/uploads\/2019\/03\/IMG_6977-300x200.jpg 300w\" sizes=\"auto, (max-width: 750px) 85vw, 750px\" \/><\/p>\n<p>5,5 km \u2013 osi\u0105gamy zabudowania folwarku i wspomnian\u0105 szos\u0119 Susiec \u2013 Ruda R\u00f3\u017caniecka.<\/p>\n<p><em>Sierpie\u0144 2017<\/em><\/p>\n","protected":false},"excerpt":{"rendered":"<p>Kolejk\u0119 w\u0105skotorow\u0105 w maj\u0105tku Ruda R\u00f3\u017caniecka wybudowa\u0142 w\u0142a\u015bciciel baron Hugo Wattmann w latach 30. XX w. Jej przebieg mo\u017cna odnale\u017a\u0107 na mapach WIG z tego okresu. Co ciekawe, s\u0142u\u017cy\u0142a ona g\u0142\u00f3wnie do obs\u0142ugi hodowli karpi. Warto doda\u0107, \u017ce tradycje rybackie w tej okolicy si\u0119gaj\u0105 XVIII w. i odnosz\u0105 si\u0119 do pstr\u0105g\u00f3w i w\u0142a\u015bnie karpi. Hodowli &hellip; <a href=\"https:\/\/roztocze24.info\/?page_id=3005\" class=\"more-link\">Czytaj dalej<span class=\"screen-reader-text\"> \u201eDawna kolejka w\u0105skotorowa w Rudzie R\u00f3\u017canieckiej\u201d<\/span><\/a><\/p>\n","protected":false},"author":1,"featured_media":0,"parent":883,"menu_order":0,"comment_status":"closed","ping_status":"closed","template":"","meta":{"footnotes":""},"class_list":["post-3005","page","type-page","status-publish","hentry"],"_links":{"self":[{"href":"https:\/\/roztocze24.info\/index.php?rest_route=\/wp\/v2\/pages\/3005","targetHints":{"allow":["GET"]}}],"collection":[{"href":"https:\/\/roztocze24.info\/index.php?rest_route=\/wp\/v2\/pages"}],"about":[{"href":"https:\/\/roztocze24.info\/index.php?rest_route=\/wp\/v2\/types\/page"}],"author":[{"embeddable":true,"href":"https:\/\/roztocze24.info\/index.php?rest_route=\/wp\/v2\/users\/1"}],"replies":[{"embeddable":true,"href":"https:\/\/roztocze24.info\/index.php?rest_route=%2Fwp%2Fv2%2Fcomments&post=3005"}],"version-history":[{"count":1,"href":"https:\/\/roztocze24.info\/index.php?rest_route=\/wp\/v2\/pages\/3005\/revisions"}],"predecessor-version":[{"id":5177,"href":"https:\/\/roztocze24.info\/index.php?rest_route=\/wp\/v2\/pages\/3005\/revisions\/5177"}],"up":[{"embeddable":true,"href":"https:\/\/roztocze24.info\/index.php?rest_route=\/wp\/v2\/pages\/883"}],"wp:attachment":[{"href":"https:\/\/roztocze24.info\/index.php?rest_route=%2Fwp%2Fv2%2Fmedia&parent=3005"}],"curies":[{"name":"wp","href":"https:\/\/api.w.org\/{rel}","templated":true}]}}