{"id":3094,"date":"2017-12-02T21:34:31","date_gmt":"2017-12-02T20:34:31","guid":{"rendered":"http:\/\/roztocze24.info\/?page_id=3094"},"modified":"2019-03-30T14:53:57","modified_gmt":"2019-03-30T13:53:57","slug":"wschodni-szlak-rowerowy-green-velo-iii","status":"publish","type":"page","link":"https:\/\/roztocze24.info\/?page_id=3094","title":{"rendered":"Wschodni Szlak Rowerowy Green Velo III"},"content":{"rendered":"<p><strong>Trasa \u0142\u0105cznikowa Wschodniego Szlaku Rowerowego Green Velo: Jan\u00f3w Lubelski \u2013 Ciosmy\/Jarocin, 35\/22 km, znaki <em>czarne<\/em><\/strong><\/p>\n<p>Boczny szlak Green Velo Zwierzyniec \u2013 Sandomierz dodatkowo po\u0142\u0105czono na dwa sposoby z <strong>Janowem Lubelskim<\/strong>: w <strong>Jarocinie<\/strong> (kierunek Sandomierz) i <strong>Ciosmach<\/strong> (kierunek Zwierzyniec). W obu przypadkach wsp\u00f3lny jest odcinek Jan\u00f3w \u2013 zakr\u0119t przed wsi\u0105 Momoty G\u00f3rne.<\/p>\n<p><strong>Jan\u00f3w Lubelski \u2013 Szklarnia \u2013 Momoty Dolne \u2013 Momoty G\u00f3rne \u2013 Uj\u015bcie \u2013 Bukowa \u2013 Ciosmy (w\u0119ze\u0142 ze szlakiem Green Velo Zwierzyniec \u2013 Sandomierz), znaki czarne, 35 km<\/strong><br \/>\nPocz\u0105tek szlaku na parkingu przy parku rekreacji Zoom Natury w<strong> Janowie<\/strong> Lubelskim, nieopodal zalewu.<\/p>\n<p><img loading=\"lazy\" decoding=\"async\" class=\"aligncenter size-full wp-image-5891\" src=\"http:\/\/roztocze24.info\/wp-content\/uploads\/2019\/03\/IMG_6418.jpg\" alt=\"\" width=\"750\" height=\"500\" srcset=\"https:\/\/roztocze24.info\/wp-content\/uploads\/2019\/03\/IMG_6418.jpg 750w, https:\/\/roztocze24.info\/wp-content\/uploads\/2019\/03\/IMG_6418-300x200.jpg 300w\" sizes=\"auto, (max-width: 750px) 85vw, 750px\" \/><\/p>\n<p>Przebiega t\u0119dy tak\u017ce rowerowy szlak <em>niebieski<\/em> nale\u017c\u0105cy do sieci Le\u015bnego Skarbca Las\u00f3w Janowskich, kt\u00f3ry towarzyszy\u0142 nam b\u0119dzie a\u017c do Uj\u015bcia. Atrakcj\u0105 trasy s\u0105 d\u0142ugie odcinki le\u015bne prowadz\u0105ce najpierw szersz\u0105 szos\u0105 (Jan\u00f3w Lubelski \u2013 Momoty G\u00f3rne), a potem w\u0119\u017csz\u0105 drog\u0105 le\u015bn\u0105 (Uj\u015bcie \u2013 Ciosmy).<br \/>\nJedziemy 1 km do zakr\u0119tu szosy nieopodal partyzanckiego Kruczka, tam w lewo (wcze\u015bniej warto jednak zajrze\u0107 do wspomnianego Kruczka (w jedn\u0105 stron\u0119 to tylko 1 dodatkowy kilometr).<\/p>\n<p><strong>Kruczek<\/strong> \u2013 wed\u0142ug poda\u0144 to tu, przy \u017ar\u00f3dle, odpoczywa\u0142 \u015bw. Antoni w drodze z Le\u017cajska do Radecznicy (uroczysto\u015bci odpustowe odbywaj\u0105 si\u0119 tu 13 czerwca). Przekazy ustne wskazuj\u0105, i\u017c pierwszy krzy\u017c w tym miejscu mia\u0142 stan\u0105\u0107 ju\u017c w 1773 r. Natomiast obecna kapliczka pochodzi prawdopodobnie z 1919 r.<\/p>\n<p><img loading=\"lazy\" decoding=\"async\" class=\"aligncenter size-full wp-image-5892\" src=\"http:\/\/roztocze24.info\/wp-content\/uploads\/2019\/03\/IMG_6336.jpg\" alt=\"\" width=\"750\" height=\"500\" srcset=\"https:\/\/roztocze24.info\/wp-content\/uploads\/2019\/03\/IMG_6336.jpg 750w, https:\/\/roztocze24.info\/wp-content\/uploads\/2019\/03\/IMG_6336-300x200.jpg 300w\" sizes=\"auto, (max-width: 750px) 85vw, 750px\" \/><br \/>\nW okresie II wojny \u015bwiatowej partyzanci gromadzili si\u0119 w tym miejscu na modlitw\u0119 (nawet na rekolekcje). Miejsce to szczeg\u00f3lnie zwi\u0105zane jest z oddzia\u0142em NOW-AK por. Franciszka Przysi\u0119\u017cniaka \u201eOjca Jana\u201d. W\u015br\u00f3d najwi\u0119kszych jego sukces\u00f3w nale\u017cy wskaza\u0107 zwyci\u0119sk\u0105 bitw\u0119 z NKWD pod Kury\u0142\u00f3wk\u0105 nad Sanem rozegran\u0105 7 maja 1945 r. W jej wyniku poleg\u0142o 7 partyzant\u00f3w przy 57 zabitych ze strony wroga. Walka trwa\u0142a a\u017c 7 godzin i obejmowa\u0142a a\u017c 3 natarcia ze strony NKWD.<\/p>\n<p>Do drzew przybito tu stacje drogi krzy\u017cowej. Funkcj\u0119 oprawc\u00f3w Jezusa pe\u0142ni\u0105 na nich&#8230; milicjanci&#8230;<\/p>\n<p><img loading=\"lazy\" decoding=\"async\" class=\"aligncenter size-full wp-image-5893\" src=\"http:\/\/roztocze24.info\/wp-content\/uploads\/2019\/03\/IMG_6333.jpg\" alt=\"\" width=\"333\" height=\"500\" srcset=\"https:\/\/roztocze24.info\/wp-content\/uploads\/2019\/03\/IMG_6333.jpg 333w, https:\/\/roztocze24.info\/wp-content\/uploads\/2019\/03\/IMG_6333-200x300.jpg 200w\" sizes=\"auto, (max-width: 333px) 85vw, 333px\" \/><\/p>\n<p>3 km \u2013 skrzy\u017cowanie z szos\u0105 Jan\u00f3w Lubelski \u2013 Szklarnia. Skr\u0119camy w lewo. 8 km \u2013 jad\u0105c w\u015br\u00f3d pi\u0119knego lasu osi\u0105gamy osad\u0119 <strong>Szklarnia<\/strong>.<\/p>\n<p>Szklarnia \u2013 wie\u015b powsta\u0142a przy dawnym trakcie z Janowa Lubelskiego do Krzeszowa. Za\u0142o\u017cono j\u0105 w ko\u0144cu XVIII w. pod nazw\u0105 Nizio\u0142, wraz z utworzeniem huty szk\u0142a Ordynacji Zamojskiej. Produkowano tu m.in. butelki dla ordynackich browar\u00f3w, w tym tak\u017ce do zwierzynieckiego piwa. Wie\u015b spacyfikowana 16 VI i 9 VII 1944 r. Pomordowanych upami\u0119tnia pomnik w pobliskich Momotach Dolnych.<\/p>\n<p>Po lewej stronie szlaku ogrodzona ostoja konika polskiego, a tak\u017ce stuletni budynek Szko\u0142y Suki Bi\u0142gorajskiej (na zdj\u0119ciu poni\u017cej) z dawnymi instrumentami muzycznymi, niestety zwykle zamkni\u0119ty. Szko\u0142a ma swoj\u0105 stron\u0119 Internetow\u0105, mo\u017cna spr\u00f3bowa\u0107 um\u00f3wi\u0107 si\u0119 telefonicznie.<\/p>\n<p><img loading=\"lazy\" decoding=\"async\" class=\"aligncenter size-full wp-image-5895\" src=\"http:\/\/roztocze24.info\/wp-content\/uploads\/2019\/03\/IMG_8606.jpg\" alt=\"\" width=\"750\" height=\"500\" srcset=\"https:\/\/roztocze24.info\/wp-content\/uploads\/2019\/03\/IMG_8606.jpg 750w, https:\/\/roztocze24.info\/wp-content\/uploads\/2019\/03\/IMG_8606-300x200.jpg 300w\" sizes=\"auto, (max-width: 750px) 85vw, 750px\" \/><\/p>\n<p>Niebawem w lewo odbiega szosa prowadz\u0105ca na Porytowe Wzg\u00f3rze (miejsce wielkiej bitwy partyzanckiej z czerwca 1944 r.), my udajemy si\u0119 nadal prosto. Dalej przed nami Momoty Dolne.<\/p>\n<p>13 km \u2013 ostry zakr\u0119t w lewo (w prawo prowadzi kolejny szlak \u0142\u0105cznikowy Green Velo do Jarocina). Przed nami po lewej drewniany ko\u015bci\u00f3\u0142 w <strong>Momotach G\u00f3rnych<\/strong>, wzniesiony przed laty przez ksi\u0119dza Kazimierza Pi\u0144ciurka.<\/p>\n<p><img loading=\"lazy\" decoding=\"async\" class=\"aligncenter size-full wp-image-5894\" src=\"http:\/\/roztocze24.info\/wp-content\/uploads\/2019\/03\/IMG_6387.jpg\" alt=\"\" width=\"750\" height=\"500\" srcset=\"https:\/\/roztocze24.info\/wp-content\/uploads\/2019\/03\/IMG_6387.jpg 750w, https:\/\/roztocze24.info\/wp-content\/uploads\/2019\/03\/IMG_6387-300x200.jpg 300w\" sizes=\"auto, (max-width: 750px) 85vw, 750px\" \/><\/p>\n<p>Momoty G\u00f3rne \u2013 wie\u015b pocz\u0105tkowo zwana Gruje, powsta\u0142a prawdopodobnie z ko\u0144cem XVIII w., wtedy zanotowano istnienie tartaku &#8211; sto lat wcze\u015bniej by\u0142a tu maziarnia Ordynacji Zamojskiej. Wzd\u0142u\u017c brzegu pobliskiej rzeki Bukowa prowadzi\u0142a granica z Galicj\u0105, we wsi by\u0142 posterunek stra\u017cy granicznej.<\/p>\n<p>W Momotach G\u00f3rnych znajduje si\u0119 niezwyk\u0142y ko\u015bci\u00f3\u0142 pw. \u015bw. Wojciecha. Miejsce na jego budow\u0119 ustanowi\u0142 w 1938 r. hrabia Zamoyski. Pierwotnie stan\u0119\u0142a tylko drewniana kaplica. W 1972 r. ustanowiono w Momotach parafi\u0119. Proboszczem zosta\u0142 ks. Kazimierz Pi\u0144ciurek. On to w\u0142asnymi r\u0119koma, rozpocz\u0105\u0142 budow\u0119 nowej \u015bwi\u0105tyni. Najwa\u017cniejsze prace uko\u0144czono ju\u017c w 1975 r., ale od tej pory ca\u0142y czas co\u015b si\u0119 tu zmienia\u0142o. 21 III 1999 r. ks. Pi\u0144ciurek zmar\u0142, zosta\u0142 pochowany na cmentarzu parafialnym w Momotach G\u00f3rnych.<\/p>\n<p>Wspomnie\u0107 nale\u017cy tak\u017ce o s\u0105siaduj\u0105cym ze \u015bwi\u0105tyni\u0105 pomniku upami\u0119tniaj\u0105cym \u017co\u0142nierzy grupy pu\u0142kownika Tadeusza Zieleniewskiego, wzi\u0119tych do sowieckiej niewoli w okolicy Wsi Momoty i Bukowa 1 pa\u017adziernika 1939 r. By\u0142 to moment tragiczny, nieco wcze\u015bniej, 29 wrze\u015bnia, polscy \u017co\u0142nierze okr\u0105\u017cyli i zmusili do poddania si\u0119 niemiecki dywizjon przeciwpancerny w Dzwoli!<\/p>\n<p>Mijamy wie o osobliwych nazwach: <strong>Kiszki<\/strong> i <strong>Uj\u015bcie<\/strong>.<\/p>\n<p>21 km \u2013 uwaga! Opuszczamy g\u0142\u00f3wn\u0105 szos\u0119 wiod\u0105c\u0105 do wsi <strong>Szewce<\/strong>, skr\u0119caj\u0105c w boczn\u0105 szos\u0119 w prawo. Towarzyszy\u0107 nam b\u0119d\u0105 znaki <em>niebieskiego<\/em> szlaku rowerowego, ale nie b\u0119dzie to ju\u017c Le\u015bny Skarbiec, a trasa Szlaku dawnej kolejki w\u0105skotorowej do Bi\u0142goraja.<\/p>\n<p>24 km \u2013 skraj wsi <strong>Bukowa<\/strong>. W krzakach po obu stronach szosy torowisko dawnej kolejki, a sama wie\u015b stanowi o\u015brodek sztuki ludowej znany z produkcji drewnianych \u0142y\u017cek, wrzecion, woskowych \u015bwiec, \u0142ub i dranic \u2013 w\u0105skich desek wykorzystywanych przy budowaniu dach\u00f3w.<\/p>\n<p>W Bukowej ostry skr\u0119t w prawo. To wewn\u0119trzna szosa Las\u00f3w Pa\u0144stwowych dopuszczona nie nie tylko dla rower\u00f3w, ale i samochod\u00f3w (w godz. 7-17). Nale\u017cy zachowa\u0107 ostro\u017cno\u015b\u0107. 1 km dalej w lewo. Jedziemy w\u015br\u00f3d malowniczego lasu.<\/p>\n<p>31 km \u2013 na le\u015bnym skrzy\u017cowaniu opuszczamy szlak <em>niebieski<\/em>, skr\u0119caj\u0105c w prawo. Mijamy pe\u0142ne uroku miejsce z niewielkimi zalewami wodnymi po obu stronach drogi, przelotnie spotykaj\u0105c znaki <em>czerwonego<\/em> \u017burawinowego szlaku rowerowego.<\/p>\n<p>35 km \u2013 <strong>Ciosmy<\/strong>, po\u0142\u0105czenie ze szlakiem Green Velo Zwierzyniec \u2013 Sandomierz.<\/p>\n<p><strong>Jan\u00f3w Lubelski (parking przy parku Zoom Natury) \u2013 Szklarnia \u2013 Momoty Dolne \u2013 Momoty G\u00f3rne \u2013 Jarocin, 22 km, znaki <em>czarne<\/em><\/strong><\/p>\n<p>Korzystaj\u0105c z tego szlaku \u0142\u0105czymy ze sob\u0105 dwa zalewu. Na pocz\u0105tku trasy jest to zalew w Janowie Lubelskim, a na ko\u0144cu zalew w Jarocinie.<\/p>\n<p><img loading=\"lazy\" decoding=\"async\" class=\"aligncenter size-full wp-image-5909\" src=\"http:\/\/roztocze24.info\/wp-content\/uploads\/2019\/03\/WP_20141004_11_10_53_Pro.jpg\" alt=\"\" width=\"750\" height=\"500\" srcset=\"https:\/\/roztocze24.info\/wp-content\/uploads\/2019\/03\/WP_20141004_11_10_53_Pro.jpg 750w, https:\/\/roztocze24.info\/wp-content\/uploads\/2019\/03\/WP_20141004_11_10_53_Pro-300x200.jpg 300w\" sizes=\"auto, (max-width: 750px) 85vw, 750px\" \/><\/p>\n<p>Pierwsze 13 km pokonujemy w identyczny spos\u00f3b, jak w przypadku trasy Jan\u00f3w Lubelski \u2013 Ciosmy. Przy ostrym zakr\u0119cie w lewo na skraju wsi Momoty G\u00f3rne tamta trasa odbiega w lewo, a nasza prowadzi w prawo. Le\u015bn\u0105 przyjemn\u0105 drog\u0105 jedziemy w pobli\u017cu doliny rzeki Bukowa do prostopad\u0142ej szosy w pobli\u017cu przysi\u00f3\u0142k\u00f3w <strong>Nalepy<\/strong> i <strong>Mostki<\/strong>. Tam skr\u0119camy w lewo. Szosa prowadzi nas do skrzy\u017cowania w zach. cz\u0119\u015bci <strong>Jarocina<\/strong>, gdzie w\u0142\u0105czamy si\u0119 w tras\u0119 Green Velo Zwierzyniec \u2013 Sandomierz.<\/p>\n<p><em>Wakacje 2017, opublikowano w listopadzie 2017<\/em><\/p>\n","protected":false},"excerpt":{"rendered":"<p>Trasa \u0142\u0105cznikowa Wschodniego Szlaku Rowerowego Green Velo: Jan\u00f3w Lubelski \u2013 Ciosmy\/Jarocin, 35\/22 km, znaki czarne Boczny szlak Green Velo Zwierzyniec \u2013 Sandomierz dodatkowo po\u0142\u0105czono na dwa sposoby z Janowem Lubelskim: w Jarocinie (kierunek Sandomierz) i Ciosmach (kierunek Zwierzyniec). W obu przypadkach wsp\u00f3lny jest odcinek Jan\u00f3w \u2013 zakr\u0119t przed wsi\u0105 Momoty G\u00f3rne. Jan\u00f3w Lubelski \u2013 Szklarnia &hellip; <a href=\"https:\/\/roztocze24.info\/?page_id=3094\" class=\"more-link\">Czytaj dalej<span class=\"screen-reader-text\"> \u201eWschodni Szlak Rowerowy Green Velo III\u201d<\/span><\/a><\/p>\n","protected":false},"author":1,"featured_media":0,"parent":5846,"menu_order":0,"comment_status":"closed","ping_status":"closed","template":"","meta":{"footnotes":""},"class_list":["post-3094","page","type-page","status-publish","hentry"],"_links":{"self":[{"href":"https:\/\/roztocze24.info\/index.php?rest_route=\/wp\/v2\/pages\/3094","targetHints":{"allow":["GET"]}}],"collection":[{"href":"https:\/\/roztocze24.info\/index.php?rest_route=\/wp\/v2\/pages"}],"about":[{"href":"https:\/\/roztocze24.info\/index.php?rest_route=\/wp\/v2\/types\/page"}],"author":[{"embeddable":true,"href":"https:\/\/roztocze24.info\/index.php?rest_route=\/wp\/v2\/users\/1"}],"replies":[{"embeddable":true,"href":"https:\/\/roztocze24.info\/index.php?rest_route=%2Fwp%2Fv2%2Fcomments&post=3094"}],"version-history":[{"count":3,"href":"https:\/\/roztocze24.info\/index.php?rest_route=\/wp\/v2\/pages\/3094\/revisions"}],"predecessor-version":[{"id":6442,"href":"https:\/\/roztocze24.info\/index.php?rest_route=\/wp\/v2\/pages\/3094\/revisions\/6442"}],"up":[{"embeddable":true,"href":"https:\/\/roztocze24.info\/index.php?rest_route=\/wp\/v2\/pages\/5846"}],"wp:attachment":[{"href":"https:\/\/roztocze24.info\/index.php?rest_route=%2Fwp%2Fv2%2Fmedia&parent=3094"}],"curies":[{"name":"wp","href":"https:\/\/api.w.org\/{rel}","templated":true}]}}