{"id":3236,"date":"2018-01-22T22:41:27","date_gmt":"2018-01-22T21:41:27","guid":{"rendered":"http:\/\/roztocze24.info\/?page_id=3236"},"modified":"2019-04-06T12:19:01","modified_gmt":"2019-04-06T10:19:01","slug":"osobliwosci-roztocza-cz-5","status":"publish","type":"page","link":"https:\/\/roztocze24.info\/?page_id=3236","title":{"rendered":"Osobliwo\u015bci Roztocza cz. 3"},"content":{"rendered":"<p><strong>Kapliczna G\u00f3ra k. Starego G\u00f3recka<\/strong><\/p>\n<p>Zrekonstruowany bunkier Konrada Bartoszewskiego &#8222;Wira&#8221;, kt\u00f3ry funkcjonowa\u0142 w latach 1943-1944. Wi\u0119cej w dziale: Roztocza\u0144skie tematy, Szlakiem oboz\u00f3w partyzanckich w Puszczy Solskiej.<\/p>\n<p><img loading=\"lazy\" decoding=\"async\" class=\"aligncenter size-full wp-image-4584\" src=\"http:\/\/roztocze24.info\/wp-content\/uploads\/2019\/03\/P_IMG_6035.jpg\" alt=\"\" width=\"750\" height=\"500\" srcset=\"https:\/\/roztocze24.info\/wp-content\/uploads\/2019\/03\/P_IMG_6035.jpg 750w, https:\/\/roztocze24.info\/wp-content\/uploads\/2019\/03\/P_IMG_6035-300x200.jpg 300w\" sizes=\"auto, (max-width: 750px) 85vw, 750px\" \/><\/p>\n<p><strong>Szklarnia (Lasy Janowskie)<\/strong><\/p>\n<p>Suka bi\u0142gorajska &#8211; le<span id=\"fbPhotoSnowliftCaption\" class=\"fbPhotosPhotoCaption\" tabindex=\"0\" aria-live=\"polite\" data-ft=\"{&quot;tn&quot;:&quot;K&quot;}\"><span class=\"hasCaption\">gendarny instrument z Las\u00f3w Janowskich, odtworzony przez pana Zbigniewa Butryna. Zdj\u0119cie wykonane w Szkole Suki Bi\u0142gorajskiej w Szklarni k. Janowa Lubelskiego.<\/span><\/span><\/p>\n<p><img loading=\"lazy\" decoding=\"async\" class=\"aligncenter size-full wp-image-5895\" src=\"http:\/\/roztocze24.info\/wp-content\/uploads\/2019\/03\/IMG_8606.jpg\" alt=\"\" width=\"750\" height=\"500\" srcset=\"https:\/\/roztocze24.info\/wp-content\/uploads\/2019\/03\/IMG_8606.jpg 750w, https:\/\/roztocze24.info\/wp-content\/uploads\/2019\/03\/IMG_8606-300x200.jpg 300w\" sizes=\"auto, (max-width: 750px) 85vw, 750px\" \/><\/p>\n<p><strong>\u015aw. Pi\u0105tek z Zamo\u015bcia<\/strong><\/p>\n<div class=\"entry-content\">\n<p>Ciekawostka \u2013 i to podw\u00f3jna. Ulica \u015bw. Pi\u0105tka. Ciekawa jest po pierwsze dlatego, \u017ce nie ma takiego \u015bwi\u0119tego. Po drugie dlatego, \u017ce znajduje si\u0119 na niej intryguj\u0105ca kolumna o nazwie \u015awi\u0119ty Pi\u0105tek. Pochodzi ona z drugiej \u0107wierci XVII w. ma kszta\u0142t s\u0142upa, na kt\u00f3rym wspiera si\u0119 kapliczka ze scenami M\u0119ki Pa\u0144skiej, a tak\u017ce tajemniczymi maskami (kt\u00f3re swego czasu odkuto i wmurowano w holu zamojskiego ratusza, na kolumnie za\u015b umieszczono ich kopie). Kolumna stoi w miejscu, gdzie niegdy\u015b \u2013 w\u0142a\u015bnie w pi\u0105tki \u2013 wykonywano egzekucje na bandytach. Wed\u0142ug jednej z legend fundatorem mia\u0142 by\u0107 ormia\u0144ski kupiec, kt\u00f3ry w\u0142a\u015bnie tutaj w Wielki Pi\u0105tek (!) zosta\u0142 napadni\u0119ty, na szcz\u0119\u015bcie uda\u0142o mu si\u0119 uj\u015b\u0107 z \u017cyciem.<\/p>\n<p><img loading=\"lazy\" decoding=\"async\" class=\"aligncenter size-full wp-image-6316\" src=\"http:\/\/roztocze24.info\/wp-content\/uploads\/2018\/06\/sw-piatek.jpg\" alt=\"\" width=\"400\" height=\"600\" srcset=\"https:\/\/roztocze24.info\/wp-content\/uploads\/2018\/06\/sw-piatek.jpg 400w, https:\/\/roztocze24.info\/wp-content\/uploads\/2018\/06\/sw-piatek-200x300.jpg 200w\" sizes=\"auto, (max-width: 400px) 85vw, 400px\" \/><\/p>\n<\/div>\n<p><strong>Huszczka k. Zamo\u015bcia<\/strong><\/p>\n<p>Po wysiedleniu polskiej ludno\u015bci w 1941 r. Niemcy w ich miejsce sprowadzili osadnik\u00f3w niemieckich i volksdeutsch\u00f3w. Nie mieli oni \u0142atwo, n\u0119ka\u0142a ich bowiem polska partyzantka. Dla obrony wzniesiono ten bunkier.<\/p>\n<p><img loading=\"lazy\" decoding=\"async\" class=\"aligncenter size-full wp-image-4226\" src=\"http:\/\/roztocze24.info\/wp-content\/uploads\/2019\/03\/IMG_2115.jpg\" alt=\"\" width=\"750\" height=\"500\" srcset=\"https:\/\/roztocze24.info\/wp-content\/uploads\/2019\/03\/IMG_2115.jpg 750w, https:\/\/roztocze24.info\/wp-content\/uploads\/2019\/03\/IMG_2115-300x200.jpg 300w\" sizes=\"auto, (max-width: 750px) 85vw, 750px\" \/><\/p>\n<p><strong>Zamo\u015b\u0107<\/strong><\/p>\n<p>Kamienny kana\u0142 prowadz\u0105cy do kamiennej cysterny. To pozosta\u0142o\u015bci ciekawego (i unikalnego w skali Europy) systemu kanalizacyjnego z XVII w. <a href=\"https:\/\/roztocze24.info\/?page_id=2420\">Wi\u0119cej<\/a>.<\/p>\n<p><img loading=\"lazy\" decoding=\"async\" class=\"aligncenter size-full wp-image-5390\" src=\"http:\/\/roztocze24.info\/wp-content\/uploads\/2019\/03\/IMG_1431.jpg\" alt=\"\" width=\"750\" height=\"500\" srcset=\"https:\/\/roztocze24.info\/wp-content\/uploads\/2019\/03\/IMG_1431.jpg 750w, https:\/\/roztocze24.info\/wp-content\/uploads\/2019\/03\/IMG_1431-300x200.jpg 300w\" sizes=\"auto, (max-width: 750px) 85vw, 750px\" \/><\/p>\n<p><strong>Susiec, Paary (Roztocze \u015arodkowe)<\/strong><\/p>\n<p>Pozosta\u0142o\u015bci po dawnych ordynackich hutach szk\u0142a. <a href=\"https:\/\/roztocze24.info\/?page_id=2730\">Wi\u0119cej.<\/a><\/p>\n<p><img loading=\"lazy\" decoding=\"async\" class=\"aligncenter size-full wp-image-4673\" src=\"http:\/\/roztocze24.info\/wp-content\/uploads\/2019\/03\/IMG_4664.jpg\" alt=\"\" width=\"750\" height=\"500\" srcset=\"https:\/\/roztocze24.info\/wp-content\/uploads\/2019\/03\/IMG_4664.jpg 750w, https:\/\/roztocze24.info\/wp-content\/uploads\/2019\/03\/IMG_4664-300x200.jpg 300w\" sizes=\"auto, (max-width: 750px) 85vw, 750px\" \/><\/p>\n<p><strong>Przecinka k. Tomaszowa Lubelskiego<\/strong><\/p>\n<div class=\"entry-content\">\n<p>Studnia? Ten ciekawy obiekt zobaczy\u0107 mo\u017cna we wsi Przecinka (znajduje si\u0119 nieco na p\u0142n. od Tomaszowa Lubelskiego).<\/p>\n<p><img loading=\"lazy\" decoding=\"async\" class=\"aligncenter size-full wp-image-6344\" src=\"http:\/\/roztocze24.info\/wp-content\/uploads\/2018\/04\/WP_20180413_15_13_09_Pro.jpg\" alt=\"\" width=\"750\" height=\"500\" srcset=\"https:\/\/roztocze24.info\/wp-content\/uploads\/2018\/04\/WP_20180413_15_13_09_Pro.jpg 750w, https:\/\/roztocze24.info\/wp-content\/uploads\/2018\/04\/WP_20180413_15_13_09_Pro-300x200.jpg 300w\" sizes=\"auto, (max-width: 750px) 85vw, 750px\" \/><\/p>\n<\/div>\n<p><strong>Lubycza Kniazie (Roztocze Po\u0142udniowe)<\/strong><\/p>\n<p>Ruiny cerkwi wykorzystane w s\u0142ynnym filmie Paw\u0142a Pawlikowskiego <em>Zimna Wojna.<\/em><\/p>\n<p><img loading=\"lazy\" decoding=\"async\" class=\"aligncenter size-full wp-image-4374\" src=\"http:\/\/roztocze24.info\/wp-content\/uploads\/2019\/03\/lubyczka-kniazie-1.jpg\" alt=\"\" width=\"750\" height=\"500\" srcset=\"https:\/\/roztocze24.info\/wp-content\/uploads\/2019\/03\/lubyczka-kniazie-1.jpg 750w, https:\/\/roztocze24.info\/wp-content\/uploads\/2019\/03\/lubyczka-kniazie-1-300x200.jpg 300w\" sizes=\"auto, (max-width: 750px) 85vw, 750px\" \/><\/p>\n<p><img loading=\"lazy\" decoding=\"async\" class=\"aligncenter size-full wp-image-4373\" src=\"http:\/\/roztocze24.info\/wp-content\/uploads\/2019\/03\/lubycza-kniazie-2.jpg\" alt=\"\" width=\"750\" height=\"500\" srcset=\"https:\/\/roztocze24.info\/wp-content\/uploads\/2019\/03\/lubycza-kniazie-2.jpg 750w, https:\/\/roztocze24.info\/wp-content\/uploads\/2019\/03\/lubycza-kniazie-2-300x200.jpg 300w\" sizes=\"auto, (max-width: 750px) 85vw, 750px\" \/><\/p>\n<p><strong>Gorajskie Ska\u0142y (Roztocze Zachodnie)<\/strong><\/p>\n<p>Grupa odkrywek skalnych z niewielka jaskini\u0105 w okolicy Goraja. <a href=\"https:\/\/roztocze24.info\/?page_id=938\">Wi\u0119cej<\/a>.<\/p>\n<p><img loading=\"lazy\" decoding=\"async\" class=\"aligncenter size-full wp-image-4975\" src=\"http:\/\/roztocze24.info\/wp-content\/uploads\/2019\/03\/JASK3.jpg\" alt=\"\" width=\"750\" height=\"500\" srcset=\"https:\/\/roztocze24.info\/wp-content\/uploads\/2019\/03\/JASK3.jpg 750w, https:\/\/roztocze24.info\/wp-content\/uploads\/2019\/03\/JASK3-300x200.jpg 300w\" sizes=\"auto, (max-width: 750px) 85vw, 750px\" \/><\/p>\n<p><strong>Wojs\u0142awice<\/strong><\/p>\n<p>Pomnik Jakuba W\u0119drowycza &#8211; bimbrownika i egzorcysty amatora, bohatera ksi\u0105\u017cek Andrzeja Pilipiuka.<\/p>\n<p><img loading=\"lazy\" decoding=\"async\" class=\"aligncenter size-full wp-image-4710\" src=\"http:\/\/roztocze24.info\/wp-content\/uploads\/2019\/03\/IMG_9115.jpg\" alt=\"\" width=\"340\" height=\"500\" srcset=\"https:\/\/roztocze24.info\/wp-content\/uploads\/2019\/03\/IMG_9115.jpg 340w, https:\/\/roztocze24.info\/wp-content\/uploads\/2019\/03\/IMG_9115-204x300.jpg 204w\" sizes=\"auto, (max-width: 340px) 85vw, 340px\" \/><\/p>\n<p><strong>Tarnogr\u00f3d (P\u0142askowy\u017c Tarnogrodzki)<\/strong><\/p>\n<p>Unikat &#8211; muzeum no\u017cyczek, mie\u015bci si\u0119 w bibliotece.<\/p>\n<p><img loading=\"lazy\" decoding=\"async\" class=\"aligncenter size-full wp-image-6250\" src=\"http:\/\/roztocze24.info\/wp-content\/uploads\/2018\/07\/nozyczki.jpg\" alt=\"\" width=\"750\" height=\"500\" srcset=\"https:\/\/roztocze24.info\/wp-content\/uploads\/2018\/07\/nozyczki.jpg 750w, https:\/\/roztocze24.info\/wp-content\/uploads\/2018\/07\/nozyczki-300x200.jpg 300w\" sizes=\"auto, (max-width: 750px) 85vw, 750px\" \/><\/p>\n<p><strong>Szastarka (Roztocze Zachodnie)<\/strong><\/p>\n<p>Hollywood niejedno ma imi\u0119&#8230; Jakby co, to najbli\u017csze kino jest w pobliskim Kra\u015bniku.<\/p>\n<p><img loading=\"lazy\" decoding=\"async\" class=\"aligncenter size-full wp-image-4711\" src=\"http:\/\/roztocze24.info\/wp-content\/uploads\/2019\/03\/IMG_6558.jpg\" alt=\"\" width=\"750\" height=\"500\" srcset=\"https:\/\/roztocze24.info\/wp-content\/uploads\/2019\/03\/IMG_6558.jpg 750w, https:\/\/roztocze24.info\/wp-content\/uploads\/2019\/03\/IMG_6558-300x200.jpg 300w\" sizes=\"auto, (max-width: 750px) 85vw, 750px\" \/><\/p>\n<p><strong>Wojda (Roztocze \u015arodkowe)<\/strong><\/p>\n<p>Zamurowany stary d\u0105b. Niestety jesieni\u0105 2016 r. przewr\u00f3ci\u0142 si\u0119.<\/p>\n<p><img loading=\"lazy\" decoding=\"async\" class=\"aligncenter size-full wp-image-4713\" src=\"http:\/\/roztocze24.info\/wp-content\/uploads\/2019\/03\/IMG_2897.jpg\" alt=\"\" width=\"333\" height=\"500\" srcset=\"https:\/\/roztocze24.info\/wp-content\/uploads\/2019\/03\/IMG_2897.jpg 333w, https:\/\/roztocze24.info\/wp-content\/uploads\/2019\/03\/IMG_2897-200x300.jpg 200w\" sizes=\"auto, (max-width: 333px) 85vw, 333px\" \/><\/p>\n<p><strong>Ruda R\u00f3\u017caniecka (Roztocze Po\u0142udniowe)<\/strong><\/p>\n<p>Stara lokomobila z 1918 r., kt\u00f3ra s\u0142u\u017cy\u0142a niegdy\u015b w pobliskim tartaku.<\/p>\n<p><img loading=\"lazy\" decoding=\"async\" class=\"aligncenter size-full wp-image-4715\" src=\"http:\/\/roztocze24.info\/wp-content\/uploads\/2019\/03\/IMG_6911.jpg\" alt=\"\" width=\"732\" height=\"500\" srcset=\"https:\/\/roztocze24.info\/wp-content\/uploads\/2019\/03\/IMG_6911.jpg 732w, https:\/\/roztocze24.info\/wp-content\/uploads\/2019\/03\/IMG_6911-300x205.jpg 300w\" sizes=\"auto, (max-width: 732px) 85vw, 732px\" \/><\/p>\n<p><strong>Krasnystaw<\/strong><\/p>\n<p><em>Kl\u0119cz\u0105ce<\/em> drzewo na rynku, to klon jesionolistny licz\u0105cy sobie 65 lat.<\/p>\n<p><img loading=\"lazy\" decoding=\"async\" class=\"aligncenter size-full wp-image-5860\" src=\"http:\/\/roztocze24.info\/wp-content\/uploads\/2019\/03\/IMG_2102.jpg\" alt=\"\" width=\"750\" height=\"500\" srcset=\"https:\/\/roztocze24.info\/wp-content\/uploads\/2019\/03\/IMG_2102.jpg 750w, https:\/\/roztocze24.info\/wp-content\/uploads\/2019\/03\/IMG_2102-300x200.jpg 300w\" sizes=\"auto, (max-width: 750px) 85vw, 750px\" \/><\/p>\n<p><strong>Lubacz\u00f3w (P\u0142askowy\u017c Tarnogrodzki)<\/strong><\/p>\n<p>Statek kosmiczny USS Enterprise NCC 1701 ze Star Treka zacumowa\u0142 na szczycie starej kolejowej wie\u017cy ci\u015bnie\u0144 nieopodal stacji Lubacz\u00f3w. Kapitan James T. Kirk postanowi\u0142 osobi\u015bcie sprawdzi\u0107 pi\u0119kno Roztocza&#8230; i podobno pozosta\u0142 tu ju\u017c na sta\u0142e.<\/p>\n<p><img loading=\"lazy\" decoding=\"async\" class=\"aligncenter size-full wp-image-4714\" src=\"http:\/\/roztocze24.info\/wp-content\/uploads\/2019\/03\/Enterprise.jpg\" alt=\"\" width=\"900\" height=\"600\" srcset=\"https:\/\/roztocze24.info\/wp-content\/uploads\/2019\/03\/Enterprise.jpg 900w, https:\/\/roztocze24.info\/wp-content\/uploads\/2019\/03\/Enterprise-300x200.jpg 300w, https:\/\/roztocze24.info\/wp-content\/uploads\/2019\/03\/Enterprise-768x512.jpg 768w\" sizes=\"auto, (max-width: 709px) 85vw, (max-width: 909px) 67vw, (max-width: 1362px) 62vw, 840px\" \/><\/p>\n<p><strong>Brzeziny k. Tereszpola (Kotlina Sandomierska)<\/strong><\/p>\n<p>\u015awi\u0119ty Miko\u0142aj z <em>wilcz\u0105<\/em> brod\u0105. Wed\u0142ug legendy znakomitego zamojskiego przewodnika Edwarda S\u0142oniewskiego, zamieszczonej w ksi\u0105\u017cce <em>W krainie \u017curawiny i utopc\u00f3w<\/em>, w Brzezinach mia\u0142 mieszka\u0107 pewien gospodarz o imieniu Miko\u0142aj. Pewnego zimowego dnia uda\u0142 si\u0119 on na jarmark do J\u00f3zefowa. \u017bona prosi\u0142a, aby wr\u00f3ci\u0142 przed zmrokiem. M\u0105\u017c chcia\u0142 dotrzyma\u0107 s\u0142owa. Na jarmarku naby\u0142 srebrn\u0105 tabakierk\u0119 i ju\u017c szykowa\u0142 si\u0119 do powrotu, gdy napotka\u0142 dawnego s\u0105siada, kt\u00f3ry nam\u00f3wi\u0142 go na \u0142yk (niejeden, jak si\u0119 okaza\u0142o) gorza\u0142ki. Powr\u00f3t wypad\u0142 ju\u017c po nocy. Ju\u017c w pobli\u017cu Brzezin na Miko\u0142aja napad\u0142o Miko\u0142aja stado wyg\u0142odnia\u0142ych wilk\u00f3w. Z ch\u0142opa w\u0142a\u015bciwie nic nie zosta\u0142o, nie by\u0142o jak urz\u0105dzi\u0107 pogrzebu. Niespokojna dusza cz\u0119sto pojawia\u0142a si\u0119 w tym miejscu, a\u017c wnuk gospodarza ufundowa\u0142 t\u0119 w\u0142a\u015bnie figur\u0119 \u2013 \u015bw. Miko\u0142aja z nietypow\u0105 brod\u0105. Pono\u0107 jaki\u015b czas potem z\u0142apano ogromnego wilka, w kt\u00f3rego \u017co\u0142\u0105dku znaleziono\u2026 srebrn\u0105 tabakierk\u0119. A mo\u017ce to by\u0142a zwyk\u0142a figura, a kawa\u0142ek brody \u015bw. Miko\u0142aja po prostu z czasem odpad\u0142, przez co zarys twarzy uleg\u0142 zmianie? Ja tam wol\u0119 legend\u0119\u2026<\/p>\n<p><img loading=\"lazy\" decoding=\"async\" class=\"aligncenter size-full wp-image-4438\" src=\"http:\/\/roztocze24.info\/wp-content\/uploads\/2018\/10\/IMG_4934.jpg\" alt=\"\" width=\"750\" height=\"500\" srcset=\"https:\/\/roztocze24.info\/wp-content\/uploads\/2018\/10\/IMG_4934.jpg 750w, https:\/\/roztocze24.info\/wp-content\/uploads\/2018\/10\/IMG_4934-300x200.jpg 300w\" sizes=\"auto, (max-width: 750px) 85vw, 750px\" \/><\/p>\n<p><strong>Krynice (okolice Krasnegostawu)<\/strong><\/p>\n<p>Wie\u017ca Arianka &#8211; roztocza\u0144ska piramida.<\/p>\n<p><img loading=\"lazy\" decoding=\"async\" class=\"aligncenter size-full wp-image-4716\" src=\"http:\/\/roztocze24.info\/wp-content\/uploads\/2019\/03\/IMG_3636.jpg\" alt=\"\" width=\"333\" height=\"500\" srcset=\"https:\/\/roztocze24.info\/wp-content\/uploads\/2019\/03\/IMG_3636.jpg 333w, https:\/\/roztocze24.info\/wp-content\/uploads\/2019\/03\/IMG_3636-200x300.jpg 200w\" sizes=\"auto, (max-width: 333px) 85vw, 333px\" \/><\/p>\n<p><strong>Siedliska (Roztocze Po\u0142udniowe)<\/strong><\/p>\n<p>Kamienny tunel, kt\u00f3ry niegdy\u015b podobno mia\u0142 prowadzi\u0107 z Siedlisk a\u017c do Rawy Ruskiej.<\/p>\n<p><img loading=\"lazy\" decoding=\"async\" class=\"aligncenter size-full wp-image-4717\" src=\"http:\/\/roztocze24.info\/wp-content\/uploads\/2019\/03\/IMG_3871.jpg\" alt=\"\" width=\"750\" height=\"500\" srcset=\"https:\/\/roztocze24.info\/wp-content\/uploads\/2019\/03\/IMG_3871.jpg 750w, https:\/\/roztocze24.info\/wp-content\/uploads\/2019\/03\/IMG_3871-300x200.jpg 300w\" sizes=\"auto, (max-width: 750px) 85vw, 750px\" \/><\/p>\n<p><strong>Okolice Kra\u015bnika (Roztocze Zachodnie)<\/strong><\/p>\n<p>Pomoc drogowa dla prawdziwych twardzieli.<\/p>\n<p><img loading=\"lazy\" decoding=\"async\" class=\"aligncenter size-full wp-image-4718\" src=\"http:\/\/roztocze24.info\/wp-content\/uploads\/2019\/03\/pomoc-drogowa.jpg\" alt=\"\" width=\"751\" height=\"500\" srcset=\"https:\/\/roztocze24.info\/wp-content\/uploads\/2019\/03\/pomoc-drogowa.jpg 751w, https:\/\/roztocze24.info\/wp-content\/uploads\/2019\/03\/pomoc-drogowa-300x200.jpg 300w\" sizes=\"auto, (max-width: 751px) 85vw, 751px\" \/><\/p>\n","protected":false},"excerpt":{"rendered":"<p>Kapliczna G\u00f3ra k. Starego G\u00f3recka Zrekonstruowany bunkier Konrada Bartoszewskiego &#8222;Wira&#8221;, kt\u00f3ry funkcjonowa\u0142 w latach 1943-1944. Wi\u0119cej w dziale: Roztocza\u0144skie tematy, Szlakiem oboz\u00f3w partyzanckich w Puszczy Solskiej. Szklarnia (Lasy Janowskie) Suka bi\u0142gorajska &#8211; legendarny instrument z Las\u00f3w Janowskich, odtworzony przez pana Zbigniewa Butryna. Zdj\u0119cie wykonane w Szkole Suki Bi\u0142gorajskiej w Szklarni k. Janowa Lubelskiego. \u015aw. Pi\u0105tek &hellip; <a href=\"https:\/\/roztocze24.info\/?page_id=3236\" class=\"more-link\">Czytaj dalej<span class=\"screen-reader-text\"> \u201eOsobliwo\u015bci Roztocza cz. 3\u201d<\/span><\/a><\/p>\n","protected":false},"author":1,"featured_media":0,"parent":857,"menu_order":0,"comment_status":"closed","ping_status":"closed","template":"","meta":{"footnotes":""},"class_list":["post-3236","page","type-page","status-publish","hentry"],"_links":{"self":[{"href":"https:\/\/roztocze24.info\/index.php?rest_route=\/wp\/v2\/pages\/3236","targetHints":{"allow":["GET"]}}],"collection":[{"href":"https:\/\/roztocze24.info\/index.php?rest_route=\/wp\/v2\/pages"}],"about":[{"href":"https:\/\/roztocze24.info\/index.php?rest_route=\/wp\/v2\/types\/page"}],"author":[{"embeddable":true,"href":"https:\/\/roztocze24.info\/index.php?rest_route=\/wp\/v2\/users\/1"}],"replies":[{"embeddable":true,"href":"https:\/\/roztocze24.info\/index.php?rest_route=%2Fwp%2Fv2%2Fcomments&post=3236"}],"version-history":[{"count":8,"href":"https:\/\/roztocze24.info\/index.php?rest_route=\/wp\/v2\/pages\/3236\/revisions"}],"predecessor-version":[{"id":6955,"href":"https:\/\/roztocze24.info\/index.php?rest_route=\/wp\/v2\/pages\/3236\/revisions\/6955"}],"up":[{"embeddable":true,"href":"https:\/\/roztocze24.info\/index.php?rest_route=\/wp\/v2\/pages\/857"}],"wp:attachment":[{"href":"https:\/\/roztocze24.info\/index.php?rest_route=%2Fwp%2Fv2%2Fmedia&parent=3236"}],"curies":[{"name":"wp","href":"https:\/\/api.w.org\/{rel}","templated":true}]}}