{"id":3331,"date":"2018-04-14T19:09:54","date_gmt":"2018-04-14T18:09:54","guid":{"rendered":"http:\/\/roztocze24.info\/?page_id=3331"},"modified":"2019-03-30T15:21:29","modified_gmt":"2019-03-30T14:21:29","slug":"kolejka-waskotorowa-z-1928-r-w-suscu","status":"publish","type":"page","link":"https:\/\/roztocze24.info\/?page_id=3331","title":{"rendered":"Kolejka w\u0105skotorowa z 1928 r. w Su\u015bcu"},"content":{"rendered":"<p>Kolejki w\u0105skotorowej z 1928 r. nie zaznaczono na \u017cadnej mapie, ale nadal wspominaj\u0105 j\u0105 mieszka\u0144cy.<\/p>\n<p>Prze\u0142om w poszukiwaniach nast\u0105pi\u0142 w kwietniu 2018 r., gdy t\u0119 kolejow\u0105 tras\u0119 odtworzy\u0142 <strong>Wiktor Jarosz<\/strong> z Su\u015bca. No i w\u0142a\u015bnie z Wiktorem pokonali\u015bmy j\u0105 ponownie, jeszcze przed ko\u0144cem kwietnia.<\/p>\n<p>Od stacji PKP trasa kolejki najprawdopodobniej wiod\u0142a tak samo, jak p\u00f3\u017aniejszej w\u0105skotor\u00f3wki, generalnie wzd\u0142u\u017c g\u0142\u00f3wnej drogi. W miejscu, gdzie od ul. Tomaszowskiej odbiega ul. Piaskowa skr\u0119ca\u0142a na po\u0142udnie, w las (0 km). Nasyp tu nie zachowa\u0142 si\u0119. Docieramy do prostopad\u0142ego duktu le\u015bnego, tu w prawo. Nasyp prawdopodobnie wi\u00f3d\u0142 po po\u0142udniowej stronie drogi. Po 180 m zmiana kierunku, na wsch., z dyskretnym dodatkiem p\u0142d.<\/p>\n<p><img loading=\"lazy\" decoding=\"async\" class=\"aligncenter size-full wp-image-5113\" src=\"http:\/\/roztocze24.info\/wp-content\/uploads\/2019\/03\/IMG_7352.jpg\" alt=\"\" width=\"750\" height=\"500\" srcset=\"https:\/\/roztocze24.info\/wp-content\/uploads\/2019\/03\/IMG_7352.jpg 750w, https:\/\/roztocze24.info\/wp-content\/uploads\/2019\/03\/IMG_7352-300x200.jpg 300w\" sizes=\"auto, (max-width: 750px) 85vw, 750px\" \/><\/p>\n<p>Przed nami p\u0142ot, kt\u00f3ry trzeba b\u0119dzie obej\u015b\u0107 z lewej strony. Przecinamy szersz\u0105 drog\u0119 nieopodal szko\u0142y. Mijamy od p\u0142d. cmentarz zbli\u017caj\u0105c si\u0119 do najciekawszego fragmentu dawnego \u017celaznego szlaku.<\/p>\n<p><img loading=\"lazy\" decoding=\"async\" class=\"aligncenter size-full wp-image-5114\" src=\"http:\/\/roztocze24.info\/wp-content\/uploads\/2019\/03\/IMG_7330.jpg\" alt=\"\" width=\"750\" height=\"500\" srcset=\"https:\/\/roztocze24.info\/wp-content\/uploads\/2019\/03\/IMG_7330.jpg 750w, https:\/\/roztocze24.info\/wp-content\/uploads\/2019\/03\/IMG_7330-300x200.jpg 300w\" sizes=\"auto, (max-width: 750px) 85vw, 750px\" \/><\/p>\n<p>Przed nami dwie przeprawy. Najpierw skromniejsza, nad niewielkim ciekiem wodnym. Potem ta najwa\u017cniejsza \u2013 nad wodami potoku Krynica. W tym drugim przypadku nasyp b\u0119dzie najwy\u017cszy na ca\u0142ej trasie i najbardziej efektowny. Sam most (drewniany) nie zachowa\u0142 si\u0119.<\/p>\n<p><img loading=\"lazy\" decoding=\"async\" class=\"aligncenter size-full wp-image-5115\" src=\"http:\/\/roztocze24.info\/wp-content\/uploads\/2019\/03\/IMG_7327.jpg\" alt=\"\" width=\"750\" height=\"500\" srcset=\"https:\/\/roztocze24.info\/wp-content\/uploads\/2019\/03\/IMG_7327.jpg 750w, https:\/\/roztocze24.info\/wp-content\/uploads\/2019\/03\/IMG_7327-300x200.jpg 300w\" sizes=\"auto, (max-width: 750px) 85vw, 750px\" \/><\/p>\n<p><img loading=\"lazy\" decoding=\"async\" class=\"aligncenter size-full wp-image-4400\" src=\"http:\/\/roztocze24.info\/wp-content\/uploads\/2018\/11\/IMG_7325.jpg\" alt=\"\" width=\"750\" height=\"500\" srcset=\"https:\/\/roztocze24.info\/wp-content\/uploads\/2018\/11\/IMG_7325.jpg 750w, https:\/\/roztocze24.info\/wp-content\/uploads\/2018\/11\/IMG_7325-300x200.jpg 300w\" sizes=\"auto, (max-width: 750px) 85vw, 750px\" \/><br \/>\nTrasa kolejki wykr\u0119ca nast\u0119pnie na p\u0142d.-zach., aby po niespe\u0142na 350 m, w pobli\u017cu skrzy\u017cowania dr\u00f3g le\u015bnych, odbi\u0107 na p\u0142n.-zach. Przed nami przekopana wydma. Na marginesie, trasa tej kolejki cz\u0119\u015bciej ni\u017c po nasypie wiod\u0142a w\u0142a\u015bnie w zag\u0142\u0119bieniach. Wybrano takie rozwi\u0105zanie zapewne dlatego, aby konikom by\u0142o \u0142atwiej. No w\u0142a\u015bnie, nie by\u0142o tu lokomotyw. Malutkie wagoniki ci\u0105ga\u0142y konie. W kierunku z puszczy jecha\u0142y one puste, powraca\u0142y za\u0142adowane drewnem. Przygotowuj\u0105c szlak starano si\u0119, aby trasa ca\u0142y czas prowadzi\u0142a w d\u00f3\u0142. No i faktycznie to si\u0119 uda\u0142o, od drogi le\u015bnej na Borowe M\u0142yny do ul. Piaskowej w Su\u015bcu, spadek wynosi 14 metr\u00f3w.<\/p>\n<p><img loading=\"lazy\" decoding=\"async\" class=\"aligncenter size-full wp-image-5111\" src=\"http:\/\/roztocze24.info\/wp-content\/uploads\/2019\/03\/IMG_4233.jpg\" alt=\"\" width=\"750\" height=\"500\" srcset=\"https:\/\/roztocze24.info\/wp-content\/uploads\/2019\/03\/IMG_4233.jpg 750w, https:\/\/roztocze24.info\/wp-content\/uploads\/2019\/03\/IMG_4233-300x200.jpg 300w\" sizes=\"auto, (max-width: 750px) 85vw, 750px\" \/><\/p>\n<p>Od przekopanego nasypu kierujemy si\u0119 generalnie na wsch. do drogi le\u015bnej Borowe M\u0142yny \u2013 Susiec gdzie trasa kolejki z 1928 r. w\u0142\u0105cza\u0142a si\u0119 ponownie w szlak p\u00f3\u017aniejszej w\u0105skotor\u00f3wki (2 km).<\/p>\n<p><a href=\"https:\/\/roztocze24.info\/?page_id=3614\">Fizyczne pozosta\u0142o\u015bci kolejki<\/a><br \/>\n<a href=\"https:\/\/roztocze24.info\/?page_id=3331\">Kolejka z 1928 r.<\/a><br \/>\n<a href=\"https:\/\/roztocze24.info\/?page_id=3609\">Kolejka w latach 50. XX w.<\/a><br \/>\n<a href=\"https:\/\/roztocze24.info\/?page_id=3628\">Bocznice niezaznaczane na mapach<\/a><\/p>\n<p><a href=\"https:\/\/roztocze24.info\/?page_id=2581\">Dawna le\u015bna kolejka w\u0105skotorowa w Su\u015bcu<\/a><\/p>\n<p><em>14 kwietnia 2018<\/em><\/p>\n","protected":false},"excerpt":{"rendered":"<p>Kolejki w\u0105skotorowej z 1928 r. nie zaznaczono na \u017cadnej mapie, ale nadal wspominaj\u0105 j\u0105 mieszka\u0144cy. Prze\u0142om w poszukiwaniach nast\u0105pi\u0142 w kwietniu 2018 r., gdy t\u0119 kolejow\u0105 tras\u0119 odtworzy\u0142 Wiktor Jarosz z Su\u015bca. No i w\u0142a\u015bnie z Wiktorem pokonali\u015bmy j\u0105 ponownie, jeszcze przed ko\u0144cem kwietnia. Od stacji PKP trasa kolejki najprawdopodobniej wiod\u0142a tak samo, jak p\u00f3\u017aniejszej &hellip; <a href=\"https:\/\/roztocze24.info\/?page_id=3331\" class=\"more-link\">Czytaj dalej<span class=\"screen-reader-text\"> \u201eKolejka w\u0105skotorowa z 1928 r. w Su\u015bcu\u201d<\/span><\/a><\/p>\n","protected":false},"author":1,"featured_media":0,"parent":808,"menu_order":0,"comment_status":"closed","ping_status":"closed","template":"","meta":{"footnotes":""},"class_list":["post-3331","page","type-page","status-publish","hentry"],"_links":{"self":[{"href":"https:\/\/roztocze24.info\/index.php?rest_route=\/wp\/v2\/pages\/3331","targetHints":{"allow":["GET"]}}],"collection":[{"href":"https:\/\/roztocze24.info\/index.php?rest_route=\/wp\/v2\/pages"}],"about":[{"href":"https:\/\/roztocze24.info\/index.php?rest_route=\/wp\/v2\/types\/page"}],"author":[{"embeddable":true,"href":"https:\/\/roztocze24.info\/index.php?rest_route=\/wp\/v2\/users\/1"}],"replies":[{"embeddable":true,"href":"https:\/\/roztocze24.info\/index.php?rest_route=%2Fwp%2Fv2%2Fcomments&post=3331"}],"version-history":[{"count":4,"href":"https:\/\/roztocze24.info\/index.php?rest_route=\/wp\/v2\/pages\/3331\/revisions"}],"predecessor-version":[{"id":6471,"href":"https:\/\/roztocze24.info\/index.php?rest_route=\/wp\/v2\/pages\/3331\/revisions\/6471"}],"up":[{"embeddable":true,"href":"https:\/\/roztocze24.info\/index.php?rest_route=\/wp\/v2\/pages\/808"}],"wp:attachment":[{"href":"https:\/\/roztocze24.info\/index.php?rest_route=%2Fwp%2Fv2%2Fmedia&parent=3331"}],"curies":[{"name":"wp","href":"https:\/\/api.w.org\/{rel}","templated":true}]}}