{"id":3345,"date":"2018-04-14T19:30:13","date_gmt":"2018-04-14T18:30:13","guid":{"rendered":"http:\/\/roztocze24.info\/?page_id=3345"},"modified":"2023-03-20T21:58:56","modified_gmt":"2023-03-20T20:58:56","slug":"roztocze-i-okolice","status":"publish","type":"page","link":"https:\/\/roztocze24.info\/?page_id=3345","title":{"rendered":"Roztocze i okolice"},"content":{"rendered":"<p><strong>Lubelska droga \u015bw. Jakuba<\/strong><\/p>\n<p><a href=\"https:\/\/roztocze24.info\/?page_id=875\">Lubelska droga \u015bw. Jakuba (nr 16): Lublin \u2013 Sandomierz, cz. I, 2014<\/a><\/p>\n<p><a href=\"https:\/\/roztocze24.info\/?page_id=876\">Lubelska droga \u015bw. Jakuba (nr 16): Lublin \u2013 Sandomierz, cz. II, 2015<\/a><\/p>\n<p><a href=\"https:\/\/roztocze24.info\/?page_id=877\">Lubelska droga \u015bw. Jakuba (nr 16): Lublin \u2013 Sandomierz, cz. III, 2015<\/a><\/p>\n<p><strong>Inne<\/strong><\/p>\n<p><a href=\"https:\/\/roztocze24.info\/?page_id=8449\" target=\"_blank\" rel=\"noopener\">Spotkanie z w\u0105wozami: \u015bcie\u017cka Werechanie w Paw\u0142\u00f3wce, III 2023<\/a><\/p>\n<p><a href=\"https:\/\/roztocze24.info\/?page_id=2546\">Jakub W\u0119drowycz i Wojs\u0142awice, 2015, 2017<\/a><\/p>\n<p><a href=\"http:\/\/roztocze24.info\/tematy\/kultura\/pomnik\/\">\u0141<\/a><a href=\"https:\/\/roztocze24.info\/?page_id=841\">opiennik: pomnik w po\u0142owie drogi Lublin &#8211; Zamo\u015b\u0107, 2010<\/a><\/p>\n<p><a href=\"https:\/\/roztocze24.info\/?page_id=879\">Le\u015bny rezerwat Marynopole ko\u0142o Go\u015bcieradowa, 2006<\/a><\/p>\n<p><a href=\"https:\/\/roztocze24.info\/?page_id=878\">Wodospady na Lubacz\u00f3wce w Manasterzu, 2005<\/a><\/p>\n<p><a href=\"https:\/\/roztocze24.info\/?page_id=880\">Szlaki rowerowe w rejonie zalewu Nielisz, 2005<\/a><\/p>\n<p><a href=\"https:\/\/roztocze24.info\/?page_id=882\">Dawny szlak \u017c\u00f3\u0142ty Horyniec &#8211; Jaros\u0142aw: rekonstrukcja<\/a><\/p>\n<p>\u00a0<\/p>\n\n\n<p><\/p>\n","protected":false},"excerpt":{"rendered":"<p>Lubelska droga \u015bw. Jakuba Lubelska droga \u015bw. Jakuba (nr 16): Lublin \u2013 Sandomierz, cz. I, 2014 Lubelska droga \u015bw. Jakuba (nr 16): Lublin \u2013 Sandomierz, cz. II, 2015 Lubelska droga \u015bw. Jakuba (nr 16): Lublin \u2013 Sandomierz, cz. III, 2015 Inne Spotkanie z w\u0105wozami: \u015bcie\u017cka Werechanie w Paw\u0142\u00f3wce, III 2023 Jakub W\u0119drowycz i Wojs\u0142awice, 2015, &hellip; <a href=\"https:\/\/roztocze24.info\/?page_id=3345\" class=\"more-link\">Czytaj dalej<span class=\"screen-reader-text\"> \u201eRoztocze i okolice\u201d<\/span><\/a><\/p>\n","protected":false},"author":1,"featured_media":0,"parent":874,"menu_order":0,"comment_status":"closed","ping_status":"closed","template":"","meta":{"footnotes":""},"class_list":["post-3345","page","type-page","status-publish","hentry"],"_links":{"self":[{"href":"https:\/\/roztocze24.info\/index.php?rest_route=\/wp\/v2\/pages\/3345","targetHints":{"allow":["GET"]}}],"collection":[{"href":"https:\/\/roztocze24.info\/index.php?rest_route=\/wp\/v2\/pages"}],"about":[{"href":"https:\/\/roztocze24.info\/index.php?rest_route=\/wp\/v2\/types\/page"}],"author":[{"embeddable":true,"href":"https:\/\/roztocze24.info\/index.php?rest_route=\/wp\/v2\/users\/1"}],"replies":[{"embeddable":true,"href":"https:\/\/roztocze24.info\/index.php?rest_route=%2Fwp%2Fv2%2Fcomments&post=3345"}],"version-history":[{"count":22,"href":"https:\/\/roztocze24.info\/index.php?rest_route=\/wp\/v2\/pages\/3345\/revisions"}],"predecessor-version":[{"id":8465,"href":"https:\/\/roztocze24.info\/index.php?rest_route=\/wp\/v2\/pages\/3345\/revisions\/8465"}],"up":[{"embeddable":true,"href":"https:\/\/roztocze24.info\/index.php?rest_route=\/wp\/v2\/pages\/874"}],"wp:attachment":[{"href":"https:\/\/roztocze24.info\/index.php?rest_route=%2Fwp%2Fv2%2Fmedia&parent=3345"}],"curies":[{"name":"wp","href":"https:\/\/api.w.org\/{rel}","templated":true}]}}