{"id":3349,"date":"2018-04-14T19:34:47","date_gmt":"2018-04-14T18:34:47","guid":{"rendered":"http:\/\/roztocze24.info\/?page_id=3349"},"modified":"2026-04-23T20:20:43","modified_gmt":"2026-04-23T18:20:43","slug":"roztocze-zachodnie","status":"publish","type":"page","link":"https:\/\/roztocze24.info\/?page_id=3349","title":{"rendered":"Roztocze Zachodnie"},"content":{"rendered":"<p><a href=\"https:\/\/roztocze24.info\/?page_id=9522\" target=\"_blank\" rel=\"noopener\">Partyzancka kapliczka na Brodzkiej G\u00f3rze k. Szczebrzeszyna, 2026<\/a><\/p>\n<p><a href=\"https:\/\/roztocze24.info\/?page_id=8947\" target=\"_blank\" rel=\"noopener\">Szczebrzeszyn &#8211; zamkowa wie\u017ca widokowa, 2023<\/a><\/p>\n<p><a href=\"http:\/\/roztocze24.info\/?page_id=7621\">Las Cetnar i Piekie\u0142ko, 2019<\/a><\/p>\n<p><a href=\"https:\/\/roztocze24.info\/?page_id=3769\">Sp\u0142yw Wieprzem: Zwierzyniec &#8211; Szczebrzeszyn, 2018<\/a><\/p>\n<p><a href=\"https:\/\/roztocze24.info\/?page_id=3545\">W\u0105wozy lessowe w okolicy Szczebrzeszyna, 2018<\/a><\/p>\n<p><a href=\"https:\/\/roztocze24.info\/?page_id=3044\">Skansen Zaburze na Roztoczu Zachodnim, 2017<\/a><\/p>\n<p><a href=\"https:\/\/roztocze24.info\/?page_id=905\">Kanion w okolicy wsi Szozdy, 2016<\/a><\/p>\n<p><a href=\"https:\/\/roztocze24.info\/?page_id=2479\">Pomnik na dnie w\u0105wozu w Szper\u00f3wce, 2014<\/a> \u200e<\/p>\n<p><a href=\"https:\/\/roztocze24.info\/?page_id=936\">Operacja Zaklik\u00f3w, 2013<\/a><\/p>\n<p><a href=\"https:\/\/roztocze24.info\/?page_id=939\">Szlak rowerowy Jastrz\u0119bia Zdebrz na Roztoczu Zachodnim, 2008<\/a><\/p>\n<p><a href=\"https:\/\/roztocze24.info\/?page_id=938\">Gorajskie ska\u0142y i jaskinie, 2006<\/a><\/p>\n<p><a href=\"https:\/\/roztocze24.info\/?page_id=942\">Szlak rowerowy Pogranicze region\u00f3w na wzg\u00f3rze Polak k. Panas\u00f3wki, 2006<\/a><\/p>\n<p><a href=\"http:\/\/roztocze24.info\/?page_id=941\">Las Cetnar i jaskinia na wzg\u00f3rzu Czubatka ko\u0142o Kaw\u0119czynka, 2004<\/a><\/p>\n","protected":false},"excerpt":{"rendered":"<p>Partyzancka kapliczka na Brodzkiej G\u00f3rze k. Szczebrzeszyna, 2026 Szczebrzeszyn &#8211; zamkowa wie\u017ca widokowa, 2023 Las Cetnar i Piekie\u0142ko, 2019 Sp\u0142yw Wieprzem: Zwierzyniec &#8211; Szczebrzeszyn, 2018 W\u0105wozy lessowe w okolicy Szczebrzeszyna, 2018 Skansen Zaburze na Roztoczu Zachodnim, 2017 Kanion w okolicy wsi Szozdy, 2016 Pomnik na dnie w\u0105wozu w Szper\u00f3wce, 2014 \u200e Operacja Zaklik\u00f3w, 2013 Szlak &hellip; <a href=\"https:\/\/roztocze24.info\/?page_id=3349\" class=\"more-link\">Czytaj dalej<span class=\"screen-reader-text\"> \u201eRoztocze Zachodnie\u201d<\/span><\/a><\/p>\n","protected":false},"author":1,"featured_media":0,"parent":934,"menu_order":0,"comment_status":"closed","ping_status":"closed","template":"","meta":{"footnotes":""},"class_list":["post-3349","page","type-page","status-publish","hentry"],"_links":{"self":[{"href":"https:\/\/roztocze24.info\/index.php?rest_route=\/wp\/v2\/pages\/3349","targetHints":{"allow":["GET"]}}],"collection":[{"href":"https:\/\/roztocze24.info\/index.php?rest_route=\/wp\/v2\/pages"}],"about":[{"href":"https:\/\/roztocze24.info\/index.php?rest_route=\/wp\/v2\/types\/page"}],"author":[{"embeddable":true,"href":"https:\/\/roztocze24.info\/index.php?rest_route=\/wp\/v2\/users\/1"}],"replies":[{"embeddable":true,"href":"https:\/\/roztocze24.info\/index.php?rest_route=%2Fwp%2Fv2%2Fcomments&post=3349"}],"version-history":[{"count":23,"href":"https:\/\/roztocze24.info\/index.php?rest_route=\/wp\/v2\/pages\/3349\/revisions"}],"predecessor-version":[{"id":9528,"href":"https:\/\/roztocze24.info\/index.php?rest_route=\/wp\/v2\/pages\/3349\/revisions\/9528"}],"up":[{"embeddable":true,"href":"https:\/\/roztocze24.info\/index.php?rest_route=\/wp\/v2\/pages\/934"}],"wp:attachment":[{"href":"https:\/\/roztocze24.info\/index.php?rest_route=%2Fwp%2Fv2%2Fmedia&parent=3349"}],"curies":[{"name":"wp","href":"https:\/\/api.w.org\/{rel}","templated":true}]}}