{"id":3352,"date":"2018-04-14T19:36:49","date_gmt":"2018-04-14T18:36:49","guid":{"rendered":"http:\/\/roztocze24.info\/?page_id=3352"},"modified":"2024-05-10T08:32:52","modified_gmt":"2024-05-10T06:32:52","slug":"roztocze-srodkowe-i-puszcza-solska","status":"publish","type":"page","link":"https:\/\/roztocze24.info\/?page_id=3352","title":{"rendered":"Roztocze \u015arodkowe i Puszcza Solska"},"content":{"rendered":"<p><a href=\"https:\/\/roztocze24.info\/?page_id=8812\" target=\"_blank\" rel=\"noopener\">\u015acie\u017cka z obrazami Aleksandry Wachniewskiej \u2013 malarki i popularyzatorki Roztocza, 2024<\/a><\/p>\n<p><a href=\"https:\/\/roztocze24.info\/?page_id=8563\">Rezerwat Czartowe Pole na nowo, maj 2023<\/a><\/p>\n<p><a href=\"https:\/\/roztocze24.info\/?page_id=8081\">Singletrack J\u00f3zef\u00f3w, jesie\u0144 2021<\/a><\/p>\n<p><a href=\"https:\/\/roztocze24.info\/?page_id=4117\">Zima w Puszczy Solskiej: Kobylanka, 2019<\/a><\/p>\n<p><a href=\"https:\/\/roztocze24.info\/?page_id=4005\">Tropem zdj\u0119cia sprzed 100 lat: drewniany kolejowy most w Su\u015bcu, 2018<\/a><\/p>\n<p><a href=\"https:\/\/roztocze24.info\/?page_id=2581\">Dawna le\u015bna kolejka w\u0105skotorowa w Su\u015bcu, 2017-2018<\/a><\/p>\n<p><a href=\"https:\/\/roztocze24.info\/?page_id=2730\">Dawne ordynackie huty szk\u0142a: Susiec, Paary, 2018<\/a><\/p>\n<p><a href=\"https:\/\/roztocze24.info\/?page_id=3584\">W rocznic\u0119 partyzanckiej bitwy pod Osuchami, 2018<\/a><\/p>\n<p><a href=\"https:\/\/roztocze24.info\/?page_id=3483\">Szumy i rezerwat Nad Tanwi\u0105 wczesn\u0105 wiosn\u0105, 2018<\/a><\/p>\n<p><a href=\"https:\/\/roztocze24.info\/?page_id=3439\">Wodospady w rezerwacie Czartowe Pole wczesn\u0105 wiosn\u0105, 2018<\/a><\/p>\n<p><a href=\"https:\/\/roztocze24.info\/?page_id=3205\">Wojda zim\u0105 &#8211; w 75. rocznic\u0119 partyzanckiej bitwy, 2017<\/a><\/p>\n<p><a href=\"https:\/\/roztocze24.info\/?page_id=2923\">Szlakiem oboz\u00f3w partyzanckich w Puszczy Solskiej, 2017<\/a><\/p>\n<p><a href=\"https:\/\/roztocze24.info\/?page_id=2734\">Kajakiem po Wieprzu: odcinek Obrocz &#8211; zalew Rudka, 2017<\/a><\/p>\n<p><a href=\"https:\/\/roztocze24.info\/?page_id=2687\">Rezerwat Szum k. G\u00f3recka, 2017<\/a><\/p>\n<p><a href=\"https:\/\/roztocze24.info\/?page_id=2420\">Podziemny Zamo\u015b\u0107, 2017<\/a><\/p>\n<p><a href=\"https:\/\/roztocze24.info\/?page_id=2611\">Krzy\u017c lotnika por. W. Azarewicza w Krasnobrodzie, 2017<\/a><\/p>\n<p><a href=\"https:\/\/roztocze24.info\/?page_id=2617\">Partyzancka plac\u00f3wka Kalkuta k. Borowych M\u0142yn\u00f3w, 2017<\/a><\/p>\n<p><a href=\"https:\/\/roztocze24.info\/?page_id=2623\">Pomnik le\u015bnik\u00f3w w okolicy B\u0142udka, 2017<\/a><\/p>\n<p><a href=\"https:\/\/roztocze24.info\/?page_id=2511\">Lasy Komisarskie k. Szewni 2016<\/a><\/p>\n<p><a href=\"https:\/\/roztocze24.info\/?page_id=2372\">Wiosna w lesie Debry k. Bondyrza, 2016<\/a><\/p>\n<p><a href=\"https:\/\/roztocze24.info\/?page_id=908\">Szlakiem I bitwy o Tomasz\u00f3w Lubelski z wrze\u015bnia 1939 r., 2015<\/a><\/p>\n<p><a href=\"https:\/\/roztocze24.info\/?page_id=901\">G\u00f3ra M\u0142ynarka k. J\u00f3zefowa, 2007<\/a><\/p>\n<p><a href=\"https:\/\/roztocze24.info\/?page_id=904\">Dolina rzeki Szum k. G\u00f3recka Ko\u015bcielnego, 2006<\/a><\/p>\n<p><a href=\"https:\/\/roztocze24.info\/?page_id=897\">Uroczysko Belfont ko\u0142o Krasnobrodu, 2005<\/a><\/p>\n<p><a href=\"https:\/\/roztocze24.info\/?page_id=898\">Tropem baz partyzanckich w okolicy Fryszarki w Puszczy Solskiej, 2004<\/a><\/p>\n<p><a href=\"https:\/\/roztocze24.info\/?page_id=907\">Sosnowa G\u00f3ra w Puszczy Solskiej, 2003<\/a><\/p>\n<p><a href=\"https:\/\/roztocze24.info\/?page_id=906\">Sztolnie w Potoku Senderki, 2001<\/a><\/p>\n","protected":false},"excerpt":{"rendered":"<p>\u015acie\u017cka z obrazami Aleksandry Wachniewskiej \u2013 malarki i popularyzatorki Roztocza, 2024 Rezerwat Czartowe Pole na nowo, maj 2023 Singletrack J\u00f3zef\u00f3w, jesie\u0144 2021 Zima w Puszczy Solskiej: Kobylanka, 2019 Tropem zdj\u0119cia sprzed 100 lat: drewniany kolejowy most w Su\u015bcu, 2018 Dawna le\u015bna kolejka w\u0105skotorowa w Su\u015bcu, 2017-2018 Dawne ordynackie huty szk\u0142a: Susiec, Paary, 2018 W rocznic\u0119 &hellip; <a href=\"https:\/\/roztocze24.info\/?page_id=3352\" class=\"more-link\">Czytaj dalej<span class=\"screen-reader-text\"> \u201eRoztocze \u015arodkowe i Puszcza Solska\u201d<\/span><\/a><\/p>\n","protected":false},"author":1,"featured_media":0,"parent":895,"menu_order":0,"comment_status":"closed","ping_status":"closed","template":"","meta":{"footnotes":""},"class_list":["post-3352","page","type-page","status-publish","hentry"],"_links":{"self":[{"href":"https:\/\/roztocze24.info\/index.php?rest_route=\/wp\/v2\/pages\/3352","targetHints":{"allow":["GET"]}}],"collection":[{"href":"https:\/\/roztocze24.info\/index.php?rest_route=\/wp\/v2\/pages"}],"about":[{"href":"https:\/\/roztocze24.info\/index.php?rest_route=\/wp\/v2\/types\/page"}],"author":[{"embeddable":true,"href":"https:\/\/roztocze24.info\/index.php?rest_route=\/wp\/v2\/users\/1"}],"replies":[{"embeddable":true,"href":"https:\/\/roztocze24.info\/index.php?rest_route=%2Fwp%2Fv2%2Fcomments&post=3352"}],"version-history":[{"count":44,"href":"https:\/\/roztocze24.info\/index.php?rest_route=\/wp\/v2\/pages\/3352\/revisions"}],"predecessor-version":[{"id":8901,"href":"https:\/\/roztocze24.info\/index.php?rest_route=\/wp\/v2\/pages\/3352\/revisions\/8901"}],"up":[{"embeddable":true,"href":"https:\/\/roztocze24.info\/index.php?rest_route=\/wp\/v2\/pages\/895"}],"wp:attachment":[{"href":"https:\/\/roztocze24.info\/index.php?rest_route=%2Fwp%2Fv2%2Fmedia&parent=3352"}],"curies":[{"name":"wp","href":"https:\/\/api.w.org\/{rel}","templated":true}]}}