{"id":3356,"date":"2018-04-14T19:39:17","date_gmt":"2018-04-14T18:39:17","guid":{"rendered":"http:\/\/roztocze24.info\/?page_id=3356"},"modified":"2024-05-22T19:57:42","modified_gmt":"2024-05-22T17:57:42","slug":"roztocze-poludniowe","status":"publish","type":"page","link":"https:\/\/roztocze24.info\/?page_id=3356","title":{"rendered":"Roztocze Po\u0142udniowe"},"content":{"rendered":"<p><a href=\"https:\/\/roztocze24.info\/?page_id=8919\" target=\"_blank\" rel=\"noopener\">Nowe wie\u017ce widokowe na Roztoczu Po\u0142udniowym (Wschodnim), 2024<\/a><\/p>\n<p><a href=\"https:\/\/roztocze24.info\/?page_id=8115\" target=\"_blank\" rel=\"noopener\">Pancerne kopu\u0142y na schronach bojowych Linii Mo\u0142otowa na Roztoczu, 2022<\/a><\/p>\n<p><a href=\"https:\/\/roztocze24.info\/?page_id=8028\">Nowe \u015bcie\u017cki w Siedliskach, 2021<\/a><\/p>\n<p><a href=\"https:\/\/roztocze24.info\/?page_id=7723\">Skalne w\u0105wozy w Chmielach, 2020<\/a><\/p>\n<p><a href=\"http:\/\/roztocze24.info\/?page_id=3005\">Dawna kolejka w\u0105skotorowa w Rudzie R\u00f3\u017canieckiej, 2017<\/a><\/p>\n<p><a href=\"https:\/\/roztocze24.info\/?page_id=2488\">Mogi\u0142a pu\u0142kownika Tagirowa w Bru\u015bnie, 2017<\/a><\/p>\n<p><a href=\"http:\/\/roztocze24.info\/?page_id=2158\">Dawna linia kolejowa Hrebenne &#8211; Podd\u0119bce, 2016<\/a><\/p>\n<p><a href=\"https:\/\/roztocze24.info\/?page_id=2132\">Nieoficjalny szlak Monastyr &#8211; Dahany, jesie\u0144 2015<\/a><\/p>\n<p><a href=\"https:\/\/roztocze24.info\/?page_id=887\">Dolina potoku Dublen ko\u0142o Hory\u0144ca, 2007<\/a><\/p>\n<p><a href=\"https:\/\/roztocze24.info\/?page_id=893\">Skalny w\u0105w\u00f3z i Jaskinia Przyjaci\u00f3\u0142, 2006<\/a><\/p>\n<p><a href=\"https:\/\/roztocze24.info\/?page_id=891\">Jaskinia Chmielna nieopodal dawnej wsi Chmiele, 2006<\/a><\/p>\n<p><a href=\"https:\/\/roztocze24.info\/?page_id=888\">W\u0105wozy J\u00f3zkowej G\u00f3ry ko\u0142o Dziewi\u0119cierza, 2006<\/a><\/p>\n<p><a href=\"\/Wycieczki\/Poludniowe\/Roztocze_Dublen\">W<\/a><a href=\"https:\/\/roztocze24.info\/?page_id=886\">odospad na Dublenie w So\u0142tysach, 2005<\/a><\/p>\n<p><a href=\"\/Wycieczki\/Poludniowe\/Roztocze_granica\">P<\/a><a href=\"https:\/\/roztocze24.info\/?page_id=890\">rzej\u015bcie wzd\u0142u\u017c granicy pa\u0144stwowej na odcinku roztocza\u0144skim, 2004<\/a><\/p>\n<p><a href=\"https:\/\/roztocze24.info\/?page_id=892\">Jaskinia w Dachanach (jaskinia Pra\u0142asanta), 2003<\/a><\/p>\n<p><a href=\"https:\/\/roztocze24.info\/?page_id=894\">\u0179r\u00f3d\u0142a R\u00f3\u017ca\u0144ca i Las Bukowy, 2002<\/a><\/p>\n<p><a href=\"https:\/\/roztocze24.info\/?page_id=885\">Tajna (niegdy\u015b) bocznica kolejowa w Czerwinkach (Kaplisze), 2001<\/a><\/p>\n","protected":false},"excerpt":{"rendered":"<p>Nowe wie\u017ce widokowe na Roztoczu Po\u0142udniowym (Wschodnim), 2024 Pancerne kopu\u0142y na schronach bojowych Linii Mo\u0142otowa na Roztoczu, 2022 Nowe \u015bcie\u017cki w Siedliskach, 2021 Skalne w\u0105wozy w Chmielach, 2020 Dawna kolejka w\u0105skotorowa w Rudzie R\u00f3\u017canieckiej, 2017 Mogi\u0142a pu\u0142kownika Tagirowa w Bru\u015bnie, 2017 Dawna linia kolejowa Hrebenne &#8211; Podd\u0119bce, 2016 Nieoficjalny szlak Monastyr &#8211; Dahany, jesie\u0144 2015 &hellip; <a href=\"https:\/\/roztocze24.info\/?page_id=3356\" class=\"more-link\">Czytaj dalej<span class=\"screen-reader-text\"> \u201eRoztocze Po\u0142udniowe\u201d<\/span><\/a><\/p>\n","protected":false},"author":1,"featured_media":0,"parent":883,"menu_order":0,"comment_status":"closed","ping_status":"closed","template":"","meta":{"footnotes":""},"class_list":["post-3356","page","type-page","status-publish","hentry"],"_links":{"self":[{"href":"https:\/\/roztocze24.info\/index.php?rest_route=\/wp\/v2\/pages\/3356","targetHints":{"allow":["GET"]}}],"collection":[{"href":"https:\/\/roztocze24.info\/index.php?rest_route=\/wp\/v2\/pages"}],"about":[{"href":"https:\/\/roztocze24.info\/index.php?rest_route=\/wp\/v2\/types\/page"}],"author":[{"embeddable":true,"href":"https:\/\/roztocze24.info\/index.php?rest_route=\/wp\/v2\/users\/1"}],"replies":[{"embeddable":true,"href":"https:\/\/roztocze24.info\/index.php?rest_route=%2Fwp%2Fv2%2Fcomments&post=3356"}],"version-history":[{"count":25,"href":"https:\/\/roztocze24.info\/index.php?rest_route=\/wp\/v2\/pages\/3356\/revisions"}],"predecessor-version":[{"id":8959,"href":"https:\/\/roztocze24.info\/index.php?rest_route=\/wp\/v2\/pages\/3356\/revisions\/8959"}],"up":[{"embeddable":true,"href":"https:\/\/roztocze24.info\/index.php?rest_route=\/wp\/v2\/pages\/883"}],"wp:attachment":[{"href":"https:\/\/roztocze24.info\/index.php?rest_route=%2Fwp%2Fv2%2Fmedia&parent=3356"}],"curies":[{"name":"wp","href":"https:\/\/api.w.org\/{rel}","templated":true}]}}