{"id":3584,"date":"2018-06-25T18:57:27","date_gmt":"2018-06-25T17:57:27","guid":{"rendered":"http:\/\/roztocze24.info\/?page_id=3584"},"modified":"2019-03-26T15:15:45","modified_gmt":"2019-03-26T14:15:45","slug":"w-rocznice-bitwy-pod-osuchami","status":"publish","type":"page","link":"https:\/\/roztocze24.info\/?page_id=3584","title":{"rendered":"W rocznic\u0119 bitwy pod Osuchami"},"content":{"rendered":"<p><img loading=\"lazy\" decoding=\"async\" class=\"aligncenter size-full wp-image-5221\" src=\"http:\/\/roztocze24.info\/wp-content\/uploads\/2019\/03\/IMG_8282.jpg\" alt=\"\" width=\"750\" height=\"500\" srcset=\"https:\/\/roztocze24.info\/wp-content\/uploads\/2019\/03\/IMG_8282.jpg 750w, https:\/\/roztocze24.info\/wp-content\/uploads\/2019\/03\/IMG_8282-300x200.jpg 300w\" sizes=\"auto, (max-width: 750px) 85vw, 750px\" \/><\/p>\n<p>Cmentarz partyzancki w Osuchach to najwi\u0119kszy tego typu obiekt w Europie \u00a0(252 mogi\u0142y). To zarazem fina\u0142 niemieckich akcji Sturmwind I i II z czerwca 1944 r., kt\u00f3re mia\u0142y za zasadnie ostateczne rozprawienie si\u0119 z partyzantami. W wyniku pierwszej akcji, przeprowadzonej w dniach 9-14 VI, dosz\u0142o do bitwy na Porytowym Wzg\u00f3rzu w Lasach Janowskich. 3 tys. partyzant\u00f3w powstrzyma\u0142o nap\u00f3r 30 tysi\u0119cy \u017co\u0142nierzy niemieckich, przedzieraj\u0105c si\u0119 w niedost\u0119pne obszary Puszczy Solskiej. Wkr\u00f3tce nast\u0105pi\u0142a jednak druga operacja (21-25 VI) zako\u0144czona bitw\u0105 pod Osuchami. Tak\u017ce w tym przypadku partyzantom uda\u0142o si\u0119 przerwa\u0107 okr\u0105\u017cenie, jednak straty by\u0142y ogromne.<\/p>\n<p><img loading=\"lazy\" decoding=\"async\" class=\"aligncenter size-full wp-image-5220\" src=\"http:\/\/roztocze24.info\/wp-content\/uploads\/2019\/03\/IMG_8279.jpg\" alt=\"\" width=\"750\" height=\"500\" srcset=\"https:\/\/roztocze24.info\/wp-content\/uploads\/2019\/03\/IMG_8279.jpg 750w, https:\/\/roztocze24.info\/wp-content\/uploads\/2019\/03\/IMG_8279-300x200.jpg 300w\" sizes=\"auto, (max-width: 750px) 85vw, 750px\" \/><br \/>\nUroczysto\u015bci z okazji 74 rocznicy bitwy odby\u0142y si\u0119 w Osuchach 24 czerwca 2018 r. Jak zwykle odprawiono uroczyst\u0105 msz\u0119 \u015bwi\u0119t\u0105 w intencji poleg\u0142ych, a na cmentarzu odby\u0142 si\u0119 apel poleg\u0142ych z salw\u0105 honorow\u0105.<\/p>\n<p><img loading=\"lazy\" decoding=\"async\" class=\"aligncenter size-full wp-image-5222\" src=\"http:\/\/roztocze24.info\/wp-content\/uploads\/2019\/03\/IMG_8292.jpg\" alt=\"\" width=\"750\" height=\"500\" srcset=\"https:\/\/roztocze24.info\/wp-content\/uploads\/2019\/03\/IMG_8292.jpg 750w, https:\/\/roztocze24.info\/wp-content\/uploads\/2019\/03\/IMG_8292-300x200.jpg 300w\" sizes=\"auto, (max-width: 750px) 85vw, 750px\" \/><\/p>\n<p><img loading=\"lazy\" decoding=\"async\" class=\"aligncenter size-full wp-image-5223\" src=\"http:\/\/roztocze24.info\/wp-content\/uploads\/2019\/03\/IMG_8294.jpg\" alt=\"\" width=\"750\" height=\"500\" srcset=\"https:\/\/roztocze24.info\/wp-content\/uploads\/2019\/03\/IMG_8294.jpg 750w, https:\/\/roztocze24.info\/wp-content\/uploads\/2019\/03\/IMG_8294-300x200.jpg 300w\" sizes=\"auto, (max-width: 750px) 85vw, 750px\" \/><br \/>\nPotem przyszed\u0142 czas na rekonstrukcj\u0119 historyczn\u0105, przygotowan\u0105 przez Grup\u0119 Rekonstrukcji Historycznej im. por. Konrada Bartoszewskiego ps. \u201eWir\u201d.<br \/>\nPartyzanci wkraczaj\u0105 do wsi.<\/p>\n<p><img loading=\"lazy\" decoding=\"async\" class=\"aligncenter size-full wp-image-5225\" src=\"http:\/\/roztocze24.info\/wp-content\/uploads\/2019\/03\/IMG_8326.jpg\" alt=\"\" width=\"750\" height=\"500\" srcset=\"https:\/\/roztocze24.info\/wp-content\/uploads\/2019\/03\/IMG_8326.jpg 750w, https:\/\/roztocze24.info\/wp-content\/uploads\/2019\/03\/IMG_8326-300x200.jpg 300w\" sizes=\"auto, (max-width: 750px) 85vw, 750px\" \/><br \/>\nWsi spokojna&#8230;. ta sielanka nie potrwa jednak d\u0142ugo.<\/p>\n<p><img loading=\"lazy\" decoding=\"async\" class=\"aligncenter size-full wp-image-5226\" src=\"http:\/\/roztocze24.info\/wp-content\/uploads\/2019\/03\/IMG_8329.jpg\" alt=\"\" width=\"750\" height=\"500\" srcset=\"https:\/\/roztocze24.info\/wp-content\/uploads\/2019\/03\/IMG_8329.jpg 750w, https:\/\/roztocze24.info\/wp-content\/uploads\/2019\/03\/IMG_8329-300x200.jpg 300w\" sizes=\"auto, (max-width: 750px) 85vw, 750px\" \/><\/p>\n<p>P\u00f3\u017aniej przyjdzie czas na przedzieranie si\u0119 przez okr\u0105\u017cenie.<\/p>\n<p><img loading=\"lazy\" decoding=\"async\" class=\"aligncenter size-full wp-image-5227\" src=\"http:\/\/roztocze24.info\/wp-content\/uploads\/2019\/03\/IMG_8332.jpg\" alt=\"\" width=\"750\" height=\"500\" srcset=\"https:\/\/roztocze24.info\/wp-content\/uploads\/2019\/03\/IMG_8332.jpg 750w, https:\/\/roztocze24.info\/wp-content\/uploads\/2019\/03\/IMG_8332-300x200.jpg 300w\" sizes=\"auto, (max-width: 750px) 85vw, 750px\" \/><\/p>\n<p>Niemcy we wsi.<\/p>\n<p><img loading=\"lazy\" decoding=\"async\" class=\"aligncenter size-full wp-image-5229\" src=\"http:\/\/roztocze24.info\/wp-content\/uploads\/2019\/03\/IMG_8333.jpg\" alt=\"\" width=\"750\" height=\"500\" srcset=\"https:\/\/roztocze24.info\/wp-content\/uploads\/2019\/03\/IMG_8333.jpg 750w, https:\/\/roztocze24.info\/wp-content\/uploads\/2019\/03\/IMG_8333-300x200.jpg 300w\" sizes=\"auto, (max-width: 750px) 85vw, 750px\" \/><\/p>\n<p><img loading=\"lazy\" decoding=\"async\" class=\"aligncenter size-full wp-image-5230\" src=\"http:\/\/roztocze24.info\/wp-content\/uploads\/2019\/03\/IMG_8342.jpg\" alt=\"\" width=\"750\" height=\"500\" srcset=\"https:\/\/roztocze24.info\/wp-content\/uploads\/2019\/03\/IMG_8342.jpg 750w, https:\/\/roztocze24.info\/wp-content\/uploads\/2019\/03\/IMG_8342-300x200.jpg 300w\" sizes=\"auto, (max-width: 750px) 85vw, 750px\" \/><\/p>\n<p><img loading=\"lazy\" decoding=\"async\" class=\"aligncenter size-full wp-image-5232\" src=\"http:\/\/roztocze24.info\/wp-content\/uploads\/2019\/03\/IMG_8354.jpg\" alt=\"\" width=\"750\" height=\"500\" srcset=\"https:\/\/roztocze24.info\/wp-content\/uploads\/2019\/03\/IMG_8354.jpg 750w, https:\/\/roztocze24.info\/wp-content\/uploads\/2019\/03\/IMG_8354-300x200.jpg 300w\" sizes=\"auto, (max-width: 750px) 85vw, 750px\" \/><\/p>\n<p><img loading=\"lazy\" decoding=\"async\" class=\"aligncenter size-full wp-image-5233\" src=\"http:\/\/roztocze24.info\/wp-content\/uploads\/2019\/03\/IMG_8365.jpg\" alt=\"\" width=\"750\" height=\"500\" srcset=\"https:\/\/roztocze24.info\/wp-content\/uploads\/2019\/03\/IMG_8365.jpg 750w, https:\/\/roztocze24.info\/wp-content\/uploads\/2019\/03\/IMG_8365-300x200.jpg 300w\" sizes=\"auto, (max-width: 750px) 85vw, 750px\" \/><\/p>\n<p>Nie zawsze pomoc mog\u0142a przyj\u015b\u0107 na czas. Czasem decydowa\u0142a odleg\u0142o\u015b\u0107, czasem dysproporcja si\u0142. Warto przywo\u0142a\u0107 tu zdarzenie z lutego 1943 r., gdy wspomniany ju\u017c legendarny dow\u00f3dca AK Konrad Bartoszewski &#8222;Wir&#8221; zosta\u0142 aresztowany przez \u017candarmeri\u0119 niemieck\u0105. Tej samej nocy zosta\u0142 odbity. Niestety, w odwecie Niemcy na j\u00f3zefowskim rynku rozstrzelali jego najbli\u017csz\u0105 rodzin\u0119: rodzic\u00f3w i siostr\u0119. \u201eWir\u201d obserwowa\u0142 egzekucj\u0119 przez lornetk\u0119, nie mog\u0105c nic zrobi\u0107.Tak du\u017ca by\u0142a dysproporcja si\u0142. Ale to w\u0142a\u015bnie on wyprowadzi\u0142 p\u00f3\u017aniej partyzant\u00f3w z kot\u0142a pod Osuchami.<\/p>\n<p><em>Czerwiec 2018<\/em><\/p>\n","protected":false},"excerpt":{"rendered":"<p>Cmentarz partyzancki w Osuchach to najwi\u0119kszy tego typu obiekt w Europie \u00a0(252 mogi\u0142y). To zarazem fina\u0142 niemieckich akcji Sturmwind I i II z czerwca 1944 r., kt\u00f3re mia\u0142y za zasadnie ostateczne rozprawienie si\u0119 z partyzantami. W wyniku pierwszej akcji, przeprowadzonej w dniach 9-14 VI, dosz\u0142o do bitwy na Porytowym Wzg\u00f3rzu w Lasach Janowskich. 3 tys. &hellip; <a href=\"https:\/\/roztocze24.info\/?page_id=3584\" class=\"more-link\">Czytaj dalej<span class=\"screen-reader-text\"> \u201eW rocznic\u0119 bitwy pod Osuchami\u201d<\/span><\/a><\/p>\n","protected":false},"author":1,"featured_media":0,"parent":895,"menu_order":0,"comment_status":"closed","ping_status":"closed","template":"","meta":{"footnotes":""},"class_list":["post-3584","page","type-page","status-publish","hentry"],"_links":{"self":[{"href":"https:\/\/roztocze24.info\/index.php?rest_route=\/wp\/v2\/pages\/3584","targetHints":{"allow":["GET"]}}],"collection":[{"href":"https:\/\/roztocze24.info\/index.php?rest_route=\/wp\/v2\/pages"}],"about":[{"href":"https:\/\/roztocze24.info\/index.php?rest_route=\/wp\/v2\/types\/page"}],"author":[{"embeddable":true,"href":"https:\/\/roztocze24.info\/index.php?rest_route=\/wp\/v2\/users\/1"}],"replies":[{"embeddable":true,"href":"https:\/\/roztocze24.info\/index.php?rest_route=%2Fwp%2Fv2%2Fcomments&post=3584"}],"version-history":[{"count":1,"href":"https:\/\/roztocze24.info\/index.php?rest_route=\/wp\/v2\/pages\/3584\/revisions"}],"predecessor-version":[{"id":5234,"href":"https:\/\/roztocze24.info\/index.php?rest_route=\/wp\/v2\/pages\/3584\/revisions\/5234"}],"up":[{"embeddable":true,"href":"https:\/\/roztocze24.info\/index.php?rest_route=\/wp\/v2\/pages\/895"}],"wp:attachment":[{"href":"https:\/\/roztocze24.info\/index.php?rest_route=%2Fwp%2Fv2%2Fmedia&parent=3584"}],"curies":[{"name":"wp","href":"https:\/\/api.w.org\/{rel}","templated":true}]}}