{"id":3614,"date":"2018-06-27T18:25:24","date_gmt":"2018-06-27T17:25:24","guid":{"rendered":"http:\/\/roztocze24.info\/?page_id=3614"},"modified":"2019-03-30T15:20:03","modified_gmt":"2019-03-30T14:20:03","slug":"fizyczne-pozostalosci-kolejki-susieckiej","status":"publish","type":"page","link":"https:\/\/roztocze24.info\/?page_id=3614","title":{"rendered":"Fizyczne pozosta\u0142o\u015bci kolejki susieckiej"},"content":{"rendered":"<p>Jak si\u0119 okazuje, pozosta\u0142o\u015bci po dawnej kolejce w\u0105skotorowej w Su\u015bcu jest nader wiele, chocia\u017c niestety nie zobaczymy ich ju\u017c na trasie kolejki. Wielkie podzi\u0119kowania dla pana <strong>Ireneusza Nie\u015bpia\u0142a<\/strong> z J\u00f3zefowa za ogromn\u0105 pomoc w przygotowaniu tej strony!<\/p>\n<p>Zachowa\u0142y si\u0119 szyny.<\/p>\n<p><img loading=\"lazy\" decoding=\"async\" class=\"aligncenter size-full wp-image-5100\" src=\"http:\/\/roztocze24.info\/wp-content\/uploads\/2019\/03\/IMG_8196.jpg\" alt=\"\" width=\"750\" height=\"500\" srcset=\"https:\/\/roztocze24.info\/wp-content\/uploads\/2019\/03\/IMG_8196.jpg 750w, https:\/\/roztocze24.info\/wp-content\/uploads\/2019\/03\/IMG_8196-300x200.jpg 300w\" sizes=\"auto, (max-width: 750px) 85vw, 750px\" \/><\/p>\n<p>Podk\u0142ady, kt\u00f3re &#8211; jak si\u0119 okaza\u0142o &#8211; by\u0142y metalowe.<\/p>\n<p><img loading=\"lazy\" decoding=\"async\" class=\"aligncenter size-full wp-image-5101\" src=\"http:\/\/roztocze24.info\/wp-content\/uploads\/2019\/03\/IMG_8188.jpg\" alt=\"\" width=\"750\" height=\"500\" srcset=\"https:\/\/roztocze24.info\/wp-content\/uploads\/2019\/03\/IMG_8188.jpg 750w, https:\/\/roztocze24.info\/wp-content\/uploads\/2019\/03\/IMG_8188-300x200.jpg 300w\" sizes=\"auto, (max-width: 750px) 85vw, 750px\" \/><\/p>\n<p>Haki.<\/p>\n<p><img loading=\"lazy\" decoding=\"async\" class=\"aligncenter size-full wp-image-5102\" src=\"http:\/\/roztocze24.info\/wp-content\/uploads\/2019\/03\/IMG_8180.jpg\" alt=\"\" width=\"750\" height=\"500\" srcset=\"https:\/\/roztocze24.info\/wp-content\/uploads\/2019\/03\/IMG_8180.jpg 750w, https:\/\/roztocze24.info\/wp-content\/uploads\/2019\/03\/IMG_8180-300x200.jpg 300w\" sizes=\"auto, (max-width: 750px) 85vw, 750px\" \/><\/p>\n<p>Metalowe z\u0142\u0105czki tor\u00f3w, czyli \u0142ubki.<\/p>\n<p><img loading=\"lazy\" decoding=\"async\" class=\"aligncenter size-full wp-image-5103\" src=\"http:\/\/roztocze24.info\/wp-content\/uploads\/2019\/03\/IMG_8173.jpg\" alt=\"\" width=\"750\" height=\"500\" srcset=\"https:\/\/roztocze24.info\/wp-content\/uploads\/2019\/03\/IMG_8173.jpg 750w, https:\/\/roztocze24.info\/wp-content\/uploads\/2019\/03\/IMG_8173-300x200.jpg 300w\" sizes=\"auto, (max-width: 750px) 85vw, 750px\" \/><\/p>\n<p><img loading=\"lazy\" decoding=\"async\" class=\"aligncenter size-full wp-image-5109\" src=\"http:\/\/roztocze24.info\/wp-content\/uploads\/2019\/03\/IMG_8176.jpg\" alt=\"\" width=\"750\" height=\"500\" srcset=\"https:\/\/roztocze24.info\/wp-content\/uploads\/2019\/03\/IMG_8176.jpg 750w, https:\/\/roztocze24.info\/wp-content\/uploads\/2019\/03\/IMG_8176-300x200.jpg 300w\" sizes=\"auto, (max-width: 750px) 85vw, 750px\" \/><\/p>\n<p>Kolejowe klucze.<\/p>\n<p><img loading=\"lazy\" decoding=\"async\" class=\"aligncenter size-full wp-image-5104\" src=\"http:\/\/roztocze24.info\/wp-content\/uploads\/2019\/03\/IMG_8199.jpg\" alt=\"\" width=\"750\" height=\"500\" srcset=\"https:\/\/roztocze24.info\/wp-content\/uploads\/2019\/03\/IMG_8199.jpg 750w, https:\/\/roztocze24.info\/wp-content\/uploads\/2019\/03\/IMG_8199-300x200.jpg 300w\" sizes=\"auto, (max-width: 750px) 85vw, 750px\" \/><\/p>\n<p>Elementy \u0142\u0105cz\u0105ce wagony.<\/p>\n<p><img loading=\"lazy\" decoding=\"async\" class=\"aligncenter size-full wp-image-5106\" src=\"http:\/\/roztocze24.info\/wp-content\/uploads\/2019\/03\/IMG_8170.jpg\" alt=\"\" width=\"750\" height=\"500\" srcset=\"https:\/\/roztocze24.info\/wp-content\/uploads\/2019\/03\/IMG_8170.jpg 750w, https:\/\/roztocze24.info\/wp-content\/uploads\/2019\/03\/IMG_8170-300x200.jpg 300w\" sizes=\"auto, (max-width: 750px) 85vw, 750px\" \/><\/p>\n<p>I \u015bruby.<\/p>\n<p><img loading=\"lazy\" decoding=\"async\" class=\"aligncenter size-full wp-image-5107\" src=\"http:\/\/roztocze24.info\/wp-content\/uploads\/2019\/03\/IMG_8171.jpg\" alt=\"\" width=\"750\" height=\"500\" srcset=\"https:\/\/roztocze24.info\/wp-content\/uploads\/2019\/03\/IMG_8171.jpg 750w, https:\/\/roztocze24.info\/wp-content\/uploads\/2019\/03\/IMG_8171-300x200.jpg 300w\" sizes=\"auto, (max-width: 750px) 85vw, 750px\" \/><br \/>\nMam nadziej\u0119, \u017ce ju\u017c nied\u0142ugo to wszystko b\u0119dzie mo\u017cna zobaczy\u0107 na \u017cywo w muzeum. To w ko\u0144cu zupe\u0142nie nieznana historia odnosz\u0105ca si\u0119 do okolic Su\u015bca i J\u00f3zefowa.<\/p>\n<p><a href=\"https:\/\/roztocze24.info\/?page_id=3614\">Fizyczne pozosta\u0142o\u015bci kolejki<\/a><br \/>\n<a href=\"https:\/\/roztocze24.info\/?page_id=3331\">Kolejka z 1928 r.<\/a><br \/>\n<a href=\"https:\/\/roztocze24.info\/?page_id=3609\">Kolejka w latach 50. XX w.<\/a><br \/>\n<a href=\"https:\/\/roztocze24.info\/?page_id=3628\">Bocznice niezaznaczane na mapach<\/a><\/p>\n<p><a href=\"https:\/\/roztocze24.info\/?page_id=2581\">Dawna le\u015bna kolejka w\u0105skotorowa w Su\u015bcu<\/a><\/p>\n<p><em>27 czerwca 2018 r.<\/em><\/p>\n","protected":false},"excerpt":{"rendered":"<p>Jak si\u0119 okazuje, pozosta\u0142o\u015bci po dawnej kolejce w\u0105skotorowej w Su\u015bcu jest nader wiele, chocia\u017c niestety nie zobaczymy ich ju\u017c na trasie kolejki. Wielkie podzi\u0119kowania dla pana Ireneusza Nie\u015bpia\u0142a z J\u00f3zefowa za ogromn\u0105 pomoc w przygotowaniu tej strony! Zachowa\u0142y si\u0119 szyny. Podk\u0142ady, kt\u00f3re &#8211; jak si\u0119 okaza\u0142o &#8211; by\u0142y metalowe. Haki. Metalowe z\u0142\u0105czki tor\u00f3w, czyli \u0142ubki. &hellip; <a href=\"https:\/\/roztocze24.info\/?page_id=3614\" class=\"more-link\">Czytaj dalej<span class=\"screen-reader-text\"> \u201eFizyczne pozosta\u0142o\u015bci kolejki susieckiej\u201d<\/span><\/a><\/p>\n","protected":false},"author":1,"featured_media":0,"parent":808,"menu_order":0,"comment_status":"closed","ping_status":"closed","template":"","meta":{"footnotes":""},"class_list":["post-3614","page","type-page","status-publish","hentry"],"_links":{"self":[{"href":"https:\/\/roztocze24.info\/index.php?rest_route=\/wp\/v2\/pages\/3614","targetHints":{"allow":["GET"]}}],"collection":[{"href":"https:\/\/roztocze24.info\/index.php?rest_route=\/wp\/v2\/pages"}],"about":[{"href":"https:\/\/roztocze24.info\/index.php?rest_route=\/wp\/v2\/types\/page"}],"author":[{"embeddable":true,"href":"https:\/\/roztocze24.info\/index.php?rest_route=\/wp\/v2\/users\/1"}],"replies":[{"embeddable":true,"href":"https:\/\/roztocze24.info\/index.php?rest_route=%2Fwp%2Fv2%2Fcomments&post=3614"}],"version-history":[{"count":4,"href":"https:\/\/roztocze24.info\/index.php?rest_route=\/wp\/v2\/pages\/3614\/revisions"}],"predecessor-version":[{"id":6468,"href":"https:\/\/roztocze24.info\/index.php?rest_route=\/wp\/v2\/pages\/3614\/revisions\/6468"}],"up":[{"embeddable":true,"href":"https:\/\/roztocze24.info\/index.php?rest_route=\/wp\/v2\/pages\/808"}],"wp:attachment":[{"href":"https:\/\/roztocze24.info\/index.php?rest_route=%2Fwp%2Fv2%2Fmedia&parent=3614"}],"curies":[{"name":"wp","href":"https:\/\/api.w.org\/{rel}","templated":true}]}}