{"id":3769,"date":"2018-08-28T21:26:32","date_gmt":"2018-08-28T20:26:32","guid":{"rendered":"http:\/\/roztocze24.info\/?page_id=3769"},"modified":"2019-04-07T12:35:16","modified_gmt":"2019-04-07T10:35:16","slug":"splyw-wieprzem-zwierzyniec-szczebrzeszyn-2018","status":"publish","type":"page","link":"https:\/\/roztocze24.info\/?page_id=3769","title":{"rendered":"Sp\u0142yw Wieprzem: Zwierzyniec &#8211; Szczebrzeszyn, 2018"},"content":{"rendered":"<p>Najbardziej ucz\u0119szczan\u0105 trasa kajakow\u0105 na Roztoczu jest sp\u0142yw Wieprzem pomi\u0119dzy Obrocz\u0105 a zalewem Rudka w Zwierzy\u0144cu. I nie ma si\u0119 co dziwi\u0107, trasa nie jest d\u0142uga a bardzo urozmaicona. No i po drodze s\u0105 tawerny. Warto jednak pop\u0142yn\u0105\u0107 dalej.<br \/>\nOdcinek od Rudki do Szczebrzeszyna wynosi 14 km (wg \u015bladu GPS). Sp\u0142yw\u00a0 mo\u017cna podzieli\u0107 na kr\u00f3tsze odcinki (do Bagna, \u017burawnicy, lub Brod\u00f3w, s\u0105 one oznakowane, przy czym konkretne miejsce zale\u017cy od firmy, w kt\u00f3rej wypo\u017cyczyli\u015bmy kajak). Tawern tu nie b\u0119dzie, jedynie bodaj 2 tabliczki informuj\u0105ce o pobliskich sklepach spo\u017cywczych. Najlepiej prowiant i picie zabra\u0107 po prostu ze sob\u0105.<\/p>\n<p>Kajaki wodujemy przy p\u0142n.-zach. skraju zalewu w Rudce, nieopodal mostu i ma\u0142ego wodospadu. Pierwsza cz\u0119\u015b\u0107 trasy wiedzie przez Zwierzyniec. Ju\u017c po chwili przep\u0142ywamy pod mostem kolejowym, tu nieco niespokojna woda.<\/p>\n<p><img loading=\"lazy\" decoding=\"async\" class=\"aligncenter size-full wp-image-4855\" src=\"http:\/\/roztocze24.info\/wp-content\/uploads\/2019\/03\/WP_20180822_12_59_41_Pro.jpg\" alt=\"\" width=\"750\" height=\"500\" srcset=\"https:\/\/roztocze24.info\/wp-content\/uploads\/2019\/03\/WP_20180822_12_59_41_Pro.jpg 750w, https:\/\/roztocze24.info\/wp-content\/uploads\/2019\/03\/WP_20180822_12_59_41_Pro-300x200.jpg 300w\" sizes=\"auto, (max-width: 750px) 85vw, 750px\" \/><br \/>\nDalej zwierzyniecki park. W\u00a0 ko\u0144cu opuszczamy miasto, nadal jednak w\u0142a\u015bciwie ca\u0142y czas b\u0119dziemy widzieli zabudowania. Spotkanie z <em>dzik\u0105<\/em> przyrod\u0105 mo\u017cliwe jest na znacznie dalszym odcinku trasy.<\/p>\n<p>3 km \u2013 Bagno, tu pierwsza z mo\u017cliwo\u015bci zako\u0144czenia sp\u0142ywu, lub odpoczynku.<\/p>\n<p>Nast\u0119pnie \u017ar\u00f3d\u0142a w Wyw\u0142oczce i wiata turystyczna. Kolejna mo\u017cliwo\u015b\u0107 odpoczynku, lub zako\u0144czenia sp\u0142ywu. Nieco dalej po lewej kamienny krzy\u017c i drewniana kaplica.<\/p>\n<p><img loading=\"lazy\" decoding=\"async\" class=\"aligncenter size-full wp-image-4857\" src=\"http:\/\/roztocze24.info\/wp-content\/uploads\/2019\/03\/WP_20180822_14_00_22.jpg\" alt=\"\" width=\"750\" height=\"500\" srcset=\"https:\/\/roztocze24.info\/wp-content\/uploads\/2019\/03\/WP_20180822_14_00_22.jpg 750w, https:\/\/roztocze24.info\/wp-content\/uploads\/2019\/03\/WP_20180822_14_00_22-300x200.jpg 300w\" sizes=\"auto, (max-width: 750px) 85vw, 750px\" \/><br \/>\n<img loading=\"lazy\" decoding=\"async\" class=\"aligncenter size-full wp-image-4858\" src=\"http:\/\/roztocze24.info\/wp-content\/uploads\/2019\/03\/WP_20180822_14_00_24.jpg\" alt=\"\" width=\"750\" height=\"500\" srcset=\"https:\/\/roztocze24.info\/wp-content\/uploads\/2019\/03\/WP_20180822_14_00_24.jpg 750w, https:\/\/roztocze24.info\/wp-content\/uploads\/2019\/03\/WP_20180822_14_00_24-300x200.jpg 300w\" sizes=\"auto, (max-width: 750px) 85vw, 750px\" \/><\/p>\n<p><img loading=\"lazy\" decoding=\"async\" class=\"aligncenter size-full wp-image-4859\" src=\"http:\/\/roztocze24.info\/wp-content\/uploads\/2019\/03\/WP_20180822_14_02_27_Pro.jpg\" alt=\"\" width=\"750\" height=\"500\" srcset=\"https:\/\/roztocze24.info\/wp-content\/uploads\/2019\/03\/WP_20180822_14_02_27_Pro.jpg 750w, https:\/\/roztocze24.info\/wp-content\/uploads\/2019\/03\/WP_20180822_14_02_27_Pro-300x200.jpg 300w\" sizes=\"auto, (max-width: 750px) 85vw, 750px\" \/><br \/>\nZbli\u017camy si\u0119 do tzw. pstr\u0105gowego mostka w Turzy\u0144cu. Sztuczna zapora uniemo\u017cliwia przep\u0142yni\u0119cie, czeka nas przenoska. Dobre miejsce na odpoczynek. Dla odmiany mo\u017cna popatrze\u0107 na roztocza\u0144skie pag\u00f3ry.<\/p>\n<p><img loading=\"lazy\" decoding=\"async\" class=\"aligncenter size-full wp-image-4860\" src=\"http:\/\/roztocze24.info\/wp-content\/uploads\/2019\/03\/WP_20180822_14_26_17_Pro.jpg\" alt=\"\" width=\"750\" height=\"500\" srcset=\"https:\/\/roztocze24.info\/wp-content\/uploads\/2019\/03\/WP_20180822_14_26_17_Pro.jpg 750w, https:\/\/roztocze24.info\/wp-content\/uploads\/2019\/03\/WP_20180822_14_26_17_Pro-300x200.jpg 300w\" sizes=\"auto, (max-width: 750px) 85vw, 750px\" \/><br \/>\nZaczyna si\u0119 najciekawsza cz\u0119\u015b\u0107 sp\u0142ywu. Rzeka oddala si\u0119 od zabudowa\u0144, co pozwoli na spotkanie z przyrod\u0105.<\/p>\n<p><img loading=\"lazy\" decoding=\"async\" class=\"aligncenter size-full wp-image-4861\" src=\"http:\/\/roztocze24.info\/wp-content\/uploads\/2019\/03\/WP_20180822_14_33_14_Pro.jpg\" alt=\"\" width=\"750\" height=\"500\" srcset=\"https:\/\/roztocze24.info\/wp-content\/uploads\/2019\/03\/WP_20180822_14_33_14_Pro.jpg 750w, https:\/\/roztocze24.info\/wp-content\/uploads\/2019\/03\/WP_20180822_14_33_14_Pro-300x200.jpg 300w\" sizes=\"auto, (max-width: 750px) 85vw, 750px\" \/><br \/>\nCiekawostk\u0105 b\u0119d\u0105 eroduj\u0105ce brzegi Wieprza.<\/p>\n<p><img loading=\"lazy\" decoding=\"async\" class=\"aligncenter size-full wp-image-4862\" src=\"http:\/\/roztocze24.info\/wp-content\/uploads\/2019\/03\/WP_20180822_14_41_14_Pro.jpg\" alt=\"\" width=\"750\" height=\"500\" srcset=\"https:\/\/roztocze24.info\/wp-content\/uploads\/2019\/03\/WP_20180822_14_41_14_Pro.jpg 750w, https:\/\/roztocze24.info\/wp-content\/uploads\/2019\/03\/WP_20180822_14_41_14_Pro-300x200.jpg 300w\" sizes=\"auto, (max-width: 750px) 85vw, 750px\" \/><\/p>\n<p><img loading=\"lazy\" decoding=\"async\" class=\"aligncenter size-full wp-image-4863\" src=\"http:\/\/roztocze24.info\/wp-content\/uploads\/2019\/03\/WP_20180822_14_45_13_Pro.jpg\" alt=\"\" width=\"750\" height=\"500\" srcset=\"https:\/\/roztocze24.info\/wp-content\/uploads\/2019\/03\/WP_20180822_14_45_13_Pro.jpg 750w, https:\/\/roztocze24.info\/wp-content\/uploads\/2019\/03\/WP_20180822_14_45_13_Pro-300x200.jpg 300w\" sizes=\"auto, (max-width: 750px) 85vw, 750px\" \/><\/p>\n<p><img loading=\"lazy\" decoding=\"async\" class=\"aligncenter size-full wp-image-4864\" src=\"http:\/\/roztocze24.info\/wp-content\/uploads\/2019\/03\/WP_20180822_14_46_58_Pro.jpg\" alt=\"\" width=\"750\" height=\"500\" srcset=\"https:\/\/roztocze24.info\/wp-content\/uploads\/2019\/03\/WP_20180822_14_46_58_Pro.jpg 750w, https:\/\/roztocze24.info\/wp-content\/uploads\/2019\/03\/WP_20180822_14_46_58_Pro-300x200.jpg 300w\" sizes=\"auto, (max-width: 750px) 85vw, 750px\" \/><\/p>\n<p>Po drodze dwa wodospady (drugi to w\u0142a\u015bciwie betonospad, bo to betonowy pr\u00f3g). S\u0105 mo\u017cliwe do przep\u0142yni\u0119cia, cho\u0107 wymaga to wprawy. Kto nie chce ryzykowa\u0107 wywrotki niech w tych miejscach po prostu przeniesie kajak brzegiem.<\/p>\n<p><img loading=\"lazy\" decoding=\"async\" class=\"aligncenter size-full wp-image-4865\" src=\"http:\/\/roztocze24.info\/wp-content\/uploads\/2019\/03\/WP_20180822_15_27_39_Pro.jpg\" alt=\"\" width=\"750\" height=\"500\" srcset=\"https:\/\/roztocze24.info\/wp-content\/uploads\/2019\/03\/WP_20180822_15_27_39_Pro.jpg 750w, https:\/\/roztocze24.info\/wp-content\/uploads\/2019\/03\/WP_20180822_15_27_39_Pro-300x200.jpg 300w\" sizes=\"auto, (max-width: 750px) 85vw, 750px\" \/><br \/>\nPo drodze dwa kolejne miejsca, gdzie mo\u017cna odpocz\u0105\u0107 lub zako\u0144czy\u0107 sp\u0142yw: 8 km \u2013 \u017burawnica, 12,5 km \u2013 Brody.<\/p>\n<p>Z kajaka zaczynaj\u0105 si\u0119 w ko\u0144cu, niestety ograniczone, widoki na roztocza\u0144skie wzg\u00f3rza. Zobaczymy po\u0142o\u017con\u0105 na szczycie wzg\u00f3rza du\u017c\u0105 instalacj\u0119 fotowoltaiczn\u0105. Wyr\u00f3\u017cnia\u0107 si\u0119 b\u0119dzie tak\u017ce szczebrzeszy\u0144ski cmentarz. Rzeka mocno meandruje.<\/p>\n<p><img loading=\"lazy\" decoding=\"async\" class=\"aligncenter size-full wp-image-4866\" src=\"http:\/\/roztocze24.info\/wp-content\/uploads\/2019\/03\/WP_20180822_15_50_17_Pro.jpg\" alt=\"\" width=\"750\" height=\"500\" srcset=\"https:\/\/roztocze24.info\/wp-content\/uploads\/2019\/03\/WP_20180822_15_50_17_Pro.jpg 750w, https:\/\/roztocze24.info\/wp-content\/uploads\/2019\/03\/WP_20180822_15_50_17_Pro-300x200.jpg 300w\" sizes=\"auto, (max-width: 750px) 85vw, 750px\" \/><\/p>\n<p><img loading=\"lazy\" decoding=\"async\" class=\"aligncenter size-full wp-image-4868\" src=\"http:\/\/roztocze24.info\/wp-content\/uploads\/2019\/03\/WP_20180822_15_56_29_Pro.jpg\" alt=\"\" width=\"750\" height=\"500\" srcset=\"https:\/\/roztocze24.info\/wp-content\/uploads\/2019\/03\/WP_20180822_15_56_29_Pro.jpg 750w, https:\/\/roztocze24.info\/wp-content\/uploads\/2019\/03\/WP_20180822_15_56_29_Pro-300x200.jpg 300w\" sizes=\"auto, (max-width: 750px) 85vw, 750px\" \/><br \/>\nNa skraju Szczebrzeszyna kolejna mo\u017cliwo\u015b\u0107 zako\u0144czenia sp\u0142ywu, obowi\u0105zkowa dla tych, kt\u00f3rzy wypo\u017cyczyli kajaki w kt\u00f3rej\u015b z firm. Wieprz tymczasem gwa\u0142townie przyspiesza, a ga\u0142\u0119zie drzew stworz\u0105 nad rzek\u0105 niski zielony dach. Przed nami ostatni trudny moment \u2013 most przy m\u0142ynie z ma\u0142ym wodospadem. Najlepiej p\u0142yn\u0105\u0107 tu z lewej strony.<\/p>\n<p><img loading=\"lazy\" decoding=\"async\" class=\"aligncenter size-full wp-image-4867\" src=\"http:\/\/roztocze24.info\/wp-content\/uploads\/2019\/03\/WP_20180822_16_15_26_Pro.jpg\" alt=\"\" width=\"750\" height=\"500\" srcset=\"https:\/\/roztocze24.info\/wp-content\/uploads\/2019\/03\/WP_20180822_16_15_26_Pro.jpg 750w, https:\/\/roztocze24.info\/wp-content\/uploads\/2019\/03\/WP_20180822_16_15_26_Pro-300x200.jpg 300w\" sizes=\"auto, (max-width: 750px) 85vw, 750px\" \/>Nast\u0119pnie most drogowy, tu\u017c za nim, po prawej, \u0142\u0105ka, gdzie sko\u0144czy\u0142em sp\u0142yw (14,0 km).<\/p>\n<p><em>Sierpie\u0144 2018<\/em><\/p>\n<p><a href=\"https:\/\/roztocze24.info\/?page_id=2734\">Sp\u0142yw Wieprzem Obrocz &#8211; Zwierzyniec, 2017<\/a><\/p>\n","protected":false},"excerpt":{"rendered":"<p>Najbardziej ucz\u0119szczan\u0105 trasa kajakow\u0105 na Roztoczu jest sp\u0142yw Wieprzem pomi\u0119dzy Obrocz\u0105 a zalewem Rudka w Zwierzy\u0144cu. I nie ma si\u0119 co dziwi\u0107, trasa nie jest d\u0142uga a bardzo urozmaicona. No i po drodze s\u0105 tawerny. Warto jednak pop\u0142yn\u0105\u0107 dalej. Odcinek od Rudki do Szczebrzeszyna wynosi 14 km (wg \u015bladu GPS). Sp\u0142yw\u00a0 mo\u017cna podzieli\u0107 na kr\u00f3tsze &hellip; <a href=\"https:\/\/roztocze24.info\/?page_id=3769\" class=\"more-link\">Czytaj dalej<span class=\"screen-reader-text\"> \u201eSp\u0142yw Wieprzem: Zwierzyniec &#8211; Szczebrzeszyn, 2018\u201d<\/span><\/a><\/p>\n","protected":false},"author":1,"featured_media":0,"parent":934,"menu_order":0,"comment_status":"closed","ping_status":"closed","template":"","meta":{"footnotes":""},"class_list":["post-3769","page","type-page","status-publish","hentry"],"_links":{"self":[{"href":"https:\/\/roztocze24.info\/index.php?rest_route=\/wp\/v2\/pages\/3769","targetHints":{"allow":["GET"]}}],"collection":[{"href":"https:\/\/roztocze24.info\/index.php?rest_route=\/wp\/v2\/pages"}],"about":[{"href":"https:\/\/roztocze24.info\/index.php?rest_route=\/wp\/v2\/types\/page"}],"author":[{"embeddable":true,"href":"https:\/\/roztocze24.info\/index.php?rest_route=\/wp\/v2\/users\/1"}],"replies":[{"embeddable":true,"href":"https:\/\/roztocze24.info\/index.php?rest_route=%2Fwp%2Fv2%2Fcomments&post=3769"}],"version-history":[{"count":4,"href":"https:\/\/roztocze24.info\/index.php?rest_route=\/wp\/v2\/pages\/3769\/revisions"}],"predecessor-version":[{"id":6979,"href":"https:\/\/roztocze24.info\/index.php?rest_route=\/wp\/v2\/pages\/3769\/revisions\/6979"}],"up":[{"embeddable":true,"href":"https:\/\/roztocze24.info\/index.php?rest_route=\/wp\/v2\/pages\/934"}],"wp:attachment":[{"href":"https:\/\/roztocze24.info\/index.php?rest_route=%2Fwp%2Fv2%2Fmedia&parent=3769"}],"curies":[{"name":"wp","href":"https:\/\/api.w.org\/{rel}","templated":true}]}}