{"id":4005,"date":"2018-12-25T00:15:54","date_gmt":"2018-12-24T23:15:54","guid":{"rendered":"http:\/\/roztocze24.info\/?page_id=4005"},"modified":"2019-03-26T11:20:28","modified_gmt":"2019-03-26T10:20:28","slug":"tropem-zdjecia-sprzed-100-lat-most-w-suscu","status":"publish","type":"page","link":"https:\/\/roztocze24.info\/?page_id=4005","title":{"rendered":"Tropem zdj\u0119cia sprzed 100 lat: most w Su\u015bcu"},"content":{"rendered":"<p>Lini\u0119 kolejow\u0105 Rejowiec &#8211; Susiec &#8211; Be\u0142\u017cec zbudowali w 1916 r. Austriacy. Na jej trasie konieczne by\u0142o postawienie wielu most\u00f3w, kt\u00f3re pierwotnie by\u0142y drewniane. W Internecie, w kilku wersjach, mo\u017cna odnale\u017a\u0107 zdj\u0119cie (<a href=\"http:\/\/archivinformationssystem.at\/detail.aspx?ID=2229734\">\u00d6sterreichische Staatsarchiv<\/a>), kt\u00f3re zamieszczam tak\u017ce poni\u017cej.<\/p>\n<p><img loading=\"lazy\" decoding=\"async\" class=\"aligncenter size-full wp-image-4379\" src=\"http:\/\/roztocze24.info\/wp-content\/uploads\/2018\/12\/IMG_8203.jpg\" alt=\"\" width=\"750\" height=\"500\" srcset=\"https:\/\/roztocze24.info\/wp-content\/uploads\/2018\/12\/IMG_8203.jpg 750w, https:\/\/roztocze24.info\/wp-content\/uploads\/2018\/12\/IMG_8203-300x200.jpg 300w\" sizes=\"auto, (max-width: 750px) 85vw, 750px\" \/><\/p>\n<p>Wed\u0142ug oryginalnego podpisu z sterreichische Staatsarchiv to <em>Susiec, br\u00fccke, holzprov, bei station<\/em>, czyli most drewniany na stacji Susiec. Na torach, po prawej stronie, wida\u0107 austriackich \u017co\u0142nierzy, a sam most wygl\u0105da na \u015bwie\u017co oddany do u\u017cytku, czyli zdj\u0119cie wykonano najprawdopodobniej w 1916 r.<\/p>\n<p>Zaciekawi\u0142o mnie, gdzie dok\u0142adnie ten most m\u00f3g\u0142 zosta\u0107 postawiony. Ju\u017c na wst\u0119pie wyeliminowa\u0142em odcinek prowadz\u0105cy na zach. od stacji, bo trasa kolejowa prowadzi tam w dolinie po terenie generalnie do\u015b\u0107 p\u0142askim. Bardziej obiecuj\u0105co wygl\u0105da kierunek wsch. Tak te\u017c sugerowa\u0142 Wiktor Jarosz z Su\u015bca, z kt\u00f3rym wybra\u0142em si\u0119 na t\u0119 wycieczk\u0119.<\/p>\n<p>Zaraz za stacj\u0105 Susiec tory opadaj\u0105 w d\u00f3\u0142 wprowadzaj\u0105c na nieco wy\u017cszy nasyp. Nie jest on jednak tak wysoki, jak most z archiwalnego zdj\u0119cia.<\/p>\n<p><img loading=\"lazy\" decoding=\"async\" class=\"aligncenter size-full wp-image-5071\" src=\"http:\/\/roztocze24.info\/wp-content\/uploads\/2019\/03\/IMG_8207.jpg\" alt=\"\" width=\"750\" height=\"500\" srcset=\"https:\/\/roztocze24.info\/wp-content\/uploads\/2019\/03\/IMG_8207.jpg 750w, https:\/\/roztocze24.info\/wp-content\/uploads\/2019\/03\/IMG_8207-300x200.jpg 300w\" sizes=\"auto, (max-width: 750px) 85vw, 750px\" \/><\/p>\n<p>Ale dalej sytuacja si\u0119 zmienia. Te zawijasy sugeruj\u0105 ca\u0142kiem spor\u0105 zmian\u0119 wysoko\u015bci. Linia wspina si\u0119 tu do g\u00f3ry.<\/p>\n<p><img loading=\"lazy\" decoding=\"async\" class=\"aligncenter size-full wp-image-5072\" src=\"http:\/\/roztocze24.info\/wp-content\/uploads\/2019\/03\/IMG_8222.jpg\" alt=\"\" width=\"750\" height=\"500\" srcset=\"https:\/\/roztocze24.info\/wp-content\/uploads\/2019\/03\/IMG_8222.jpg 750w, https:\/\/roztocze24.info\/wp-content\/uploads\/2019\/03\/IMG_8222-300x200.jpg 300w\" sizes=\"auto, (max-width: 750px) 85vw, 750px\" \/><\/p>\n<p>Konsekwentnie zwi\u0119ksza si\u0119 te\u017c wysoko\u015b\u0107 nasypu. Gdzie\u015b tu zaczyna\u0142 si\u0119 wi\u0119c most.<\/p>\n<p><img loading=\"lazy\" decoding=\"async\" class=\"aligncenter size-full wp-image-5074\" src=\"http:\/\/roztocze24.info\/wp-content\/uploads\/2019\/03\/IMG_8232.jpg\" alt=\"\" width=\"750\" height=\"500\" srcset=\"https:\/\/roztocze24.info\/wp-content\/uploads\/2019\/03\/IMG_8232.jpg 750w, https:\/\/roztocze24.info\/wp-content\/uploads\/2019\/03\/IMG_8232-300x200.jpg 300w\" sizes=\"auto, (max-width: 750px) 85vw, 750px\" \/><\/p>\n<p>Kolejna fotografia pokazuje miejsce, gdzie nasyp staje si\u0119 na tyle wysoki, \u017ce z do\u0142u nie wida\u0107 ju\u017c nawet prowadz\u0105cych po nim tor\u00f3w.<\/p>\n<p><img loading=\"lazy\" decoding=\"async\" class=\"aligncenter size-full wp-image-5073\" src=\"http:\/\/roztocze24.info\/wp-content\/uploads\/2019\/03\/IMG_8229.jpg\" alt=\"\" width=\"750\" height=\"500\" srcset=\"https:\/\/roztocze24.info\/wp-content\/uploads\/2019\/03\/IMG_8229.jpg 750w, https:\/\/roztocze24.info\/wp-content\/uploads\/2019\/03\/IMG_8229-300x200.jpg 300w\" sizes=\"auto, (max-width: 750px) 85vw, 750px\" \/><\/p>\n<p>Nieco dalej znajduje si\u0119 obecny metalowy most na potoku \u0141osinieckim.<\/p>\n<p><img loading=\"lazy\" decoding=\"async\" class=\"aligncenter size-full wp-image-5075\" src=\"http:\/\/roztocze24.info\/wp-content\/uploads\/2019\/03\/IMG_8242.jpg\" alt=\"\" width=\"750\" height=\"500\" srcset=\"https:\/\/roztocze24.info\/wp-content\/uploads\/2019\/03\/IMG_8242.jpg 750w, https:\/\/roztocze24.info\/wp-content\/uploads\/2019\/03\/IMG_8242-300x200.jpg 300w\" sizes=\"auto, (max-width: 750px) 85vw, 750px\" \/><\/p>\n<p>Nast\u0119pnie nasyp wyp\u0142yca si\u0119 i ju\u017c prawie na poziomie gruntu przecina szos\u0119 Susiec &#8211; Tomasz\u00f3w Lubelski. Dawny most ko\u0144czy\u0142 si\u0119 gdzie\u015b pomi\u0119dzy tym nowym a szos\u0105, przecina\u0142 wi\u0119c faktycznie do\u015b\u0107 rozleg\u0142\u0105 dolin\u0119 potoku \u0141osinieckiego. Na archiwalnym zdj\u0119ciu nie wida\u0107 wody, ale te\u017c dost\u0119pne uj\u0119cie nie obejmuje ca\u0142ej konstrukcji mostu. W ka\u017cdym razie w pobli\u017cu stacji Susiec jest tylko jedno pasuj\u0105ce miejsce.<\/p>\n<p>Nie mo\u017cna jednak wykluczy\u0107, \u017ce podpis pod archiwalnym zdj\u0119ciem nie do ko\u0144ca jest prawdziwy. Zdj\u0119cie datowane jest na 1916 r. Pierwszy dost\u0119pny wykaz most\u00f3w na tej trasie dost\u0119pny jest z 1920 r. (przekaza\u0142 mi go Jaros\u0142aw Szczuryk vel Szczerba). Drewniane mosty po kilku latach eksploatacji istnia\u0142y nadal, przy czym ten za stacj\u0105 Susiec mia\u0142 mie\u0107 ju\u017c tylko 28 m. Co ciekawe, umiejscowienie go wed\u0142ug wykazu nie jest precyzyjne. Podano tam bowiem informacj\u0119: 108 km (licz\u0105c od Rejowca) przed stacj\u0105 Mazi\u0142y, 28 m d\u0142ugo\u015bci, prowizoryczny, drewniany. W rzeczywisto\u015bci 108 km wypada tu\u017c co za stacj\u0105 Susiec, w rejonie wsp\u00f3\u0142czesnego metalowego mostu na potoku \u0141osinieckim (do Mazi\u0142 st\u0105d jeszcze 4 km). Niemniej, most ze starego zdj\u0119cia jest ewidentnie d\u0142u\u017cszy ni\u017c 28 m! By\u0107 mo\u017ce w mi\u0119dzyczasie go skr\u00f3cono, wyd\u0142u\u017caj\u0105c i powi\u0119kszaj\u0105c nasyp, tylko czy by\u0142a taka potrzeba po ledwie 4 latach od budowy? By\u0107 mo\u017ce podpis pod starym zdj\u0119ciem jest tak\u017ce nieprecyzyjny. Najbli\u017cszy d\u0142u\u017cszy drewniany most w 1920 r. znajdowa\u0142 si\u0119 w dolinie Sopotu w Nowinach, w km 98 szlaku kolejowego. W\u0142a\u015bciwie by\u0142y to dwa mosty, jeden o d\u0142ugo\u015bci 92,5 m, drugi 36,3 m. Ten licz\u0105cy prawie 100 m by pasowa\u0142, a odleg\u0142o\u015b\u0107 od stacji Susiec wynosi 10 km, wi\u0119c nie jest daleko. Obecnie jednak ju\u017c go nie ma, bo zosta\u0142 zast\u0105piony przez nasyp&#8230; Utrzymywany, przy czym dzi\u015b metalowy, jest tylko ten kr\u00f3tszy most, postawiony bezpo\u015brednio nad wodami Sopotu (na zdj\u0119ciu poni\u017cej).<\/p>\n<p><img loading=\"lazy\" decoding=\"async\" class=\"aligncenter size-full wp-image-5076\" src=\"http:\/\/roztocze24.info\/wp-content\/uploads\/2019\/03\/IMG_8243.jpg\" alt=\"\" width=\"778\" height=\"500\" srcset=\"https:\/\/roztocze24.info\/wp-content\/uploads\/2019\/03\/IMG_8243.jpg 778w, https:\/\/roztocze24.info\/wp-content\/uploads\/2019\/03\/IMG_8243-300x193.jpg 300w, https:\/\/roztocze24.info\/wp-content\/uploads\/2019\/03\/IMG_8243-768x494.jpg 768w\" sizes=\"auto, (max-width: 778px) 85vw, 778px\" \/><\/p>\n<p>Niezale\u017cnie od tego, czy most z archiwalnego zdj\u0119cia faktycznie zbudowano przy stacji Susiec, czy w pobliskich Nowinach, nie zmienia to faktu, \u017ce drewniany most kolejowy w Su\u015bcu bez w\u0105tpienia istnia\u0142, co najwy\u017cej by\u0142 kr\u00f3tszy.<\/p>\n<p><em>Czerwiec 2018<\/em><\/p>\n","protected":false},"excerpt":{"rendered":"<p>Lini\u0119 kolejow\u0105 Rejowiec &#8211; Susiec &#8211; Be\u0142\u017cec zbudowali w 1916 r. Austriacy. Na jej trasie konieczne by\u0142o postawienie wielu most\u00f3w, kt\u00f3re pierwotnie by\u0142y drewniane. W Internecie, w kilku wersjach, mo\u017cna odnale\u017a\u0107 zdj\u0119cie (\u00d6sterreichische Staatsarchiv), kt\u00f3re zamieszczam tak\u017ce poni\u017cej. Wed\u0142ug oryginalnego podpisu z sterreichische Staatsarchiv to Susiec, br\u00fccke, holzprov, bei station, czyli most drewniany na stacji &hellip; <a href=\"https:\/\/roztocze24.info\/?page_id=4005\" class=\"more-link\">Czytaj dalej<span class=\"screen-reader-text\"> \u201eTropem zdj\u0119cia sprzed 100 lat: most w Su\u015bcu\u201d<\/span><\/a><\/p>\n","protected":false},"author":1,"featured_media":0,"parent":895,"menu_order":0,"comment_status":"closed","ping_status":"closed","template":"","meta":{"footnotes":""},"class_list":["post-4005","page","type-page","status-publish","hentry"],"_links":{"self":[{"href":"https:\/\/roztocze24.info\/index.php?rest_route=\/wp\/v2\/pages\/4005","targetHints":{"allow":["GET"]}}],"collection":[{"href":"https:\/\/roztocze24.info\/index.php?rest_route=\/wp\/v2\/pages"}],"about":[{"href":"https:\/\/roztocze24.info\/index.php?rest_route=\/wp\/v2\/types\/page"}],"author":[{"embeddable":true,"href":"https:\/\/roztocze24.info\/index.php?rest_route=\/wp\/v2\/users\/1"}],"replies":[{"embeddable":true,"href":"https:\/\/roztocze24.info\/index.php?rest_route=%2Fwp%2Fv2%2Fcomments&post=4005"}],"version-history":[{"count":1,"href":"https:\/\/roztocze24.info\/index.php?rest_route=\/wp\/v2\/pages\/4005\/revisions"}],"predecessor-version":[{"id":5077,"href":"https:\/\/roztocze24.info\/index.php?rest_route=\/wp\/v2\/pages\/4005\/revisions\/5077"}],"up":[{"embeddable":true,"href":"https:\/\/roztocze24.info\/index.php?rest_route=\/wp\/v2\/pages\/895"}],"wp:attachment":[{"href":"https:\/\/roztocze24.info\/index.php?rest_route=%2Fwp%2Fv2%2Fmedia&parent=4005"}],"curies":[{"name":"wp","href":"https:\/\/api.w.org\/{rel}","templated":true}]}}