{"id":4117,"date":"2019-02-25T20:01:33","date_gmt":"2019-02-25T19:01:33","guid":{"rendered":"http:\/\/roztocze24.info\/?page_id=4117"},"modified":"2019-04-08T00:48:38","modified_gmt":"2019-04-07T22:48:38","slug":"zima-w-puszczy-solskiej-kobylanka","status":"publish","type":"page","link":"https:\/\/roztocze24.info\/?page_id=4117","title":{"rendered":"Zim\u0105 w Puszczy Solskiej: Kobylanka"},"content":{"rendered":"\n<p>W 2019 r. m\u00f3j pierwszy wypad na Roztocze wypad\u0142 2 lutego, gdy zima jeszcze solidnie trzyma\u0142a. To by\u0142a X ju\u017c edycja rajdu internetowej Grupy Turystycznej Roztocze (GTR) <em>Gloria Victis<\/em> do uroczyska Kobylanka w Puszczy Solskiej.<\/p>\n\n\n\n<p>Jechali\u015bmy przez Tomasz\u00f3w, Rebizanty i Hut\u0119 R\u00f3\u017canieck\u0105. Potem Puszcza Solska. W Zimowych okoliczno\u015bciach przyrody najbardziej obawia\u0142em si\u0119 tego ko\u0144cowego odcinka. Szcz\u0119\u015bliwie by\u0142 przejezdny, cho\u0107 jecha\u0142o si\u0119 po lodzie i \u015bniegu.<\/p>\n\n\n\n<div class=\"wp-block-image\"><figure class=\"aligncenter\"><img loading=\"lazy\" decoding=\"async\" width=\"750\" height=\"500\" src=\"https:\/\/roztocze24.info\/wp-content\/uploads\/2019\/03\/WP_20190202_13_35_31_Pro.jpg\" alt=\"\" class=\"wp-image-4202\" srcset=\"https:\/\/roztocze24.info\/wp-content\/uploads\/2019\/03\/WP_20190202_13_35_31_Pro.jpg 750w, https:\/\/roztocze24.info\/wp-content\/uploads\/2019\/03\/WP_20190202_13_35_31_Pro-300x200.jpg 300w\" sizes=\"auto, (max-width: 750px) 85vw, 750px\" \/><figcaption>W \u015brodku Puszczy Solskiej<\/figcaption><\/figure><\/div>\n\n\n\n<p>Rajd mia\u0142 swoj\u0105 dramaturgi\u0119. Prognozy przewidywa\u0142y deszcze i faktycznie rano nieco popadywa\u0142o. Na starcie by\u0142o ju\u017c tylko pochmurnie. S\u0142o\u0144ce wysz\u0142o w Kobylance i pi\u0119knie o\u015bwietli\u0142o pomnik. Chwil\u0119 potem zasz\u0142o. Tak mia\u0142o by\u0107.<\/p>\n\n\n\n<p>Bardzo klimatyczne by\u0142o przej\u015bcie w dolinie Pauczy.<\/p>\n\n\n\n<div class=\"wp-block-image\"><figure class=\"aligncenter\"><img loading=\"lazy\" decoding=\"async\" width=\"750\" height=\"500\" src=\"https:\/\/roztocze24.info\/wp-content\/uploads\/2019\/03\/WP_20190202_10_32_24_Pro.jpg\" alt=\"\" class=\"wp-image-5062\" srcset=\"https:\/\/roztocze24.info\/wp-content\/uploads\/2019\/03\/WP_20190202_10_32_24_Pro.jpg 750w, https:\/\/roztocze24.info\/wp-content\/uploads\/2019\/03\/WP_20190202_10_32_24_Pro-300x200.jpg 300w\" sizes=\"auto, (max-width: 750px) 85vw, 750px\" \/><figcaption>W dolinie Pauczy<\/figcaption><\/figure><\/div>\n\n\n\n<p>Dooko\u0142a niezwyk\u0142a zmienno\u015b\u0107 przyrody: czasem w\u0119drujemy w \u015bniegu po kostki, czasem nie ma go praktycznie wcale. W powietrzu czu\u0107 wiosn\u0119, cho\u0107 zima mo\u017ce jeszcze nas zaskoczy\u0107.<\/p>\n\n\n\n<div class=\"wp-block-image\"><figure class=\"aligncenter\"><img loading=\"lazy\" decoding=\"async\" width=\"750\" height=\"500\" src=\"https:\/\/roztocze24.info\/wp-content\/uploads\/2019\/03\/WP_20190202_12_25_53_Pro.jpg\" alt=\"\" class=\"wp-image-5063\" srcset=\"https:\/\/roztocze24.info\/wp-content\/uploads\/2019\/03\/WP_20190202_12_25_53_Pro.jpg 750w, https:\/\/roztocze24.info\/wp-content\/uploads\/2019\/03\/WP_20190202_12_25_53_Pro-300x200.jpg 300w\" sizes=\"auto, (max-width: 750px) 85vw, 750px\" \/><figcaption>Okolice Kobylanki, zima to czy wiosna?<\/figcaption><\/figure><\/div>\n\n\n\n<p>Pod pomnikiem w Kobylance chwila zadumy i powsta\u0144cze wspomnienia.<\/p>\n\n\n\n<div class=\"wp-block-image\"><figure class=\"aligncenter\"><img loading=\"lazy\" decoding=\"async\" width=\"750\" height=\"500\" src=\"https:\/\/roztocze24.info\/wp-content\/uploads\/2019\/02\/WP_20190202_12_39_47_Pro.jpg\" alt=\"\" class=\"wp-image-4271\" srcset=\"https:\/\/roztocze24.info\/wp-content\/uploads\/2019\/02\/WP_20190202_12_39_47_Pro.jpg 750w, https:\/\/roztocze24.info\/wp-content\/uploads\/2019\/02\/WP_20190202_12_39_47_Pro-300x200.jpg 300w\" sizes=\"auto, (max-width: 750px) 85vw, 750px\" \/><figcaption>Kobylanka<\/figcaption><\/figure><\/div>\n\n\n\n<p>Potem przyszed\u0142 czas na ognisko, ja jednak uda\u0142em si\u0119 jeszcze na kr\u00f3tk\u0105 wycieczk\u0119 nad pobliskie stawy na Pauczy. Maj\u0105 one swoj\u0105 nazw\u0119: Koman. Woda zim\u0105 spuszczona, dzi\u0119ki czemu mo\u017cna sobie pochodzi\u0107 po dnie, kt\u00f3re jest tu piaszczyste. Ciekawe do\u015bwiadczenie. W sezonie nie wida\u0107 biegu rzeki, jedynie rozci\u0105gaj\u0105ce si\u0119 po horyzont stawy.<\/p>\n\n\n\n<div class=\"wp-block-image\"><figure class=\"aligncenter\"><img loading=\"lazy\" decoding=\"async\" width=\"750\" height=\"500\" src=\"https:\/\/roztocze24.info\/wp-content\/uploads\/2019\/04\/WP_20190202_13_25_16_Pro.jpg\" alt=\"\" class=\"wp-image-7021\" srcset=\"https:\/\/roztocze24.info\/wp-content\/uploads\/2019\/04\/WP_20190202_13_25_16_Pro.jpg 750w, https:\/\/roztocze24.info\/wp-content\/uploads\/2019\/04\/WP_20190202_13_25_16_Pro-300x200.jpg 300w\" sizes=\"auto, (max-width: 750px) 85vw, 750px\" \/><figcaption>Stawy Koman bez wody<\/figcaption><\/figure><\/div>\n\n\n\n<p><\/p>\n\n\n\n<div class=\"wp-block-image\"><figure class=\"aligncenter\"><img loading=\"lazy\" decoding=\"async\" width=\"750\" height=\"500\" src=\"https:\/\/roztocze24.info\/wp-content\/uploads\/2019\/03\/WP_20190202_13_27_20_Pro.jpg\" alt=\"\" class=\"wp-image-5065\" srcset=\"https:\/\/roztocze24.info\/wp-content\/uploads\/2019\/03\/WP_20190202_13_27_20_Pro.jpg 750w, https:\/\/roztocze24.info\/wp-content\/uploads\/2019\/03\/WP_20190202_13_27_20_Pro-300x200.jpg 300w\" sizes=\"auto, (max-width: 750px) 85vw, 750px\" \/><figcaption>Nad stawami Koman<\/figcaption><\/figure><\/div>\n\n\n\n<p>W ko\u0144cu trzeba z puszczy wyjecha\u0107. Droga powrotna okaza\u0142a si\u0119 nadspodziewanie trudna. Po s\u0142onecznym dniu i z temperatur\u0105 na plusie cz\u0119\u015b\u0107 \u015bniegowego lodowiska roztopi\u0142a si\u0119. Samoch\u00f3d dos\u0142ownie w tej brei ton\u0105\u0142 i zacz\u0119\u0142o nami rzuca\u0107 na prawo i lewo.<\/p>\n\n\n\n<p><em>Turbulencje<\/em> sko\u0144czy\u0142y si\u0119 na szcz\u0119\u015bcie w Hucie R\u00f3\u017canieckiej, cho\u0107 wi\u0119ksze czy mniejsze k\u0142opoty z nawierzchni\u0105 wyst\u0119powa\u0142y a\u017c do Narola. Wracali\u015bmy przez Be\u0142\u017cec, bo przyci\u0105gn\u0119\u0142a nas zupa rybaka w Karpi\u00f3wce w Be\u0142\u017ccu.<\/p>\n\n\n\n<p><em>Luty 2019 r.<\/em><\/p>\n","protected":false},"excerpt":{"rendered":"<p>W 2019 r. m\u00f3j pierwszy wypad na Roztocze wypad\u0142 2 lutego, gdy zima jeszcze solidnie trzyma\u0142a. To by\u0142a X ju\u017c edycja rajdu internetowej Grupy Turystycznej Roztocze (GTR) Gloria Victis do uroczyska Kobylanka w Puszczy Solskiej. Jechali\u015bmy przez Tomasz\u00f3w, Rebizanty i Hut\u0119 R\u00f3\u017canieck\u0105. Potem Puszcza Solska. W Zimowych okoliczno\u015bciach przyrody najbardziej obawia\u0142em si\u0119 tego ko\u0144cowego odcinka. &hellip; <a href=\"https:\/\/roztocze24.info\/?page_id=4117\" class=\"more-link\">Czytaj dalej<span class=\"screen-reader-text\"> \u201eZim\u0105 w Puszczy Solskiej: Kobylanka\u201d<\/span><\/a><\/p>\n","protected":false},"author":1,"featured_media":0,"parent":895,"menu_order":0,"comment_status":"closed","ping_status":"closed","template":"","meta":{"footnotes":""},"class_list":["post-4117","page","type-page","status-publish","hentry"],"_links":{"self":[{"href":"https:\/\/roztocze24.info\/index.php?rest_route=\/wp\/v2\/pages\/4117","targetHints":{"allow":["GET"]}}],"collection":[{"href":"https:\/\/roztocze24.info\/index.php?rest_route=\/wp\/v2\/pages"}],"about":[{"href":"https:\/\/roztocze24.info\/index.php?rest_route=\/wp\/v2\/types\/page"}],"author":[{"embeddable":true,"href":"https:\/\/roztocze24.info\/index.php?rest_route=\/wp\/v2\/users\/1"}],"replies":[{"embeddable":true,"href":"https:\/\/roztocze24.info\/index.php?rest_route=%2Fwp%2Fv2%2Fcomments&post=4117"}],"version-history":[{"count":8,"href":"https:\/\/roztocze24.info\/index.php?rest_route=\/wp\/v2\/pages\/4117\/revisions"}],"predecessor-version":[{"id":7028,"href":"https:\/\/roztocze24.info\/index.php?rest_route=\/wp\/v2\/pages\/4117\/revisions\/7028"}],"up":[{"embeddable":true,"href":"https:\/\/roztocze24.info\/index.php?rest_route=\/wp\/v2\/pages\/895"}],"wp:attachment":[{"href":"https:\/\/roztocze24.info\/index.php?rest_route=%2Fwp%2Fv2%2Fmedia&parent=4117"}],"curies":[{"name":"wp","href":"https:\/\/api.w.org\/{rel}","templated":true}]}}