{"id":4293,"date":"2019-03-23T18:21:04","date_gmt":"2019-03-23T17:21:04","guid":{"rendered":"http:\/\/roztocze24.info\/?page_id=4293"},"modified":"2024-05-10T19:13:21","modified_gmt":"2024-05-10T17:13:21","slug":"roztocze-polskie-i-ukrainskie-2009-2011","status":"publish","type":"page","link":"https:\/\/roztocze24.info\/?page_id=4293","title":{"rendered":"Roztocze 2009, 2011"},"content":{"rendered":"\n<p><strong>416 stron, Wydawnictwo Rewasz, Piast\u00f3w 2009, 2011<br>rewasz.com.pl<\/strong><\/p>\n\n\n\n<p>Ten przewodnik to spe\u0142nienie marze\u0144, czyli wydanie opracowania opisuj\u0105cego ca\u0142e Roztocze. Jest to pierwszy na rynku przewodnik opisuj\u0105cy konkretne i kompletne trasy piesze i rowerowe po obu stronach granicy \u2013 od Kra\u015bnika do Lwowa.<br><\/p>\n\n\n\n<p>\n\nW 2011 r. ukaza\u0142 si\u0119 dodruk, ze zmienion\u0105 ok\u0142adk\u0105 i ograniczon\u0105 aktualizacj\u0105 w \u015brodku. \n\n<\/p>\n\n\n\n<p> Przewodnik zawiera:<br> \u2013 obszerne opisy krajoznawcze,<br> \u2013 113 tras,<br> \u2013 po polskiej stronie 62 trasy piesze i 35 trasy rowerowych,<br> \u2013 14 tras po stronie ukrai\u0144skiej,<br> \u2013 ponadto trasy samochodowe i kolejowe. <\/p>\n","protected":false},"excerpt":{"rendered":"<p>416 stron, Wydawnictwo Rewasz, Piast\u00f3w 2009, 2011rewasz.com.pl Ten przewodnik to spe\u0142nienie marze\u0144, czyli wydanie opracowania opisuj\u0105cego ca\u0142e Roztocze. Jest to pierwszy na rynku przewodnik opisuj\u0105cy konkretne i kompletne trasy piesze i rowerowe po obu stronach granicy \u2013 od Kra\u015bnika do Lwowa. W 2011 r. ukaza\u0142 si\u0119 dodruk, ze zmienion\u0105 ok\u0142adk\u0105 i ograniczon\u0105 aktualizacj\u0105 w \u015brodku. &hellip; <a href=\"https:\/\/roztocze24.info\/?page_id=4293\" class=\"more-link\">Czytaj dalej<span class=\"screen-reader-text\"> \u201eRoztocze 2009, 2011\u201d<\/span><\/a><\/p>\n","protected":false},"author":1,"featured_media":4238,"parent":813,"menu_order":0,"comment_status":"closed","ping_status":"closed","template":"","meta":{"footnotes":""},"class_list":["post-4293","page","type-page","status-publish","has-post-thumbnail","hentry"],"_links":{"self":[{"href":"https:\/\/roztocze24.info\/index.php?rest_route=\/wp\/v2\/pages\/4293","targetHints":{"allow":["GET"]}}],"collection":[{"href":"https:\/\/roztocze24.info\/index.php?rest_route=\/wp\/v2\/pages"}],"about":[{"href":"https:\/\/roztocze24.info\/index.php?rest_route=\/wp\/v2\/types\/page"}],"author":[{"embeddable":true,"href":"https:\/\/roztocze24.info\/index.php?rest_route=\/wp\/v2\/users\/1"}],"replies":[{"embeddable":true,"href":"https:\/\/roztocze24.info\/index.php?rest_route=%2Fwp%2Fv2%2Fcomments&post=4293"}],"version-history":[{"count":5,"href":"https:\/\/roztocze24.info\/index.php?rest_route=\/wp\/v2\/pages\/4293\/revisions"}],"predecessor-version":[{"id":8911,"href":"https:\/\/roztocze24.info\/index.php?rest_route=\/wp\/v2\/pages\/4293\/revisions\/8911"}],"up":[{"embeddable":true,"href":"https:\/\/roztocze24.info\/index.php?rest_route=\/wp\/v2\/pages\/813"}],"wp:featuredmedia":[{"embeddable":true,"href":"https:\/\/roztocze24.info\/index.php?rest_route=\/wp\/v2\/media\/4238"}],"wp:attachment":[{"href":"https:\/\/roztocze24.info\/index.php?rest_route=%2Fwp%2Fv2%2Fmedia&parent=4293"}],"curies":[{"name":"wp","href":"https:\/\/api.w.org\/{rel}","templated":true}]}}