{"id":4305,"date":"2019-03-23T18:55:27","date_gmt":"2019-03-23T17:55:27","guid":{"rendered":"http:\/\/roztocze24.info\/?page_id=4305"},"modified":"2019-03-23T20:13:44","modified_gmt":"2019-03-23T19:13:44","slug":"roztocze-puszcza-solska-lasy-janowskie-i-wyzyna-wolynska-czesc-polska-2000","status":"publish","type":"page","link":"https:\/\/roztocze24.info\/?page_id=4305","title":{"rendered":"Roztocze, Puszcza Solska, Lasy Janowskie i Wy\u017cyna Wo\u0142y\u0144ska (cz\u0119\u015b\u0107 polska), 2000"},"content":{"rendered":"\n<p>\t\t\t\t<strong>414 stron, Wydawnictwo Stanis\u0142aw Kryci\u0144ski, Warszawa 2000<\/strong> <\/p>\n\n\n\n<p>Ze wst\u0119pu:  wzg\u00f3rza, otwarte przestrzenie, lasy, malownicze doliny rzeczne,  niewielkie wodospady zwane tu szumami \u2013 to w\u0142a\u015bnie Roztocze. W (\u2026)  bie\u017c\u0105cym wydaniu zwi\u0119kszy\u0142 si\u0119 zasi\u0119g prezentowanego terenu: dodali\u015bmy  trasy prowadz\u0105ce przez Grz\u0119d\u0119 Sokalsk\u0105, Kotlin\u0119 Hrubieszowsk\u0105, Grz\u0119d\u0119  Horodelsk\u0105 i P\u0142askowy\u017c Tarnogrodzki.<\/p>\n\n\n\n<p> * 414 stron<br> * 76 tras, obszerne opisy krajoznawcze<br> * Szlaki piesze, rowerowe i samochodowe<br> * Roztocze Zachodnie, \u015arodkowe i Wschodnie (Po\u0142udniowe), Kotlina  Sandomierska (R\u00f3wnina Bi\u0142gorajska i P\u0142askowy\u017c Tarnogrodzki), Wy\u017cyna  Wo\u0142y\u0144ska (cz\u0119\u015b\u0107 polska: Grz\u0119da Sokalska, Kotlina Hrubieszowska, Grz\u0119da  Horodelska)<br> * Roztocza\u0144ski Park Narodowy, rezerwaty przyrody, parki krajobrazowe<br> * Opisano m.in. Bi\u0142goraj, Do\u0142hobycz\u00f3w, Horod\u0142o, Horyniec, Hrebenne,  Hrubiesz\u00f3w, Jan\u00f3w Lubelski, Krasnobr\u00f3d, Kry\u0142\u00f3w, Lubacz\u00f3w, Narol, Susiec,  Szczebrzeszyn, Tarnogr\u00f3d, Tomasz\u00f3w Lubelski, Werchrata, Wielkie Oczy,  Zwierzyniec, Zamo\u015b\u0107,<br> * Roztocza\u0144skie adresy internetowe. <\/p>\n\n\n\n<p>M\u00f3j jedyny przewodnik prezentuj\u0105cy Wy\u017cyn\u0119 Wo\u0142y\u0144sk\u0105, a przy okazji ostatni (jak na razie) opisuj\u0105cy Lasy Janowskie.<\/p>\n\n\n\n<p> Przewodnik ukaza\u0142 si\u0119 w czerwcu 2000 r., potem mia\u0142 cztery dodruki,  kt\u00f3re ukaza\u0142y si\u0119 w czerwcu 2000 r., czerwcu 2001 r.,   lipcu 2004 r. i  lipcu 2005. Ostatnie dwie zawiera\u0142y obszerny dodatek   aktualizacyjny.  Kolejne dodruki nie by\u0142y ju\u017c planowane, przewodnik zbyt bardzo mocno si\u0119 zdezaktualizowa\u0142.   <\/p>\n","protected":false},"excerpt":{"rendered":"<p>414 stron, Wydawnictwo Stanis\u0142aw Kryci\u0144ski, Warszawa 2000 Ze wst\u0119pu: wzg\u00f3rza, otwarte przestrzenie, lasy, malownicze doliny rzeczne, niewielkie wodospady zwane tu szumami \u2013 to w\u0142a\u015bnie Roztocze. W (\u2026) bie\u017c\u0105cym wydaniu zwi\u0119kszy\u0142 si\u0119 zasi\u0119g prezentowanego terenu: dodali\u015bmy trasy prowadz\u0105ce przez Grz\u0119d\u0119 Sokalsk\u0105, Kotlin\u0119 Hrubieszowsk\u0105, Grz\u0119d\u0119 Horodelsk\u0105 i P\u0142askowy\u017c Tarnogrodzki. * 414 stron * 76 tras, obszerne opisy &hellip; <a href=\"https:\/\/roztocze24.info\/?page_id=4305\" class=\"more-link\">Czytaj dalej<span class=\"screen-reader-text\"> \u201eRoztocze, Puszcza Solska, Lasy Janowskie i Wy\u017cyna Wo\u0142y\u0144ska (cz\u0119\u015b\u0107 polska), 2000\u201d<\/span><\/a><\/p>\n","protected":false},"author":1,"featured_media":4234,"parent":813,"menu_order":0,"comment_status":"closed","ping_status":"closed","template":"","meta":{"footnotes":""},"class_list":["post-4305","page","type-page","status-publish","has-post-thumbnail","hentry"],"_links":{"self":[{"href":"https:\/\/roztocze24.info\/index.php?rest_route=\/wp\/v2\/pages\/4305","targetHints":{"allow":["GET"]}}],"collection":[{"href":"https:\/\/roztocze24.info\/index.php?rest_route=\/wp\/v2\/pages"}],"about":[{"href":"https:\/\/roztocze24.info\/index.php?rest_route=\/wp\/v2\/types\/page"}],"author":[{"embeddable":true,"href":"https:\/\/roztocze24.info\/index.php?rest_route=\/wp\/v2\/users\/1"}],"replies":[{"embeddable":true,"href":"https:\/\/roztocze24.info\/index.php?rest_route=%2Fwp%2Fv2%2Fcomments&post=4305"}],"version-history":[{"count":3,"href":"https:\/\/roztocze24.info\/index.php?rest_route=\/wp\/v2\/pages\/4305\/revisions"}],"predecessor-version":[{"id":4335,"href":"https:\/\/roztocze24.info\/index.php?rest_route=\/wp\/v2\/pages\/4305\/revisions\/4335"}],"up":[{"embeddable":true,"href":"https:\/\/roztocze24.info\/index.php?rest_route=\/wp\/v2\/pages\/813"}],"wp:featuredmedia":[{"embeddable":true,"href":"https:\/\/roztocze24.info\/index.php?rest_route=\/wp\/v2\/media\/4234"}],"wp:attachment":[{"href":"https:\/\/roztocze24.info\/index.php?rest_route=%2Fwp%2Fv2%2Fmedia&parent=4305"}],"curies":[{"name":"wp","href":"https:\/\/api.w.org\/{rel}","templated":true}]}}