{"id":4320,"date":"2019-03-23T19:53:16","date_gmt":"2019-03-23T18:53:16","guid":{"rendered":"http:\/\/roztocze24.info\/?page_id=4320"},"modified":"2019-04-07T21:14:09","modified_gmt":"2019-04-07T19:14:09","slug":"konsultowane-mapy","status":"publish","type":"page","link":"https:\/\/roztocze24.info\/?page_id=4320","title":{"rendered":"Konsultowane mapy"},"content":{"rendered":"\n<h2 class=\"wp-block-heading\">Roztocze \u015arodkowe i Wschodnie, mapa turystyczna 1: 50 000<\/h2>\n\n\n\n<p>Wydawnictwo Turystyczne Pawe\u0142 W\u0142ad, Rzesz\u00f3w 2016<br> www.wlad.com.pl<\/p>\n\n\n\n<p>Du\u017ca mapa dwustronna, w wygodnej skali 1: 50 000.<br>Opracowanie kartograficzne: Pawe\u0142 W\u0142ad. <\/p>\n\n\n\n<p><\/p>\n\n\n\n<h2 class=\"wp-block-heading\">Roztocze,\nPuszcza Solska, mapa turystyczno-topograficzna, 1: 75&nbsp;000<\/h2>\n\n\n\n<p>Wydawnictwo Naukowe, Turystyczne i Edukacyjne, Mielec 2003, 2004<br> Wydawnictwo Turystyczne Pawe\u0142 W\u0142ad, Rzesz\u00f3w 2007, 2011, 2015<br> www.wlad.com.pl<\/p>\n\n\n\n<p>Du\u017ca mapa dwustronna, pierwotnie wydawana pod tytu\u0142em Roztocze \u015arodkowe i Wschodnie, Puszcza Solska i w skali 1: 80 000.<br>Od edycji z 2015 r. obejmuje ca\u0142e Roztocze po polskiej stronie.<br>Opracowanie merytoryczne i graficzne: Pawe\u0142 W\u0142ad.<\/p>\n\n\n\n<p><\/p>\n\n\n\n<h2 class=\"wp-block-heading\">Roztocze\n\u015arodkowe \u2013 mapa turystyczna 1: 50&nbsp;000<\/h2>\n\n\n\n<p>Kartpol (sie\u0107 Carto Media), Lublin 2006, 2010, 2013<br>www.kartpol.lublin.pl  <\/p>\n\n\n\n<p>Opracowanie autorskie i kartograficzne: Tadeusz Grabowski, Krzysztof Ka\u0142amucki, Miros\u0142aw Krukowski.<br>Autorzy opis\u00f3w krajoznawczych: Edward S\u0142oniewski, Ryszard \u0141apa, Artur Paw\u0142owski, M. Grzechnik.<br>Pierwsze wydanie mapy ukaza\u0142o si\u0119 w 2002 r., jednak w jego powstawaniu nie uczestniczy\u0142em.<br>Od 2006 r. drukowany jest m\u00f3j tekst o Roztoczu.<br>Edycj\u0119 z 2013 r. przygotowano bez mojego udzia\u0142u, cho\u0107 nadal z moim starym tekstem (bez mo\u017cliwo\u015bci korekty). <\/p>\n\n\n\n<p><\/p>\n\n\n\n<h2 class=\"wp-block-heading\">Roztocze\n\u015arodkowe \u2013 mapa turystyczno-topograficzna 1:60 000<\/h2>\n\n\n\n<p>Wydawnictwo Naukowe, Turystyczne i Edukacyjne, Mielec 2005, 2006<br> Wydawnictwo Turystyczne Pawe\u0142 W\u0142ad, Rzesz\u00f3w 2010, 2011, 2014<br> www.wlad.com.pl<\/p>\n\n\n\n<p>Arkusz na odwrocie zawiera obszerny opis krajoznawczy (autor: Pawe\u0142 W\u0142ad).<br>Opracowanie merytoryczne i graficzne: Pawe\u0142 W\u0142ad.<\/p>\n\n\n\n<p><\/p>\n\n\n\n<h2 class=\"wp-block-heading\">Roztocze Po\u0142udniowe (cz\u0119\u015b\u0107 polska) \u2013 mapa turystyczna 1:50 000 <\/h2>\n\n\n\n<p>Wydawnictwo Kartpol (sie\u0107 CartoMedia) Pozna\u0144, Lublin 2009<br> www.kartpol.lublin.pl<\/p>\n\n\n\n<p>Opracowanie autorskie i kartograficzne: Leszek Grzechnik, Krzysztof Ka\u0142amucki, Piotr Kasiborski, Anna \u0141ukasik, Kamil Nie\u015bcioruk.<br>Aktualizacja tre\u015bci turystycznej: Polskie Towarzystwo Turystyczno-Krajoznawcze oddzia\u0142 w Zamo\u015bciu; Pawe\u0142 Rydzewski, Krzysztof Wo\u017any, Grzegorz Wo\u017any, Bart\u0142omiej \u0141aguniak i Krzysztof Banaszak (cz\u0142onkowie Grupy Eksplorator\u00f3w Roztocza Po\u0142udniowego) oraz Artur Paw\u0142owski.<br>II wydanie mapy ukaza\u0142o si\u0119 w 2015 r., tej mapy ju\u017c jednak nie konsultowa\u0142em.<\/p>\n\n\n\n<p><\/p>\n\n\n\n<h2 class=\"wp-block-heading\">Roztocze Wschodnie \u2013 mapa turystyczno-topograficzna 1: 60&nbsp;000&nbsp;<\/h2>\n\n\n\n<p>Wydawnictwo Naukowe, Turystyczne i Edukacyjne, Mielec 2004, 2005, 2006, 2007<br> Wydawnictwo Turystyczne Pawe\u0142 W\u0142ad, Rzesz\u00f3w, 2010, 2012, 2015<br> www.wlad.com.pl<\/p>\n\n\n\n<p>Po raz pierwszy ta ciekawa mapa ukaza\u0142a si\u0119 w skali 1: 50 000 i mia\u0142a dwa wydania \u2013 w 1999 i 2002 r.<br> Po zmianie skali na 1: 60&nbsp;000 jej kolejne edycje ukazuj\u0105 si\u0119 od 2004 r. (to zarazem pierwsza edycja, kt\u00f3r\u0105 konsultowa\u0142em).<br> Opracowanie tekstu: Pawe\u0142 W\u0142ad.<br> Opracowanie merytoryczne i graficzne: Pawe\u0142 W\u0142ad.<\/p>\n\n\n\n<p><\/p>\n\n\n\n<h2 class=\"wp-block-heading\">Lasy\nJanowskie, mapa turystyczno-przyrodnicza 1: 50&nbsp;000<\/h2>\n\n\n\n<p>Kartpol (sie\u0107 Carto Media), Lublin 2004, 2007<br> www.kartpol.lublin.pl<\/p>\n\n\n\n<p>Mapa przedstawia przebieg znakowanych szlak\u00f3w turystycznych, \u015bcie\u017cek dydaktycznych, oraz tras rowerowych wg stanu z 2004 r.<br>Opracowanie autorskie i kartograficzne: K. Ka\u0142amucki, M. Krukowski, A. Wediuk, L. Grzechnik.<br>Konsultacja tre\u015bci turystycznej i autor opisu krajoznawczego Las\u00f3w Janowskich: A. Paw\u0142owski.<br> Nazwy lokalne zaznaczono na podstawie materia\u0142\u00f3w M. Cie\u015blaka i informacji uzyskanych od pracownik\u00f3w Nadle\u015bnictwa Jan\u00f3w Lubelski.<br>Dodruk mapy ukaza\u0142 si\u0119 w 2007 r. (bez istotnych zmian), a zupe\u0142nie now\u0105 jej wersj\u0119 przygotowano w 2012 r. bez mojego udzia\u0142u, cho\u0107 nadal z moim starym tekstem z 2004 r. (bez mo\u017cliwo\u015bci korekty).<\/p>\n\n\n\n<p><\/p>\n\n\n\n<h2 class=\"wp-block-heading\">Mapy elektroniczne 1: 50 000 na stronie internetowej Wydawnictwa Turystycznego Pawe\u0142 W\u0142ad<\/h2>\n\n\n\n<p>Mapy te aktualizowane s\u0105 na bie\u017c\u0105co.<\/p>\n\n\n\n<p> <a href=\"http:\/\/www.wlad.com.pl\/Mapy_elektron.htm\">http:\/\/www.wlad.com.pl\/Mapy_elektron.htm<\/a><\/p>\n","protected":false},"excerpt":{"rendered":"<p>Roztocze \u015arodkowe i Wschodnie, mapa turystyczna 1: 50 000 Wydawnictwo Turystyczne Pawe\u0142 W\u0142ad, Rzesz\u00f3w 2016 www.wlad.com.pl Du\u017ca mapa dwustronna, w wygodnej skali 1: 50 000.Opracowanie kartograficzne: Pawe\u0142 W\u0142ad. Roztocze, Puszcza Solska, mapa turystyczno-topograficzna, 1: 75&nbsp;000 Wydawnictwo Naukowe, Turystyczne i Edukacyjne, Mielec 2003, 2004 Wydawnictwo Turystyczne Pawe\u0142 W\u0142ad, Rzesz\u00f3w 2007, 2011, 2015 www.wlad.com.pl Du\u017ca mapa dwustronna, &hellip; <a href=\"https:\/\/roztocze24.info\/?page_id=4320\" class=\"more-link\">Czytaj dalej<span class=\"screen-reader-text\"> \u201eKonsultowane mapy\u201d<\/span><\/a><\/p>\n","protected":false},"author":1,"featured_media":4319,"parent":813,"menu_order":0,"comment_status":"closed","ping_status":"closed","template":"","meta":{"footnotes":""},"class_list":["post-4320","page","type-page","status-publish","has-post-thumbnail","hentry"],"_links":{"self":[{"href":"https:\/\/roztocze24.info\/index.php?rest_route=\/wp\/v2\/pages\/4320","targetHints":{"allow":["GET"]}}],"collection":[{"href":"https:\/\/roztocze24.info\/index.php?rest_route=\/wp\/v2\/pages"}],"about":[{"href":"https:\/\/roztocze24.info\/index.php?rest_route=\/wp\/v2\/types\/page"}],"author":[{"embeddable":true,"href":"https:\/\/roztocze24.info\/index.php?rest_route=\/wp\/v2\/users\/1"}],"replies":[{"embeddable":true,"href":"https:\/\/roztocze24.info\/index.php?rest_route=%2Fwp%2Fv2%2Fcomments&post=4320"}],"version-history":[{"count":5,"href":"https:\/\/roztocze24.info\/index.php?rest_route=\/wp\/v2\/pages\/4320\/revisions"}],"predecessor-version":[{"id":7001,"href":"https:\/\/roztocze24.info\/index.php?rest_route=\/wp\/v2\/pages\/4320\/revisions\/7001"}],"up":[{"embeddable":true,"href":"https:\/\/roztocze24.info\/index.php?rest_route=\/wp\/v2\/pages\/813"}],"wp:featuredmedia":[{"embeddable":true,"href":"https:\/\/roztocze24.info\/index.php?rest_route=\/wp\/v2\/media\/4319"}],"wp:attachment":[{"href":"https:\/\/roztocze24.info\/index.php?rest_route=%2Fwp%2Fv2%2Fmedia&parent=4320"}],"curies":[{"name":"wp","href":"https:\/\/api.w.org\/{rel}","templated":true}]}}