{"id":4451,"date":"2019-03-24T01:09:46","date_gmt":"2019-03-24T00:09:46","guid":{"rendered":"http:\/\/roztocze24.info\/?page_id=4451"},"modified":"2019-03-24T12:34:14","modified_gmt":"2019-03-24T11:34:14","slug":"500-rajdow-artura","status":"publish","type":"page","link":"https:\/\/roztocze24.info\/?page_id=4451","title":{"rendered":"500 rajd\u00f3w Artura, 2018"},"content":{"rendered":"\n<p>Album przygotowany przez przyjaci\u00f3\u0142 z internetowej Grupy Turystycznej Roztocze (GTR) z okazji mojego jubileuszu &#8211; 500 rajd\u00f3w po Roztoczu. Otrzyma\u0142em go podczas specjalnego spotkania jubileuszowego, kt\u00f3re odby\u0142o si\u0119 w Su\u015bcu na Za\u015bcianku u Wiktora Jarosza w styczniu 2018 r. Zawiera zdj\u0119cia ze wsp\u00f3lnych wypraw i nosi pe\u0142ny tytu\u0142 <strong>50 twarzy Artura, 500 rajd\u00f3w po Roztoczu<\/strong>.  Pierwsza cz\u0119\u015b\u0107 tytu\u0142u to oczywi\u015bcie nawi\u0105zanie do niejakiego Greya, kt\u00f3ry w sumie te\u017c interesowa\u0142 si\u0119 przyrod\u0105. <\/p>\n\n\n\n<p>Nak\u0142ad: 1 egzemplarz.<\/p>\n","protected":false},"excerpt":{"rendered":"<p>Album przygotowany przez przyjaci\u00f3\u0142 z internetowej Grupy Turystycznej Roztocze (GTR) z okazji mojego jubileuszu &#8211; 500 rajd\u00f3w po Roztoczu. Otrzyma\u0142em go podczas specjalnego spotkania jubileuszowego, kt\u00f3re odby\u0142o si\u0119 w Su\u015bcu na Za\u015bcianku u Wiktora Jarosza w styczniu 2018 r. Zawiera zdj\u0119cia ze wsp\u00f3lnych wypraw i nosi pe\u0142ny tytu\u0142 50 twarzy Artura, 500 rajd\u00f3w po Roztoczu. &hellip; <a href=\"https:\/\/roztocze24.info\/?page_id=4451\" class=\"more-link\">Czytaj dalej<span class=\"screen-reader-text\"> \u201e500 rajd\u00f3w Artura, 2018\u201d<\/span><\/a><\/p>\n","protected":false},"author":1,"featured_media":4452,"parent":813,"menu_order":0,"comment_status":"closed","ping_status":"closed","template":"","meta":{"footnotes":""},"class_list":["post-4451","page","type-page","status-publish","has-post-thumbnail","hentry"],"_links":{"self":[{"href":"https:\/\/roztocze24.info\/index.php?rest_route=\/wp\/v2\/pages\/4451","targetHints":{"allow":["GET"]}}],"collection":[{"href":"https:\/\/roztocze24.info\/index.php?rest_route=\/wp\/v2\/pages"}],"about":[{"href":"https:\/\/roztocze24.info\/index.php?rest_route=\/wp\/v2\/types\/page"}],"author":[{"embeddable":true,"href":"https:\/\/roztocze24.info\/index.php?rest_route=\/wp\/v2\/users\/1"}],"replies":[{"embeddable":true,"href":"https:\/\/roztocze24.info\/index.php?rest_route=%2Fwp%2Fv2%2Fcomments&post=4451"}],"version-history":[{"count":4,"href":"https:\/\/roztocze24.info\/index.php?rest_route=\/wp\/v2\/pages\/4451\/revisions"}],"predecessor-version":[{"id":4459,"href":"https:\/\/roztocze24.info\/index.php?rest_route=\/wp\/v2\/pages\/4451\/revisions\/4459"}],"up":[{"embeddable":true,"href":"https:\/\/roztocze24.info\/index.php?rest_route=\/wp\/v2\/pages\/813"}],"wp:featuredmedia":[{"embeddable":true,"href":"https:\/\/roztocze24.info\/index.php?rest_route=\/wp\/v2\/media\/4452"}],"wp:attachment":[{"href":"https:\/\/roztocze24.info\/index.php?rest_route=%2Fwp%2Fv2%2Fmedia&parent=4451"}],"curies":[{"name":"wp","href":"https:\/\/api.w.org\/{rel}","templated":true}]}}