{"id":5846,"date":"2019-03-28T11:05:07","date_gmt":"2019-03-28T10:05:07","guid":{"rendered":"http:\/\/roztocze24.info\/?page_id=5846"},"modified":"2019-03-28T12:56:15","modified_gmt":"2019-03-28T11:56:15","slug":"roztocze-po-calosci","status":"publish","type":"page","link":"https:\/\/roztocze24.info\/?page_id=5846","title":{"rendered":"Roztocze po ca\u0142o\u015bci"},"content":{"rendered":"\n<p><strong>Wschodni Szlak Rowerowy Green Velo<\/strong><\/p>\n\n\n\n<p><a href=\"https:\/\/roztocze24.info\/?page_id=2126\">Wschodni Szlak Rowerowy Green Velo na Roztoczu cz. I, 2015\/2016<\/a><\/p>\n\n\n\n<p><a href=\"https:\/\/roztocze24.info\/?page_id=2195\">Wschodni Szlak Rowerowy Green Velo na Roztoczu cz II, 2015<\/a><\/p>\n\n\n\n<p><a href=\"https:\/\/roztocze24.info\/?page_id=3094\">Wschodni Szlak Rowerowy Green Velo cz III: Lasy Janowskie, 2017<\/a><\/p>\n\n\n\n<p><strong>Centralny Szlak Rowerowy Roztocza<\/strong><\/p>\n\n\n\n<p><a href=\"https:\/\/roztocze24.info\/?page_id=940\">Centralny Szlak Rowerowy Roztocza, etap I: Kra\u015bnik \u2013 Zwierzyniec,&nbsp; 2003<\/a><\/p>\n\n\n\n<p><a href=\"https:\/\/roztocze24.info\/?page_id=903\">Centralny Szlak Rowerowy Roztocza, etap II, cz\u0119\u015b\u0107 1: Zwierzyniec \u2013 Be\u0142\u017cec, 2005<\/a><\/p>\n\n\n\n<p><a href=\"https:\/\/roztocze24.info\/?page_id=889\">Centralny Szlak Rowerowy Roztocza: Be\u0142\u017cec \u2013 Hrebenne, 2007<\/a><\/p>\n\n\n\n<p><a href=\"https:\/\/roztocze24.info\/?page_id=931\">Centralny Szlak Rowerowy Roztocza, etap III: Hrebenne \u2013 Lw\u00f3w, 2007<\/a><\/p>\n\n\n\n<p><strong>Inne<\/strong><\/p>\n\n\n\n<p><a href=\"http:\/\/roztocze24.info\/?page_id=881\">Poci\u0105giem zimow\u0105 noc\u0105 przez ca\u0142e Roztocze, 2006<\/a><br><\/p>\n","protected":false},"excerpt":{"rendered":"<p>Wschodni Szlak Rowerowy Green Velo Wschodni Szlak Rowerowy Green Velo na Roztoczu cz. I, 2015\/2016 Wschodni Szlak Rowerowy Green Velo na Roztoczu cz II, 2015 Wschodni Szlak Rowerowy Green Velo cz III: Lasy Janowskie, 2017 Centralny Szlak Rowerowy Roztocza Centralny Szlak Rowerowy Roztocza, etap I: Kra\u015bnik \u2013 Zwierzyniec,&nbsp; 2003 Centralny Szlak Rowerowy Roztocza, etap II, &hellip; <a href=\"https:\/\/roztocze24.info\/?page_id=5846\" class=\"more-link\">Czytaj dalej<span class=\"screen-reader-text\"> \u201eRoztocze po ca\u0142o\u015bci\u201d<\/span><\/a><\/p>\n","protected":false},"author":1,"featured_media":0,"parent":0,"menu_order":0,"comment_status":"closed","ping_status":"closed","template":"","meta":{"footnotes":""},"class_list":["post-5846","page","type-page","status-publish","hentry"],"_links":{"self":[{"href":"https:\/\/roztocze24.info\/index.php?rest_route=\/wp\/v2\/pages\/5846","targetHints":{"allow":["GET"]}}],"collection":[{"href":"https:\/\/roztocze24.info\/index.php?rest_route=\/wp\/v2\/pages"}],"about":[{"href":"https:\/\/roztocze24.info\/index.php?rest_route=\/wp\/v2\/types\/page"}],"author":[{"embeddable":true,"href":"https:\/\/roztocze24.info\/index.php?rest_route=\/wp\/v2\/users\/1"}],"replies":[{"embeddable":true,"href":"https:\/\/roztocze24.info\/index.php?rest_route=%2Fwp%2Fv2%2Fcomments&post=5846"}],"version-history":[{"count":7,"href":"https:\/\/roztocze24.info\/index.php?rest_route=\/wp\/v2\/pages\/5846\/revisions"}],"predecessor-version":[{"id":5904,"href":"https:\/\/roztocze24.info\/index.php?rest_route=\/wp\/v2\/pages\/5846\/revisions\/5904"}],"wp:attachment":[{"href":"https:\/\/roztocze24.info\/index.php?rest_route=%2Fwp%2Fv2%2Fmedia&parent=5846"}],"curies":[{"name":"wp","href":"https:\/\/api.w.org\/{rel}","templated":true}]}}