{"id":6837,"date":"2019-04-05T20:25:13","date_gmt":"2019-04-05T18:25:13","guid":{"rendered":"http:\/\/roztocze24.info\/?page_id=6837"},"modified":"2025-08-30T20:01:12","modified_gmt":"2025-08-30T18:01:12","slug":"horyniec-munina","status":"publish","type":"page","link":"https:\/\/roztocze24.info\/?page_id=6837","title":{"rendered":"Horyniec &#8211; Munina"},"content":{"rendered":"\n<p> <strong>56 km<\/strong><\/p>\n\n\n\n<p>Odcinek w ruchu pasa\u017cerskim obs\u0142ugiwany jest ca\u0142orocznie codziennie z wyj\u0105tkiem sob\u00f3t, a ponadto w maj\u00f3wk\u0119, a w wakacje dodatkowo w soboty.<\/p>\n\n\n\n<p>161 km &#8211;<strong> Horyniec Zdr\u00f3j<\/strong>. Faktycznie znajduje si\u0119 tu zyskuj\u0105ce w ostatnich latach popularno\u015b\u0107 uzdrowisko. Leczy si\u0119 tu choroby reumatyczne i narz\u0105d\u00f3w ruchu. W Hory\u0144cu zaczynaj\u0105 si\u0119 dwa wa\u017cne szlaki turystyczne: Centralny do Be\u0142\u017cca, Zwierzy\u0144ca i Szastarki <em>(niebieski)<\/em>, Im. \u015bw. Brata Alberta do Narola <em>(zielony<\/em>).  Ponadto w okolicy wyznakowano trzy \u015bcie\u017cki  dydaktyczne: do  Nowin Horynieckich, Za Niw\u0105 i  D\u0119bisko &#8211; Kruszyna.  T\u0119dy tak\u017ce przebiega szlak rowerowy Green Velo, atrakcj\u0105 jest tak\u017ce lokalny szlak rowerowy Nad Brusienk\u0105 <em>(niebieski<\/em>).  Du\u017c\u0105 atrakcj\u0105 jest znajduj\u0105cy  si\u0119 w odleg\u0142ym o 3 km Radru\u017cu bardzo ciekawy i  stary zesp\u00f3\u0142  cerkiewno-obronny z XVI w. W 2013 r. wpisano go na List\u0119 \u015awiatowego Dziedzictwa UNESCO, a od 2017 r. jest na li\u015bcie polskich pomnik\u00f3w historii.<\/p>\n\n\n<div class=\"wp-block-image\">\n<figure class=\"aligncenter\"><img loading=\"lazy\" decoding=\"async\" width=\"750\" height=\"421\" src=\"https:\/\/roztocze24.info\/wp-content\/uploads\/2019\/04\/WP_20140707_042-Horyniec.jpg\" alt=\"\" class=\"wp-image-6838\" srcset=\"https:\/\/roztocze24.info\/wp-content\/uploads\/2019\/04\/WP_20140707_042-Horyniec.jpg 750w, https:\/\/roztocze24.info\/wp-content\/uploads\/2019\/04\/WP_20140707_042-Horyniec-300x168.jpg 300w\" sizes=\"auto, (max-width: 750px) 85vw, 750px\" \/><figcaption class=\"wp-element-caption\">Na stacji Horyniec<\/figcaption><\/figure>\n<\/div>\n\n\n<p>Na dalszym odcinku trasy kolejowej ciekawostk\u0105 jest bocznica kolejowa znajduj\u0105ca si\u0119 w pobli\u017cu wsi  W\u00f3lka Horyniecka (miejsce okre\u015blane jako                           Kaplisze, b\u0105d\u017a Czerwinki). Przygotowano go na wypadek wybuchu III wojny \u015bwiatowej. Tu, pod os\u0142on\u0105 lasu, mo\u017cna by\u0142o prze\u0142adowywa\u0107 transporty wojskowe z toru szerokiego na normalny. W\u0142a\u015bnie tu tak\u017ce sko\u0144czy si\u0119 wspominany tor szeroki, kt\u00f3ry towarzyszy\u0142 nam a\u017c od granicy pa\u0144stwowej w Werchracie. <a href=\"https:\/\/roztocze24.info\/?page_id=885\">Wi\u0119cej<\/a><\/p>\n\n\n\n<p>169 km &#8211; <strong>Basznia<\/strong>. Od wakacji 2022 r. funkcjonuje tu muzeum kolejowe Stacja Basznia. Ekspozycja sk\u0142ada si\u0119 z tradycyjnych tablic i ciekawie zaaran\u017cowanych ekspozycji multimedialnych. <\/p>\n\n\n<div class=\"wp-block-image\">\n<figure class=\"aligncenter\"><img loading=\"lazy\" decoding=\"async\" width=\"750\" height=\"500\" src=\"https:\/\/roztocze24.info\/wp-content\/uploads\/2019\/04\/WP_20140707_040.jpg\" alt=\"\" class=\"wp-image-6839\" srcset=\"https:\/\/roztocze24.info\/wp-content\/uploads\/2019\/04\/WP_20140707_040.jpg 750w, https:\/\/roztocze24.info\/wp-content\/uploads\/2019\/04\/WP_20140707_040-300x200.jpg 300w\" sizes=\"auto, (max-width: 750px) 85vw, 750px\" \/><figcaption class=\"wp-element-caption\">Stacja Basznia przed przebudow\u0105<\/figcaption><\/figure>\n<\/div>\n\n\n<p>Nieopodal ekspozycja dw\u00f3ch zabytkowych most\u00f3w kolejowych z tej linii kolejowej, kt\u00f3re na szlaku zast\u0105piono nowszymi konstrukcjami. przez pierwszy z nich prowadzi kr\u00f3tka kolej w\u0105skotorowa, dost\u0119pna dla turyst\u00f3w zwiedzaj\u0105cych muzeum.<\/p>\n\n\n<div class=\"wp-block-image\">\n<figure class=\"aligncenter size-full\"><img loading=\"lazy\" decoding=\"async\" width=\"750\" height=\"500\" src=\"https:\/\/roztocze24.info\/wp-content\/uploads\/2022\/10\/PXL_20220807_140024022.jpg\" alt=\"\" class=\"wp-image-8340\" srcset=\"https:\/\/roztocze24.info\/wp-content\/uploads\/2022\/10\/PXL_20220807_140024022.jpg 750w, https:\/\/roztocze24.info\/wp-content\/uploads\/2022\/10\/PXL_20220807_140024022-300x200.jpg 300w\" sizes=\"auto, (max-width: 750px) 85vw, 750px\" \/><figcaption class=\"wp-element-caption\">Turystyczna kolejka w\u0105skotorowa w Baszni, wakacje 2022 r.<\/figcaption><\/figure>\n<\/div>\n\n\n<p>A na bocznym torze stoi pi\u0119knie odnowiony parow\u00f3z Ty2-7 i trzy odnowione wagony. Pierwszy pasa\u017cerski klasy 3 (z tablic\u0105 kierunkow\u0105 Jaros\u0142aw &#8211; Sokal), pozosta\u0142e towarowe. Czasowo umieszczane s\u0105 w nich r\u00f3\u017cne wystawy.<\/p>\n\n\n<div class=\"wp-block-image\">\n<figure class=\"aligncenter size-full\"><img loading=\"lazy\" decoding=\"async\" width=\"750\" height=\"500\" src=\"https:\/\/roztocze24.info\/wp-content\/uploads\/2022\/10\/PXL_20220807_110324381.jpg\" alt=\"\" class=\"wp-image-8341\" srcset=\"https:\/\/roztocze24.info\/wp-content\/uploads\/2022\/10\/PXL_20220807_110324381.jpg 750w, https:\/\/roztocze24.info\/wp-content\/uploads\/2022\/10\/PXL_20220807_110324381-300x200.jpg 300w\" sizes=\"auto, (max-width: 750px) 85vw, 750px\" \/><figcaption class=\"wp-element-caption\">Parow\u00f3z Ty2-7 i stare wagony w Baszni, wakacje 2022 r.<\/figcaption><\/figure>\n<\/div>\n\n\n<p>172 km &#8211; <strong>Basznia Dolna<\/strong>. Na stacji jest rozbudowane torowisko, s\u0142u\u017c\u0105ce niegdy\u015b do obs\u0142ugi ruchu towarowego, a tak\u017ce bocznica prowadz\u0105ca do dawnej wie\u017cy ci\u015bnie\u0144. Krzaki wygrywaj\u0105 tu jednak z torami.<\/p>\n\n\n<div class=\"wp-block-image\">\n<figure class=\"aligncenter size-full\"><img loading=\"lazy\" decoding=\"async\" width=\"750\" height=\"500\" src=\"https:\/\/roztocze24.info\/wp-content\/uploads\/2022\/10\/PXL_20220807_112419859.jpg\" alt=\"\" class=\"wp-image-8342\" srcset=\"https:\/\/roztocze24.info\/wp-content\/uploads\/2022\/10\/PXL_20220807_112419859.jpg 750w, https:\/\/roztocze24.info\/wp-content\/uploads\/2022\/10\/PXL_20220807_112419859-300x200.jpg 300w\" sizes=\"auto, (max-width: 750px) 85vw, 750px\" \/><figcaption class=\"wp-element-caption\">Stacja Basznia Dolna po remoncie, 2022 r.<\/figcaption><\/figure>\n<\/div>\n\n\n<p>W latach 2021-2022 wiele si\u0119 tu zmieni\u0142o. Budynek stacyjny wyremontowano, obok powsta\u0142 pawilon konferencyjno-turystyczny. Do stacji doprowadzono te\u017c drog\u0119 asfaltow\u0105 (!) i przygotowano parking.<\/p>\n\n\n\n<p>Zmieni\u0142a si\u0119 tak\u017ce wie\u017ca ci\u015bnie\u0144. <\/p>\n\n\n<div class=\"wp-block-image\">\n<figure class=\"aligncenter\"><img loading=\"lazy\" decoding=\"async\" width=\"333\" height=\"500\" src=\"https:\/\/roztocze24.info\/wp-content\/uploads\/2019\/04\/IMG_0998.jpg\" alt=\"\" class=\"wp-image-6842\" srcset=\"https:\/\/roztocze24.info\/wp-content\/uploads\/2019\/04\/IMG_0998.jpg 333w, https:\/\/roztocze24.info\/wp-content\/uploads\/2019\/04\/IMG_0998-200x300.jpg 200w\" sizes=\"auto, (max-width: 333px) 85vw, 333px\" \/><figcaption class=\"wp-element-caption\">Dawna kolejowa wie\u017ca ci\u015bnie\u0144 w Baszni przed remontem<\/figcaption><\/figure>\n<\/div>\n\n\n<p>Na zach. skraju peronu stacji Basznia Dolna mamy nowe przej\u015bcie przez tory i nowa (o\u015bwietlon\u0105) alejk\u0119 \u017cwirow\u0105 prowadz\u0105c\u0105 do wie\u017cy. Na jej szczycie zamontowano kopu\u0142\u0119 obserwatorium astronomicznego Tymce. Obserwatorium otwarto jesieni\u0105 2022 r.<\/p>\n\n\n<div class=\"wp-block-image\">\n<figure class=\"aligncenter size-full\"><img loading=\"lazy\" decoding=\"async\" width=\"750\" height=\"500\" src=\"https:\/\/roztocze24.info\/wp-content\/uploads\/2022\/10\/PXL_20220807_113019092.jpg\" alt=\"\" class=\"wp-image-8343\" srcset=\"https:\/\/roztocze24.info\/wp-content\/uploads\/2022\/10\/PXL_20220807_113019092.jpg 750w, https:\/\/roztocze24.info\/wp-content\/uploads\/2022\/10\/PXL_20220807_113019092-300x200.jpg 300w\" sizes=\"auto, (max-width: 750px) 85vw, 750px\" \/><figcaption class=\"wp-element-caption\">Obserwatorium astronomiczne Tymce przy stacji kolejowej Basznia Dolna, 2022 r.<\/figcaption><\/figure>\n<\/div>\n\n\n<p> Przecinamy las Ba\u0142aje (tak lokalnie okre\u015bla  si\u0119 poci\u0105g pasa\u017cerski na tej trasie).<\/p>\n\n\n\n<p>179 km &#8211; <strong>Lubacz\u00f3w. <\/strong>Warto odwiedzi\u0107 tu ko\u015bci\u00f3\u0142 pw. \u015bw. Stanis\u0142awaz ko\u0144ca XIX w. pe\u0142ni\u0105cy funkcj\u0119 kokatedry diezecji zamojsko-lubaczowskiej, murowan\u0105 cerkiew grekokatolick\u0105 pw. \u015bw. Miko\u0142aja z XIX w., pozosta\u0142o\u015bci zamku, a nade wszystko Muzeum Kres\u00f3w, z ciekaw\u0105 ekspozycj\u0105.<\/p>\n\n\n<div class=\"wp-block-image\">\n<figure class=\"aligncenter\"><img loading=\"lazy\" decoding=\"async\" width=\"750\" height=\"500\" src=\"https:\/\/roztocze24.info\/wp-content\/uploads\/2019\/04\/Lubaczow.jpg\" alt=\"\" class=\"wp-image-6843\" srcset=\"https:\/\/roztocze24.info\/wp-content\/uploads\/2019\/04\/Lubaczow.jpg 750w, https:\/\/roztocze24.info\/wp-content\/uploads\/2019\/04\/Lubaczow-300x200.jpg 300w\" sizes=\"auto, (max-width: 750px) 85vw, 750px\" \/><figcaption class=\"wp-element-caption\">Stacja Lubacz\u00f3w, zdj\u0119cie z 2000 r.<\/figcaption><\/figure>\n<\/div>\n\n\n<p>Ciekawostk\u0105 okolic stacji jest ruina dawnej wie\u017cy ci\u015bnie\u0144.<\/p>\n\n\n<div class=\"wp-block-image\">\n<figure class=\"aligncenter\"><img loading=\"lazy\" decoding=\"async\" width=\"750\" height=\"500\" src=\"https:\/\/roztocze24.info\/wp-content\/uploads\/2019\/04\/IMG_3287.jpg\" alt=\"\" class=\"wp-image-6844\" srcset=\"https:\/\/roztocze24.info\/wp-content\/uploads\/2019\/04\/IMG_3287.jpg 750w, https:\/\/roztocze24.info\/wp-content\/uploads\/2019\/04\/IMG_3287-300x200.jpg 300w\" sizes=\"auto, (max-width: 750px) 85vw, 750px\" \/><figcaption class=\"wp-element-caption\">Dawna wie\u017ca ci\u015bnie\u0144 w Lubaczowie<\/figcaption><\/figure>\n<\/div>\n\n\n<p>Na szczycie nadal znajduje si\u0119 zbiornik. Przypomina on statek kosmiczny USS Enterprise NCC 1701 ze Star Treka, kt\u00f3ry w\u0142a\u015bnie tu zacumowa\u0142. Pono\u0107 kapitan James T. Kirk postanowi\u0142 osobi\u015bcie sprawdzi\u0107 pi\u0119kno Roztocza\u2026 i   podobno pozosta\u0142 tu ju\u017c na sta\u0142e. <\/p>\n\n\n<div class=\"wp-block-image\">\n<figure class=\"aligncenter\"><img loading=\"lazy\" decoding=\"async\" width=\"750\" height=\"500\" src=\"https:\/\/roztocze24.info\/wp-content\/uploads\/2019\/04\/Enterprise.jpg\" alt=\"\" class=\"wp-image-7084\" srcset=\"https:\/\/roztocze24.info\/wp-content\/uploads\/2019\/04\/Enterprise.jpg 750w, https:\/\/roztocze24.info\/wp-content\/uploads\/2019\/04\/Enterprise-300x200.jpg 300w\" sizes=\"auto, (max-width: 750px) 85vw, 750px\" \/><figcaption class=\"wp-element-caption\">USS Enterprise w Lubaczowie<\/figcaption><\/figure>\n<\/div>\n\n\n<p>Warto doda\u0107, \u017ce peron na stacji w Lubaczowie zbudowano w 1991 r., z okazji    II pielgrzymki papie\u017ca Jana Paw\u0142a II do Ojczyzny, kt\u00f3rej jeden z przystank\u00f3w mia\u0142 miejsce w\u0142a\u015bnie w Lubaczowie. Ojciec \u015awi\u0119ty po\u015bwi\u0119ci\u0142 wtedy lubaczowsk\u0105 prokatedr\u0119. Kulminacyjnym momentem by\u0142a msza \u015bw. na b\u0142oniach. <\/p>\n\n\n\n<p>186 km &#8211; <strong>Oleszyce<\/strong>.<\/p>\n\n\n<div class=\"wp-block-image\">\n<figure class=\"aligncenter\"><img loading=\"lazy\" decoding=\"async\" width=\"750\" height=\"500\" src=\"https:\/\/roztocze24.info\/wp-content\/uploads\/2019\/04\/IMG_3454-Oleszyce.jpg\" alt=\"\" class=\"wp-image-6845\" srcset=\"https:\/\/roztocze24.info\/wp-content\/uploads\/2019\/04\/IMG_3454-Oleszyce.jpg 750w, https:\/\/roztocze24.info\/wp-content\/uploads\/2019\/04\/IMG_3454-Oleszyce-300x200.jpg 300w\" sizes=\"auto, (max-width: 750px) 85vw, 750px\" \/><figcaption class=\"wp-element-caption\">Stacja Oleszyce<\/figcaption><\/figure>\n<\/div>\n\n\n<p>191 km &#8211; <strong>Nowa Grobla.<\/strong> Tu\u017c za mostem na Lubacz\u00f3wce, po lewej, mijamy nasyp nie uko\u0144czonego szlaku kolejowego maj\u0105cego po\u0142\u0105czy\u0107 Now\u0105 Grobl\u0119 z lini\u0105 prowadz\u0105c\u0105 do Przemy\u015bla. Prace prowadzone by\u0142y w latach 1940-1941 przez ZSRR, a chodzi\u0142o o omini\u0119cie Muniny, kt\u00f3ra w owym czasie nale\u017ca\u0142a do Niemiec.<\/p>\n\n\n<div class=\"wp-block-image\">\n<figure class=\"aligncenter\"><img loading=\"lazy\" decoding=\"async\" width=\"750\" height=\"500\" src=\"https:\/\/roztocze24.info\/wp-content\/uploads\/2019\/04\/IMG_3496-Nowa-Grobla.jpg\" alt=\"\" class=\"wp-image-6847\" srcset=\"https:\/\/roztocze24.info\/wp-content\/uploads\/2019\/04\/IMG_3496-Nowa-Grobla.jpg 750w, https:\/\/roztocze24.info\/wp-content\/uploads\/2019\/04\/IMG_3496-Nowa-Grobla-300x200.jpg 300w\" sizes=\"auto, (max-width: 750px) 85vw, 750px\" \/><figcaption class=\"wp-element-caption\">Stacja Nowa Grobla<\/figcaption><\/figure>\n<\/div>\n\n<div class=\"wp-block-image\">\n<figure class=\"aligncenter\"><img loading=\"lazy\" decoding=\"async\" width=\"750\" height=\"500\" src=\"https:\/\/roztocze24.info\/wp-content\/uploads\/2019\/04\/IMG_3493-Now-Grobla.jpg\" alt=\"\" class=\"wp-image-6848\" srcset=\"https:\/\/roztocze24.info\/wp-content\/uploads\/2019\/04\/IMG_3493-Now-Grobla.jpg 750w, https:\/\/roztocze24.info\/wp-content\/uploads\/2019\/04\/IMG_3493-Now-Grobla-300x200.jpg 300w\" sizes=\"auto, (max-width: 750px) 85vw, 750px\" \/><figcaption class=\"wp-element-caption\">Na kolejowym szlaku w okolicy Nowej Grobli<\/figcaption><\/figure>\n<\/div>\n\n\n<p>197 km &#8211; <strong>Korzenica<\/strong>. M\u00f3j ulubiony przystanek kolejowy na tym odcinku, po\u0142o\u017cony w \u015brodku lasu. Oczywi\u015bcie nie prowadzi do niego ani szosa, ani droga utwardzana. Trzeba le\u015bnym duktem i\u015b\u0107 przez las&#8230; ale ma to sw\u00f3j klimat!<\/p>\n\n\n<div class=\"wp-block-image\">\n<figure class=\"aligncenter\"><img loading=\"lazy\" decoding=\"async\" width=\"750\" height=\"500\" src=\"https:\/\/roztocze24.info\/wp-content\/uploads\/2019\/04\/IMG_5947-Korzenica.jpg\" alt=\"\" class=\"wp-image-6849\" srcset=\"https:\/\/roztocze24.info\/wp-content\/uploads\/2019\/04\/IMG_5947-Korzenica.jpg 750w, https:\/\/roztocze24.info\/wp-content\/uploads\/2019\/04\/IMG_5947-Korzenica-300x200.jpg 300w\" sizes=\"auto, (max-width: 750px) 85vw, 750px\" \/><figcaption class=\"wp-element-caption\">Przystanek Korzenica jesieni\u0105, 2010 r.<\/figcaption><\/figure>\n<\/div>\n\n<div class=\"wp-block-image\">\n<figure class=\"aligncenter size-full\"><img loading=\"lazy\" decoding=\"async\" width=\"750\" height=\"500\" src=\"https:\/\/roztocze24.info\/wp-content\/uploads\/2022\/10\/PXL_20220828_103450364-Korzenica.jpg\" alt=\"\" class=\"wp-image-8347\" srcset=\"https:\/\/roztocze24.info\/wp-content\/uploads\/2022\/10\/PXL_20220828_103450364-Korzenica.jpg 750w, https:\/\/roztocze24.info\/wp-content\/uploads\/2022\/10\/PXL_20220828_103450364-Korzenica-300x200.jpg 300w\" sizes=\"auto, (max-width: 750px) 85vw, 750px\" \/><figcaption class=\"wp-element-caption\">Przystanek Korzenica z now\u0105 wiat\u0105 w wakacje 2022 r. W\u0142a\u015bnie wysiad\u0142em z lubelskiego szynobusa SA-134 w relacji Lublin &#8211; Be\u0142\u017cec &#8211; Jaros\u0142aw<\/figcaption><\/figure>\n<\/div>\n\n\n<p>Pomi\u0119dzy t\u0105 stacj\u0105 a nast\u0119pn\u0105 przekraczamy dzia\u0142 wodny pomi\u0119dzy Sanem a Lubacz\u00f3wk\u0105. <\/p>\n\n\n\n<p>199 km &#8211; <strong>Zagrody. <\/strong>O tym przystanku wspomina\u0142em w opisie odcinka Rejowiec &#8211; Zawada, na kt\u00f3rym odnajdziemy przystanek Zagrody Ko\u015bci\u00f3\u0142.<\/p>\n\n\n<div class=\"wp-block-image\">\n<figure class=\"aligncenter\"><img loading=\"lazy\" decoding=\"async\" width=\"750\" height=\"500\" src=\"https:\/\/roztocze24.info\/wp-content\/uploads\/2019\/04\/Zagrody.jpg\" alt=\"\" class=\"wp-image-6850\" srcset=\"https:\/\/roztocze24.info\/wp-content\/uploads\/2019\/04\/Zagrody.jpg 750w, https:\/\/roztocze24.info\/wp-content\/uploads\/2019\/04\/Zagrody-300x200.jpg 300w\" sizes=\"auto, (max-width: 750px) 85vw, 750px\" \/><figcaption class=\"wp-element-caption\">Stacja Zagrody, zdj\u0119cie z 2000 r.<\/figcaption><\/figure>\n<\/div>\n\n\n<p>202 km &#8211; <strong>Bobr\u00f3wka<\/strong>. Za stacj\u0105, po lewej, widok na rozleg\u0142e \u0142\u0105ki. Dalej, po prawej, nasyp kolejnego nie uko\u0144czonego szlaku kolejowego, tym razem Munina &#8211; Rawa Ruska, maj\u0105cego mie\u0107 alternatywny przebieg do trasy, kt\u00f3r\u0105 podr\u00f3\u017cujemy. Tym razem nasyp wybudowali Niemcy, a cel budowy by\u0142 czysto militarny &#8211; usprawnienie zaopatrzenia wojsk walcz\u0105cych na froncie wschodni po agresji Niemiec na ZSRR w czerwcu 1941 r. <\/p>\n\n\n<div class=\"wp-block-image\">\n<figure class=\"aligncenter\"><img loading=\"lazy\" decoding=\"async\" width=\"750\" height=\"500\" src=\"https:\/\/roztocze24.info\/wp-content\/uploads\/2019\/04\/IMG_5937-Bobrowka.jpg\" alt=\"\" class=\"wp-image-6851\" srcset=\"https:\/\/roztocze24.info\/wp-content\/uploads\/2019\/04\/IMG_5937-Bobrowka.jpg 750w, https:\/\/roztocze24.info\/wp-content\/uploads\/2019\/04\/IMG_5937-Bobrowka-300x200.jpg 300w\" sizes=\"auto, (max-width: 750px) 85vw, 750px\" \/><figcaption class=\"wp-element-caption\">Stacja Bobr\u00f3wka<\/figcaption><\/figure>\n<\/div>\n\n\n<p>211 km &#8211; <strong>Suroch\u00f3w<\/strong>. Miejsce urodzenia znanego komediopisarza i poety Aleksandra Fredry.<\/p>\n\n\n<div class=\"wp-block-image\">\n<figure class=\"aligncenter\"><img loading=\"lazy\" decoding=\"async\" width=\"750\" height=\"500\" src=\"https:\/\/roztocze24.info\/wp-content\/uploads\/2019\/04\/IMG_5917-Surochow.jpg\" alt=\"\" class=\"wp-image-6852\" srcset=\"https:\/\/roztocze24.info\/wp-content\/uploads\/2019\/04\/IMG_5917-Surochow.jpg 750w, https:\/\/roztocze24.info\/wp-content\/uploads\/2019\/04\/IMG_5917-Surochow-300x200.jpg 300w\" sizes=\"auto, (max-width: 750px) 85vw, 750px\" \/><figcaption class=\"wp-element-caption\">Stacja Suroch\u00f3w<\/figcaption><\/figure>\n<\/div>\n\n\n<p>Za stacj\u0105 przeje\u017cd\u017camy most na rzece San. Jeste\u015bmy w Dolinie Dolnego Sanu. Teraz ciekawy kamienny most (nieopodal s\u0142upek kilometrowy 1,6). <\/p>\n\n\n<div class=\"wp-block-image\">\n<figure class=\"aligncenter\"><img loading=\"lazy\" decoding=\"async\" width=\"750\" height=\"500\" src=\"https:\/\/roztocze24.info\/wp-content\/uploads\/2019\/04\/IMG_6018.jpg\" alt=\"\" class=\"wp-image-6854\" srcset=\"https:\/\/roztocze24.info\/wp-content\/uploads\/2019\/04\/IMG_6018.jpg 750w, https:\/\/roztocze24.info\/wp-content\/uploads\/2019\/04\/IMG_6018-300x200.jpg 300w\" sizes=\"auto, (max-width: 750px) 85vw, 750px\" \/><figcaption class=\"wp-element-caption\">Most osmalony przez niezliczone przejazdy parowoz\u00f3w<\/figcaption><\/figure>\n<\/div>\n\n\n<p>Nast\u0119pnie nasza trasa dobiega do ucz\u0119szczanego i zelektryfikowanego szlaku kolejowego magistrali podkarpackiej z Przemy\u015bla.<\/p>\n\n\n<div class=\"wp-block-image\">\n<figure class=\"aligncenter\"><img loading=\"lazy\" decoding=\"async\" width=\"750\" height=\"500\" src=\"https:\/\/roztocze24.info\/wp-content\/uploads\/2019\/04\/DSC00074.jpg\" alt=\"\" class=\"wp-image-6855\" srcset=\"https:\/\/roztocze24.info\/wp-content\/uploads\/2019\/04\/DSC00074.jpg 750w, https:\/\/roztocze24.info\/wp-content\/uploads\/2019\/04\/DSC00074-300x200.jpg 300w\" sizes=\"auto, (max-width: 750px) 85vw, 750px\" \/><figcaption class=\"wp-element-caption\">Po\u0142\u0105czenie jednotorowej linii z Hory\u0144ca z magistral\u0105 podkarpack\u0105<\/figcaption><\/figure>\n<\/div>\n\n\n<p>217 km &#8211; <strong>Munina<\/strong>. Koniec <em>roztocza\u0144skiego <\/em>odcinka. Dla formalno\u015bci pojedziemy jeszcze kawa\u0142ek dalej.<\/p>\n\n\n<div class=\"wp-block-image\">\n<figure class=\"aligncenter\"><img loading=\"lazy\" decoding=\"async\" width=\"750\" height=\"500\" src=\"https:\/\/roztocze24.info\/wp-content\/uploads\/2019\/04\/IMG_3486-Munina.jpg\" alt=\"\" class=\"wp-image-6857\" srcset=\"https:\/\/roztocze24.info\/wp-content\/uploads\/2019\/04\/IMG_3486-Munina.jpg 750w, https:\/\/roztocze24.info\/wp-content\/uploads\/2019\/04\/IMG_3486-Munina-300x200.jpg 300w\" sizes=\"auto, (max-width: 750px) 85vw, 750px\" \/><figcaption class=\"wp-element-caption\">Stacja Munina przed remontem, 2009 r.<\/figcaption><\/figure>\n<\/div>\n\n\n<p>221 km &#8211; <strong>Jaros\u0142aw<\/strong>. Stacja ko\u0144cowa dla jednej z par roztocza\u0144skich szynobus\u00f3w (druga jedzie bezpo\u015brednio do\/z Rzeszowa).  Tu mo\u017cna przesi\u0105\u015b\u0107 si\u0119 na kolejny poci\u0105g do Przemy\u015bla, Rzeszowa lub sk\u0142ad  dalekobie\u017cny, np. do Wroc\u0142awia).  <\/p>\n\n\n<div class=\"wp-block-image\">\n<figure class=\"aligncenter\"><img loading=\"lazy\" decoding=\"async\" width=\"750\" height=\"500\" src=\"https:\/\/roztocze24.info\/wp-content\/uploads\/2019\/04\/IMG_9514.jpg\" alt=\"\" class=\"wp-image-6856\" srcset=\"https:\/\/roztocze24.info\/wp-content\/uploads\/2019\/04\/IMG_9514.jpg 750w, https:\/\/roztocze24.info\/wp-content\/uploads\/2019\/04\/IMG_9514-300x200.jpg 300w\" sizes=\"auto, (max-width: 750px) 85vw, 750px\" \/><figcaption class=\"wp-element-caption\">Stacja Jaros\u0142aw w 2000 r.<\/figcaption><\/figure>\n<\/div>\n\n<div class=\"wp-block-image\">\n<figure class=\"aligncenter\"><img loading=\"lazy\" decoding=\"async\" width=\"750\" height=\"500\" src=\"https:\/\/roztocze24.info\/wp-content\/uploads\/2019\/05\/WP_20190501_12_15_10_Pro.jpg\" alt=\"\" class=\"wp-image-7119\" srcset=\"https:\/\/roztocze24.info\/wp-content\/uploads\/2019\/05\/WP_20190501_12_15_10_Pro.jpg 750w, https:\/\/roztocze24.info\/wp-content\/uploads\/2019\/05\/WP_20190501_12_15_10_Pro-300x200.jpg 300w\" sizes=\"auto, (max-width: 750px) 85vw, 750px\" \/><figcaption class=\"wp-element-caption\">Stacja Jaros\u0142aw po remoncie, 2019 r.<\/figcaption><\/figure>\n<\/div>\n\n\n<ul class=\"wp-block-list\">\n<li><strong>Trasa g\u0142\u00f3wna:<\/strong><\/li>\n\n\n\n<li><a href=\"https:\/\/roztocze24.info\/?page_id=6596\">Odcinek Rejowiec &#8211; Zawada, 54 km<\/a><\/li>\n\n\n\n<li><a href=\"https:\/\/roztocze24.info\/?page_id=6700\">Odcinek Zawada &#8211; Zwierzyniec, 22 km<\/a><\/li>\n\n\n\n<li><a href=\"https:\/\/roztocze24.info\/?page_id=6720\">Odcinek Zwierzyniec &#8211; Susiec, 31 km<\/a><\/li>\n\n\n\n<li><a href=\"https:\/\/roztocze24.info\/?page_id=6746\">Odcinek Susiec &#8211; Hrebenne, 30 km<\/a><\/li>\n\n\n\n<li><a href=\"https:\/\/roztocze24.info\/?page_id=6789\">Odcinek Hrebenne &#8211; Horyniec, 26 km<\/a><\/li>\n\n\n\n<li><a href=\"https:\/\/roztocze24.info\/?page_id=6837\">Odcinek Horyniec &#8211; Munina, 56 km<\/a><\/li>\n\n\n\n<li><strong>Trasy poboczne:<\/strong><\/li>\n\n\n\n<li><a href=\"https:\/\/roztocze24.info\/?page_id=6662\">Odcinek Zamo\u015b\u0107 \u2013 Zawada, 12 km<\/a><\/li>\n\n\n\n<li><a href=\"https:\/\/roztocze24.info\/?page_id=6914\">Odcinek Zwierzyniec &#8211; Tereszpol, 13 km<\/a> <\/li>\n\n\n\n<li><a href=\"https:\/\/roztocze24.info\/?page_id=922\">Odcinek Hrebenne \u2013 Lw\u00f3w, 76 km<\/a><\/li>\n\n\n\n<li><a href=\"https:\/\/roztocze24.info\/?page_id=2158\">Odcinek Hrebenne \u2013 Podd\u0119bce, 11 km<\/a><\/li>\n<\/ul>\n","protected":false},"excerpt":{"rendered":"<p>56 km Odcinek w ruchu pasa\u017cerskim obs\u0142ugiwany jest ca\u0142orocznie codziennie z wyj\u0105tkiem sob\u00f3t, a ponadto w maj\u00f3wk\u0119, a w wakacje dodatkowo w soboty. 161 km &#8211; Horyniec Zdr\u00f3j. Faktycznie znajduje si\u0119 tu zyskuj\u0105ce w ostatnich latach popularno\u015b\u0107 uzdrowisko. Leczy si\u0119 tu choroby reumatyczne i narz\u0105d\u00f3w ruchu. W Hory\u0144cu zaczynaj\u0105 si\u0119 dwa wa\u017cne szlaki turystyczne: Centralny &hellip; <a href=\"https:\/\/roztocze24.info\/?page_id=6837\" class=\"more-link\">Czytaj dalej<span class=\"screen-reader-text\"> \u201eHoryniec &#8211; Munina\u201d<\/span><\/a><\/p>\n","protected":false},"author":1,"featured_media":0,"parent":808,"menu_order":0,"comment_status":"closed","ping_status":"closed","template":"","meta":{"footnotes":""},"class_list":["post-6837","page","type-page","status-publish","hentry"],"_links":{"self":[{"href":"https:\/\/roztocze24.info\/index.php?rest_route=\/wp\/v2\/pages\/6837","targetHints":{"allow":["GET"]}}],"collection":[{"href":"https:\/\/roztocze24.info\/index.php?rest_route=\/wp\/v2\/pages"}],"about":[{"href":"https:\/\/roztocze24.info\/index.php?rest_route=\/wp\/v2\/types\/page"}],"author":[{"embeddable":true,"href":"https:\/\/roztocze24.info\/index.php?rest_route=\/wp\/v2\/users\/1"}],"replies":[{"embeddable":true,"href":"https:\/\/roztocze24.info\/index.php?rest_route=%2Fwp%2Fv2%2Fcomments&post=6837"}],"version-history":[{"count":21,"href":"https:\/\/roztocze24.info\/index.php?rest_route=\/wp\/v2\/pages\/6837\/revisions"}],"predecessor-version":[{"id":9363,"href":"https:\/\/roztocze24.info\/index.php?rest_route=\/wp\/v2\/pages\/6837\/revisions\/9363"}],"up":[{"embeddable":true,"href":"https:\/\/roztocze24.info\/index.php?rest_route=\/wp\/v2\/pages\/808"}],"wp:attachment":[{"href":"https:\/\/roztocze24.info\/index.php?rest_route=%2Fwp%2Fv2%2Fmedia&parent=6837"}],"curies":[{"name":"wp","href":"https:\/\/api.w.org\/{rel}","templated":true}]}}