{"id":7621,"date":"2020-03-20T14:12:08","date_gmt":"2020-03-20T13:12:08","guid":{"rendered":"http:\/\/roztocze24.info\/?page_id=7621"},"modified":"2020-03-20T14:17:13","modified_gmt":"2020-03-20T13:17:13","slug":"las-cetnar-i-piekielko-jesien-2019","status":"publish","type":"page","link":"https:\/\/roztocze24.info\/?page_id=7621","title":{"rendered":"Las Cetnar i Piekie\u0142ko, jesie\u0144 2019"},"content":{"rendered":"\n<p>Las Cetnar to jedno z moich absolutnie ulubionych miejsc na Roztoczu. Pi\u0119knie jest tu ka\u017cdej porze roku, a najpi\u0119kniej jesieni\u0105. Najpierw jednak za w\u0105sk\u0105 szos\u0105 dotrze\u0107 trzeba do Kaw\u0119czynka. To stara wie\u015b, kt\u00f3ra nale\u017ca\u0142a pierwotnie do G\u00f3rk\u00f3w, w Ordynacji Zamojskiej od 1593 r.<\/p>\n\n\n\n<div class=\"wp-block-image\"><figure class=\"aligncenter size-large\"><img loading=\"lazy\" decoding=\"async\" width=\"750\" height=\"500\" src=\"http:\/\/roztocze24.info\/wp-content\/uploads\/2020\/03\/IMG_6097a.jpg\" alt=\"\" class=\"wp-image-7619\" srcset=\"https:\/\/roztocze24.info\/wp-content\/uploads\/2020\/03\/IMG_6097a.jpg 750w, https:\/\/roztocze24.info\/wp-content\/uploads\/2020\/03\/IMG_6097a-300x200.jpg 300w\" sizes=\"auto, (max-width: 750px) 85vw, 750px\" \/><\/figure><\/div>\n\n\n\n<p>Pozostawiamy szos\u0119 i poln\u0105 drog\u0105 w\u0119drujemy ju\u017c prosto w kierunku lasu. Po prawej pe\u0142ne uroku wzg\u00f3rze Czubatka. Wed\u0142ug legendy osiedli\u0142o si\u0119 na nim niegdy\u015b ma\u0142\u017ce\u0144stwo Kaw\u00f3w. Gdy przeje\u017cd\u017ca\u0142 t\u0119dy, zmierzaj\u0105cy do Lublina na obrady sejmu kr\u00f3l Zygmunt August, tak bardzo spodoba\u0142o mu si\u0119 sio\u0142o Jana Kawy, \u017ce postanowi\u0142 nada\u0107 mu nazw\u0119 Kaw\u0119czynek.<\/p>\n\n\n\n<div class=\"wp-block-image\"><figure class=\"aligncenter size-large\"><img loading=\"lazy\" decoding=\"async\" width=\"750\" height=\"500\" src=\"http:\/\/roztocze24.info\/wp-content\/uploads\/2020\/03\/IMG_6101.jpg\" alt=\"\" class=\"wp-image-7620\" srcset=\"https:\/\/roztocze24.info\/wp-content\/uploads\/2020\/03\/IMG_6101.jpg 750w, https:\/\/roztocze24.info\/wp-content\/uploads\/2020\/03\/IMG_6101-300x200.jpg 300w\" sizes=\"auto, (max-width: 750px) 85vw, 750px\" \/><\/figure><\/div>\n\n\n\n<p>Na skraju lasu krzy\u017c upami\u0119tniaj\u0105cy rodzin\u0119 gajowego Jana Gumieniaka.<\/p>\n\n\n\n<div class=\"wp-block-image\"><figure class=\"aligncenter size-large\"><img loading=\"lazy\" decoding=\"async\" width=\"750\" height=\"500\" src=\"https:\/\/roztocze24.info\/wp-content\/uploads\/2020\/03\/IMG_6105.jpg\" alt=\"\" class=\"wp-image-7622\" srcset=\"https:\/\/roztocze24.info\/wp-content\/uploads\/2020\/03\/IMG_6105.jpg 750w, https:\/\/roztocze24.info\/wp-content\/uploads\/2020\/03\/IMG_6105-300x200.jpg 300w\" sizes=\"auto, (max-width: 750px) 85vw, 750px\" \/><\/figure><\/div>\n\n\n\n<p>Wkraczamy do lasu Cetnar i cz\u0119\u015bci kompleksu w\u0105woz\u00f3w Piekie\u0142ko. <\/p>\n\n\n\n<div class=\"wp-block-image\"><figure class=\"aligncenter size-large\"><img loading=\"lazy\" decoding=\"async\" width=\"750\" height=\"500\" src=\"https:\/\/roztocze24.info\/wp-content\/uploads\/2020\/03\/IMG_6118.jpg\" alt=\"\" class=\"wp-image-7623\" srcset=\"https:\/\/roztocze24.info\/wp-content\/uploads\/2020\/03\/IMG_6118.jpg 750w, https:\/\/roztocze24.info\/wp-content\/uploads\/2020\/03\/IMG_6118-300x200.jpg 300w\" sizes=\"auto, (max-width: 750px) 85vw, 750px\" \/><\/figure><\/div>\n\n\n\n<p> Dooko\u0142a &nbsp;malownicze jary, g\u0142\u0119bokie w\u0105wozy, nie zabraknie tak\u017ce pi\u0119knych buk\u00f3w. <\/p>\n\n\n\n<div class=\"wp-block-image\"><figure class=\"aligncenter size-large\"><img loading=\"lazy\" decoding=\"async\" width=\"750\" height=\"500\" src=\"https:\/\/roztocze24.info\/wp-content\/uploads\/2020\/03\/IMG_6122.jpg\" alt=\"\" class=\"wp-image-7624\" srcset=\"https:\/\/roztocze24.info\/wp-content\/uploads\/2020\/03\/IMG_6122.jpg 750w, https:\/\/roztocze24.info\/wp-content\/uploads\/2020\/03\/IMG_6122-300x200.jpg 300w\" sizes=\"auto, (max-width: 750px) 85vw, 750px\" \/><\/figure><\/div>\n\n\n\n<div class=\"wp-block-image\"><figure class=\"aligncenter size-large\"><img loading=\"lazy\" decoding=\"async\" width=\"750\" height=\"500\" src=\"https:\/\/roztocze24.info\/wp-content\/uploads\/2020\/03\/IMG_6129.jpg\" alt=\"\" class=\"wp-image-7625\" srcset=\"https:\/\/roztocze24.info\/wp-content\/uploads\/2020\/03\/IMG_6129.jpg 750w, https:\/\/roztocze24.info\/wp-content\/uploads\/2020\/03\/IMG_6129-300x200.jpg 300w\" sizes=\"auto, (max-width: 750px) 85vw, 750px\" \/><\/figure><\/div>\n\n\n\n<div class=\"wp-block-image\"><figure class=\"aligncenter size-large\"><img loading=\"lazy\" decoding=\"async\" width=\"333\" height=\"500\" src=\"https:\/\/roztocze24.info\/wp-content\/uploads\/2020\/03\/IMG_6143.jpg\" alt=\"\" class=\"wp-image-7627\" srcset=\"https:\/\/roztocze24.info\/wp-content\/uploads\/2020\/03\/IMG_6143.jpg 333w, https:\/\/roztocze24.info\/wp-content\/uploads\/2020\/03\/IMG_6143-200x300.jpg 200w\" sizes=\"auto, (max-width: 333px) 85vw, 333px\" \/><\/figure><\/div>\n\n\n\n<p>W\u0119drowanie po lesie Cetnar mo\u017ce by\u0107 cz\u0119\u015bci\u0105 d\u0142u\u017cszej pieszej wycieczki, np. <em>niebieskim<\/em> szlakiem Centralnym ze Szczebrzeszyna do Zwierzy\u0144ca, czy <em>czerwon\u0105<\/em> \u015bcie\u017ck\u0105 dydaktyczn\u0105 Szczebrzeszyn \u2013 Kaw\u0119czynek. Mo\u017cna zajecha\u0107 tu rowerem, las znajduje si\u0119 na trasie <em>zielonego <\/em>szlaku rowerowego im. Dymitra z Goraja. Jest tak\u017ce <em>pomara\u0144czowy <\/em>szlak konny St\u0119pa i lokalna <em>zielona<\/em> trasa spacerowa. <\/p>\n\n\n\n<div class=\"wp-block-image\"><figure class=\"aligncenter size-large\"><img loading=\"lazy\" decoding=\"async\" width=\"750\" height=\"500\" src=\"https:\/\/roztocze24.info\/wp-content\/uploads\/2020\/03\/IMG_6144.jpg\" alt=\"\" class=\"wp-image-7628\" srcset=\"https:\/\/roztocze24.info\/wp-content\/uploads\/2020\/03\/IMG_6144.jpg 750w, https:\/\/roztocze24.info\/wp-content\/uploads\/2020\/03\/IMG_6144-300x200.jpg 300w\" sizes=\"auto, (max-width: 750px) 85vw, 750px\" \/><\/figure><\/div>\n\n\n\n<p><em>Pa\u017adziernik 2019<\/em><\/p>\n","protected":false},"excerpt":{"rendered":"<p>Las Cetnar to jedno z moich absolutnie ulubionych miejsc na Roztoczu. Pi\u0119knie jest tu ka\u017cdej porze roku, a najpi\u0119kniej jesieni\u0105. Najpierw jednak za w\u0105sk\u0105 szos\u0105 dotrze\u0107 trzeba do Kaw\u0119czynka. To stara wie\u015b, kt\u00f3ra nale\u017ca\u0142a pierwotnie do G\u00f3rk\u00f3w, w Ordynacji Zamojskiej od 1593 r. Pozostawiamy szos\u0119 i poln\u0105 drog\u0105 w\u0119drujemy ju\u017c prosto w kierunku lasu. Po &hellip; <a href=\"https:\/\/roztocze24.info\/?page_id=7621\" class=\"more-link\">Czytaj dalej<span class=\"screen-reader-text\"> \u201eLas Cetnar i Piekie\u0142ko, jesie\u0144 2019\u201d<\/span><\/a><\/p>\n","protected":false},"author":1,"featured_media":0,"parent":934,"menu_order":0,"comment_status":"closed","ping_status":"closed","template":"","meta":{"footnotes":""},"class_list":["post-7621","page","type-page","status-publish","hentry"],"_links":{"self":[{"href":"https:\/\/roztocze24.info\/index.php?rest_route=\/wp\/v2\/pages\/7621","targetHints":{"allow":["GET"]}}],"collection":[{"href":"https:\/\/roztocze24.info\/index.php?rest_route=\/wp\/v2\/pages"}],"about":[{"href":"https:\/\/roztocze24.info\/index.php?rest_route=\/wp\/v2\/types\/page"}],"author":[{"embeddable":true,"href":"https:\/\/roztocze24.info\/index.php?rest_route=\/wp\/v2\/users\/1"}],"replies":[{"embeddable":true,"href":"https:\/\/roztocze24.info\/index.php?rest_route=%2Fwp%2Fv2%2Fcomments&post=7621"}],"version-history":[{"count":2,"href":"https:\/\/roztocze24.info\/index.php?rest_route=\/wp\/v2\/pages\/7621\/revisions"}],"predecessor-version":[{"id":7633,"href":"https:\/\/roztocze24.info\/index.php?rest_route=\/wp\/v2\/pages\/7621\/revisions\/7633"}],"up":[{"embeddable":true,"href":"https:\/\/roztocze24.info\/index.php?rest_route=\/wp\/v2\/pages\/934"}],"wp:attachment":[{"href":"https:\/\/roztocze24.info\/index.php?rest_route=%2Fwp%2Fv2%2Fmedia&parent=7621"}],"curies":[{"name":"wp","href":"https:\/\/api.w.org\/{rel}","templated":true}]}}