{"id":7723,"date":"2020-07-13T18:23:15","date_gmt":"2020-07-13T16:23:15","guid":{"rendered":"https:\/\/roztocze24.info\/?page_id=7723"},"modified":"2020-07-17T20:28:54","modified_gmt":"2020-07-17T18:28:54","slug":"skalne-wawozy-w-chmielach","status":"publish","type":"page","link":"https:\/\/roztocze24.info\/?page_id=7723","title":{"rendered":"Skalne w\u0105wozy w Chmielach"},"content":{"rendered":"\n<p>Jaki\u015b czas temu kolega Wojtek Pysz z internetowej Grupy Turystycznej Roztocze (GTR) na Geoportalu odnalaz\u0142 tzw.<strong> <\/strong>Jaskini\u0119 Pedagog\u00f3w w le\u015bnym interiorze pomi\u0119dzy Brusnem a dawn\u0105 wsi\u0105 Chmiele. Wykorzysta\u0142em podane tam wsp\u00f3\u0142rz\u0119dne GPS i wyruszy\u0142em w teren. <\/p>\n\n\n\n<p>Start przy <em>pradawnej <\/em>stodole z czas\u00f3w PRL. Jeszcze stoi, ale mocno nadgryziona przez czas, klimat i zaniedbanie. Tyle gz\u00f3w, co tutaj, to w tym roku nie spotka\u0142em nigdzie indziej. Szybko trzeba by\u0142o zmyka\u0107 do lasu, gdzie z kolei  oczekiwa\u0142y wyg\u0142odnia\u0142e komary. M\u00f3j \u015brodek odstraszajacy szcz\u0119\u015bliwie zadzia\u0142a\u0142.<\/p>\n\n\n\n<div class=\"wp-block-image\"><figure class=\"aligncenter size-large\"><img loading=\"lazy\" decoding=\"async\" width=\"825\" height=\"550\" src=\"https:\/\/roztocze24.info\/wp-content\/uploads\/2020\/07\/IMG_7043.jpg\" alt=\"\" class=\"wp-image-7724\" srcset=\"https:\/\/roztocze24.info\/wp-content\/uploads\/2020\/07\/IMG_7043.jpg 825w, https:\/\/roztocze24.info\/wp-content\/uploads\/2020\/07\/IMG_7043-300x200.jpg 300w, https:\/\/roztocze24.info\/wp-content\/uploads\/2020\/07\/IMG_7043-768x512.jpg 768w\" sizes=\"auto, (max-width: 825px) 85vw, 825px\" \/><figcaption>Kultowa stodo\u0142a w Chmielach<\/figcaption><\/figure><\/div>\n\n\n\n<p>Przed stodo\u0142\u0105, przy drodze, stoi kamienny krzy\u017c, nieopodal zaczyna si\u0119 piaszczysty dukt odbiegaj\u0105cy na zach. w las. Niestety, wsp\u00f3\u0142rz\u0119dne okazuj\u0105 si\u0119 mocno nieprecyzyjne. Wprawdzie szybko docieram na miejsce, ale trafiam na kawa\u0142ek w\u0142a\u015bciwie p\u0142askiego terenu, w \u015brodku lasu. Jaskini tu nie ma. <\/p>\n\n\n\n<p>Nieco dalej na po\u0142udnie s\u0105 jednak ciekawe w\u0105wozy, kt\u00f3re spenetrowa\u0142em na du\u017cym obszarze, po ok. 1,5 km w ka\u017cdym kierunku, ale te\u017c nic nie znalaz\u0142em.<\/p>\n\n\n\n<p>Za to w drodze powrotnej w pewnym momencie m\u00f3j wzrok pow\u0119drowa\u0142 jako\u015b tak sam z siebie w lewo. M\u00f3j turystyczny instynkt podpowiedzia\u0142 mi, ze warto tam p\u00f3j\u015b\u0107. I si\u0119 sprawdzi\u0142o. Natrafi\u0142em na dwa w\u0105wozy z ciekawymi ska\u0142kami i mikro-jaskiniami.<\/p>\n\n\n\n<p>Pocz\u0105tek w\u0105wozu i kilka ma\u0142ych kamieni na zach\u0119t\u0119.<\/p>\n\n\n\n<div class=\"wp-block-image\"><figure class=\"aligncenter size-large\"><img loading=\"lazy\" decoding=\"async\" width=\"400\" height=\"600\" src=\"https:\/\/roztocze24.info\/wp-content\/uploads\/2020\/07\/IMG_7044.jpg\" alt=\"\" class=\"wp-image-7725\" srcset=\"https:\/\/roztocze24.info\/wp-content\/uploads\/2020\/07\/IMG_7044.jpg 400w, https:\/\/roztocze24.info\/wp-content\/uploads\/2020\/07\/IMG_7044-200x300.jpg 200w\" sizes=\"auto, (max-width: 400px) 85vw, 400px\" \/><figcaption>Pocz\u0105tek w\u0105wozu<\/figcaption><\/figure><\/div>\n\n\n\n<p>Potem robi si\u0119 ciekawiej.<\/p>\n\n\n\n<div class=\"wp-block-image\"><figure class=\"aligncenter size-large\"><img loading=\"lazy\" decoding=\"async\" width=\"825\" height=\"550\" src=\"https:\/\/roztocze24.info\/wp-content\/uploads\/2020\/07\/IMG_7047.jpg\" alt=\"\" class=\"wp-image-7726\" srcset=\"https:\/\/roztocze24.info\/wp-content\/uploads\/2020\/07\/IMG_7047.jpg 825w, https:\/\/roztocze24.info\/wp-content\/uploads\/2020\/07\/IMG_7047-300x200.jpg 300w, https:\/\/roztocze24.info\/wp-content\/uploads\/2020\/07\/IMG_7047-768x512.jpg 768w\" sizes=\"auto, (max-width: 825px) 85vw, 825px\" \/><figcaption>Ska\u0142ki w w\u0105wozie I<\/figcaption><\/figure><\/div>\n\n\n\n<p>A oto pierwsza wspomniana mikro-jaskinia.<\/p>\n\n\n\n<div class=\"wp-block-image\"><figure class=\"aligncenter size-large\"><img loading=\"lazy\" decoding=\"async\" width=\"825\" height=\"550\" src=\"https:\/\/roztocze24.info\/wp-content\/uploads\/2020\/07\/IMG_7046-1.jpg\" alt=\"\" class=\"wp-image-7728\" srcset=\"https:\/\/roztocze24.info\/wp-content\/uploads\/2020\/07\/IMG_7046-1.jpg 825w, https:\/\/roztocze24.info\/wp-content\/uploads\/2020\/07\/IMG_7046-1-300x200.jpg 300w, https:\/\/roztocze24.info\/wp-content\/uploads\/2020\/07\/IMG_7046-1-768x512.jpg 768w\" sizes=\"auto, (max-width: 825px) 85vw, 825px\" \/><figcaption>Ska\u0142ki w w\u0105wozie II<\/figcaption><\/figure><\/div>\n\n\n\n<p>Druga jest ciekawsza i wi\u0119ksza. Niestety zdj\u0119cie wysz\u0142o s\u0142abo. Jest pretekst, aby tu wr\u00f3ci\u0107. <\/p>\n\n\n\n<div class=\"wp-block-image\"><figure class=\"aligncenter size-large\"><img loading=\"lazy\" decoding=\"async\" width=\"825\" height=\"550\" src=\"https:\/\/roztocze24.info\/wp-content\/uploads\/2020\/07\/IMG_7050.jpg\" alt=\"\" class=\"wp-image-7729\" srcset=\"https:\/\/roztocze24.info\/wp-content\/uploads\/2020\/07\/IMG_7050.jpg 825w, https:\/\/roztocze24.info\/wp-content\/uploads\/2020\/07\/IMG_7050-300x200.jpg 300w, https:\/\/roztocze24.info\/wp-content\/uploads\/2020\/07\/IMG_7050-768x512.jpg 768w\" sizes=\"auto, (max-width: 825px) 85vw, 825px\" \/><figcaption>Ska\u0142ki w w\u0105wozie III<\/figcaption><\/figure><\/div>\n\n\n\n<p>Mo\u017ce to ta poszukiwana Jaskinia Pedagog\u00f3w? Mo\u017ce kto\u015b z moich go\u015bci wie?<\/p>\n\n\n\n<p><em>Lipiec 2020<\/em><\/p>\n","protected":false},"excerpt":{"rendered":"<p>Jaki\u015b czas temu kolega Wojtek Pysz z internetowej Grupy Turystycznej Roztocze (GTR) na Geoportalu odnalaz\u0142 tzw. Jaskini\u0119 Pedagog\u00f3w w le\u015bnym interiorze pomi\u0119dzy Brusnem a dawn\u0105 wsi\u0105 Chmiele. Wykorzysta\u0142em podane tam wsp\u00f3\u0142rz\u0119dne GPS i wyruszy\u0142em w teren. Start przy pradawnej stodole z czas\u00f3w PRL. Jeszcze stoi, ale mocno nadgryziona przez czas, klimat i zaniedbanie. Tyle gz\u00f3w, &hellip; <a href=\"https:\/\/roztocze24.info\/?page_id=7723\" class=\"more-link\">Czytaj dalej<span class=\"screen-reader-text\"> \u201eSkalne w\u0105wozy w Chmielach\u201d<\/span><\/a><\/p>\n","protected":false},"author":1,"featured_media":0,"parent":883,"menu_order":0,"comment_status":"closed","ping_status":"closed","template":"","meta":{"footnotes":""},"class_list":["post-7723","page","type-page","status-publish","hentry"],"_links":{"self":[{"href":"https:\/\/roztocze24.info\/index.php?rest_route=\/wp\/v2\/pages\/7723","targetHints":{"allow":["GET"]}}],"collection":[{"href":"https:\/\/roztocze24.info\/index.php?rest_route=\/wp\/v2\/pages"}],"about":[{"href":"https:\/\/roztocze24.info\/index.php?rest_route=\/wp\/v2\/types\/page"}],"author":[{"embeddable":true,"href":"https:\/\/roztocze24.info\/index.php?rest_route=\/wp\/v2\/users\/1"}],"replies":[{"embeddable":true,"href":"https:\/\/roztocze24.info\/index.php?rest_route=%2Fwp%2Fv2%2Fcomments&post=7723"}],"version-history":[{"count":5,"href":"https:\/\/roztocze24.info\/index.php?rest_route=\/wp\/v2\/pages\/7723\/revisions"}],"predecessor-version":[{"id":7743,"href":"https:\/\/roztocze24.info\/index.php?rest_route=\/wp\/v2\/pages\/7723\/revisions\/7743"}],"up":[{"embeddable":true,"href":"https:\/\/roztocze24.info\/index.php?rest_route=\/wp\/v2\/pages\/883"}],"wp:attachment":[{"href":"https:\/\/roztocze24.info\/index.php?rest_route=%2Fwp%2Fv2%2Fmedia&parent=7723"}],"curies":[{"name":"wp","href":"https:\/\/api.w.org\/{rel}","templated":true}]}}