{"id":7966,"date":"2021-07-01T21:08:04","date_gmt":"2021-07-01T19:08:04","guid":{"rendered":"https:\/\/roztocze24.info\/?page_id=7966"},"modified":"2021-07-01T21:08:05","modified_gmt":"2021-07-01T19:08:05","slug":"centralny-szlak-rowerowy-roztocza-przewodnik-turystyczny-z-mapami-2021","status":"publish","type":"page","link":"https:\/\/roztocze24.info\/?page_id=7966","title":{"rendered":"Centralny Szlak Rowerowy Roztocza, przewodnik turystyczny z mapami, 2021"},"content":{"rendered":"\n<p class=\"has-medium-font-size\"><strong>Artur Paw\u0142owski, Tadeusz Grabowski, Krzysztof Ka\u0142amucki<\/strong><\/p>\n\n\n\n<div class=\"wp-block-image\"><figure class=\"aligncenter size-large\"><img loading=\"lazy\" decoding=\"async\" width=\"271\" height=\"450\" src=\"https:\/\/roztocze24.info\/wp-content\/uploads\/2021\/07\/CSRR2021.jpg\" alt=\"\" class=\"wp-image-7967\" srcset=\"https:\/\/roztocze24.info\/wp-content\/uploads\/2021\/07\/CSRR2021.jpg 271w, https:\/\/roztocze24.info\/wp-content\/uploads\/2021\/07\/CSRR2021-181x300.jpg 181w\" sizes=\"auto, (max-width: 271px) 85vw, 271px\" \/><\/figure><\/div>\n\n\n\n<p><strong>190 stron, Wydawnictwo Kartpol, 2021<\/strong><\/p>\n\n\n\n<p>Opis ca\u0142ego CSRR od Kra\u015bnika po Lw\u00f3w. Przewodnik jest w pe\u0142ni kolorowy, zawiera mapy ca\u0142ego szlaku w skali 1: 50 000. Publikacje towarzysz\u0105ce to: Atlas rowerowy CSRR (1: 50 000) i Mapa CSRR (1: 100 000, wersja papierowa i plastikowa). Publikacje s\u0105 dofinansowane w ramach projektu PL-BY-UA 2014-2020. Projekt umo\u017cliwia tak\u017ce odnowienie szlaku (w tym wreszcie jego rzeczywiste wyznakowanie na Ukrainie) i rozbudow\u0119 infrastruktury m. in. o wiaty turystyczne.  przewodnik wydany w trzech wersjach: polskiej, angielskiej i ukrai\u0144skiej. Wydawnictwo bezp\u0142atne, mo\u017cna je otrzyma\u0107 m.in. w O\u015brodku Edukacyjno-Muzealnym RPN w Zwierzy\u0144cu.<\/p>\n","protected":false},"excerpt":{"rendered":"<p>Artur Paw\u0142owski, Tadeusz Grabowski, Krzysztof Ka\u0142amucki 190 stron, Wydawnictwo Kartpol, 2021 Opis ca\u0142ego CSRR od Kra\u015bnika po Lw\u00f3w. Przewodnik jest w pe\u0142ni kolorowy, zawiera mapy ca\u0142ego szlaku w skali 1: 50 000. Publikacje towarzysz\u0105ce to: Atlas rowerowy CSRR (1: 50 000) i Mapa CSRR (1: 100 000, wersja papierowa i plastikowa). Publikacje s\u0105 dofinansowane w &hellip; <a href=\"https:\/\/roztocze24.info\/?page_id=7966\" class=\"more-link\">Czytaj dalej<span class=\"screen-reader-text\"> \u201eCentralny Szlak Rowerowy Roztocza, przewodnik turystyczny z mapami, 2021\u201d<\/span><\/a><\/p>\n","protected":false},"author":1,"featured_media":0,"parent":813,"menu_order":0,"comment_status":"closed","ping_status":"closed","template":"","meta":{"footnotes":""},"class_list":["post-7966","page","type-page","status-publish","hentry"],"_links":{"self":[{"href":"https:\/\/roztocze24.info\/index.php?rest_route=\/wp\/v2\/pages\/7966","targetHints":{"allow":["GET"]}}],"collection":[{"href":"https:\/\/roztocze24.info\/index.php?rest_route=\/wp\/v2\/pages"}],"about":[{"href":"https:\/\/roztocze24.info\/index.php?rest_route=\/wp\/v2\/types\/page"}],"author":[{"embeddable":true,"href":"https:\/\/roztocze24.info\/index.php?rest_route=\/wp\/v2\/users\/1"}],"replies":[{"embeddable":true,"href":"https:\/\/roztocze24.info\/index.php?rest_route=%2Fwp%2Fv2%2Fcomments&post=7966"}],"version-history":[{"count":1,"href":"https:\/\/roztocze24.info\/index.php?rest_route=\/wp\/v2\/pages\/7966\/revisions"}],"predecessor-version":[{"id":7968,"href":"https:\/\/roztocze24.info\/index.php?rest_route=\/wp\/v2\/pages\/7966\/revisions\/7968"}],"up":[{"embeddable":true,"href":"https:\/\/roztocze24.info\/index.php?rest_route=\/wp\/v2\/pages\/813"}],"wp:attachment":[{"href":"https:\/\/roztocze24.info\/index.php?rest_route=%2Fwp%2Fv2%2Fmedia&parent=7966"}],"curies":[{"name":"wp","href":"https:\/\/api.w.org\/{rel}","templated":true}]}}