{"id":8028,"date":"2021-10-22T21:13:10","date_gmt":"2021-10-22T19:13:10","guid":{"rendered":"https:\/\/roztocze24.info\/?page_id=8028"},"modified":"2021-10-24T21:41:46","modified_gmt":"2021-10-24T19:41:46","slug":"nowe-sciezki-w-siedliskach","status":"publish","type":"page","link":"https:\/\/roztocze24.info\/?page_id=8028","title":{"rendered":"Nowe \u015bcie\u017cki w Siedliskach"},"content":{"rendered":"\n<p>Jesieni\u0105 2021 r. w Siedliskach wyznakowano dwie nowe \u015bcie\u017cki dydaktyczne: przyrodnicz\u0105 (p\u00f3\u0142nocna, zielona) i historyczn\u0105 (po\u0142udniowa, niebieska). Obie projektowa\u0142 Pawe\u0142 Borowiec z Muzeum Skamienia\u0142ych Drzew, a znakowali Edward S\u0142oniewski i Marian Bury\u0142o z Oddzia\u0142u PTTK w Zamo\u015bciu. \u015acie\u017cki te uzupe\u0142niaj\u0105 istniej\u0105c\u0105 ju\u017c wcze\u015bniej \u015bcie\u017ck\u0119 Szlakiem skamienia\u0142ych drzew (<em>czerwona<\/em>).<\/p>\n\n\n\n<p><strong>\u015acie\u017cka przyrodnicza, p\u00f3\u0142nocna, znakowana kolorem <em>zielonym<\/em>, 6 km<\/strong><\/p>\n\n\n\n<p>Ta \u015bcie\u017cka mnie wr\u0119cz zauroczy\u0142a! To \u015bcie\u017cka wyj\u0105tkowej \u2013 nawet jak na Roztocze \u2013 urody, poprowadzona w\u015br\u00f3d pi\u0119knych las\u00f3w i w\u0105woz\u00f3w g\u00f3ry Siedliska! 6 km prawdziwej uczty dla oczu!<\/p>\n\n\n\n<p>Startowa\u0142em spod Muzeum Skamienia\u0142ych Drzew. Obok cerkwi w\u015br\u00f3d p\u00f3l zmierzam do lasu.<\/p>\n\n\n\n<figure class=\"wp-block-image size-large\"><img loading=\"lazy\" decoding=\"async\" width=\"1024\" height=\"576\" src=\"https:\/\/roztocze24.info\/wp-content\/uploads\/2021\/10\/PXL_20211017_085547444-1024x576.jpg\" alt=\"\" class=\"wp-image-8029\" srcset=\"https:\/\/roztocze24.info\/wp-content\/uploads\/2021\/10\/PXL_20211017_085547444-1024x576.jpg 1024w, https:\/\/roztocze24.info\/wp-content\/uploads\/2021\/10\/PXL_20211017_085547444-300x169.jpg 300w, https:\/\/roztocze24.info\/wp-content\/uploads\/2021\/10\/PXL_20211017_085547444-768x432.jpg 768w, https:\/\/roztocze24.info\/wp-content\/uploads\/2021\/10\/PXL_20211017_085547444-1536x864.jpg 1536w, https:\/\/roztocze24.info\/wp-content\/uploads\/2021\/10\/PXL_20211017_085547444-2048x1152.jpg 2048w, https:\/\/roztocze24.info\/wp-content\/uploads\/2021\/10\/PXL_20211017_085547444-1200x675.jpg 1200w\" sizes=\"auto, (max-width: 709px) 85vw, (max-width: 909px) 67vw, (max-width: 1362px) 62vw, 840px\" \/><\/figure>\n\n\n\n<p><\/p>\n\n\n\n<p>Tam w kilku miejscach okaza\u0142e stanowiska \u017carnowca. Potem b\u0119dzie pod g\u00f3rk\u0119 w\u015br\u00f3d jar\u00f3w i w\u0105woz\u00f3w w pi\u0119knym li\u015bciastym drzewostanie. Jesieni\u0105 jest tu cudownie!<\/p>\n\n\n\n<figure class=\"wp-block-image size-large\"><img loading=\"lazy\" decoding=\"async\" width=\"1024\" height=\"576\" src=\"https:\/\/roztocze24.info\/wp-content\/uploads\/2021\/10\/PXL_20211017_091259514-1024x576.jpg\" alt=\"\" class=\"wp-image-8030\" srcset=\"https:\/\/roztocze24.info\/wp-content\/uploads\/2021\/10\/PXL_20211017_091259514-1024x576.jpg 1024w, https:\/\/roztocze24.info\/wp-content\/uploads\/2021\/10\/PXL_20211017_091259514-300x169.jpg 300w, https:\/\/roztocze24.info\/wp-content\/uploads\/2021\/10\/PXL_20211017_091259514-768x432.jpg 768w, https:\/\/roztocze24.info\/wp-content\/uploads\/2021\/10\/PXL_20211017_091259514-1536x864.jpg 1536w, https:\/\/roztocze24.info\/wp-content\/uploads\/2021\/10\/PXL_20211017_091259514-2048x1152.jpg 2048w, https:\/\/roztocze24.info\/wp-content\/uploads\/2021\/10\/PXL_20211017_091259514-1200x675.jpg 1200w\" sizes=\"auto, (max-width: 709px) 85vw, (max-width: 909px) 67vw, (max-width: 1362px) 62vw, 840px\" \/><\/figure>\n\n\n\n<p><\/p>\n\n\n\n<figure class=\"wp-block-image size-large\"><img loading=\"lazy\" decoding=\"async\" width=\"1024\" height=\"576\" src=\"https:\/\/roztocze24.info\/wp-content\/uploads\/2021\/10\/PXL_20211017_091647971-1024x576.jpg\" alt=\"\" class=\"wp-image-8031\" srcset=\"https:\/\/roztocze24.info\/wp-content\/uploads\/2021\/10\/PXL_20211017_091647971-1024x576.jpg 1024w, https:\/\/roztocze24.info\/wp-content\/uploads\/2021\/10\/PXL_20211017_091647971-300x169.jpg 300w, https:\/\/roztocze24.info\/wp-content\/uploads\/2021\/10\/PXL_20211017_091647971-768x432.jpg 768w, https:\/\/roztocze24.info\/wp-content\/uploads\/2021\/10\/PXL_20211017_091647971-1536x864.jpg 1536w, https:\/\/roztocze24.info\/wp-content\/uploads\/2021\/10\/PXL_20211017_091647971-2048x1152.jpg 2048w, https:\/\/roztocze24.info\/wp-content\/uploads\/2021\/10\/PXL_20211017_091647971-1200x675.jpg 1200w\" sizes=\"auto, (max-width: 709px) 85vw, (max-width: 909px) 67vw, (max-width: 1362px) 62vw, 840px\" \/><\/figure>\n\n\n\n<figure class=\"wp-block-image size-large\"><img loading=\"lazy\" decoding=\"async\" width=\"1024\" height=\"576\" src=\"https:\/\/roztocze24.info\/wp-content\/uploads\/2021\/10\/PXL_20211017_092039789-1024x576.jpg\" alt=\"\" class=\"wp-image-8032\" srcset=\"https:\/\/roztocze24.info\/wp-content\/uploads\/2021\/10\/PXL_20211017_092039789-1024x576.jpg 1024w, https:\/\/roztocze24.info\/wp-content\/uploads\/2021\/10\/PXL_20211017_092039789-300x169.jpg 300w, https:\/\/roztocze24.info\/wp-content\/uploads\/2021\/10\/PXL_20211017_092039789-768x432.jpg 768w, https:\/\/roztocze24.info\/wp-content\/uploads\/2021\/10\/PXL_20211017_092039789-1536x864.jpg 1536w, https:\/\/roztocze24.info\/wp-content\/uploads\/2021\/10\/PXL_20211017_092039789-2048x1152.jpg 2048w, https:\/\/roztocze24.info\/wp-content\/uploads\/2021\/10\/PXL_20211017_092039789-1200x675.jpg 1200w\" sizes=\"auto, (max-width: 709px) 85vw, (max-width: 909px) 67vw, (max-width: 1362px) 62vw, 840px\" \/><\/figure>\n\n\n\n<p><\/p>\n\n\n\n<p>Potem graniowa dr\u00f3\u017cka.<\/p>\n\n\n\n<figure class=\"wp-block-image size-large\"><img loading=\"lazy\" decoding=\"async\" width=\"1024\" height=\"576\" src=\"https:\/\/roztocze24.info\/wp-content\/uploads\/2021\/10\/PXL_20211017_092237485-1024x576.jpg\" alt=\"\" class=\"wp-image-8033\" srcset=\"https:\/\/roztocze24.info\/wp-content\/uploads\/2021\/10\/PXL_20211017_092237485-1024x576.jpg 1024w, https:\/\/roztocze24.info\/wp-content\/uploads\/2021\/10\/PXL_20211017_092237485-300x169.jpg 300w, https:\/\/roztocze24.info\/wp-content\/uploads\/2021\/10\/PXL_20211017_092237485-768x432.jpg 768w, https:\/\/roztocze24.info\/wp-content\/uploads\/2021\/10\/PXL_20211017_092237485-1536x864.jpg 1536w, https:\/\/roztocze24.info\/wp-content\/uploads\/2021\/10\/PXL_20211017_092237485-2048x1152.jpg 2048w, https:\/\/roztocze24.info\/wp-content\/uploads\/2021\/10\/PXL_20211017_092237485-1200x675.jpg 1200w\" sizes=\"auto, (max-width: 709px) 85vw, (max-width: 909px) 67vw, (max-width: 1362px) 62vw, 840px\" \/><\/figure>\n\n\n\n<p><\/p>\n\n\n\n<figure class=\"wp-block-image size-large\"><img loading=\"lazy\" decoding=\"async\" width=\"1024\" height=\"576\" src=\"https:\/\/roztocze24.info\/wp-content\/uploads\/2021\/10\/PXL_20211017_092618087-1024x576.jpg\" alt=\"\" class=\"wp-image-8047\" srcset=\"https:\/\/roztocze24.info\/wp-content\/uploads\/2021\/10\/PXL_20211017_092618087-1024x576.jpg 1024w, https:\/\/roztocze24.info\/wp-content\/uploads\/2021\/10\/PXL_20211017_092618087-300x169.jpg 300w, https:\/\/roztocze24.info\/wp-content\/uploads\/2021\/10\/PXL_20211017_092618087-768x432.jpg 768w, https:\/\/roztocze24.info\/wp-content\/uploads\/2021\/10\/PXL_20211017_092618087-1536x864.jpg 1536w, https:\/\/roztocze24.info\/wp-content\/uploads\/2021\/10\/PXL_20211017_092618087-1200x675.jpg 1200w, https:\/\/roztocze24.info\/wp-content\/uploads\/2021\/10\/PXL_20211017_092618087.jpg 1778w\" sizes=\"auto, (max-width: 709px) 85vw, (max-width: 909px) 67vw, (max-width: 1362px) 62vw, 840px\" \/><\/figure>\n\n\n\n<p>Po prawej miniemy ograniczony, ale ciekawy widok na Siedliska i okolice.<\/p>\n\n\n\n<figure class=\"wp-block-image size-large\"><img loading=\"lazy\" decoding=\"async\" width=\"1024\" height=\"576\" src=\"https:\/\/roztocze24.info\/wp-content\/uploads\/2021\/10\/PXL_20211017_093449020-1024x576.jpg\" alt=\"\" class=\"wp-image-8034\" srcset=\"https:\/\/roztocze24.info\/wp-content\/uploads\/2021\/10\/PXL_20211017_093449020-1024x576.jpg 1024w, https:\/\/roztocze24.info\/wp-content\/uploads\/2021\/10\/PXL_20211017_093449020-300x169.jpg 300w, https:\/\/roztocze24.info\/wp-content\/uploads\/2021\/10\/PXL_20211017_093449020-768x432.jpg 768w, https:\/\/roztocze24.info\/wp-content\/uploads\/2021\/10\/PXL_20211017_093449020-1536x864.jpg 1536w, https:\/\/roztocze24.info\/wp-content\/uploads\/2021\/10\/PXL_20211017_093449020-2048x1152.jpg 2048w, https:\/\/roztocze24.info\/wp-content\/uploads\/2021\/10\/PXL_20211017_093449020-1200x675.jpg 1200w\" sizes=\"auto, (max-width: 709px) 85vw, (max-width: 909px) 67vw, (max-width: 1362px) 62vw, 840px\" \/><\/figure>\n\n\n\n<p><\/p>\n\n\n\n<p><em>P<\/em>rzy starym d\u0119bie<em>\u2026<\/em><\/p>\n\n\n\n<div class=\"wp-block-image\"><figure class=\"aligncenter size-full\"><img loading=\"lazy\" decoding=\"async\" width=\"534\" height=\"800\" src=\"https:\/\/roztocze24.info\/wp-content\/uploads\/2021\/10\/PXL_20211017_094314814.jpg\" alt=\"\" class=\"wp-image-8050\" srcset=\"https:\/\/roztocze24.info\/wp-content\/uploads\/2021\/10\/PXL_20211017_094314814.jpg 534w, https:\/\/roztocze24.info\/wp-content\/uploads\/2021\/10\/PXL_20211017_094314814-200x300.jpg 200w\" sizes=\"auto, (max-width: 534px) 85vw, 534px\" \/><\/figure><\/div>\n\n\n\n<p>&#8230; propozycja kr\u00f3tkiej wycieczki bocznej. Prowadzi ona <em>do<\/em> dawnej osady Bo\u017cyki, po drodze zobaczymy drzewa owocowe, wskazuj\u0105ce, \u017ce kiedy\u015b mieszkali tu ludzie. Tu te\u017c kolejny monumentaln<em>y<\/em>, cho\u0107 z\u0142aman<em>y<\/em> d<em>\u0105<\/em>b.<\/p>\n\n\n\n<div class=\"wp-block-image\"><figure class=\"aligncenter size-full\"><img loading=\"lazy\" decoding=\"async\" width=\"533\" height=\"800\" src=\"https:\/\/roztocze24.info\/wp-content\/uploads\/2021\/10\/PXL_20211017_094623798-1.jpg\" alt=\"\" class=\"wp-image-8043\" srcset=\"https:\/\/roztocze24.info\/wp-content\/uploads\/2021\/10\/PXL_20211017_094623798-1.jpg 533w, https:\/\/roztocze24.info\/wp-content\/uploads\/2021\/10\/PXL_20211017_094623798-1-200x300.jpg 200w\" sizes=\"auto, (max-width: 533px) 85vw, 533px\" \/><\/figure><\/div>\n\n\n\n<p>Za kamiennym krzy\u017cem osi\u0105gam szos\u0119 i zabudowania Siedlisk. Niebawem koniec \u015bcie\u017cki <em>zielonej<\/em>, a zarazem pocz\u0105tek \u015bcie\u017cki <em>niebieskiej<\/em>, historycznej.<\/p>\n\n\n\n<figure class=\"wp-block-image size-large\"><img loading=\"lazy\" decoding=\"async\" width=\"1024\" height=\"576\" src=\"https:\/\/roztocze24.info\/wp-content\/uploads\/2021\/10\/PXL_20211017_100653191-1024x576.jpg\" alt=\"\" class=\"wp-image-8037\" srcset=\"https:\/\/roztocze24.info\/wp-content\/uploads\/2021\/10\/PXL_20211017_100653191-1024x576.jpg 1024w, https:\/\/roztocze24.info\/wp-content\/uploads\/2021\/10\/PXL_20211017_100653191-300x169.jpg 300w, https:\/\/roztocze24.info\/wp-content\/uploads\/2021\/10\/PXL_20211017_100653191-768x432.jpg 768w, https:\/\/roztocze24.info\/wp-content\/uploads\/2021\/10\/PXL_20211017_100653191-1536x864.jpg 1536w, https:\/\/roztocze24.info\/wp-content\/uploads\/2021\/10\/PXL_20211017_100653191-2048x1152.jpg 2048w, https:\/\/roztocze24.info\/wp-content\/uploads\/2021\/10\/PXL_20211017_100653191-1200x675.jpg 1200w\" sizes=\"auto, (max-width: 709px) 85vw, (max-width: 909px) 67vw, (max-width: 1362px) 62vw, 840px\" \/><\/figure>\n\n\n\n<p><\/p>\n\n\n\n<p><strong>\u015acie\u017cka historyczna, po\u0142udniowa, znaki <em>niebieskie<\/em>, 3 km<\/strong><\/p>\n\n\n\n<p>\u015acie\u017cka doskonale uzupe\u0142nia wcze\u015bniejsz\u0105 czerwon\u0105 \u015bcie\u017ck\u0119 wiod\u0105c\u0105 Szlakiem skamienia\u0142ych drzew. Przechodz\u0119 nieopodal ko\u015bcio\u0142a, mijam le\u015bnicz\u00f3wk\u0119 i trafiam na polan\u0119 z pomnikowymi d\u0119bami i eksponowanymi (obecnie tylko dwoma) fragmentami skamienia\u0142ych drzew. Po prawej cyprysiki b\u0142otne. W lesie kolejne pomnikowe d\u0119by.<\/p>\n\n\n\n<p>Tabliczka pokazuje kierunek do pobliskiego \u017ar\u00f3de\u0142ka Paw\u0142a Sapiehy (1860-1934) \u2013 dawnego w\u0142a\u015bciciela okolicznych d\u00f3br. To tylko 50 m st\u0105d.<\/p>\n\n\n\n<figure class=\"wp-block-image size-large\"><img loading=\"lazy\" decoding=\"async\" width=\"1024\" height=\"576\" src=\"https:\/\/roztocze24.info\/wp-content\/uploads\/2021\/10\/PXL_20211017_101613054-1024x576.jpg\" alt=\"\" class=\"wp-image-8038\" srcset=\"https:\/\/roztocze24.info\/wp-content\/uploads\/2021\/10\/PXL_20211017_101613054-1024x576.jpg 1024w, https:\/\/roztocze24.info\/wp-content\/uploads\/2021\/10\/PXL_20211017_101613054-300x169.jpg 300w, https:\/\/roztocze24.info\/wp-content\/uploads\/2021\/10\/PXL_20211017_101613054-768x432.jpg 768w, https:\/\/roztocze24.info\/wp-content\/uploads\/2021\/10\/PXL_20211017_101613054-1536x864.jpg 1536w, https:\/\/roztocze24.info\/wp-content\/uploads\/2021\/10\/PXL_20211017_101613054-2048x1152.jpg 2048w, https:\/\/roztocze24.info\/wp-content\/uploads\/2021\/10\/PXL_20211017_101613054-1200x675.jpg 1200w\" sizes=\"auto, (max-width: 709px) 85vw, (max-width: 909px) 67vw, (max-width: 1362px) 62vw, 840px\" \/><\/figure>\n\n\n\n<p><\/p>\n\n\n\n<p>Dla mnie nowo\u015b\u0107! Zar\u00f3wno d\u0119by, jak i \u017ar\u00f3de\u0142ko nale\u017ca\u0142y do ulubionych miejsc Paw\u0142a i cz\u0119sto je odwiedza\u0142. Przy \u017ar\u00f3de\u0142ku tablica z histori\u0105 \u017cycia Sapiehy i tablica z wierszem Jana Szulca odnosz\u0105cym si\u0119 zar\u00f3wno do tego miejsca, jak i Paw\u0142a Sapiehy. \u0179r\u00f3de\u0142ko \u0142adnie zagospodarowane, z wie\u017cyczk\u0105. Na \u015bcianie pobliskiego budynku fotografia kawalerii w szar\u017cy i informacja, \u017ce tu powstaje panorama Siedliska. Co to b\u0119dzie, jeszcze nie wiadomo.<\/p>\n\n\n\n<p>Teraz wspinam si\u0119 na wzg\u00f3rze tatarskie. Na jego przeciwleg\u0142ym ko\u0144cu krzy\u017c z tablic\u0105 informuj\u0105c\u0105, \u017ce to miejsce bitwy \u00f3wczesnego hetmana Jana Sobieskiego z Tatarami w 1672 r. <\/p>\n\n\n\n<figure class=\"wp-block-image size-large\"><img loading=\"lazy\" decoding=\"async\" width=\"1024\" height=\"576\" src=\"https:\/\/roztocze24.info\/wp-content\/uploads\/2021\/10\/PXL_20211017_102038460-1024x576.jpg\" alt=\"\" class=\"wp-image-8039\" srcset=\"https:\/\/roztocze24.info\/wp-content\/uploads\/2021\/10\/PXL_20211017_102038460-1024x576.jpg 1024w, https:\/\/roztocze24.info\/wp-content\/uploads\/2021\/10\/PXL_20211017_102038460-300x169.jpg 300w, https:\/\/roztocze24.info\/wp-content\/uploads\/2021\/10\/PXL_20211017_102038460-768x432.jpg 768w, https:\/\/roztocze24.info\/wp-content\/uploads\/2021\/10\/PXL_20211017_102038460-1536x864.jpg 1536w, https:\/\/roztocze24.info\/wp-content\/uploads\/2021\/10\/PXL_20211017_102038460-2048x1152.jpg 2048w, https:\/\/roztocze24.info\/wp-content\/uploads\/2021\/10\/PXL_20211017_102038460-1200x675.jpg 1200w\" sizes=\"auto, (max-width: 709px) 85vw, (max-width: 909px) 67vw, (max-width: 1362px) 62vw, 840px\" \/><\/figure>\n\n\n\n<p><\/p>\n\n\n\n<p>Dalej szutrowa droga zamykaj\u0105ca wie\u015b od strony po\u0142udniowej. Przy niej mogi\u0142a \u017co\u0142nierza Armii Czerwonej, kt\u00f3ry zgin\u0105\u0142 w tym miejscu w 1941 r. (podobn\u0105 mogi\u0142\u0119 zobaczymy w tej okolicy tak\u017ce na Jalince, przy \u015bcie\u017cce <em>czerwonej<\/em>).<\/p>\n\n\n\n<p>Zbli\u017cam si\u0119 do linii kolejowej. Obowi\u0105zkowo zagl\u0105dam na stacj\u0119 Siedliska Tomaszowskie.<\/p>\n\n\n\n<figure class=\"wp-block-image size-large\"><img loading=\"lazy\" decoding=\"async\" width=\"1024\" height=\"576\" src=\"https:\/\/roztocze24.info\/wp-content\/uploads\/2021\/10\/PXL_20211017_102923036-1024x576.jpg\" alt=\"\" class=\"wp-image-8040\" srcset=\"https:\/\/roztocze24.info\/wp-content\/uploads\/2021\/10\/PXL_20211017_102923036-1024x576.jpg 1024w, https:\/\/roztocze24.info\/wp-content\/uploads\/2021\/10\/PXL_20211017_102923036-300x169.jpg 300w, https:\/\/roztocze24.info\/wp-content\/uploads\/2021\/10\/PXL_20211017_102923036-768x432.jpg 768w, https:\/\/roztocze24.info\/wp-content\/uploads\/2021\/10\/PXL_20211017_102923036-1536x864.jpg 1536w, https:\/\/roztocze24.info\/wp-content\/uploads\/2021\/10\/PXL_20211017_102923036-2048x1152.jpg 2048w, https:\/\/roztocze24.info\/wp-content\/uploads\/2021\/10\/PXL_20211017_102923036-1200x675.jpg 1200w\" sizes=\"auto, (max-width: 709px) 85vw, (max-width: 909px) 67vw, (max-width: 1362px) 62vw, 840px\" \/><\/figure>\n\n\n\n<p><\/p>\n\n\n\n<p>A dalej jeszcze troch\u0119 lasu, kapliczka na \u017ar\u00f3de\u0142kach, muzeum i cerkiew, gdzie zamykam p\u0119tl\u0119. Teraz p\u0119dz\u0119 do J\u00f3zefowa, ale to ju\u017c zupe\u0142nie inna historia\u2026<\/p>\n\n\n\n<p><em>17 X 2021<\/em><\/p>\n","protected":false},"excerpt":{"rendered":"<p>Jesieni\u0105 2021 r. w Siedliskach wyznakowano dwie nowe \u015bcie\u017cki dydaktyczne: przyrodnicz\u0105 (p\u00f3\u0142nocna, zielona) i historyczn\u0105 (po\u0142udniowa, niebieska). Obie projektowa\u0142 Pawe\u0142 Borowiec z Muzeum Skamienia\u0142ych Drzew, a znakowali Edward S\u0142oniewski i Marian Bury\u0142o z Oddzia\u0142u PTTK w Zamo\u015bciu. \u015acie\u017cki te uzupe\u0142niaj\u0105 istniej\u0105c\u0105 ju\u017c wcze\u015bniej \u015bcie\u017ck\u0119 Szlakiem skamienia\u0142ych drzew (czerwona). \u015acie\u017cka przyrodnicza, p\u00f3\u0142nocna, znakowana kolorem zielonym, 6 &hellip; <a href=\"https:\/\/roztocze24.info\/?page_id=8028\" class=\"more-link\">Czytaj dalej<span class=\"screen-reader-text\"> \u201eNowe \u015bcie\u017cki w Siedliskach\u201d<\/span><\/a><\/p>\n","protected":false},"author":1,"featured_media":0,"parent":883,"menu_order":0,"comment_status":"closed","ping_status":"closed","template":"","meta":{"footnotes":""},"class_list":["post-8028","page","type-page","status-publish","hentry"],"_links":{"self":[{"href":"https:\/\/roztocze24.info\/index.php?rest_route=\/wp\/v2\/pages\/8028","targetHints":{"allow":["GET"]}}],"collection":[{"href":"https:\/\/roztocze24.info\/index.php?rest_route=\/wp\/v2\/pages"}],"about":[{"href":"https:\/\/roztocze24.info\/index.php?rest_route=\/wp\/v2\/types\/page"}],"author":[{"embeddable":true,"href":"https:\/\/roztocze24.info\/index.php?rest_route=\/wp\/v2\/users\/1"}],"replies":[{"embeddable":true,"href":"https:\/\/roztocze24.info\/index.php?rest_route=%2Fwp%2Fv2%2Fcomments&post=8028"}],"version-history":[{"count":5,"href":"https:\/\/roztocze24.info\/index.php?rest_route=\/wp\/v2\/pages\/8028\/revisions"}],"predecessor-version":[{"id":8058,"href":"https:\/\/roztocze24.info\/index.php?rest_route=\/wp\/v2\/pages\/8028\/revisions\/8058"}],"up":[{"embeddable":true,"href":"https:\/\/roztocze24.info\/index.php?rest_route=\/wp\/v2\/pages\/883"}],"wp:attachment":[{"href":"https:\/\/roztocze24.info\/index.php?rest_route=%2Fwp%2Fv2%2Fmedia&parent=8028"}],"curies":[{"name":"wp","href":"https:\/\/api.w.org\/{rel}","templated":true}]}}