{"id":8081,"date":"2021-12-14T21:12:57","date_gmt":"2021-12-14T20:12:57","guid":{"rendered":"https:\/\/roztocze24.info\/?page_id=8081"},"modified":"2021-12-15T10:29:12","modified_gmt":"2021-12-15T09:29:12","slug":"singletrack-jozefow","status":"publish","type":"page","link":"https:\/\/roztocze24.info\/?page_id=8081","title":{"rendered":"Singletrack J\u00f3zef\u00f3w"},"content":{"rendered":"\n<p><strong>Hamernia (le\u015bnicz\u00f3wka) &#8211; J\u00f3zef\u00f3w (le\u015bna droga J\u00f3zef\u00f3w &#8211; Fryszarka), w\u0105ska utwardzana droga, szlak jednokierunkowy, 8 km<\/strong><\/p>\n\n\n\n<div class=\"wp-block-image\"><figure class=\"aligncenter size-full\"><img loading=\"lazy\" decoding=\"async\" width=\"400\" height=\"600\" src=\"https:\/\/roztocze24.info\/wp-content\/uploads\/2021\/12\/IMG_1253.jpg\" alt=\"\" class=\"wp-image-8084\" srcset=\"https:\/\/roztocze24.info\/wp-content\/uploads\/2021\/12\/IMG_1253.jpg 400w, https:\/\/roztocze24.info\/wp-content\/uploads\/2021\/12\/IMG_1253-200x300.jpg 200w\" sizes=\"auto, (max-width: 400px) 85vw, 400px\" \/><\/figure><\/div>\n\n\n\n<p> Trasa niezwyk\u0142ej urody, cho\u0107 \u2013 wbrew napisowi \u0142atwa na reklamuj\u0105cej j\u0105 tablicy \u2013 jest trudna, ale warto! Bardzo du\u017co stromych podjazd\u00f3w i zjazd\u00f3w (co pokazuje poni\u017cszy profil) w\u015br\u00f3d pi\u0119knych las\u00f3w! Zupe\u0142nie si\u0119 tego nie spodziewa\u0142em po tym niby p\u0142askim puszcza\u0144skim terenie. Cudne s\u0105 wyj\u0105tkowo licznie nagromadzone kamienie i du\u017cy kamienio\u0142om! Tras\u0119 przygotowa\u0142y Lasy Pa\u0144stwowe.  To dalszy ci\u0105g j\u00f3zefowskiej Babiej Doliny.  <\/p>\n\n\n\n<div class=\"wp-block-image\"><figure class=\"aligncenter size-large\"><img loading=\"lazy\" decoding=\"async\" width=\"1024\" height=\"475\" src=\"https:\/\/roztocze24.info\/wp-content\/uploads\/2021\/12\/SG02-1024x475.jpg\" alt=\"\" class=\"wp-image-8082\" srcset=\"https:\/\/roztocze24.info\/wp-content\/uploads\/2021\/12\/SG02-1024x475.jpg 1024w, https:\/\/roztocze24.info\/wp-content\/uploads\/2021\/12\/SG02-300x139.jpg 300w, https:\/\/roztocze24.info\/wp-content\/uploads\/2021\/12\/SG02-768x356.jpg 768w, https:\/\/roztocze24.info\/wp-content\/uploads\/2021\/12\/SG02-1536x712.jpg 1536w, https:\/\/roztocze24.info\/wp-content\/uploads\/2021\/12\/SG02-2048x949.jpg 2048w, https:\/\/roztocze24.info\/wp-content\/uploads\/2021\/12\/SG02-1200x556.jpg 1200w\" sizes=\"auto, (max-width: 709px) 85vw, (max-width: 909px) 67vw, (max-width: 1362px) 62vw, 840px\" \/><\/figure><\/div>\n\n\n\n<p>Singletrack to w\u0105ska droga po\u015bwi\u0119cona dla rower\u00f3w g\u00f3rskich i w\u0142a\u015bnie z uwagi na jej niewielk\u0105 szeroko\u015b\u0107 szlak przygotowany zosta\u0142 jako jednokierunkowy. Trasa ma po cz\u0119\u015bci charakter sportowy, oznakowano dodatkowe elementy, takie jak rollery, stoliki, czy profilowane zakr\u0119ty. Dogodnym miejscem startu jest parking przy rezerwacie Czartowe Pole. St\u0105d przez most na rzece Sopot udajemy si\u0119 do figury \u015bw. Jana Nepomucena, gdzie w lewo do le\u015bnicz\u00f3wki. Zaraz za ni\u0105 tablica z mapk\u0105 przedstawiaj\u0105c\u0105 ca\u0142\u0105 tras\u0119. Nie jest ona znakowana, ca\u0142y czas prowadzi nas jednak utwardzona droga. Oznakowano tylko dodatkowe elementy na trasie.<\/p>\n\n\n\n<figure class=\"wp-block-image size-large\"><img loading=\"lazy\" decoding=\"async\" width=\"1024\" height=\"683\" src=\"https:\/\/roztocze24.info\/wp-content\/uploads\/2021\/12\/IMG_1228-1024x683.jpg\" alt=\"\" class=\"wp-image-8083\" srcset=\"https:\/\/roztocze24.info\/wp-content\/uploads\/2021\/12\/IMG_1228-1024x683.jpg 1024w, https:\/\/roztocze24.info\/wp-content\/uploads\/2021\/12\/IMG_1228-300x200.jpg 300w, https:\/\/roztocze24.info\/wp-content\/uploads\/2021\/12\/IMG_1228-768x512.jpg 768w, https:\/\/roztocze24.info\/wp-content\/uploads\/2021\/12\/IMG_1228.jpg 1200w\" sizes=\"auto, (max-width: 709px) 85vw, (max-width: 909px) 67vw, (max-width: 1362px) 62vw, 840px\" \/><\/figure>\n\n\n\n<p>W pierwszej cz\u0119\u015bci przeje\u017cd\u017camy w pobli\u017cu du\u017cego kamienio\u0142omu, warto zej\u015b\u0107 tu z rowera i zobaczy\u0107 go z bliska.<\/p>\n\n\n\n<figure class=\"wp-block-image size-large\"><img loading=\"lazy\" decoding=\"async\" width=\"1024\" height=\"683\" src=\"https:\/\/roztocze24.info\/wp-content\/uploads\/2021\/12\/IMG_1229-1024x683.jpg\" alt=\"\" class=\"wp-image-8085\" srcset=\"https:\/\/roztocze24.info\/wp-content\/uploads\/2021\/12\/IMG_1229-1024x683.jpg 1024w, https:\/\/roztocze24.info\/wp-content\/uploads\/2021\/12\/IMG_1229-300x200.jpg 300w, https:\/\/roztocze24.info\/wp-content\/uploads\/2021\/12\/IMG_1229-768x512.jpg 768w, https:\/\/roztocze24.info\/wp-content\/uploads\/2021\/12\/IMG_1229.jpg 1200w\" sizes=\"auto, (max-width: 709px) 85vw, (max-width: 909px) 67vw, (max-width: 1362px) 62vw, 840px\" \/><\/figure>\n\n\n\n<p>Dalej, ju\u017c bezpo\u015brednio przy szlaku, mini jaskinia.<\/p>\n\n\n\n<figure class=\"wp-block-image size-large\"><img loading=\"lazy\" decoding=\"async\" width=\"1024\" height=\"683\" src=\"https:\/\/roztocze24.info\/wp-content\/uploads\/2021\/12\/IMG_1236-1024x683.jpg\" alt=\"\" class=\"wp-image-8086\" srcset=\"https:\/\/roztocze24.info\/wp-content\/uploads\/2021\/12\/IMG_1236-1024x683.jpg 1024w, https:\/\/roztocze24.info\/wp-content\/uploads\/2021\/12\/IMG_1236-300x200.jpg 300w, https:\/\/roztocze24.info\/wp-content\/uploads\/2021\/12\/IMG_1236-768x512.jpg 768w, https:\/\/roztocze24.info\/wp-content\/uploads\/2021\/12\/IMG_1236.jpg 1200w\" sizes=\"auto, (max-width: 709px) 85vw, (max-width: 909px) 67vw, (max-width: 1362px) 62vw, 840px\" \/><\/figure>\n\n\n\n<p>Rozpoczyna si\u0119 festiwal zjad\u00f3w i podjazd\u00f3w i ogromnej ilo\u015bci nagromadzonych w pobli\u017cu kamieni.<\/p>\n\n\n\n<figure class=\"wp-block-image size-large\"><img loading=\"lazy\" decoding=\"async\" width=\"1024\" height=\"683\" src=\"https:\/\/roztocze24.info\/wp-content\/uploads\/2021\/12\/IMG_1250-1024x683.jpg\" alt=\"\" class=\"wp-image-8087\" srcset=\"https:\/\/roztocze24.info\/wp-content\/uploads\/2021\/12\/IMG_1250-1024x683.jpg 1024w, https:\/\/roztocze24.info\/wp-content\/uploads\/2021\/12\/IMG_1250-300x200.jpg 300w, https:\/\/roztocze24.info\/wp-content\/uploads\/2021\/12\/IMG_1250-768x512.jpg 768w, https:\/\/roztocze24.info\/wp-content\/uploads\/2021\/12\/IMG_1250.jpg 1200w\" sizes=\"auto, (max-width: 709px) 85vw, (max-width: 909px) 67vw, (max-width: 1362px) 62vw, 840px\" \/><\/figure>\n\n\n\n<figure class=\"wp-block-image size-large\"><img loading=\"lazy\" decoding=\"async\" width=\"1024\" height=\"683\" src=\"https:\/\/roztocze24.info\/wp-content\/uploads\/2021\/12\/IMG_1262-1024x683.jpg\" alt=\"\" class=\"wp-image-8088\" srcset=\"https:\/\/roztocze24.info\/wp-content\/uploads\/2021\/12\/IMG_1262-1024x683.jpg 1024w, https:\/\/roztocze24.info\/wp-content\/uploads\/2021\/12\/IMG_1262-300x200.jpg 300w, https:\/\/roztocze24.info\/wp-content\/uploads\/2021\/12\/IMG_1262-768x512.jpg 768w, https:\/\/roztocze24.info\/wp-content\/uploads\/2021\/12\/IMG_1262.jpg 1200w\" sizes=\"auto, (max-width: 709px) 85vw, (max-width: 909px) 67vw, (max-width: 1362px) 62vw, 840px\" \/><\/figure>\n\n\n\n<div class=\"wp-block-image\"><figure class=\"aligncenter size-large\"><img loading=\"lazy\" decoding=\"async\" width=\"1024\" height=\"576\" src=\"https:\/\/roztocze24.info\/wp-content\/uploads\/2021\/12\/IMG_1271-1024x576.jpg\" alt=\"\" class=\"wp-image-8089\" srcset=\"https:\/\/roztocze24.info\/wp-content\/uploads\/2021\/12\/IMG_1271-1024x576.jpg 1024w, https:\/\/roztocze24.info\/wp-content\/uploads\/2021\/12\/IMG_1271-300x169.jpg 300w, https:\/\/roztocze24.info\/wp-content\/uploads\/2021\/12\/IMG_1271-768x432.jpg 768w, https:\/\/roztocze24.info\/wp-content\/uploads\/2021\/12\/IMG_1271-1200x675.jpg 1200w, https:\/\/roztocze24.info\/wp-content\/uploads\/2021\/12\/IMG_1271.jpg 1422w\" sizes=\"auto, (max-width: 709px) 85vw, (max-width: 909px) 67vw, (max-width: 1362px) 62vw, 840px\" \/><\/figure><\/div>\n\n\n\n<p>Ciekawostk\u0105 jest tzw. stolik (fotka poni\u017cej).<\/p>\n\n\n\n<div class=\"wp-block-image\"><figure class=\"aligncenter size-large\"><img loading=\"lazy\" decoding=\"async\" width=\"1024\" height=\"683\" src=\"https:\/\/roztocze24.info\/wp-content\/uploads\/2021\/12\/IMG_1282-1024x683.jpg\" alt=\"\" class=\"wp-image-8090\" srcset=\"https:\/\/roztocze24.info\/wp-content\/uploads\/2021\/12\/IMG_1282-1024x683.jpg 1024w, https:\/\/roztocze24.info\/wp-content\/uploads\/2021\/12\/IMG_1282-300x200.jpg 300w, https:\/\/roztocze24.info\/wp-content\/uploads\/2021\/12\/IMG_1282-768x512.jpg 768w, https:\/\/roztocze24.info\/wp-content\/uploads\/2021\/12\/IMG_1282.jpg 1200w\" sizes=\"auto, (max-width: 709px) 85vw, (max-width: 909px) 67vw, (max-width: 1362px) 62vw, 840px\" \/><\/figure><\/div>\n\n\n\n<div class=\"wp-block-image\"><figure class=\"aligncenter size-large\"><img loading=\"lazy\" decoding=\"async\" width=\"1024\" height=\"683\" src=\"https:\/\/roztocze24.info\/wp-content\/uploads\/2021\/12\/IMG_1292-1024x683.jpg\" alt=\"\" class=\"wp-image-8091\" srcset=\"https:\/\/roztocze24.info\/wp-content\/uploads\/2021\/12\/IMG_1292-1024x683.jpg 1024w, https:\/\/roztocze24.info\/wp-content\/uploads\/2021\/12\/IMG_1292-300x200.jpg 300w, https:\/\/roztocze24.info\/wp-content\/uploads\/2021\/12\/IMG_1292-768x512.jpg 768w, https:\/\/roztocze24.info\/wp-content\/uploads\/2021\/12\/IMG_1292.jpg 1200w\" sizes=\"auto, (max-width: 709px) 85vw, (max-width: 909px) 67vw, (max-width: 1362px) 62vw, 840px\" \/><\/figure><\/div>\n\n\n\n<div class=\"wp-block-image\"><figure class=\"aligncenter size-large\"><img loading=\"lazy\" decoding=\"async\" width=\"1024\" height=\"576\" src=\"https:\/\/roztocze24.info\/wp-content\/uploads\/2021\/12\/IMG_1295-1024x576.jpg\" alt=\"\" class=\"wp-image-8092\" srcset=\"https:\/\/roztocze24.info\/wp-content\/uploads\/2021\/12\/IMG_1295-1024x576.jpg 1024w, https:\/\/roztocze24.info\/wp-content\/uploads\/2021\/12\/IMG_1295-300x169.jpg 300w, https:\/\/roztocze24.info\/wp-content\/uploads\/2021\/12\/IMG_1295-768x432.jpg 768w, https:\/\/roztocze24.info\/wp-content\/uploads\/2021\/12\/IMG_1295-1200x675.jpg 1200w, https:\/\/roztocze24.info\/wp-content\/uploads\/2021\/12\/IMG_1295.jpg 1422w\" sizes=\"auto, (max-width: 709px) 85vw, (max-width: 909px) 67vw, (max-width: 1362px) 62vw, 840px\" \/><\/figure><\/div>\n\n\n\n<div class=\"wp-block-image\"><figure class=\"aligncenter size-large\"><img loading=\"lazy\" decoding=\"async\" width=\"1024\" height=\"683\" src=\"https:\/\/roztocze24.info\/wp-content\/uploads\/2021\/12\/IMG_1302-1024x683.jpg\" alt=\"\" class=\"wp-image-8093\" srcset=\"https:\/\/roztocze24.info\/wp-content\/uploads\/2021\/12\/IMG_1302-1024x683.jpg 1024w, https:\/\/roztocze24.info\/wp-content\/uploads\/2021\/12\/IMG_1302-300x200.jpg 300w, https:\/\/roztocze24.info\/wp-content\/uploads\/2021\/12\/IMG_1302-768x512.jpg 768w, https:\/\/roztocze24.info\/wp-content\/uploads\/2021\/12\/IMG_1302.jpg 1200w\" sizes=\"auto, (max-width: 709px) 85vw, (max-width: 909px) 67vw, (max-width: 1362px) 62vw, 840px\" \/><\/figure><\/div>\n\n\n\n<p>W drugiej cz\u0119\u015bci nadal wiele kamieni i kolejna mini jaskinia.<\/p>\n\n\n\n<div class=\"wp-block-image\"><figure class=\"aligncenter size-large\"><img loading=\"lazy\" decoding=\"async\" width=\"1024\" height=\"576\" src=\"https:\/\/roztocze24.info\/wp-content\/uploads\/2021\/12\/IMG_1309-1024x576.jpg\" alt=\"\" class=\"wp-image-8094\" srcset=\"https:\/\/roztocze24.info\/wp-content\/uploads\/2021\/12\/IMG_1309-1024x576.jpg 1024w, https:\/\/roztocze24.info\/wp-content\/uploads\/2021\/12\/IMG_1309-300x169.jpg 300w, https:\/\/roztocze24.info\/wp-content\/uploads\/2021\/12\/IMG_1309-768x432.jpg 768w, https:\/\/roztocze24.info\/wp-content\/uploads\/2021\/12\/IMG_1309-1200x675.jpg 1200w, https:\/\/roztocze24.info\/wp-content\/uploads\/2021\/12\/IMG_1309.jpg 1422w\" sizes=\"auto, (max-width: 709px) 85vw, (max-width: 909px) 67vw, (max-width: 1362px) 62vw, 840px\" \/><\/figure><\/div>\n\n\n\n<p>Koniec przy le\u015bnej szosie J\u00f3zef\u00f3w \u2013 Fryszarka. Skr\u0119camy w prawo docieraj\u0105c ju\u017c w J\u00f3zefowie do prostopad\u0142ej ul. Batalion\u00f3w Ch\u0142opskich. Tu w prawo. St\u0105d do parkingu przy rezerwacie Czartowe Pole powr\u00f3cimy korzystaj\u0105c z lokalnych dr\u00f3g asfaltowych, a pocz\u0105tkowo tak\u017ce wygodnej drogi rowerowej poprowadzonej wzd\u0142u\u017c szosy. Na ca\u0142ym odcinku b\u0119d\u0105 znaki <em>pomara\u0144czowe<\/em> trasy rowerowej Green Velo. Odcinek powrotny zajmie nam kolejne 8 km, razem wyjdzie wi\u0119c 16 km.<\/p>\n","protected":false},"excerpt":{"rendered":"<p>Hamernia (le\u015bnicz\u00f3wka) &#8211; J\u00f3zef\u00f3w (le\u015bna droga J\u00f3zef\u00f3w &#8211; Fryszarka), w\u0105ska utwardzana droga, szlak jednokierunkowy, 8 km Trasa niezwyk\u0142ej urody, cho\u0107 \u2013 wbrew napisowi \u0142atwa na reklamuj\u0105cej j\u0105 tablicy \u2013 jest trudna, ale warto! Bardzo du\u017co stromych podjazd\u00f3w i zjazd\u00f3w (co pokazuje poni\u017cszy profil) w\u015br\u00f3d pi\u0119knych las\u00f3w! Zupe\u0142nie si\u0119 tego nie spodziewa\u0142em po tym niby p\u0142askim &hellip; <a href=\"https:\/\/roztocze24.info\/?page_id=8081\" class=\"more-link\">Czytaj dalej<span class=\"screen-reader-text\"> \u201eSingletrack J\u00f3zef\u00f3w\u201d<\/span><\/a><\/p>\n","protected":false},"author":1,"featured_media":0,"parent":895,"menu_order":0,"comment_status":"closed","ping_status":"closed","template":"","meta":{"footnotes":""},"class_list":["post-8081","page","type-page","status-publish","hentry"],"_links":{"self":[{"href":"https:\/\/roztocze24.info\/index.php?rest_route=\/wp\/v2\/pages\/8081","targetHints":{"allow":["GET"]}}],"collection":[{"href":"https:\/\/roztocze24.info\/index.php?rest_route=\/wp\/v2\/pages"}],"about":[{"href":"https:\/\/roztocze24.info\/index.php?rest_route=\/wp\/v2\/types\/page"}],"author":[{"embeddable":true,"href":"https:\/\/roztocze24.info\/index.php?rest_route=\/wp\/v2\/users\/1"}],"replies":[{"embeddable":true,"href":"https:\/\/roztocze24.info\/index.php?rest_route=%2Fwp%2Fv2%2Fcomments&post=8081"}],"version-history":[{"count":5,"href":"https:\/\/roztocze24.info\/index.php?rest_route=\/wp\/v2\/pages\/8081\/revisions"}],"predecessor-version":[{"id":8111,"href":"https:\/\/roztocze24.info\/index.php?rest_route=\/wp\/v2\/pages\/8081\/revisions\/8111"}],"up":[{"embeddable":true,"href":"https:\/\/roztocze24.info\/index.php?rest_route=\/wp\/v2\/pages\/895"}],"wp:attachment":[{"href":"https:\/\/roztocze24.info\/index.php?rest_route=%2Fwp%2Fv2%2Fmedia&parent=8081"}],"curies":[{"name":"wp","href":"https:\/\/api.w.org\/{rel}","templated":true}]}}