{"id":810,"date":"2016-02-20T19:19:29","date_gmt":"2016-02-20T19:19:29","guid":{"rendered":"http:\/\/roztocze24.info\/kolej-2\/na_roztocze_koleja\/"},"modified":"2023-06-21T11:39:17","modified_gmt":"2023-06-21T09:39:17","slug":"na_roztocze_koleja","status":"publish","type":"page","link":"https:\/\/roztocze24.info\/?page_id=810","title":{"rendered":"Na Roztocze kolej\u0105"},"content":{"rendered":"<h4>czyli co ciekawego mo\u017cna zobaczy\u0107 z okien poci\u0105gu<br \/>\nPrzewodnik INTERNETOWY<\/h4>\n<p>Kolej\u0105 po Roztoczu? Dlaczego nie? \u017belazny szlak jest tu bardzo ciekawy krajobrazowo i sam w sobie stanowi atrakcj\u0119 turystyczn\u0105.<\/p>\n<p>Na poni\u017cszych stronach opisuj\u0119 po ca\u0142o\u015bci szlak kolejowy obs\u0142ugiwany trakcj\u0105 spalinow\u0105 z Rejowca przez Zawad\u0119, Zwierzyniec, Susiec, Be\u0142\u017cec, Horyniec, Lubacz\u00f3w\u00a0 po Munin\u0119, a tak\u017ce trasy boczne z Zawady do Zamo\u015bcia, ze Zwierzy\u0144ca do Tereszpola, z Hrebennego do Lwowa i z Hrebennego w stron\u0119 Sokala. Uwaga! Kilometra\u017c liczony jest w kierunku z Rejowca do Muniny.<\/p>\n<p><strong>Info<\/strong><\/p>\n<p><a href=\"https:\/\/roztocze24.info\/?page_id=6590\">Kilka s\u0142\u00f3w wprowadzenia<\/a><\/p>\n<p><a href=\"https:\/\/roztocze24.info\/?page_id=8588\" target=\"_blank\" rel=\"noopener\">Rozk\u0142ad jazdy<\/a><\/p>\n<p><a href=\"https:\/\/roztocze24.info\/?page_id=6673\">Archiwalne bilety kolejowe<\/a><\/p>\n<p><strong>Trasa g\u0142\u00f3wna:<\/strong><\/p>\n<p><a href=\"https:\/\/roztocze24.info\/?page_id=6596\">Odcinek Rejowiec &#8211; Zawada, 54 km<\/a><\/p>\n<p><a href=\"https:\/\/roztocze24.info\/?page_id=6700\">Odcinek Zawada &#8211; Zwierzyniec, 22 km<\/a><\/p>\n<p><a href=\"https:\/\/roztocze24.info\/?page_id=6720\">Odcinek Zwierzyniec &#8211; Susiec, 31 km<\/a><\/p>\n<p><a href=\"https:\/\/roztocze24.info\/?page_id=6746\">Odcinek Susiec &#8211; Hrebenne, 30 km<\/a><\/p>\n<p><a href=\"https:\/\/roztocze24.info\/?page_id=6789\">Odcinek Hrebenne &#8211; Horyniec, 26 km<\/a><\/p>\n<p><a href=\"https:\/\/roztocze24.info\/?page_id=6837\">Odcinek Horyniec &#8211; Munina, 56 km<\/a><\/p>\n<p><strong>Trasy boczne:<\/strong><\/p>\n<p><a href=\"https:\/\/roztocze24.info\/?page_id=6662\">Odcinek Zamo\u015b\u0107 &#8211; Zawada, 12 km<\/a><\/p>\n<p><a href=\"https:\/\/roztocze24.info\/?page_id=6914\">Odcinek Zwierzyniec &#8211; Tereszpol, 13 km<\/a><\/p>\n<p><a href=\"https:\/\/roztocze24.info\/?page_id=922\">Odcinek Hrebenne &#8211; Lw\u00f3w, 76 km<\/a><\/p>\n<p><a href=\"https:\/\/roztocze24.info\/?page_id=2158\">Odcinek Hrebenne &#8211; Podd\u0119bce, 11 km<\/a><\/p>\n","protected":false},"excerpt":{"rendered":"<p>czyli co ciekawego mo\u017cna zobaczy\u0107 z okien poci\u0105gu Przewodnik INTERNETOWY Kolej\u0105 po Roztoczu? Dlaczego nie? \u017belazny szlak jest tu bardzo ciekawy krajobrazowo i sam w sobie stanowi atrakcj\u0119 turystyczn\u0105. Na poni\u017cszych stronach opisuj\u0119 po ca\u0142o\u015bci szlak kolejowy obs\u0142ugiwany trakcj\u0105 spalinow\u0105 z Rejowca przez Zawad\u0119, Zwierzyniec, Susiec, Be\u0142\u017cec, Horyniec, Lubacz\u00f3w\u00a0 po Munin\u0119, a tak\u017ce trasy boczne &hellip; <a href=\"https:\/\/roztocze24.info\/?page_id=810\" class=\"more-link\">Czytaj dalej<span class=\"screen-reader-text\"> \u201eNa Roztocze kolej\u0105\u201d<\/span><\/a><\/p>\n","protected":false},"author":1,"featured_media":6587,"parent":808,"menu_order":0,"comment_status":"closed","ping_status":"closed","template":"","meta":{"footnotes":""},"class_list":["post-810","page","type-page","status-publish","has-post-thumbnail","hentry"],"_links":{"self":[{"href":"https:\/\/roztocze24.info\/index.php?rest_route=\/wp\/v2\/pages\/810","targetHints":{"allow":["GET"]}}],"collection":[{"href":"https:\/\/roztocze24.info\/index.php?rest_route=\/wp\/v2\/pages"}],"about":[{"href":"https:\/\/roztocze24.info\/index.php?rest_route=\/wp\/v2\/types\/page"}],"author":[{"embeddable":true,"href":"https:\/\/roztocze24.info\/index.php?rest_route=\/wp\/v2\/users\/1"}],"replies":[{"embeddable":true,"href":"https:\/\/roztocze24.info\/index.php?rest_route=%2Fwp%2Fv2%2Fcomments&post=810"}],"version-history":[{"count":24,"href":"https:\/\/roztocze24.info\/index.php?rest_route=\/wp\/v2\/pages\/810\/revisions"}],"predecessor-version":[{"id":8590,"href":"https:\/\/roztocze24.info\/index.php?rest_route=\/wp\/v2\/pages\/810\/revisions\/8590"}],"up":[{"embeddable":true,"href":"https:\/\/roztocze24.info\/index.php?rest_route=\/wp\/v2\/pages\/808"}],"wp:featuredmedia":[{"embeddable":true,"href":"https:\/\/roztocze24.info\/index.php?rest_route=\/wp\/v2\/media\/6587"}],"wp:attachment":[{"href":"https:\/\/roztocze24.info\/index.php?rest_route=%2Fwp%2Fv2%2Fmedia&parent=810"}],"curies":[{"name":"wp","href":"https:\/\/api.w.org\/{rel}","templated":true}]}}