{"id":823,"date":"2016-02-20T19:19:32","date_gmt":"2016-02-20T19:19:32","guid":{"rendered":"http:\/\/roztocze24.info\/przewodniki-2\/na_roztocze_koleja_2004\/"},"modified":"2019-03-23T20:15:10","modified_gmt":"2019-03-23T19:15:10","slug":"na_roztocze_koleja_2004","status":"publish","type":"page","link":"https:\/\/roztocze24.info\/?page_id=823","title":{"rendered":"Na Roztocze kolej\u0105, czyli co ciekawego mo\u017cna zobaczy\u0107 z okien poci\u0105gu &#8211; przewodnik po trasie kolejowej Lublin &#8211; Rejowiec &#8211; Be\u0142\u017cec &#8211; Hrebenne &#8211; Lubacz\u00f3w, 2000, 2004"},"content":{"rendered":"<p><strong>27 stron (w II wydaniu 39 stron), Lublin 2000, 2004<\/strong><\/p>\n\n\n<p>Ze wst\u0119pu: kolej\u0105 po Roztoczu? Czemu nie. Linia ta jest wszak ciekawa krajobrazowo, przebiega przez dzikie uroczyska, a w pobli\u017cu odnale\u017a\u0107 mo\u017cna wiele zabytk\u00f3w. Poza tym jej przebieg sprzyja wyprawom, niemal wszystkie stacje powi\u0105zane s\u0105 ze szlakami turystycznymi. Szkoda tylko, \u017ce poci\u0105g\u00f3w tu coraz mniej, ale &#8211; dop\u00f3ki je\u017cd\u017c\u0105 &#8211; warto z nich skorzysta\u0107. Musz\u0119 to doda\u0107, \u017ce na Roztocze po raz pierwszy przyjecha\u0142em w\u0142a\u015bnie poci\u0105giem i sentyment do tego \u015brodka komunikacji pozosta\u0142 do dzi\u015b.<\/p>\n\n\n\n<p>Nak\u0142ad ka\u017cdego z wyda\u0144 to tylko po 3 egzemplarze!<\/p>\n","protected":false},"excerpt":{"rendered":"<p>27 stron (w II wydaniu 39 stron), Lublin 2000, 2004 Ze wst\u0119pu: kolej\u0105 po Roztoczu? Czemu nie. Linia ta jest wszak ciekawa krajobrazowo, przebiega przez dzikie uroczyska, a w pobli\u017cu odnale\u017a\u0107 mo\u017cna wiele zabytk\u00f3w. Poza tym jej przebieg sprzyja wyprawom, niemal wszystkie stacje powi\u0105zane s\u0105 ze szlakami turystycznymi. Szkoda tylko, \u017ce poci\u0105g\u00f3w tu coraz mniej, &hellip; <a href=\"https:\/\/roztocze24.info\/?page_id=823\" class=\"more-link\">Czytaj dalej<span class=\"screen-reader-text\"> \u201eNa Roztocze kolej\u0105, czyli co ciekawego mo\u017cna zobaczy\u0107 z okien poci\u0105gu &#8211; przewodnik po trasie kolejowej Lublin &#8211; Rejowiec &#8211; Be\u0142\u017cec &#8211; Hrebenne &#8211; Lubacz\u00f3w, 2000, 2004\u201d<\/span><\/a><\/p>\n","protected":false},"author":1,"featured_media":4233,"parent":813,"menu_order":0,"comment_status":"closed","ping_status":"closed","template":"","meta":{"footnotes":""},"class_list":["post-823","page","type-page","status-publish","has-post-thumbnail","hentry"],"_links":{"self":[{"href":"https:\/\/roztocze24.info\/index.php?rest_route=\/wp\/v2\/pages\/823","targetHints":{"allow":["GET"]}}],"collection":[{"href":"https:\/\/roztocze24.info\/index.php?rest_route=\/wp\/v2\/pages"}],"about":[{"href":"https:\/\/roztocze24.info\/index.php?rest_route=\/wp\/v2\/types\/page"}],"author":[{"embeddable":true,"href":"https:\/\/roztocze24.info\/index.php?rest_route=\/wp\/v2\/users\/1"}],"replies":[{"embeddable":true,"href":"https:\/\/roztocze24.info\/index.php?rest_route=%2Fwp%2Fv2%2Fcomments&post=823"}],"version-history":[{"count":2,"href":"https:\/\/roztocze24.info\/index.php?rest_route=\/wp\/v2\/pages\/823\/revisions"}],"predecessor-version":[{"id":4337,"href":"https:\/\/roztocze24.info\/index.php?rest_route=\/wp\/v2\/pages\/823\/revisions\/4337"}],"up":[{"embeddable":true,"href":"https:\/\/roztocze24.info\/index.php?rest_route=\/wp\/v2\/pages\/813"}],"wp:featuredmedia":[{"embeddable":true,"href":"https:\/\/roztocze24.info\/index.php?rest_route=\/wp\/v2\/media\/4233"}],"wp:attachment":[{"href":"https:\/\/roztocze24.info\/index.php?rest_route=%2Fwp%2Fv2%2Fmedia&parent=823"}],"curies":[{"name":"wp","href":"https:\/\/api.w.org\/{rel}","templated":true}]}}