{"id":825,"date":"2016-02-20T19:19:34","date_gmt":"2016-02-20T19:19:34","guid":{"rendered":"http:\/\/roztocze24.info\/przewodniki-2\/roztocze_poludniowe_94\/"},"modified":"2019-03-30T15:07:17","modified_gmt":"2019-03-30T14:07:17","slug":"roztocze_poludniowe_94","status":"publish","type":"page","link":"https:\/\/roztocze24.info\/?page_id=825","title":{"rendered":"Roztocze Po\u0142udniowe"},"content":{"rendered":"<p><strong>45 stron, Lublin 1994<\/strong><\/p>\n\n\n<p>Przewodnik dla znajomych.<\/p>\n\n\n\n<p>Ciekawostk\u0105 tego wydawnictwa jest wyj\u0105tkowo dok\u0142adny opis szlaku zielonego im. Brata Alberta w jego pierwotnej wersji (w p\u00f3\u017aniejszym <em>oficjalnym<\/em> przewodniku <em>Roztocze Polskie&#8230;<\/em>. zosta\u0142 on znacz\u0105co skr\u00f3cony i uproszczony). Jeden z najciekawszych odcink\u00f3w na jego \u00f3wczesnej trasie prowadzi\u0142 przez w\u0105wozy w rejonie wsi Dziewi\u0119cierz Moczary i J\u00f3zkowej G\u00f3ry. Niestety w 1997 r. przez ten teren przetoczy\u0142a si\u0119 tr\u0105ba powietrzna. Drzewa zosta\u0142 po\u0142amane jak zapa\u0142ki, a w\u0105wozy dos\u0142ownie zasypane zwalonymi pniami. Po kilku latach sytuacja w terenie wygl\u0105da ju\u017c du\u017co lepiej, jednak \u015blady katastrofy nadal s\u0105 widoczne. Oto fragment opisu pierwotnej wersji szlaku, gdy nic jeszcze nie zapowiada\u0142o tragicznej wichury:<br><em>W\u0105w\u00f3z pocz\u0105tkowo niepozorny, szybko si\u0119 pog\u0142\u0119bia. To jedno z najpi\u0119kniejszych miejsc na szlaku. Otaczaj\u0105 nas wynios\u0142e i dumne strome \u015bciany. Przej\u015bcie niezwyk\u0142e, pozostaj\u0105ce na d\u0142ugo w pami\u0119ci. Osi\u0105gamy dno w\u0105wozu, tu w lewo.<br>Po d\u0142u\u017cszym odcinku uwaga! &#8211; szlak skr\u0119ca tu w prawo w\u0105sk\u0105 \u015bcie\u017ck\u0105 pn\u0105c si\u0119 na zbocze. W pewnym momencie wchodzimy na niewielk\u0105 p\u00f3\u0142k\u0119, droga wyr\u00f3wnuje si\u0119 w poziomie. Dalej ponownie pnie si\u0119 ponownie w g\u00f3r\u0119. Dr\u00f3\u017cka zarasta, przedzieramy si\u0119 przez je\u017cyny utrzymuj\u0105c kierunek zasadniczo na p\u0142n.-wsch. Dochodzimy do le\u015bnej drogi, tu skr\u0119t w lewo&#8230; <\/em><\/p>\n\n\n\n<p>Nak\u0142ad 20 egzemplarzy. <\/p>\n","protected":false},"excerpt":{"rendered":"<p>45 stron, Lublin 1994 Przewodnik dla znajomych. Ciekawostk\u0105 tego wydawnictwa jest wyj\u0105tkowo dok\u0142adny opis szlaku zielonego im. Brata Alberta w jego pierwotnej wersji (w p\u00f3\u017aniejszym oficjalnym przewodniku Roztocze Polskie&#8230;. zosta\u0142 on znacz\u0105co skr\u00f3cony i uproszczony). Jeden z najciekawszych odcink\u00f3w na jego \u00f3wczesnej trasie prowadzi\u0142 przez w\u0105wozy w rejonie wsi Dziewi\u0119cierz Moczary i J\u00f3zkowej G\u00f3ry. Niestety &hellip; <a href=\"https:\/\/roztocze24.info\/?page_id=825\" class=\"more-link\">Czytaj dalej<span class=\"screen-reader-text\"> \u201eRoztocze Po\u0142udniowe\u201d<\/span><\/a><\/p>\n","protected":false},"author":1,"featured_media":4236,"parent":813,"menu_order":0,"comment_status":"closed","ping_status":"closed","template":"","meta":{"footnotes":""},"class_list":["post-825","page","type-page","status-publish","has-post-thumbnail","hentry"],"_links":{"self":[{"href":"https:\/\/roztocze24.info\/index.php?rest_route=\/wp\/v2\/pages\/825","targetHints":{"allow":["GET"]}}],"collection":[{"href":"https:\/\/roztocze24.info\/index.php?rest_route=\/wp\/v2\/pages"}],"about":[{"href":"https:\/\/roztocze24.info\/index.php?rest_route=\/wp\/v2\/types\/page"}],"author":[{"embeddable":true,"href":"https:\/\/roztocze24.info\/index.php?rest_route=\/wp\/v2\/users\/1"}],"replies":[{"embeddable":true,"href":"https:\/\/roztocze24.info\/index.php?rest_route=%2Fwp%2Fv2%2Fcomments&post=825"}],"version-history":[{"count":4,"href":"https:\/\/roztocze24.info\/index.php?rest_route=\/wp\/v2\/pages\/825\/revisions"}],"predecessor-version":[{"id":6455,"href":"https:\/\/roztocze24.info\/index.php?rest_route=\/wp\/v2\/pages\/825\/revisions\/6455"}],"up":[{"embeddable":true,"href":"https:\/\/roztocze24.info\/index.php?rest_route=\/wp\/v2\/pages\/813"}],"wp:featuredmedia":[{"embeddable":true,"href":"https:\/\/roztocze24.info\/index.php?rest_route=\/wp\/v2\/media\/4236"}],"wp:attachment":[{"href":"https:\/\/roztocze24.info\/index.php?rest_route=%2Fwp%2Fv2%2Fmedia&parent=825"}],"curies":[{"name":"wp","href":"https:\/\/api.w.org\/{rel}","templated":true}]}}