{"id":827,"date":"2016-02-20T19:19:35","date_gmt":"2016-02-20T19:19:35","guid":{"rendered":"http:\/\/roztocze24.info\/przewodniki-2\/roztocze_przewodnik_2009\/"},"modified":"2025-09-01T21:11:46","modified_gmt":"2025-09-01T19:11:46","slug":"roztocze_przewodnik_2009","status":"publish","type":"page","link":"https:\/\/roztocze24.info\/?page_id=827","title":{"rendered":"Roztocze 2015, 2017, 2020"},"content":{"rendered":"\n<p><strong>463 strony, Wydawnictwo Rewasz, Piast\u00f3w 2015, 2017, 2020<br>rewasz.com.pl<\/strong><\/p>\n\n\n\n<p class=\"center\">Ten przewodnik to spe\u0142nienie marze\u0144, czyli wydanie opracowania opisuj\u0105cego ca\u0142e Roztocze. Jest to pierwszy na rynku przewodnik opisuj\u0105cy konkretne i kompletne trasy piesze i rowerowe po obu stronach granicy &#8211; od Kra\u015bnika do Lwowa. W stosunku do poprzedniego wydania tre\u015b\u0107 nie tylko zaktualizowa\u0142em, ale przygotowa\u0142em obszerny s\u0142owniczek krajoznawczy i&nbsp; nowy rozdzia\u0142: trasy nordic walking, narciarstwa biegowego, kajakowe i konne.<\/p>\n\n\n\n<p>W 2017 r. ukaza\u0142 si\u0119 dodruk, ze zmienion\u0105 ok\u0142adk\u0105 i ograniczon\u0105 aktualizacj\u0105 w \u015brodku. Kolejny dodruk, bez zmian, ukaza\u0142 si\u0119 w 2020 r. <br><\/p>\n\n\n\n<p>Przewodnik zawiera:<br>&#8211; obszerne opisy krajoznawcze,<br>&#8211; 137 tras,<br>&#8211; po polskiej stronie 72 trasy piesze i nordic walking oraz 34 trasy rowerowe,<br>&#8211; 17 tras po stronie ukrai\u0144skiej,<br>&#8211; ponadto trasy kajakowe, konne, samochodowe i kolejowe.  <\/p>\n\n\n\n<p>Przewodnik w swym podstawowym kszta\u0142cie ma ju\u017c 10 lat, wiele si\u0119 w tym czasie zmieni\u0142o, dlatego aktualizowanie go nie ma ju\u017c sensu. Polecam nowy przewodnik, kt\u00f3ry uka\u017ce si\u0119 jeszcze w 2025 r.<\/p>\n","protected":false},"excerpt":{"rendered":"<p>463 strony, Wydawnictwo Rewasz, Piast\u00f3w 2015, 2017, 2020rewasz.com.pl Ten przewodnik to spe\u0142nienie marze\u0144, czyli wydanie opracowania opisuj\u0105cego ca\u0142e Roztocze. Jest to pierwszy na rynku przewodnik opisuj\u0105cy konkretne i kompletne trasy piesze i rowerowe po obu stronach granicy &#8211; od Kra\u015bnika do Lwowa. W stosunku do poprzedniego wydania tre\u015b\u0107 nie tylko zaktualizowa\u0142em, ale przygotowa\u0142em obszerny s\u0142owniczek &hellip; <a href=\"https:\/\/roztocze24.info\/?page_id=827\" class=\"more-link\">Czytaj dalej<span class=\"screen-reader-text\"> \u201eRoztocze 2015, 2017, 2020\u201d<\/span><\/a><\/p>\n","protected":false},"author":1,"featured_media":4237,"parent":813,"menu_order":0,"comment_status":"closed","ping_status":"closed","template":"","meta":{"footnotes":""},"class_list":["post-827","page","type-page","status-publish","has-post-thumbnail","hentry"],"_links":{"self":[{"href":"https:\/\/roztocze24.info\/index.php?rest_route=\/wp\/v2\/pages\/827","targetHints":{"allow":["GET"]}}],"collection":[{"href":"https:\/\/roztocze24.info\/index.php?rest_route=\/wp\/v2\/pages"}],"about":[{"href":"https:\/\/roztocze24.info\/index.php?rest_route=\/wp\/v2\/types\/page"}],"author":[{"embeddable":true,"href":"https:\/\/roztocze24.info\/index.php?rest_route=\/wp\/v2\/users\/1"}],"replies":[{"embeddable":true,"href":"https:\/\/roztocze24.info\/index.php?rest_route=%2Fwp%2Fv2%2Fcomments&post=827"}],"version-history":[{"count":17,"href":"https:\/\/roztocze24.info\/index.php?rest_route=\/wp\/v2\/pages\/827\/revisions"}],"predecessor-version":[{"id":9368,"href":"https:\/\/roztocze24.info\/index.php?rest_route=\/wp\/v2\/pages\/827\/revisions\/9368"}],"up":[{"embeddable":true,"href":"https:\/\/roztocze24.info\/index.php?rest_route=\/wp\/v2\/pages\/813"}],"wp:featuredmedia":[{"embeddable":true,"href":"https:\/\/roztocze24.info\/index.php?rest_route=\/wp\/v2\/media\/4237"}],"wp:attachment":[{"href":"https:\/\/roztocze24.info\/index.php?rest_route=%2Fwp%2Fv2%2Fmedia&parent=827"}],"curies":[{"name":"wp","href":"https:\/\/api.w.org\/{rel}","templated":true}]}}