{"id":832,"date":"2016-02-20T19:19:38","date_gmt":"2016-02-20T19:19:38","guid":{"rendered":"http:\/\/roztocze24.info\/przewodniki-2\/szlak_walk_partyzanckich_99\/"},"modified":"2019-03-30T15:08:59","modified_gmt":"2019-03-30T14:08:59","slug":"szlak_walk_partyzanckich_99","status":"publish","type":"page","link":"https:\/\/roztocze24.info\/?page_id=832","title":{"rendered":"Szlakiem walk partyzanckich w Puszczy Solskiej &#8211; czerwiec 1944"},"content":{"rendered":"<p><strong>52 strony, Lublin 1999<\/strong><\/p>\n\n\n<p>Opis walk, kt\u00f3re wywi\u0105za\u0142y si\u0119 w wyniku niemieckich akcji pacyfikacyjnych <em>Sturmwind<\/em> I i II w czerwcu 1944 r.<\/p>\n\n\n\n<p>Ksi\u0105\u017cka zawiera tak\u017ce opisy szlak\u00f3w turystycznych, kt\u00f3re o te tereny zahaczaj\u0105 i to zar\u00f3wno w wersjach historycznych, jak i obecnie obowi\u0105zuj\u0105cych. Najwa\u017cniejszy z nich to szlak Walk partyzanckich (pierwotnie znakowany kolorem <em>czerwono-bia\u0142o-czerwonym<\/em>, obecnie <em>czerwony <\/em>na odcinku Zaklik\u00f3w &#8211; Bidacz\u00f3w, a <em>czarny <\/em>na trasie Bidacz\u00f3w &#8211; Tomasz\u00f3w Lubelski)<\/p>\n\n\n\n<p>\nNak\u0142ad: 3 egzemplarze. \n\n<\/p>\n","protected":false},"excerpt":{"rendered":"<p>52 strony, Lublin 1999 Opis walk, kt\u00f3re wywi\u0105za\u0142y si\u0119 w wyniku niemieckich akcji pacyfikacyjnych Sturmwind I i II w czerwcu 1944 r. Ksi\u0105\u017cka zawiera tak\u017ce opisy szlak\u00f3w turystycznych, kt\u00f3re o te tereny zahaczaj\u0105 i to zar\u00f3wno w wersjach historycznych, jak i obecnie obowi\u0105zuj\u0105cych. Najwa\u017cniejszy z nich to szlak Walk partyzanckich (pierwotnie znakowany kolorem czerwono-bia\u0142o-czerwonym, obecnie &hellip; <a href=\"https:\/\/roztocze24.info\/?page_id=832\" class=\"more-link\">Czytaj dalej<span class=\"screen-reader-text\"> \u201eSzlakiem walk partyzanckich w Puszczy Solskiej &#8211; czerwiec 1944\u201d<\/span><\/a><\/p>\n","protected":false},"author":1,"featured_media":4235,"parent":813,"menu_order":0,"comment_status":"closed","ping_status":"closed","template":"","meta":{"footnotes":""},"class_list":["post-832","page","type-page","status-publish","has-post-thumbnail","hentry"],"_links":{"self":[{"href":"https:\/\/roztocze24.info\/index.php?rest_route=\/wp\/v2\/pages\/832","targetHints":{"allow":["GET"]}}],"collection":[{"href":"https:\/\/roztocze24.info\/index.php?rest_route=\/wp\/v2\/pages"}],"about":[{"href":"https:\/\/roztocze24.info\/index.php?rest_route=\/wp\/v2\/types\/page"}],"author":[{"embeddable":true,"href":"https:\/\/roztocze24.info\/index.php?rest_route=\/wp\/v2\/users\/1"}],"replies":[{"embeddable":true,"href":"https:\/\/roztocze24.info\/index.php?rest_route=%2Fwp%2Fv2%2Fcomments&post=832"}],"version-history":[{"count":4,"href":"https:\/\/roztocze24.info\/index.php?rest_route=\/wp\/v2\/pages\/832\/revisions"}],"predecessor-version":[{"id":6457,"href":"https:\/\/roztocze24.info\/index.php?rest_route=\/wp\/v2\/pages\/832\/revisions\/6457"}],"up":[{"embeddable":true,"href":"https:\/\/roztocze24.info\/index.php?rest_route=\/wp\/v2\/pages\/813"}],"wp:featuredmedia":[{"embeddable":true,"href":"https:\/\/roztocze24.info\/index.php?rest_route=\/wp\/v2\/media\/4235"}],"wp:attachment":[{"href":"https:\/\/roztocze24.info\/index.php?rest_route=%2Fwp%2Fv2%2Fmedia&parent=832"}],"curies":[{"name":"wp","href":"https:\/\/api.w.org\/{rel}","templated":true}]}}