{"id":8361,"date":"2022-10-26T19:51:34","date_gmt":"2022-10-26T17:51:34","guid":{"rendered":"https:\/\/roztocze24.info\/?page_id=8361"},"modified":"2023-01-18T21:52:30","modified_gmt":"2023-01-18T20:52:30","slug":"polityka-prywatnosci","status":"publish","type":"page","link":"https:\/\/roztocze24.info\/?page_id=8361","title":{"rendered":"Polityka prywatno\u015bci"},"content":{"rendered":"\n<h2 class=\"wp-block-heading\">Kim jeste\u015bmy<\/h2>\n\n\n\n<p>W\u0142a\u015bcicielem i autorem strony Roztocze jest Artur Paw\u0142owski.<\/p>\n\n\n\n<p>Adresy mojej strony internetowej to: https:\/roztocze.pro i https:\/\/roztocze24.info.<\/p>\n\n\n\n<h2 class=\"wp-block-heading\">Komentarze<\/h2>\n\n\n\n<p>Komentarze s\u0105 moderowane, w celu odrzucenia spamu.  Autor strony internetowej Roztocze nie zbiera \u017cadnych danych o osobach wystawiaj\u0105cych komentarze.<\/p>\n\n\n\n<h2 class=\"wp-block-heading\">Ciasteczka<\/h2>\n\n\n\n<p>Autor strony internetowej Roztocze nie stosuje ciasteczek.<\/p>\n\n\n\n<h2 class=\"wp-block-heading\">Osadzone tre\u015bci z innych witryn<\/h2>\n\n\n\n<p>Artyku\u0142y na tej witrynie mog\u0105 zawiera\u0107 osadzone tre\u015bci (np. obrazki, artyku\u0142y itp.). Osadzone tre\u015bci z innych witryn zachowuj\u0105 si\u0119 analogicznie do tego, jakby u\u017cytkownik odwiedzi\u0142 bezpo\u015brednio konkretn\u0105 witryn\u0119.<\/p>\n\n\n\n<h2 class=\"wp-block-heading\">Z kim dzielimy si\u0119 danymi<\/h2>\n\n\n\n<p>Autor strony internetowej Roztocze nie zbiera i konsekwentnie nie przekazuje danych u\u017cytkownik\u00f3w.<\/p>\n","protected":false},"excerpt":{"rendered":"<p>Kim jeste\u015bmy W\u0142a\u015bcicielem i autorem strony Roztocze jest Artur Paw\u0142owski. Adresy mojej strony internetowej to: https:\/roztocze.pro i https:\/\/roztocze24.info. Komentarze Komentarze s\u0105 moderowane, w celu odrzucenia spamu. Autor strony internetowej Roztocze nie zbiera \u017cadnych danych o osobach wystawiaj\u0105cych komentarze. Ciasteczka Autor strony internetowej Roztocze nie stosuje ciasteczek. Osadzone tre\u015bci z innych witryn Artyku\u0142y na tej witrynie &hellip; <a href=\"https:\/\/roztocze24.info\/?page_id=8361\" class=\"more-link\">Czytaj dalej<span class=\"screen-reader-text\"> \u201ePolityka prywatno\u015bci\u201d<\/span><\/a><\/p>\n","protected":false},"author":1,"featured_media":0,"parent":0,"menu_order":0,"comment_status":"closed","ping_status":"closed","template":"","meta":{"footnotes":""},"class_list":["post-8361","page","type-page","status-publish","hentry"],"_links":{"self":[{"href":"https:\/\/roztocze24.info\/index.php?rest_route=\/wp\/v2\/pages\/8361","targetHints":{"allow":["GET"]}}],"collection":[{"href":"https:\/\/roztocze24.info\/index.php?rest_route=\/wp\/v2\/pages"}],"about":[{"href":"https:\/\/roztocze24.info\/index.php?rest_route=\/wp\/v2\/types\/page"}],"author":[{"embeddable":true,"href":"https:\/\/roztocze24.info\/index.php?rest_route=\/wp\/v2\/users\/1"}],"replies":[{"embeddable":true,"href":"https:\/\/roztocze24.info\/index.php?rest_route=%2Fwp%2Fv2%2Fcomments&post=8361"}],"version-history":[{"count":2,"href":"https:\/\/roztocze24.info\/index.php?rest_route=\/wp\/v2\/pages\/8361\/revisions"}],"predecessor-version":[{"id":8415,"href":"https:\/\/roztocze24.info\/index.php?rest_route=\/wp\/v2\/pages\/8361\/revisions\/8415"}],"wp:attachment":[{"href":"https:\/\/roztocze24.info\/index.php?rest_route=%2Fwp%2Fv2%2Fmedia&parent=8361"}],"curies":[{"name":"wp","href":"https:\/\/api.w.org\/{rel}","templated":true}]}}