{"id":838,"date":"2016-02-20T19:19:45","date_gmt":"2016-02-20T19:19:45","guid":{"rendered":"http:\/\/roztocze24.info\/tematy-2\/kultura\/jan_pawel_ii\/"},"modified":"2019-04-08T19:48:50","modified_gmt":"2019-04-08T17:48:50","slug":"jan_pawel_ii","status":"publish","type":"page","link":"https:\/\/roztocze24.info\/?page_id=838","title":{"rendered":"Jan Pawe\u0142 II i Roztocze"},"content":{"rendered":"\n<p>W wi\u0119kszo\u015bci publikacji po\u015bwi\u0119conych Janowi Paw\u0142owi II, je\u017celi ju\u017c nawet pojawia si\u0119 jakie\u015b odniesienie do Roztocza i okolic, to b\u0119dzie to informacja o papieskich pielgrzymkach: do Lubaczowa w 1991 r. i do Zamo\u015bcia w 1999. To jednak bynajmniej nie wszystko.<\/p>\n\n\n\n<h4 class=\"wp-block-heading\">Karol Wojty\u0142a<\/h4>\n\n\n\n<p><strong>1849 &#8211; Szczebrzeszyn <\/strong><\/p>\n\n\n\n<p>Wed\u0142ug dokument\u00f3w ko\u015bcielnych w 1849 r. w Szczebrzeszynie ochrzczony zosta\u0142 Feliks Pawe\u0142 Kaczorowski, ojciec Emilii, matki&#8230; Karola Wojty\u0142y. Ta informacja sta\u0142a si\u0119 szerzej znana dopiero kilka lat temu.<\/p>\n\n\n\n<p><strong> 1948 &#8211; Zamo\u015b\u0107<\/strong><\/p>\n\n\n\n<p>Karol Wojty\u0142a przybywa jako m\u0142ody kap\u0142an w odwiedziny do Alicji i Antoniego Wi\u0105ck\u00f3w. Chcia\u0142 spotka\u0107 si\u0119 z Micha\u0142em Nowackim, ojcem Alicji, z kt\u00f3rym przyja\u017ani\u0142 si\u0119 jego ojciec. Niestety Nowacki ju\u017c w\u00f3wczas nie \u017cy\u0142.<\/p>\n\n\n\n<p><strong>1949 &#8211; Zamo\u015b\u0107<\/strong><\/p>\n\n\n\n<p>Kolejna wizyta u Wi\u0105ck\u00f3w. Celebracja mszy \u015bw. w \u00f3wczesnej kolegiacie.<\/p>\n\n\n\n<p><strong>21 wrzesie\u0144 1958 &#8211; Lubacz\u00f3w<\/strong><\/p>\n\n\n\n<p>Karol Wojty\u0142a jako biskup-nominat przybywa do Lubaczowa na jubileusz 25-lecia sakry biskupiej arcybiskupa Eugeniusza Baziaka, metropolity lwowskiego i administratora archidiecezji krakowskiej. Wspomina o tym potem, ju\u017c jako papie\u017c, w ksi\u0105\u017cce <em>Wsta\u0144cie, chod\u017amy!<\/em> w cz\u0119\u015bci 1 Powo\u0142anie, w rozdziale Wezwanie.<\/p>\n\n\n\n<p><strong>Pa\u017adziernik 1966 &#8211; Zamo\u015b\u0107 i Lubacz\u00f3w<\/strong><\/p>\n\n\n\n<p>Karol Wojty\u0142a, pe\u0142ni\u0105c funkcj\u0119 arcybiskupa-metropolity krakowskiego, jad\u0105c z Lublina do Lubaczowa zatrzymuje si\u0119 w Zamo\u015bciu (m.in. nawiedza kolegiat\u0119). Lubacz\u00f3w by\u0142 jednym z etap\u00f3w obchod\u00f3w Millenium Chrztu Polski. Etapem wa\u017cnym, opr\u00f3cz Wojty\u0142y, przyby\u0142 tu wtedy tak\u017ce kardyna\u0142 Stefan Wyszy\u0144ski.<\/p>\n\n\n\n<p><strong>1968 &#8211; G\u00f3recko Ko\u015bcielne<\/strong><\/p>\n\n\n\n<p>W 1968 r. kardyna\u0142 Karol Wojty\u0142a ofiarowa\u0142 parafii w G\u00f3recku Ko\u015bcielnym relikwie \u015bw. Stanis\u0142awa, kt\u00f3rych autentyczno\u015b\u0107 potwierdzi\u0142o specjalne pismo. Wprawdzie przysz\u0142y papie\u017c nie dotar\u0142 tu wtedy osobi\u015bcie, ale w oddzielnym li\u015bcie, skierowanym do proboszcza parafii G\u00f3recko, napisa\u0142:<em> B\u00f3g zap\u0142a\u0107 za zaproszenie do uroczego ko\u015bci\u00f3\u0142ka po\u0142o\u017conego w pi\u0119knym Roztoczu Lubelskim. Kto wie, czy nie nadarzy si\u0119 kiedy okazji skorzystania z zaproszenia?<\/em> Podczas pielgrzymki w 1999 r. Jan Pawe\u0142 II odwiedzi\u0142 pobliski Zamo\u015b\u0107.<\/p>\n\n\n\n<p><strong>Lipiec i sierpie\u0144 1971 &#8211; Lubacz\u00f3w, Zamo\u015b\u0107, Be\u0142\u017cec, Tomasz\u00f3w Lubelski<\/strong><\/p>\n\n\n\n<p>Karol Wojty\u0142a jest ju\u017c kardyna\u0142em, tymczasem trwaj\u0105 uroczysto\u015bci zwi\u0105zane z nawiedzeniem parafii polskich przez Naj\u015bwi\u0119tsz\u0105 Maryj\u0119 w symbolach \u015bwiecy i Ewangelii. Tak\u017ce w tym przypadku, opr\u00f3cz przysz\u0142ego papie\u017ca, uczestniczy\u0142 w nich Stefan Wyszy\u0144ski. Uroczysto\u015bci rozpocz\u0119\u0142y si\u0119 w Lubaczowie w niedziel\u0119 11 lipca. Do Be\u0142\u017cca i Tomaszowa Karol Wojty\u0142a przyjecha\u0142 7 sierpnia. Tego samego dnia nawiedzi\u0142 Zamo\u015b\u0107.<\/p>\n\n\n\n<p><strong>17 sierpie\u0144 1973 &#8211; Lubacz\u00f3w<\/strong><\/p>\n\n\n\n<p>Udzia\u0142 w uroczysto\u015bciach pogrzebowe \u015b.p. biskupa Jana Nowickiego.<\/p>\n\n\n\n<h4 class=\"wp-block-heading\">Jan Pawe\u0142 II<\/h4>\n\n\n\n<p><strong>2-3 czerwiec 1991 &#8211; Lubacz\u00f3w<\/strong><\/p>\n\n\n\n<p>Wa\u017cny etap II pielgrzymki Ojca \u015awi\u0119tego do Ojczyzny. Po\u015bwi\u0119ci\u0142 on wtedy lubaczowsk\u0105 prokatedr\u0119. Kulminacyjnym momentem by\u0142a msza \u015bw. na b\u0142oniach.<\/p>\n\n\n\n<p><strong>24 IV 1998 &#8211; G\u00f3recko Ko\u015bcielne<\/strong><\/p>\n\n\n\n<p>W tym roku Ojciec \u015awi\u0119ty wprawdzie G\u00f3recka nie odwiedzi\u0142, ale otrzyma\u0142 ksi\u0105\u017ck\u0119 ks. Andrzeja Pikuli o tym sanktuarium. Do G\u00f3recka niebawem dotar\u0142 list, z kt\u00f3rego dowiadujemy si\u0119, \u017ce Ojciec \u015awi\u0119ty z uznaniem przyj\u0105\u0142 t\u0119 publikacj\u0119 &#8211; \u015bwiadectwo \u017cywotno\u015bci kultu \u015bwi\u0119tego Patrona Polski z Krakowa. Wdzi\u0119czny jest za tak\u017ce dar modlitwy w Jego intencjach oraz w potrzebach ca\u0142ego Ko\u015bcio\u0142a, jaka zanoszona jest w g\u00f3reckim sanktuarium.<\/p>\n\n\n\n<p><strong>12 czerwca 1999 &#8211; Zamo\u015b\u0107<\/strong><\/p>\n\n\n\n<p>To wtedy pad\u0142y papieskie s\u0142owa: <em>Kiedy w\u0119druj\u0119 przez polsk\u0105 ziemi\u0119 (&#8230;) i kontempluj\u0119 pi\u0119kno tej ojczystej ziemi, uprzytamniam sobie ten szczeg\u00f3lny wymiar zbawczej misji Syna Bo\u017cego. Tutaj z wyj\u0105tkow\u0105 moc\u0105 zdaje si\u0119 przemawia\u0107 b\u0142\u0119kit nieba, ziele\u0144 las\u00f3w i p\u00f3l, srebro jezior i rzek. Tutaj \u015bpiew ptak\u00f3w brzmi szczeg\u00f3lnie znajomo, po polsku. A wszystko to \u015bwiadczy o mi\u0142o\u015bci Stw\u00f3rcy, o o\u017cywczej mocy Jego Ducha i o odkupieniu, kt\u00f3rego Syn dokona\u0142 dla cz\u0142owieka i \u015bwiata.<\/em><\/p>\n\n\n\n<p><strong>Info<\/strong><\/p>\n\n\n\n<p>Wi\u0119kszo\u015b\u0107 informacji prezentowanych na tej stronie pochodzi z ksi\u0105\u017cki: bp. Mariusz Leszczy\u0144ski, <em>Karol Wojty\u0142a &#8211; Papie\u017c Jan Pawe\u0142 II na ziemi zamojsko-lubaczowskiej 1948-1999<\/em>, Zamo\u015b\u0107 2001.<br> Wyj\u0105tkami s\u0105:<br> G\u00f3recko Ko\u015bcielne &#8211; informacja z ksi\u0105\u017ceczki ks. Andrzeja Pikuli, <em>350-lecie objawie\u0144 \u015bw. Stanis\u0142awa Biskupa M\u0119czennika w G\u00f3recku Ko\u015bcielnym,<\/em> Bi\u0142goraj 1998. Kopi\u0119 cytowanego w tek\u015bcie listu z 1998 r. otrzyma\u0142em w G\u00f3recku Ko\u015bcielnym.<br> Szczebrzeszyn &#8211; artyku\u0142y m.in. z <em>Tygodnika Zamojskiego<\/em> i <em>Kroniki Tygodnia<\/em>.<\/p>\n","protected":false},"excerpt":{"rendered":"<p>W wi\u0119kszo\u015bci publikacji po\u015bwi\u0119conych Janowi Paw\u0142owi II, je\u017celi ju\u017c nawet pojawia si\u0119 jakie\u015b odniesienie do Roztocza i okolic, to b\u0119dzie to informacja o papieskich pielgrzymkach: do Lubaczowa w 1991 r. i do Zamo\u015bcia w 1999. To jednak bynajmniej nie wszystko. Karol Wojty\u0142a 1849 &#8211; Szczebrzeszyn Wed\u0142ug dokument\u00f3w ko\u015bcielnych w 1849 r. w Szczebrzeszynie ochrzczony zosta\u0142 &hellip; <a href=\"https:\/\/roztocze24.info\/?page_id=838\" class=\"more-link\">Czytaj dalej<span class=\"screen-reader-text\"> \u201eJan Pawe\u0142 II i Roztocze\u201d<\/span><\/a><\/p>\n","protected":false},"author":1,"featured_media":0,"parent":833,"menu_order":0,"comment_status":"closed","ping_status":"closed","template":"","meta":{"footnotes":""},"class_list":["post-838","page","type-page","status-publish","hentry"],"_links":{"self":[{"href":"https:\/\/roztocze24.info\/index.php?rest_route=\/wp\/v2\/pages\/838","targetHints":{"allow":["GET"]}}],"collection":[{"href":"https:\/\/roztocze24.info\/index.php?rest_route=\/wp\/v2\/pages"}],"about":[{"href":"https:\/\/roztocze24.info\/index.php?rest_route=\/wp\/v2\/types\/page"}],"author":[{"embeddable":true,"href":"https:\/\/roztocze24.info\/index.php?rest_route=\/wp\/v2\/users\/1"}],"replies":[{"embeddable":true,"href":"https:\/\/roztocze24.info\/index.php?rest_route=%2Fwp%2Fv2%2Fcomments&post=838"}],"version-history":[{"count":3,"href":"https:\/\/roztocze24.info\/index.php?rest_route=\/wp\/v2\/pages\/838\/revisions"}],"predecessor-version":[{"id":7048,"href":"https:\/\/roztocze24.info\/index.php?rest_route=\/wp\/v2\/pages\/838\/revisions\/7048"}],"up":[{"embeddable":true,"href":"https:\/\/roztocze24.info\/index.php?rest_route=\/wp\/v2\/pages\/833"}],"wp:attachment":[{"href":"https:\/\/roztocze24.info\/index.php?rest_route=%2Fwp%2Fv2%2Fmedia&parent=838"}],"curies":[{"name":"wp","href":"https:\/\/api.w.org\/{rel}","templated":true}]}}