{"id":841,"date":"2016-02-20T19:19:47","date_gmt":"2016-02-20T19:19:47","guid":{"rendered":"http:\/\/roztocze24.info\/tematy-2\/kultura\/pomnik\/"},"modified":"2019-03-28T21:21:55","modified_gmt":"2019-03-28T20:21:55","slug":"pomnik","status":"publish","type":"page","link":"https:\/\/roztocze24.info\/?page_id=841","title":{"rendered":"\u0141opiennik: pomnik w po\u0142owie drogi Lublin &#8211; Zamo\u015b\u0107"},"content":{"rendered":"<p>R\u00f3\u017cne pomniki ludzie stawiaj\u0105. W po\u0142owie drogi pomi\u0119dzy Lublinem a Zamo\u015bciem mo\u017cna odnale\u017a\u0107 pomnik upami\u0119tniaj\u0105cy budow\u0119 tej drogi. Warto obejrze\u0107 go z bliska. W zasadzie jest to tak\u017ce pomnik po\u0142o\u017cony mniej wi\u0119cej w po\u0142owie drogi pomi\u0119dzy Warszaw\u0105 a Lwowem.<\/p>\n<p class=\"center\"><img loading=\"lazy\" decoding=\"async\" class=\"aligncenter size-full wp-image-6021\" src=\"http:\/\/roztocze24.info\/wp-content\/uploads\/2019\/03\/POMNI1.jpg\" alt=\"\" width=\"747\" height=\"500\" srcset=\"https:\/\/roztocze24.info\/wp-content\/uploads\/2019\/03\/POMNI1.jpg 747w, https:\/\/roztocze24.info\/wp-content\/uploads\/2019\/03\/POMNI1-300x201.jpg 300w\" sizes=\"auto, (max-width: 747px) 85vw, 747px\" \/><\/p>\n<p class=\"center\"><img loading=\"lazy\" decoding=\"async\" class=\"aligncenter size-full wp-image-6022\" src=\"http:\/\/roztocze24.info\/wp-content\/uploads\/2019\/03\/POMNI2.jpg\" alt=\"\" width=\"770\" height=\"500\" srcset=\"https:\/\/roztocze24.info\/wp-content\/uploads\/2019\/03\/POMNI2.jpg 770w, https:\/\/roztocze24.info\/wp-content\/uploads\/2019\/03\/POMNI2-300x195.jpg 300w, https:\/\/roztocze24.info\/wp-content\/uploads\/2019\/03\/POMNI2-768x499.jpg 768w\" sizes=\"auto, (max-width: 770px) 85vw, 770px\" \/><\/p>\n<p class=\"center\"><img loading=\"lazy\" decoding=\"async\" class=\"aligncenter size-full wp-image-6023\" src=\"http:\/\/roztocze24.info\/wp-content\/uploads\/2019\/03\/POMNI3.jpg\" alt=\"\" width=\"761\" height=\"500\" srcset=\"https:\/\/roztocze24.info\/wp-content\/uploads\/2019\/03\/POMNI3.jpg 761w, https:\/\/roztocze24.info\/wp-content\/uploads\/2019\/03\/POMNI3-300x197.jpg 300w\" sizes=\"auto, (max-width: 761px) 85vw, 761px\" \/><\/p>\n<p><img loading=\"lazy\" decoding=\"async\" class=\"aligncenter size-full wp-image-6024\" src=\"http:\/\/roztocze24.info\/wp-content\/uploads\/2019\/03\/POMNI4-1.jpg\" alt=\"\" width=\"766\" height=\"500\" srcset=\"https:\/\/roztocze24.info\/wp-content\/uploads\/2019\/03\/POMNI4-1.jpg 766w, https:\/\/roztocze24.info\/wp-content\/uploads\/2019\/03\/POMNI4-1-300x196.jpg 300w\" sizes=\"auto, (max-width: 766px) 85vw, 766px\" \/><\/p>\n","protected":false},"excerpt":{"rendered":"<p>R\u00f3\u017cne pomniki ludzie stawiaj\u0105. W po\u0142owie drogi pomi\u0119dzy Lublinem a Zamo\u015bciem mo\u017cna odnale\u017a\u0107 pomnik upami\u0119tniaj\u0105cy budow\u0119 tej drogi. Warto obejrze\u0107 go z bliska. W zasadzie jest to tak\u017ce pomnik po\u0142o\u017cony mniej wi\u0119cej w po\u0142owie drogi pomi\u0119dzy Warszaw\u0105 a Lwowem.<\/p>\n","protected":false},"author":1,"featured_media":0,"parent":874,"menu_order":0,"comment_status":"closed","ping_status":"closed","template":"","meta":{"footnotes":""},"class_list":["post-841","page","type-page","status-publish","hentry"],"_links":{"self":[{"href":"https:\/\/roztocze24.info\/index.php?rest_route=\/wp\/v2\/pages\/841","targetHints":{"allow":["GET"]}}],"collection":[{"href":"https:\/\/roztocze24.info\/index.php?rest_route=\/wp\/v2\/pages"}],"about":[{"href":"https:\/\/roztocze24.info\/index.php?rest_route=\/wp\/v2\/types\/page"}],"author":[{"embeddable":true,"href":"https:\/\/roztocze24.info\/index.php?rest_route=\/wp\/v2\/users\/1"}],"replies":[{"embeddable":true,"href":"https:\/\/roztocze24.info\/index.php?rest_route=%2Fwp%2Fv2%2Fcomments&post=841"}],"version-history":[{"count":1,"href":"https:\/\/roztocze24.info\/index.php?rest_route=\/wp\/v2\/pages\/841\/revisions"}],"predecessor-version":[{"id":6025,"href":"https:\/\/roztocze24.info\/index.php?rest_route=\/wp\/v2\/pages\/841\/revisions\/6025"}],"up":[{"embeddable":true,"href":"https:\/\/roztocze24.info\/index.php?rest_route=\/wp\/v2\/pages\/874"}],"wp:attachment":[{"href":"https:\/\/roztocze24.info\/index.php?rest_route=%2Fwp%2Fv2%2Fmedia&parent=841"}],"curies":[{"name":"wp","href":"https:\/\/api.w.org\/{rel}","templated":true}]}}