{"id":8449,"date":"2023-03-20T21:54:26","date_gmt":"2023-03-20T20:54:26","guid":{"rendered":"https:\/\/roztocze24.info\/?page_id=8449"},"modified":"2023-03-29T20:04:15","modified_gmt":"2023-03-29T18:04:15","slug":"spotkanie-z-wawozami-sciezka-werechanie-w-pawlowce","status":"publish","type":"page","link":"https:\/\/roztocze24.info\/?page_id=8449","title":{"rendered":"Spotkanie z w\u0105wozami: \u015bcie\u017cka Werechanie w Paw\u0142\u00f3wce"},"content":{"rendered":"\n<p>Okolice Tomaszowa Lubelskiego i \u015bcie\u017cka Werechanie, kt\u00f3ra znajduje si\u0119\u2026 w Paw\u0142\u00f3wce, a wi\u0119c kilka km na p\u0142d.-wsch. od wsi Werechanie. W Paw\u0142\u00f3wce niegdy\u015b sta\u0142a gaj\u00f3wka, ale teraz najbli\u017csza znajduje si\u0119 po drugiej stronie lasu, w\u0119drowa\u0107 b\u0119dziemy wi\u0119c przez lasy Le\u015bnictwa Werechanie.<\/p>\n\n\n\n<figure class=\"wp-block-image size-large\"><img loading=\"lazy\" decoding=\"async\" width=\"1024\" height=\"683\" src=\"https:\/\/roztocze24.info\/wp-content\/uploads\/2023\/03\/IMG_1445-1024x683.jpg\" alt=\"\" class=\"wp-image-8451\" srcset=\"https:\/\/roztocze24.info\/wp-content\/uploads\/2023\/03\/IMG_1445-1024x683.jpg 1024w, https:\/\/roztocze24.info\/wp-content\/uploads\/2023\/03\/IMG_1445-300x200.jpg 300w, https:\/\/roztocze24.info\/wp-content\/uploads\/2023\/03\/IMG_1445-768x512.jpg 768w, https:\/\/roztocze24.info\/wp-content\/uploads\/2023\/03\/IMG_1445.jpg 1200w\" sizes=\"auto, (max-width: 709px) 85vw, (max-width: 909px) 67vw, (max-width: 1362px) 62vw, 840px\" \/><\/figure>\n\n\n\n<p>\u015acie\u017cka nie jest d\u0142uga, bo liczy sobie zaledwie 2 km, ale prowadzi przez pi\u0119kne lasy i w\u0105wozy. To ju\u017c nie Roztocze, tylko Grz\u0119da Sokalska.<\/p>\n\n\n\n<p>Pocz\u0105tek trasy i przystanek 1 na wsch. kra\u0144cu wsi Paw\u0142\u00f3wka, przy drewnianej wiacie. Tu te\u017c tablica z informacjami o \u015bcie\u017cce (w\u0142\u0105cznie z map\u0105) i \u00a0o Nadle\u015bnictwie Tomasz\u00f3w. Wchodzimy do lasu. Przystanek 2 \u2013 opisuje wielogatunkowy gr\u0105d \u015brodkowoeuropejski, czyli typ lasu, w kt\u00f3rym si\u0119 znajdujemy. Gatunki dominuj\u0105ce to grab pospolity i d\u0105b szypu\u0142kowy.<\/p>\n\n\n\n<figure class=\"wp-block-image size-large\"><img loading=\"lazy\" decoding=\"async\" width=\"1024\" height=\"683\" src=\"https:\/\/roztocze24.info\/wp-content\/uploads\/2023\/03\/IMG_1439-1024x683.jpg\" alt=\"\" class=\"wp-image-8488\" srcset=\"https:\/\/roztocze24.info\/wp-content\/uploads\/2023\/03\/IMG_1439-1024x683.jpg 1024w, https:\/\/roztocze24.info\/wp-content\/uploads\/2023\/03\/IMG_1439-300x200.jpg 300w, https:\/\/roztocze24.info\/wp-content\/uploads\/2023\/03\/IMG_1439-768x512.jpg 768w, https:\/\/roztocze24.info\/wp-content\/uploads\/2023\/03\/IMG_1439.jpg 1200w\" sizes=\"auto, (max-width: 709px) 85vw, (max-width: 909px) 67vw, (max-width: 1362px) 62vw, 840px\" \/><\/figure>\n\n\n\n<p>Przed nami przystanek 3 &#8211; historia wsi Paw\u0142\u00f3wka. <\/p>\n\n\n\n<figure class=\"wp-block-image size-large\"><img loading=\"lazy\" decoding=\"async\" width=\"1024\" height=\"683\" src=\"https:\/\/roztocze24.info\/wp-content\/uploads\/2023\/03\/IMG_1457-1024x683.jpg\" alt=\"\" class=\"wp-image-8453\" srcset=\"https:\/\/roztocze24.info\/wp-content\/uploads\/2023\/03\/IMG_1457-1024x683.jpg 1024w, https:\/\/roztocze24.info\/wp-content\/uploads\/2023\/03\/IMG_1457-300x200.jpg 300w, https:\/\/roztocze24.info\/wp-content\/uploads\/2023\/03\/IMG_1457-768x512.jpg 768w, https:\/\/roztocze24.info\/wp-content\/uploads\/2023\/03\/IMG_1457.jpg 1200w\" sizes=\"auto, (max-width: 709px) 85vw, (max-width: 909px) 67vw, (max-width: 1362px) 62vw, 840px\" \/><\/figure>\n\n\n\n<p><\/p>\n\n\n\n<p>Przechodzimy przez g\u00f3rk\u0119 i &#8230;<\/p>\n\n\n\n<figure class=\"wp-block-image size-large\"><img loading=\"lazy\" decoding=\"async\" width=\"1024\" height=\"683\" src=\"https:\/\/roztocze24.info\/wp-content\/uploads\/2023\/03\/IMG_1458-1024x683.jpg\" alt=\"\" class=\"wp-image-8454\" srcset=\"https:\/\/roztocze24.info\/wp-content\/uploads\/2023\/03\/IMG_1458-1024x683.jpg 1024w, https:\/\/roztocze24.info\/wp-content\/uploads\/2023\/03\/IMG_1458-300x200.jpg 300w, https:\/\/roztocze24.info\/wp-content\/uploads\/2023\/03\/IMG_1458-768x512.jpg 768w, https:\/\/roztocze24.info\/wp-content\/uploads\/2023\/03\/IMG_1458.jpg 1200w\" sizes=\"auto, (max-width: 709px) 85vw, (max-width: 909px) 67vw, (max-width: 1362px) 62vw, 840px\" \/><\/figure>\n\n\n\n<p>&#8230; zaczyna si\u0119 przepi\u0119kne spotkane z w\u0105wozami!<\/p>\n\n\n\n<figure class=\"wp-block-image size-large\"><img loading=\"lazy\" decoding=\"async\" width=\"1024\" height=\"683\" src=\"https:\/\/roztocze24.info\/wp-content\/uploads\/2023\/03\/IMG_1462-1024x683.jpg\" alt=\"\" class=\"wp-image-8452\" srcset=\"https:\/\/roztocze24.info\/wp-content\/uploads\/2023\/03\/IMG_1462-1024x683.jpg 1024w, https:\/\/roztocze24.info\/wp-content\/uploads\/2023\/03\/IMG_1462-300x200.jpg 300w, https:\/\/roztocze24.info\/wp-content\/uploads\/2023\/03\/IMG_1462-768x512.jpg 768w, https:\/\/roztocze24.info\/wp-content\/uploads\/2023\/03\/IMG_1462.jpg 1200w\" sizes=\"auto, (max-width: 709px) 85vw, (max-width: 909px) 67vw, (max-width: 1362px) 62vw, 840px\" \/><\/figure>\n\n\n\n<p>Kto chce zosta\u0107 tu naj d\u0142u\u017cej, mo\u017ce skorzysta\u0107 z \u0142aweczki. W pobli\u017cu przystanek 4 &#8211; las Piecyki z jarami, w\u0105wozami i parowami.<\/p>\n\n\n\n<figure class=\"wp-block-image size-large\"><img loading=\"lazy\" decoding=\"async\" width=\"1024\" height=\"683\" src=\"https:\/\/roztocze24.info\/wp-content\/uploads\/2023\/03\/IMG_1466-1024x683.jpg\" alt=\"\" class=\"wp-image-8455\" srcset=\"https:\/\/roztocze24.info\/wp-content\/uploads\/2023\/03\/IMG_1466-1024x683.jpg 1024w, https:\/\/roztocze24.info\/wp-content\/uploads\/2023\/03\/IMG_1466-300x200.jpg 300w, https:\/\/roztocze24.info\/wp-content\/uploads\/2023\/03\/IMG_1466-768x512.jpg 768w, https:\/\/roztocze24.info\/wp-content\/uploads\/2023\/03\/IMG_1466.jpg 1200w\" sizes=\"auto, (max-width: 709px) 85vw, (max-width: 909px) 67vw, (max-width: 1362px) 62vw, 840px\" \/><\/figure>\n\n\n\n<p>Najfajniej tu chyba wczesn\u0105 wiosn\u0105, gdy nie zabraknie wiosennych kwiatk\u00f3w, ale warto wybra\u0107 si\u0119 tu o ka\u017cdej porze roku.<\/p>\n\n\n\n<figure class=\"wp-block-image size-large\"><img loading=\"lazy\" decoding=\"async\" width=\"1024\" height=\"683\" src=\"https:\/\/roztocze24.info\/wp-content\/uploads\/2023\/03\/IMG_1468-1024x683.jpg\" alt=\"\" class=\"wp-image-8456\" srcset=\"https:\/\/roztocze24.info\/wp-content\/uploads\/2023\/03\/IMG_1468-1024x683.jpg 1024w, https:\/\/roztocze24.info\/wp-content\/uploads\/2023\/03\/IMG_1468-300x200.jpg 300w, https:\/\/roztocze24.info\/wp-content\/uploads\/2023\/03\/IMG_1468-768x512.jpg 768w, https:\/\/roztocze24.info\/wp-content\/uploads\/2023\/03\/IMG_1468.jpg 1200w\" sizes=\"auto, (max-width: 709px) 85vw, (max-width: 909px) 67vw, (max-width: 1362px) 62vw, 840px\" \/><\/figure>\n\n\n\n<p>Wiosn\u0105, gdy jeszcze nie ma li\u015bci, w\u0105wozy s\u0105 najbardziej wyeksponowane.<\/p>\n\n\n\n<figure class=\"wp-block-image size-large\"><img loading=\"lazy\" decoding=\"async\" width=\"1024\" height=\"683\" src=\"https:\/\/roztocze24.info\/wp-content\/uploads\/2023\/03\/IMG_1471-1024x683.jpg\" alt=\"\" class=\"wp-image-8457\" srcset=\"https:\/\/roztocze24.info\/wp-content\/uploads\/2023\/03\/IMG_1471-1024x683.jpg 1024w, https:\/\/roztocze24.info\/wp-content\/uploads\/2023\/03\/IMG_1471-300x200.jpg 300w, https:\/\/roztocze24.info\/wp-content\/uploads\/2023\/03\/IMG_1471-768x512.jpg 768w, https:\/\/roztocze24.info\/wp-content\/uploads\/2023\/03\/IMG_1471.jpg 1200w\" sizes=\"auto, (max-width: 709px) 85vw, (max-width: 909px) 67vw, (max-width: 1362px) 62vw, 840px\" \/><\/figure>\n\n\n\n<figure class=\"wp-block-image size-large\"><img loading=\"lazy\" decoding=\"async\" width=\"1024\" height=\"683\" src=\"https:\/\/roztocze24.info\/wp-content\/uploads\/2023\/03\/IMG_1473-1024x683.jpg\" alt=\"\" class=\"wp-image-8458\" srcset=\"https:\/\/roztocze24.info\/wp-content\/uploads\/2023\/03\/IMG_1473-1024x683.jpg 1024w, https:\/\/roztocze24.info\/wp-content\/uploads\/2023\/03\/IMG_1473-300x200.jpg 300w, https:\/\/roztocze24.info\/wp-content\/uploads\/2023\/03\/IMG_1473-768x512.jpg 768w, https:\/\/roztocze24.info\/wp-content\/uploads\/2023\/03\/IMG_1473.jpg 1200w\" sizes=\"auto, (max-width: 709px) 85vw, (max-width: 909px) 67vw, (max-width: 1362px) 62vw, 840px\" \/><\/figure>\n\n\n\n<p>Dalej wchodzimy na wierzchowin\u0119, gdzie skr\u0119camy w lewo a po chwili opuszczamy g\u0142\u00f3wn\u0105 drog\u0119 skr\u0119caj\u0105c nieznacznie w prawo.<\/p>\n\n\n\n<figure class=\"wp-block-image size-large\"><img loading=\"lazy\" decoding=\"async\" width=\"1024\" height=\"683\" src=\"https:\/\/roztocze24.info\/wp-content\/uploads\/2023\/03\/IMG_1474-1024x683.jpg\" alt=\"\" class=\"wp-image-8459\" srcset=\"https:\/\/roztocze24.info\/wp-content\/uploads\/2023\/03\/IMG_1474-1024x683.jpg 1024w, https:\/\/roztocze24.info\/wp-content\/uploads\/2023\/03\/IMG_1474-300x200.jpg 300w, https:\/\/roztocze24.info\/wp-content\/uploads\/2023\/03\/IMG_1474-768x512.jpg 768w, https:\/\/roztocze24.info\/wp-content\/uploads\/2023\/03\/IMG_1474.jpg 1200w\" sizes=\"auto, (max-width: 709px) 85vw, (max-width: 909px) 67vw, (max-width: 1362px) 62vw, 840px\" \/><\/figure>\n\n\n\n<p>Schodzimy w d\u00f3\u0142 i powracamy do wiaty, zamykaj\u0105c p\u0119tl\u0119. Pi\u0119knie by\u0142o, prawda? <\/p>\n\n\n\n<p>Jak dojecha\u0107 do Paw\u0142\u00f3wki? Z Tomaszowa Lubelskiego najpro\u015bciej przez Sabaudi\u0119, Justyn\u00f3wk\u0119 i Podhorce.<\/p>\n\n\n\n<p><\/p>\n","protected":false},"excerpt":{"rendered":"<p>Okolice Tomaszowa Lubelskiego i \u015bcie\u017cka Werechanie, kt\u00f3ra znajduje si\u0119\u2026 w Paw\u0142\u00f3wce, a wi\u0119c kilka km na p\u0142d.-wsch. od wsi Werechanie. W Paw\u0142\u00f3wce niegdy\u015b sta\u0142a gaj\u00f3wka, ale teraz najbli\u017csza znajduje si\u0119 po drugiej stronie lasu, w\u0119drowa\u0107 b\u0119dziemy wi\u0119c przez lasy Le\u015bnictwa Werechanie. \u015acie\u017cka nie jest d\u0142uga, bo liczy sobie zaledwie 2 km, ale prowadzi przez pi\u0119kne &hellip; <a href=\"https:\/\/roztocze24.info\/?page_id=8449\" class=\"more-link\">Czytaj dalej<span class=\"screen-reader-text\"> \u201eSpotkanie z w\u0105wozami: \u015bcie\u017cka Werechanie w Paw\u0142\u00f3wce\u201d<\/span><\/a><\/p>\n","protected":false},"author":1,"featured_media":0,"parent":874,"menu_order":0,"comment_status":"closed","ping_status":"closed","template":"","meta":{"footnotes":""},"class_list":["post-8449","page","type-page","status-publish","hentry"],"_links":{"self":[{"href":"https:\/\/roztocze24.info\/index.php?rest_route=\/wp\/v2\/pages\/8449","targetHints":{"allow":["GET"]}}],"collection":[{"href":"https:\/\/roztocze24.info\/index.php?rest_route=\/wp\/v2\/pages"}],"about":[{"href":"https:\/\/roztocze24.info\/index.php?rest_route=\/wp\/v2\/types\/page"}],"author":[{"embeddable":true,"href":"https:\/\/roztocze24.info\/index.php?rest_route=\/wp\/v2\/users\/1"}],"replies":[{"embeddable":true,"href":"https:\/\/roztocze24.info\/index.php?rest_route=%2Fwp%2Fv2%2Fcomments&post=8449"}],"version-history":[{"count":6,"href":"https:\/\/roztocze24.info\/index.php?rest_route=\/wp\/v2\/pages\/8449\/revisions"}],"predecessor-version":[{"id":8490,"href":"https:\/\/roztocze24.info\/index.php?rest_route=\/wp\/v2\/pages\/8449\/revisions\/8490"}],"up":[{"embeddable":true,"href":"https:\/\/roztocze24.info\/index.php?rest_route=\/wp\/v2\/pages\/874"}],"wp:attachment":[{"href":"https:\/\/roztocze24.info\/index.php?rest_route=%2Fwp%2Fv2%2Fmedia&parent=8449"}],"curies":[{"name":"wp","href":"https:\/\/api.w.org\/{rel}","templated":true}]}}