{"id":848,"date":"2016-02-20T19:19:54","date_gmt":"2016-02-20T19:19:54","guid":{"rendered":"http:\/\/roztocze24.info\/tematy-2\/literatura\/pasjonaci_roztocza\/"},"modified":"2025-05-17T11:54:14","modified_gmt":"2025-05-17T09:54:14","slug":"pasjonaci_roztocza","status":"publish","type":"page","link":"https:\/\/roztocze24.info\/?page_id=848","title":{"rendered":"Internet: pasjonaci Roztocza"},"content":{"rendered":"\n<p><strong>Roztocza\u0144scy wydawcy:<\/strong><br><a href=\"https:\/\/mapy-polska.pl\/\" target=\"_blank\" rel=\"noreferrer noopener\">Wydawnictwo Turystyczne Pawe\u0142 W\u0142ad<\/a><br><a href=\"https:\/\/compass.krakow.pl\/\" target=\"_blank\" rel=\"noopener\">Compass<\/a><br><a href=\"http:\/\/www.kartpol.lublin.pl\/\" target=\"_blank\" rel=\"noreferrer noopener\">Kartpol (strona dawno nie aktualizowana)<\/a><br><\/p>\n\n\n\n<p><strong>Organizacje turystyczne i fora dyskusyjne (alfabetycznie)<br><\/strong><a href=\"https:\/\/gerp.home.blog\/\">Grupa Eksplorator\u00f3w Roztocza Po\u0142udniowego (GERP)<\/a><br> <a href=\"http:\/\/www.forum.roztocze.org.pl\/\">Grupa Turystyczna Roztocze (GTR) <\/a><br> <a href=\"http:\/\/zamosc.pttk.pl\/\">PTTK oddzia\u0142 w Zamo\u015bciu<\/a><br> <a href=\"http:\/\/forum.gazeta.pl\/forum\/f,13550,ROZTOCZE.html\">Roztocze &#8211; forum w ramach serwisu gazeta.pl<\/a><\/p>\n\n\n\n<p><strong>Zaprzyja\u017anieni ludzie Roztocza (alfabetycznie)<br><\/strong><a href=\"http:\/\/lhs.pl\/\">Tomasz Ciemnoczu\u0142owski (strona o LHS)<\/a><br> <a href=\"http:\/\/www.pbase.com\/jolka\/\">Jola Dziubi\u0144ska<\/a><br> <a href=\"http:\/\/www.lipiecphoto.pl\/\">Wies\u0142aw Lipiec<\/a><br> <a href=\"http:\/\/www.fotoroztocze.com\/\">Marek i Tomasz Piotrowscy: Foto Roztocze &#8211; kolekcja fotografii<\/a><br> <a href=\"https:\/\/www.blogger.com\/profile\/02089053832899194875\">Marcin Turski <\/a><br> <a href=\"https:\/\/panoramyroztocza.wordpress.com\/\">\u0141ukasz Wawrzyszko &#8211; panoramy Roztocza<\/a><\/p>\n\n\n\n<p><strong>Zaprzyja\u017anione roztocza\u0144skie biuro podr\u00f3\u017cy<br><\/strong><a href=\"http:\/\/www.quand.com.pl\/\">QUAND &#8211; biuro turystyczne oferuj\u0105ce wycieczki w Polsce i na Ukrainie<\/a><\/p>\n\n\n\n<p><strong>Sklepy z roztocza\u0144sk\u0105 literatur\u0105<\/strong><br><a href=\"https:\/\/sklep.roztocze.com\/\" target=\"_blank\" rel=\"noreferrer noopener\">Sklep roztocze.com<\/a><br><a href=\"https:\/\/www.triozroztocza.pl\" target=\"_blank\" rel=\"noreferrer noopener\">Sklep Trio z Roztocza<\/a><\/p>\n\n\n\n<p><strong>Strony tematyczne<\/strong><strong><br><\/strong><a href=\"http:\/\/zamosc.ap.gov.pl\/\">Archiwum Pa\u0144stwowe w Zamo\u015bciu<\/a><br> <a href=\"http:\/\/www.tygodnikzamojski.pl\/\">Tygodnik Zamojski <\/a><br> <a href=\"http:\/\/www.kronikatygodnia.pl\/\">Kronika Tygodnia<\/a><br> <a href=\"https:\/\/lasyjanowskieiokolice.pl\/\">Lasy Janowskie i okolice<\/a><br> <a href=\"http:\/\/lubelskakolej.net\/\">Lubelska Kolej<\/a><br> <a href=\"https:\/\/www.roweremporoztoczu.pl\/\" target=\"_blank\" rel=\"noopener\">Rowerem po Roztoczu<\/a><\/p>\n","protected":false},"excerpt":{"rendered":"<p>Roztocza\u0144scy wydawcy:Wydawnictwo Turystyczne Pawe\u0142 W\u0142adCompassKartpol (strona dawno nie aktualizowana) Organizacje turystyczne i fora dyskusyjne (alfabetycznie)Grupa Eksplorator\u00f3w Roztocza Po\u0142udniowego (GERP) Grupa Turystyczna Roztocze (GTR) PTTK oddzia\u0142 w Zamo\u015bciu Roztocze &#8211; forum w ramach serwisu gazeta.pl Zaprzyja\u017anieni ludzie Roztocza (alfabetycznie)Tomasz Ciemnoczu\u0142owski (strona o LHS) Jola Dziubi\u0144ska Wies\u0142aw Lipiec Marek i Tomasz Piotrowscy: Foto Roztocze &#8211; kolekcja fotografii &hellip; <a href=\"https:\/\/roztocze24.info\/?page_id=848\" class=\"more-link\">Czytaj dalej<span class=\"screen-reader-text\"> \u201eInternet: pasjonaci Roztocza\u201d<\/span><\/a><\/p>\n","protected":false},"author":1,"featured_media":0,"parent":846,"menu_order":0,"comment_status":"closed","ping_status":"closed","template":"","meta":{"footnotes":""},"class_list":["post-848","page","type-page","status-publish","hentry"],"_links":{"self":[{"href":"https:\/\/roztocze24.info\/index.php?rest_route=\/wp\/v2\/pages\/848","targetHints":{"allow":["GET"]}}],"collection":[{"href":"https:\/\/roztocze24.info\/index.php?rest_route=\/wp\/v2\/pages"}],"about":[{"href":"https:\/\/roztocze24.info\/index.php?rest_route=\/wp\/v2\/types\/page"}],"author":[{"embeddable":true,"href":"https:\/\/roztocze24.info\/index.php?rest_route=\/wp\/v2\/users\/1"}],"replies":[{"embeddable":true,"href":"https:\/\/roztocze24.info\/index.php?rest_route=%2Fwp%2Fv2%2Fcomments&post=848"}],"version-history":[{"count":14,"href":"https:\/\/roztocze24.info\/index.php?rest_route=\/wp\/v2\/pages\/848\/revisions"}],"predecessor-version":[{"id":9236,"href":"https:\/\/roztocze24.info\/index.php?rest_route=\/wp\/v2\/pages\/848\/revisions\/9236"}],"up":[{"embeddable":true,"href":"https:\/\/roztocze24.info\/index.php?rest_route=\/wp\/v2\/pages\/846"}],"wp:attachment":[{"href":"https:\/\/roztocze24.info\/index.php?rest_route=%2Fwp%2Fv2%2Fmedia&parent=848"}],"curies":[{"name":"wp","href":"https:\/\/api.w.org\/{rel}","templated":true}]}}