{"id":856,"date":"2016-02-20T19:20:02","date_gmt":"2016-02-20T19:20:02","guid":{"rendered":"http:\/\/roztocze24.info\/tematy-2\/opis\/opis_roztocza\/"},"modified":"2019-04-08T18:16:31","modified_gmt":"2019-04-08T16:16:31","slug":"opis_roztocza","status":"publish","type":"page","link":"https:\/\/roztocze24.info\/?page_id=856","title":{"rendered":"Opis Roztocza"},"content":{"rendered":"\n<div class=\"wp-block-image\"><figure class=\"aligncenter\"><img loading=\"lazy\" decoding=\"async\" width=\"750\" height=\"500\" src=\"https:\/\/roztocze24.info\/wp-content\/uploads\/2018\/10\/IMG_5543.jpg\" alt=\"\" class=\"wp-image-4418\" srcset=\"https:\/\/roztocze24.info\/wp-content\/uploads\/2018\/10\/IMG_5543.jpg 750w, https:\/\/roztocze24.info\/wp-content\/uploads\/2018\/10\/IMG_5543-300x200.jpg 300w\" sizes=\"auto, (max-width: 750px) 85vw, 750px\" \/><figcaption>Wzg\u00f3rze \u0141ysiec w Hoszni Ordynackiej (Roztocze Zachodnie)<\/figcaption><\/figure><\/div>\n\n\n\n<p><em>Roztocza\u0144skie pag\u00f3ry, \u017cywiczny zapach las\u00f3w, malownicze doliny rzek z kaskadami wodospad\u00f3w. Nigdzie w Europie, poza tym zak\u0105tkiem, nie znajdziesz jode\u0142 bardziej strzelistych &#8211; ich wspania\u0142e korony wybuja\u0142y tu w g\u00f3r\u0119 na ponad 50 metr\u00f3w; nie spotkacie pot\u0119\u017cniejszych przestoj\u00f3w buk\u00f3w ani pi\u0119kniejszych bor\u00f3w sosnowych. Rzadko te\u017c zdo\u0142acie natrafi\u0107 na takie bogactwo i rozmaito\u015b\u0107 ro\u015blinno\u015bci. Przy tym wszystkim czeka Was tu dostojne pi\u0119kno i zaskakuj\u0105ca r\u00f3\u017cnorodno\u015b\u0107 roztocza\u0144skich krajobraz\u00f3w, cisza i spok\u00f3j, kt\u00f3rych tak \u0142aknie cz\u0142owiek we wsp\u00f3\u0142czesnym \u015bwiecie, \u017cywicznie czyste powietrze, warto\u015bciowe zabytki i bogata w wydarzenia historia.<\/em><\/p>\n\n\n\n<p>To s\u0142owa W\u0142odzimierza W\u00f3jcikowskiego, autora przewodnika <em>Roztocze<\/em> z 1986 r.<\/p>\n\n\n\n<p>Przyroda Roztocza urzeka\u0142a w\u0119drowc\u00f3w ju\u017c od dawna. Tak oto pisa\u0142 o tej ziemi Jan Kochanowski w poemacie: <em>Dryas Zamchana:<\/em><\/p>\n\n\n\n<p><em>Je\u015bli chcesz rzek przezornych p\u0142awem napa\u015b\u0107 oczy, tu Sopot i Tanewica swoj\u0105 ros\u0119 toczy,<br>Tu Tanew niehamowana San pr\u0119dki napawa, a Tenwi dw\u00f3ch ochotna Rdzina nie wydawa.<br><\/em><\/p>\n\n\n\n<p>W 1799 r. Stanis\u0142aw Staszic wspomina\u0142 o krainie <em>ci\u0105gn\u0105cej si\u0119 na Krasnobr\u00f3d, Zwierzyniec, Frampol, Goraj, Kra\u015bnik (&#8230;). Mia\u0142o to by\u0107 pasmo g\u00f3r (&#8230;) wsz\u0119dzie w gruncie wapienne, [gdzie] mieszaj\u0105 si\u0119 ma\u0142\u017ce morskie. Po wierzcho\u0142kach g\u00f3r ziemia gliniasta, urodzajna i znajduj\u0105 si\u0119 r\u00f3\u017cnego gatunku granity i piaskowce kamienie runione, ma\u0142e i wielkie<\/em>.<\/p>\n\n\n\n<p>Zachowa\u0142y si\u0119 tak\u017ce opisy bardziej szczeg\u00f3\u0142owe, odnosz\u0105ce si\u0119 do konkretnych miejsc. Franciszek Fejfer-Stankowski z Florianki, pracownik le\u015bny Ordynacji Zamojskiej, tak oto przedstawia swoj\u0105 wycieczk\u0119 na g\u00f3r\u0119 Nart ko\u0142o Zwierzy\u0144ca z 1900 roku: <em>Pierwszy raz (&#8230;) by\u0142em tam w porze wiosennej. Pot\u0119\u017cne buki, jakich nie widzi si\u0119 ju\u017c nigdzie, sta\u0142y w seledynowej krasie wiosennego listowia. Mi\u0119dzy nimi ciemnoszmaragdowe jod\u0142y o pniach jak pot\u0119\u017cne kolumny przedziera\u0142y si\u0119 strzelistymi wierzcho\u0142kami ku \u015bwiat\u0142u. Do\u0142em zalega\u0142 prawie mrok, tylko gdzieniegdzie promyk s\u0142o\u0144ca \u015blizga\u0142 si\u0119 po omszonych pniach starodrzewia. Olbrzymie zwalone k\u0142ody zaros\u0142y ju\u017c ca\u0142kowicie mchami, pod kt\u00f3rymi t\u0119tni\u0142o \u017cycie milion\u00f3w drobnych istnie\u0144 lasu. G\u00f3ra rozbrzmiewa\u0142a g\u0142osami jej mieszka\u0144c\u00f3w. Przez g\u0105szcz paproci da\u0142o si\u0119 s\u0142ysze\u0107 \u0142amanie ga\u0142\u0119zi i tupot &#8211; przemkn\u0119\u0142a sarna. Za chwil\u0119 z zaro\u015bli ukaza\u0142a si\u0119 wspania\u0142a g\u0142owa jelenia. Oddali\u0142 si\u0119 powoli, z godno\u015bci\u0105, czu\u0142 si\u0119 tu pewnie i bezpiecznie. Usiad\u0142em na zwalonej k\u0142odzie &#8211; tu\u017c przede mn\u0105 na wysoko\u015bci ramienia, z niewielkiej jod\u0142y zsuwa\u0142 si\u0119 wolno ogromny w\u0105\u017c Eskulapa. Jego gi\u0119tkie cia\u0142o obejmowa\u0142o spiralnie ga\u0142\u0105\u017a. Nie ba\u0142 si\u0119 i nie ucieka\u0142. Na przyleg\u0142ej, nas\u0142onecznionej polanie kwit\u0142y konwalie. Urok tej g\u00f3ry jest niezapomniany<\/em>.<\/p>\n\n\n\n<div class=\"wp-block-image\"><figure class=\"aligncenter\"><img loading=\"lazy\" decoding=\"async\" width=\"750\" height=\"500\" src=\"https:\/\/roztocze24.info\/wp-content\/uploads\/2019\/03\/IMG_6363.jpg\" alt=\"\" class=\"wp-image-4463\" srcset=\"https:\/\/roztocze24.info\/wp-content\/uploads\/2019\/03\/IMG_6363.jpg 750w, https:\/\/roztocze24.info\/wp-content\/uploads\/2019\/03\/IMG_6363-300x200.jpg 300w\" sizes=\"auto, (max-width: 750px) 85vw, 750px\" \/><figcaption>Widok z Bukowej G\u00f3ry na wie\u015b Sochy w Roztocza\u0144skim Parku Narodowym<\/figcaption><\/figure><\/div>\n\n\n\n<p>Warto jeszcze przytoczy\u0107 r\u00f3wnie pi\u0119kny opis, pochodz\u0105cy z przedwojennego przewodnika znakomitego zamojskiego krajoznawcy Micha\u0142a M. Pieszko:<\/p>\n\n\n\n<p><em>Krajobraz lubelski w miar\u0119 posuwania si\u0119 ku p\u0142d. nabiera coraz to wi\u0119cej uroku-powabu, coraz to silniej zarysowuj\u0105c si\u0119 lini\u0105 pag\u00f3rk\u00f3w-wzg\u00f3rzy. \u015arodkiem naszego krajobrazu wypi\u0119trza si\u0119 przysadzisty wa\u0142 wzg\u00f3rz Roztocza, w\u015br\u00f3d kt\u00f3rych &#8211; tu i \u00f3wdzie &#8211; otwiera si\u0119 przestronna nizinna kotlina. W jednej z nich, nad rzek\u0105 \u0141abu\u0144k\u0105, prawobrze\u017cnym dop\u0142ywem Wieprza, rozsiad\u0142 si\u0119 obronny gr\u00f3d Zamo\u015b\u0107. Dawniej, przed wiekami, a nawet jeszcze przed stu laty, szumia\u0142a tu woko\u0142o pot\u0119\u017cna le\u015bna puszcza (&#8230;) Szczebrzeska, Zwierzyniecka, Solska, pe\u0142na dzikiego zwierza, a wedle legend tury i \u017cubry nie by\u0142y w niej rzadko\u015bci\u0105. Niegdy\u015b w tutejszych lasach spotykano nawet nied\u017awiedzie. W\u015br\u00f3d puszczy leniwie toczy\u0142y swe wody: Wieprz, \u0141abu\u0144ka i Por, rozlewaj\u0105c si\u0119 tu i \u00f3wdzie w wielkie bagna-jeziora. Natomiast w g\u0142\u0119bi puszczy &#8211; dalej na p\u0142d. &#8211; w rejonie dorzecza Sanu, rzekami: Tanwi\u0105, \u0141ad\u0105 i Sopotem \u017cywo spada\u0142y z szumem liczne wodospady, kt\u00f3re do dnia dzisiejszego, mimo i\u017c puszcza ju\u017c dawno zmarnia\u0142a, zachowa\u0142y wiele swego dawnego uroku. Id\u017a &#8211; szlakiem turysty &#8211; i sp\u00f3jrz jeszcze dzisiaj w mroczne w\u0105wozy gderliwego strumienia Sopotu i podziwiaj jego wodospady w rejonie Hamerni. Id\u017a&#8230; a zobaczysz cud natury, m\u00f3wi\u0105cy o wielkiej katastrofie &#8211; sprzed milion\u00f3w lat &#8211; \u0142amania, trzaskania skorupy naszej matki &#8211; Ziemi. Z s\u0105siednich wzg\u00f3rz &#8211; Krowiej G\u00f3ry &#8211; wzrok tw\u00f3j pomknie w nieogarni\u0119t\u0105 majacz\u0105c\u0105 dal&#8230; hen a\u017c&#8230; mo\u017ce ku samej Wi\u015ble&#8230;. O, jak trudno b\u0119dzie ci opu\u015bci\u0107 te mroczne ost\u0119py i wichry Ziemi, gdzie by\u0142e\u015b bli\u017cej Prawdy&#8230; bli\u017cej Boga<\/em>.<\/p>\n\n\n\n<p>Nazwa Roztocze po raz pierwszy zaistnia\u0142a pod koniec XIX w. w pracach geograf\u00f3w galicyjskich. W wydanym w 1881 r. <em>S\u0142owniku geograficznym Kr\u00f3lestwa Polskiego i innych Kraj\u00f3w S\u0142owia\u0144skich<\/em> Roztocze okre\u015blono jako pasmo wzg\u00f3rz <em>\u0142\u0105cz\u0105ce si\u0119 nad Kotlin\u0105 Lwowsk\u0105 wynios\u0142ym up\u0142azem z zachodnim stokiem Go\u0142og\u00f3r. Pasmo to zaczynaj\u0105ce si\u0119 w okolicy Zamarstynowa i Kleparowa pod Lwowem ci\u0105gnie si\u0119 na wysoko\u015bci ok. 380 m ku p\u0142n. zach. do Magierowa, a stamt\u0105d dalej w r\u00f3wnej prawie odleg\u0142o\u015bci od Bugu i Sanu na Potylicz, Werchrat\u0119 i Be\u0142\u017cec. Tworzy ono dzia\u0142 wodny Bugu i Sanu. G\u0142\u00f3wny grzbiet Roztocza ma posta\u0107 wyd\u0142u\u017conej a w\u0105skiej wy\u017cyny, nad kt\u00f3r\u0105 wznosz\u0105 si\u0119 odosobnione garby. Ku wsch. odrywaj\u0105 si\u0119 od g\u0142\u00f3wnego pasma tylko dwie d\u0142u\u017csze, niskie ciekliny i posuwaj\u0105 za biegiem Pe\u0142twi i Jarycz\u00f3wki a\u017c po Zadw\u00f3rze i Milatyn. Od g\u00f3ry Haraj nad \u017b\u00f3\u0142kwi\u0105 dalej ku p\u0142n. odrzyna si\u0119 ju\u017c wschodni blok Roztocza stromiej, a poprzedzierany jest w wielu miejscach g\u0142\u0119bokimi dolinami i parowami o bokach skalistych i o dnie zasypanym wielkiemi z\u0142omami piaskowca. Pochy\u0142o\u015b\u0107 zachodnia jest o wiele \u0142agodniejsza, rozga\u0142\u0119zia si\u0119 szeroko piaszczystymi i lesistymi pag\u00f3rkami, kt\u00f3re si\u0119gaj\u0105 gdzieniegdzie a\u017c do samego brzegu Sanu<\/em>.<\/p>\n\n\n\n<p>Wsp\u00f3\u0142cze\u015bnie okre\u015bla si\u0119 Roztocze jako pasmo wzg\u00f3rz ci\u0105gn\u0105ce si\u0119 szerokim \u0142ukiem z p\u0142n. zach. na na p\u0142d. wsch. od Kra\u015bnika poczynaj\u0105c, a\u017c do Lwowa. Wzg\u00f3rza te stanowi\u0105 dzia\u0142 wodny II rz\u0119du pomi\u0119dzy dorzeczami Wieprza, Bugu i Sanu, a w cz\u0119\u015bci p\u0142d. europejski dzia\u0142 wodny I rz\u0119du mi\u0119dzy zlewiskami Morza Ba\u0142tyckiego (dorzecze Wis\u0142y) i Morza Czarnego (dorzecze Dniestru). Co przy tym ciekawe, linia dzia\u0142u wodnego nie prowadzi jedynie grzbietami wzg\u00f3rz. Np. w przypadku rzek Gorajca i \u0141ady zbli\u017ca si\u0119 ona wybitnie do kraw\u0119dzi Roztocza, okr\u0105\u017caj\u0105c bagno Ta\u0142andy w okolicy Hedwi\u017cyna.<\/p>\n\n\n\n<p>Najd\u0142u\u017csz\u0105 rzek\u0105 maj\u0105c\u0105 swe \u017ar\u00f3d\u0142a na Roztoczu jest Wieprz. Bierze on sw\u00f3j pocz\u0105tek w Wieprzowym Jeziorze pod Tomaszowem Lubelskim, a jego dop\u0142ywy stanowi\u0105 m.in. Por z Gorajcem oraz Bystrzyca. Nieco mniejsza jest Tanew maj\u0105ca swe \u017ar\u00f3d\u0142a pod Narolem. Jej najwa\u017cniejszymi dop\u0142ywami s\u0105 Jele\u0144, Sopot i Szum. Rzeki te charakteryzuj\u0105 si\u0119 nisk\u0105 temperatur\u0105 wody, a to za spraw\u0105 silnego zasilania podziemnego. Omawiany region jest jednak og\u00f3lnie ubogi w wody powierzchniowe z powodu wyst\u0119powania less\u00f3w (szczeg\u00f3lnie w cz\u0119\u015bci zach.) oraz piask\u00f3w i ska\u0142 wapiennych. Roztocze znajduje si\u0119 w strefie zaz\u0119biania si\u0119 obszaru wyst\u0119powania czarnoziem\u00f3w z terenami o przewadze gleb brunatnych i bielicowych. Garb Roztocza buduj\u0105 ska\u0142y g\u00f3rnokredowe pi\u0119tra kampanu i mastrychtu, pod wzgl\u0119dem litologicznym s\u0105 to opoki i gezy. Utwory trzeciorz\u0119dowe reprezentuj\u0105 wapienie detrytyczne, litotamniowe i rafowe oraz &#8211; g\u0142\u00f3wnie w dolinach &#8211; piaski i piaskowce. Ponad wyra\u017anie sp\u0142aszczone wierzchowiny wznosz\u0105 si\u0119 wzg\u00f3rza o charakterze osta\u0144cowym. Zbudowane s\u0105 one z utwor\u00f3w mioce\u0144skich, bardziej odpornych na wietrzenie od innych roztocza\u0144skich ska\u0142. Natomiast sp\u0142aszczenia wierzchowinowe to pozosta\u0142o\u015bci dawnej r\u00f3wniny, wyd\u017awigni\u0119tej w trzeciorz\u0119dzie, obecnie rozci\u0119tej malowniczymi dolinami.<\/p>\n\n\n\n<div class=\"wp-block-image\"><figure class=\"aligncenter\"><img loading=\"lazy\" decoding=\"async\" width=\"750\" height=\"500\" src=\"https:\/\/roztocze24.info\/wp-content\/uploads\/2019\/03\/IMG_7541.jpg\" alt=\"\" class=\"wp-image-4460\" srcset=\"https:\/\/roztocze24.info\/wp-content\/uploads\/2019\/03\/IMG_7541.jpg 750w, https:\/\/roztocze24.info\/wp-content\/uploads\/2019\/03\/IMG_7541-300x200.jpg 300w\" sizes=\"auto, (max-width: 750px) 85vw, 750px\" \/><figcaption>W rezerwacie Nad Tanwi\u0105 w okolicy Su\u015bca (Roztocze \u015arodkowe)<\/figcaption><\/figure><\/div>\n\n\n\n<p>Szeroko\u015b\u0107 roztocza\u0144skiego wa\u0142u wynosi od kilkunastu do oko\u0142o 25 km, a d\u0142ugo\u015b\u0107 180 km, z czego w obecnych granicach Polski znajduje si\u0119 110 km. Od p\u0142n. z Roztoczem graniczy Wy\u017cyna Lubelska, g\u0142\u00f3wnie na obszarze jej cz\u0119\u015bci zwanej Pado\u0142em Zamojskim. Od p\u0142d. Kotlina Sandomierska, prawie w ca\u0142o\u015bci w tej cz\u0119\u015bci zwana R\u00f3wnin\u0105 Bi\u0142gorajsk\u0105 (dawniej Puszcza\u0144sk\u0105, poniewa\u017c porasta j\u0105 kompleks le\u015bny Puszczy Solskiej). Od wsch. Roztocze ogranicza Grz\u0119da Sokalska (cz\u0119\u015b\u0107 Wy\u017cyny Wo\u0142y\u0144skiej), a tak\u017ce R\u00f3wnina Be\u0142ska (cz\u0119\u015b\u0107 Kotliny Pobu\u017ca, zwanej te\u017c Ma\u0142ym Polesiem lub Kotlin\u0105 Bu\u017ca\u0144sko-Styrsk\u0105).<\/p>\n\n\n\n<p>Roztocze jest orograficznym przed\u0142u\u017ceniem Wzniesie\u0144 Urz\u0119dowskich, \u0142\u0105cz\u0105cym Wy\u017cyn\u0119 Lubelsk\u0105 z Wy\u017cyn\u0105 Podolsk\u0105. Ponad otaczaj\u0105ce krainy wznosi si\u0119 co najmniej kilkadziesi\u0105t, maksymalnie 150 metr\u00f3w, przy czym wysoko\u015b\u0107 wzg\u00f3rz wzrasta w kierunku p\u0142d.-wsch. W okolicach Kra\u015bnika wzniesienia osi\u0105gaj\u0105 tylko ok. 300 m n.p.m. (Wapniana G\u00f3ra), przy granicy Polski ok. 390 m n.p.m. (Kr\u0105g\u0142y i D\u0142ugi Goraj, Wielki Dzia\u0142), a w okolicach Lwowa nieznacznie przekraczaj\u0105 wysoko\u015b\u0107 400 m n.p.m. (Wysoki Zamek, Czartowska Ska\u0142a). Roztocza\u0144skie wzniesienia podlegaj\u0105 nadal pionowym ruchom skorupy ziemskiej, ich wysoko\u015b\u0107 wzrasta &#8211; w stosunku do otaczaj\u0105cych kotlin &#8211; o 1 mm, a w okolicy Lwowa nawet 2 mm rocznie.<\/p>\n\n\n\n<p>Roztocze dzieli si\u0119 na trzy mezoregiony: Roztocze Zachodnie, \u015arodkowe i Po\u0142udniowe (zwane tak\u017ce Wschodnim, cz\u0119\u015bciowo na terenie Ukrainy). Po\u015bwi\u0119cam im oddzieln\u0105 stron\u0119 w tym dziale.<\/p>\n\n\n\n<p>Na Roztoczu stwierdzono obecno\u015b\u0107 1350 gatunk\u00f3w ro\u015blin naczyniowych, wiele z nich o charakterze reliktowym. Opr\u00f3cz gatunk\u00f3w \u015brodkowoeuropejskich, spotka\u0107 mo\u017cna tak\u017ce ro\u015bliny g\u00f3rskie, stepowe, p\u00f3\u0142nocne, p\u0142d.-wsch. i atlantyckie. Wyst\u0119puje tu 31 gatunk\u00f3w drzew, 53 gatunki krzew\u00f3w, 100 gatunk\u00f3w ro\u015blin rzadkich, 160 gatunk\u00f3w ptak\u00f3w. T\u0119dy przebiega p\u0142n.-wsch. granica zwartego wyst\u0119powania buka zwyczajnego, jod\u0142y pospolitej, jaworu, lipy szerokolistnej i \u015bwierka. W\u015br\u00f3d ro\u015blinno\u015bci rzadkiej i chronionej wyst\u0119puj\u0105 mi\u0119dzy innymi: zanokcica skalna, skrzyp zielony, wid\u0142ak wroniec, parzyde\u0142ko le\u015bne, starzec gajowy, wilczomlecz migda\u0142olistny, czosnek siatkowaty, obuwik pospolity, wawrzynek wilcze\u0142yko, paprocie: \u017cebrowiec, pi\u00f3ropusznik strusi, j\u0119zycznik zwyczajny.<\/p>\n\n\n\n<div class=\"wp-block-image\"><figure class=\"aligncenter\"><img loading=\"lazy\" decoding=\"async\" width=\"750\" height=\"500\" src=\"https:\/\/roztocze24.info\/wp-content\/uploads\/2019\/03\/IMG_0941.jpg\" alt=\"\" class=\"wp-image-4464\" srcset=\"https:\/\/roztocze24.info\/wp-content\/uploads\/2019\/03\/IMG_0941.jpg 750w, https:\/\/roztocze24.info\/wp-content\/uploads\/2019\/03\/IMG_0941-300x200.jpg 300w\" sizes=\"auto, (max-width: 750px) 85vw, 750px\" \/><figcaption>Koniki polskie<\/figcaption><\/figure><\/div>\n\n\n\n<p>W\u015br\u00f3d rzadkich gatunk\u00f3w zwierz\u0105t Roztocza mo\u017cna wymieni\u0107: popielic\u0119, orzesznic\u0119, \u017co\u0142\u0119dnic\u0119, koszatk\u0119, wydr\u0119, \u0142asic\u0119, gronostaja, daniela. Spotka\u0107 mo\u017cna tak\u017ce ryj\u00f3wk\u0119 malutk\u0105 (najmniejszy ssak w Polsce, wa\u017cy 4 gramy, zarazem do\u015b\u0107 \u017car\u0142oczny &#8211; w ci\u0105gu doby zjada dwa razy wi\u0119cej pokarmu, ni\u017c sam wa\u017cy). Ptaki reprezentowane s\u0105 przez pliszk\u0119 g\u00f3rsk\u0105, bociana czarnego, kruka, dzi\u0119cio\u0142a bia\u0142ogrzbietnego, myszo\u0142owa i orlika krzykliwego. Z p\u0142az\u00f3w i gad\u00f3w spotyka si\u0119 salamandr\u0119, traszk\u0119, jaszczurk\u0119 zwink\u0119, zaskro\u0144ca, padalca i gniewosza. W dolinie Tanwi wyst\u0119puje \u017c\u00f3\u0142w b\u0142otny.<\/p>\n\n\n\n<p>W 1978 r. na terenie Roztocza\u0144skiego Parku Narodowego wprowadzono do \u015brodowiska bobry, a w 1982 \u017cyj\u0105cego ju\u017c niegdy\u015b na Roztoczu dzikiego konika le\u015bnego.<br>Miejscowy klimat sprzyja wyprawom turystycznym. Lato trwa ponad 100 dni, a najwi\u0119cej s\u0142o\u0144ca przypada na miesi\u0105ce wakacyjne. Od pocz\u0105tku czerwca do ko\u0144ca sierpnia wyst\u0119puj\u0105 tak\u017ce najd\u0142u\u017csze okresy bez opad\u00f3w, zarazem deszcze w tym czasie stanowi\u0105 a\u017c 40% opad\u00f3w rocznych. S\u0105 one wprawdzie kr\u00f3tkie, ale gwa\u0142towne.<\/p>\n\n\n\n<p>Przyjed\u017a na Roztocze!<\/p>\n","protected":false},"excerpt":{"rendered":"<p>Roztocza\u0144skie pag\u00f3ry, \u017cywiczny zapach las\u00f3w, malownicze doliny rzek z kaskadami wodospad\u00f3w. Nigdzie w Europie, poza tym zak\u0105tkiem, nie znajdziesz jode\u0142 bardziej strzelistych &#8211; ich wspania\u0142e korony wybuja\u0142y tu w g\u00f3r\u0119 na ponad 50 metr\u00f3w; nie spotkacie pot\u0119\u017cniejszych przestoj\u00f3w buk\u00f3w ani pi\u0119kniejszych bor\u00f3w sosnowych. Rzadko te\u017c zdo\u0142acie natrafi\u0107 na takie bogactwo i rozmaito\u015b\u0107 ro\u015blinno\u015bci. Przy tym &hellip; <a href=\"https:\/\/roztocze24.info\/?page_id=856\" class=\"more-link\">Czytaj dalej<span class=\"screen-reader-text\"> \u201eOpis Roztocza\u201d<\/span><\/a><\/p>\n","protected":false},"author":1,"featured_media":0,"parent":854,"menu_order":0,"comment_status":"closed","ping_status":"closed","template":"","meta":{"footnotes":""},"class_list":["post-856","page","type-page","status-publish","hentry"],"_links":{"self":[{"href":"https:\/\/roztocze24.info\/index.php?rest_route=\/wp\/v2\/pages\/856","targetHints":{"allow":["GET"]}}],"collection":[{"href":"https:\/\/roztocze24.info\/index.php?rest_route=\/wp\/v2\/pages"}],"about":[{"href":"https:\/\/roztocze24.info\/index.php?rest_route=\/wp\/v2\/types\/page"}],"author":[{"embeddable":true,"href":"https:\/\/roztocze24.info\/index.php?rest_route=\/wp\/v2\/users\/1"}],"replies":[{"embeddable":true,"href":"https:\/\/roztocze24.info\/index.php?rest_route=%2Fwp%2Fv2%2Fcomments&post=856"}],"version-history":[{"count":4,"href":"https:\/\/roztocze24.info\/index.php?rest_route=\/wp\/v2\/pages\/856\/revisions"}],"predecessor-version":[{"id":7030,"href":"https:\/\/roztocze24.info\/index.php?rest_route=\/wp\/v2\/pages\/856\/revisions\/7030"}],"up":[{"embeddable":true,"href":"https:\/\/roztocze24.info\/index.php?rest_route=\/wp\/v2\/pages\/854"}],"wp:attachment":[{"href":"https:\/\/roztocze24.info\/index.php?rest_route=%2Fwp%2Fv2%2Fmedia&parent=856"}],"curies":[{"name":"wp","href":"https:\/\/api.w.org\/{rel}","templated":true}]}}