{"id":8563,"date":"2023-05-29T08:06:57","date_gmt":"2023-05-29T06:06:57","guid":{"rendered":"https:\/\/roztocze24.info\/?page_id=8563"},"modified":"2023-05-29T09:05:58","modified_gmt":"2023-05-29T07:05:58","slug":"rezerwat-czartowe-pole-na-nowo","status":"publish","type":"page","link":"https:\/\/roztocze24.info\/?page_id=8563","title":{"rendered":"Rezerwat Czartowe Pole na nowo"},"content":{"rendered":"\n<p>Rezerwat&nbsp;<em>Czartowe Pole<\/em>&nbsp;to jedna z pere\u0142 Roztocza. Bodaj dekad\u0119 temu, w ramach szlaku Geoturystycznego Roztocza \u015arodkowego przygotowano tu tzw. \u015bcie\u017ck\u0119 doln\u0105 prowadz\u0105c\u0105 drewnian\u0105 k\u0142adk\u0105 nad wzburzonymi wodami rzeki Sopot. Z czasem k\u0142adka uleg\u0142a degradacji i zosta\u0142a zamkni\u0119ta. Przez kilka lat nic si\u0119 nie dzia\u0142o, a\u017c do wiosny 2023 r., gdy staraniem Nadle\u015bnictwa J\u00f3zef\u00f3w przygotowano zupe\u0142nie now\u0105 \u015bcie\u017ck\u0119. Ju\u017c nie po wodzie, ale tu\u017c co obok i zbudowan\u0105 z o wiele bardziej trwa\u0142ych materia\u0142\u00f3w. No to zaczynamy zwiedzanie! To update mojego <a href=\"https:\/\/roztocze24.info\/?page_id=3439\" target=\"_blank\" rel=\"noreferrer noopener\">materia\u0142u z 2018 r. <\/a><\/p>\n\n\n\n<figure class=\"wp-block-image size-large is-resized\"><img loading=\"lazy\" decoding=\"async\" src=\"https:\/\/roztocze24.info\/wp-content\/uploads\/2023\/05\/PXL_20230520_103047405-1024x576.jpg\" alt=\"\" class=\"wp-image-8547\" width=\"1024\" height=\"576\" srcset=\"https:\/\/roztocze24.info\/wp-content\/uploads\/2023\/05\/PXL_20230520_103047405-1024x576.jpg 1024w, https:\/\/roztocze24.info\/wp-content\/uploads\/2023\/05\/PXL_20230520_103047405-300x169.jpg 300w, https:\/\/roztocze24.info\/wp-content\/uploads\/2023\/05\/PXL_20230520_103047405-768x432.jpg 768w, https:\/\/roztocze24.info\/wp-content\/uploads\/2023\/05\/PXL_20230520_103047405-1200x675.jpg 1200w, https:\/\/roztocze24.info\/wp-content\/uploads\/2023\/05\/PXL_20230520_103047405.jpg 1422w\" sizes=\"auto, (max-width: 709px) 85vw, (max-width: 909px) 67vw, (max-width: 1362px) 62vw, 840px\" \/><\/figure>\n\n\n\n<p><\/p>\n\n\n\n<p>Rezerwat\u00a0<em>Czartowe Pole<\/em>\u00a0(80,51 ha) utworzono w 1958 r. Z przyrodniczego punktu widzenia szczeg\u00f3lnie interesuj\u0105ca jest p\u0142d.-zach. cz\u0119\u015b\u0107 rezerwatu, obejmuj\u0105ca dalszy bieg rzeki, ale dla turyst\u00f3w najwa\u017cniejszy jest ten odcinek w Hamerni z seri\u0105 wodospad\u00f3w.<\/p>\n\n\n\n<figure class=\"wp-block-image size-large is-resized\"><img loading=\"lazy\" decoding=\"async\" src=\"https:\/\/roztocze24.info\/wp-content\/uploads\/2023\/05\/PXL_20230520_103139790-1024x576.jpg\" alt=\"\" class=\"wp-image-8571\" width=\"1024\" height=\"576\" srcset=\"https:\/\/roztocze24.info\/wp-content\/uploads\/2023\/05\/PXL_20230520_103139790-1024x576.jpg 1024w, https:\/\/roztocze24.info\/wp-content\/uploads\/2023\/05\/PXL_20230520_103139790-300x169.jpg 300w, https:\/\/roztocze24.info\/wp-content\/uploads\/2023\/05\/PXL_20230520_103139790-768x432.jpg 768w, https:\/\/roztocze24.info\/wp-content\/uploads\/2023\/05\/PXL_20230520_103139790-1200x675.jpg 1200w, https:\/\/roztocze24.info\/wp-content\/uploads\/2023\/05\/PXL_20230520_103139790.jpg 1422w\" sizes=\"auto, (max-width: 709px) 85vw, (max-width: 909px) 67vw, (max-width: 1362px) 62vw, 840px\" \/><\/figure>\n\n\n\n<p><\/p>\n\n\n\n<p>Uk\u0142adaj\u0105 si\u0119 one inaczej ni\u017c nad Tanwi\u0105 w s\u0142ynnych Rebizantach. Tam g\u0142\u00f3wnie wzd\u0142u\u017c linii prostych, tutaj s\u0105 postrz\u0119pione, nier\u00f3wne, zaro\u015bni\u0119te.<\/p>\n\n\n\n<figure class=\"wp-block-image size-large is-resized\"><img loading=\"lazy\" decoding=\"async\" src=\"https:\/\/roztocze24.info\/wp-content\/uploads\/2023\/05\/PXL_20230520_103309675-1024x576.jpg\" alt=\"\" class=\"wp-image-8548\" width=\"1024\" height=\"576\" srcset=\"https:\/\/roztocze24.info\/wp-content\/uploads\/2023\/05\/PXL_20230520_103309675-1024x576.jpg 1024w, https:\/\/roztocze24.info\/wp-content\/uploads\/2023\/05\/PXL_20230520_103309675-300x169.jpg 300w, https:\/\/roztocze24.info\/wp-content\/uploads\/2023\/05\/PXL_20230520_103309675-768x432.jpg 768w, https:\/\/roztocze24.info\/wp-content\/uploads\/2023\/05\/PXL_20230520_103309675-1200x675.jpg 1200w, https:\/\/roztocze24.info\/wp-content\/uploads\/2023\/05\/PXL_20230520_103309675.jpg 1422w\" sizes=\"auto, (max-width: 709px) 85vw, (max-width: 909px) 67vw, (max-width: 1362px) 62vw, 840px\" \/><\/figure>\n\n\n\n<p><\/p>\n\n\n\n<p>Najwi\u0119kszy z nich ma wysoko\u015b\u0107 ok. 1 m, jednak od pewnego czasu zawalony jest drzewami. Tylko przy du\u017cym zbli\u017ceniu co\u015b tu mo\u017cna jednak zobaczy\u0107. Za jaki\u015b czas b\u0119dzie wida\u0107 wi\u0119cej\u2026<\/p>\n\n\n\n<figure class=\"wp-block-image size-large is-resized\"><img loading=\"lazy\" decoding=\"async\" src=\"https:\/\/roztocze24.info\/wp-content\/uploads\/2023\/05\/PXL_20230520_103414899-1024x576.jpg\" alt=\"\" class=\"wp-image-8549\" width=\"1024\" height=\"576\" srcset=\"https:\/\/roztocze24.info\/wp-content\/uploads\/2023\/05\/PXL_20230520_103414899-1024x576.jpg 1024w, https:\/\/roztocze24.info\/wp-content\/uploads\/2023\/05\/PXL_20230520_103414899-300x169.jpg 300w, https:\/\/roztocze24.info\/wp-content\/uploads\/2023\/05\/PXL_20230520_103414899-768x432.jpg 768w, https:\/\/roztocze24.info\/wp-content\/uploads\/2023\/05\/PXL_20230520_103414899-1200x675.jpg 1200w, https:\/\/roztocze24.info\/wp-content\/uploads\/2023\/05\/PXL_20230520_103414899.jpg 1422w\" sizes=\"auto, (max-width: 709px) 85vw, (max-width: 909px) 67vw, (max-width: 1362px) 62vw, 840px\" \/><\/figure>\n\n\n\n<p><\/p>\n\n\n\n<p>Dolina z obu stron rzeki jest bardzo stroma. Na zboczach dominuje b\u00f3r mieszany wilgotny z przewa\u017caj\u0105cym udzia\u0142em sosny, \u015bwierka i jod\u0142y. G\u00f3rne partie zboczy porasta b\u00f3r sosnowy. Dno doliny zajmuj\u0105 lasy \u0142\u0119gowe, tak\u017ce drzewostany olszy czarnej, miejscami podmok\u0142e \u0142\u0105ki. Pe\u0142no tu rzadkich ro\u015blin, wyst\u0119puj\u0105 m.in. wawrzynek wilcze\u0142yko, zachy\u0142ek Roberta (na \u015bcianach ruin), zanokcica skalna i zielona, parzyd\u0142o le\u015bne, storczyk plamisty, paprotnik kolczysty i narecznica szerokolistna.<\/p>\n\n\n\n<figure class=\"wp-block-image size-large\"><img loading=\"lazy\" decoding=\"async\" width=\"1024\" height=\"576\" src=\"https:\/\/roztocze24.info\/wp-content\/uploads\/2023\/05\/PXL_20230520_103542389-1024x576.jpg\" alt=\"\" class=\"wp-image-8550\" srcset=\"https:\/\/roztocze24.info\/wp-content\/uploads\/2023\/05\/PXL_20230520_103542389-1024x576.jpg 1024w, https:\/\/roztocze24.info\/wp-content\/uploads\/2023\/05\/PXL_20230520_103542389-300x169.jpg 300w, https:\/\/roztocze24.info\/wp-content\/uploads\/2023\/05\/PXL_20230520_103542389-768x432.jpg 768w, https:\/\/roztocze24.info\/wp-content\/uploads\/2023\/05\/PXL_20230520_103542389-1200x675.jpg 1200w, https:\/\/roztocze24.info\/wp-content\/uploads\/2023\/05\/PXL_20230520_103542389.jpg 1422w\" sizes=\"auto, (max-width: 709px) 85vw, (max-width: 909px) 67vw, (max-width: 1362px) 62vw, 840px\" \/><\/figure>\n\n\n\n<p><\/p>\n\n\n\n<p>Na jednym z pag\u00f3rk\u00f3w zobaczymy niewielki g\u0142az upami\u0119tniaj\u0105cy ob\u00f3z harcerski z 1933 r. Dzi\u015b napis jest ju\u017c jednak nieczytelny.<\/p>\n\n\n\n<figure class=\"wp-block-image size-large\"><img loading=\"lazy\" decoding=\"async\" width=\"1024\" height=\"576\" src=\"https:\/\/roztocze24.info\/wp-content\/uploads\/2023\/05\/PXL_20230520_103719501-1024x576.jpg\" alt=\"\" class=\"wp-image-8551\" srcset=\"https:\/\/roztocze24.info\/wp-content\/uploads\/2023\/05\/PXL_20230520_103719501-1024x576.jpg 1024w, https:\/\/roztocze24.info\/wp-content\/uploads\/2023\/05\/PXL_20230520_103719501-300x169.jpg 300w, https:\/\/roztocze24.info\/wp-content\/uploads\/2023\/05\/PXL_20230520_103719501-768x432.jpg 768w, https:\/\/roztocze24.info\/wp-content\/uploads\/2023\/05\/PXL_20230520_103719501-1200x675.jpg 1200w, https:\/\/roztocze24.info\/wp-content\/uploads\/2023\/05\/PXL_20230520_103719501.jpg 1422w\" sizes=\"auto, (max-width: 709px) 85vw, (max-width: 909px) 67vw, (max-width: 1362px) 62vw, 840px\" \/><\/figure>\n\n\n\n<p><\/p>\n\n\n\n<p>Przed nami widok na dawn\u0105 ordynack\u0105 papierni\u0119.<\/p>\n\n\n\n<figure class=\"wp-block-image size-large\"><img loading=\"lazy\" decoding=\"async\" width=\"1024\" height=\"576\" src=\"https:\/\/roztocze24.info\/wp-content\/uploads\/2023\/05\/PXL_20230520_103928001-1024x576.jpg\" alt=\"\" class=\"wp-image-8552\" srcset=\"https:\/\/roztocze24.info\/wp-content\/uploads\/2023\/05\/PXL_20230520_103928001-1024x576.jpg 1024w, https:\/\/roztocze24.info\/wp-content\/uploads\/2023\/05\/PXL_20230520_103928001-300x169.jpg 300w, https:\/\/roztocze24.info\/wp-content\/uploads\/2023\/05\/PXL_20230520_103928001-768x432.jpg 768w, https:\/\/roztocze24.info\/wp-content\/uploads\/2023\/05\/PXL_20230520_103928001-1200x675.jpg 1200w, https:\/\/roztocze24.info\/wp-content\/uploads\/2023\/05\/PXL_20230520_103928001.jpg 1422w\" sizes=\"auto, (max-width: 709px) 85vw, (max-width: 909px) 67vw, (max-width: 1362px) 62vw, 840px\" \/><\/figure>\n\n\n\n<p><\/p>\n\n\n\n<p>Teraz most na Sopocie. Za nim mo\u017cna p\u00f3j\u015b\u0107 w lewo, za pieszym szlakiem&nbsp;<em>czerwonym<\/em>. K\u0142adka wprowadza nas na w\u0142a\u015bciwe Czartowe Pole, czyli na do\u015b\u0107 mocno ju\u017c dzi\u015b zaro\u015bni\u0119t\u0105 polan\u0119, na kt\u00f3rej niegdy\u015b &nbsp;<em>jeno czarci tam hasali<\/em>. Na marginesie, w tym miejscu jest jeszcze jeden czarci kontekst \u2013 to rosn\u0105ce tu czarcie \u017cebro, czyli ostro\u017ce\u0144 warzywny.<\/p>\n\n\n\n<figure class=\"wp-block-image size-large\"><img loading=\"lazy\" decoding=\"async\" width=\"1024\" height=\"576\" src=\"https:\/\/roztocze24.info\/wp-content\/uploads\/2023\/05\/PXL_20230520_104349242-1024x576.jpg\" alt=\"\" class=\"wp-image-8553\" srcset=\"https:\/\/roztocze24.info\/wp-content\/uploads\/2023\/05\/PXL_20230520_104349242-1024x576.jpg 1024w, https:\/\/roztocze24.info\/wp-content\/uploads\/2023\/05\/PXL_20230520_104349242-300x169.jpg 300w, https:\/\/roztocze24.info\/wp-content\/uploads\/2023\/05\/PXL_20230520_104349242-768x432.jpg 768w, https:\/\/roztocze24.info\/wp-content\/uploads\/2023\/05\/PXL_20230520_104349242-1200x675.jpg 1200w, https:\/\/roztocze24.info\/wp-content\/uploads\/2023\/05\/PXL_20230520_104349242.jpg 1422w\" sizes=\"auto, (max-width: 709px) 85vw, (max-width: 909px) 67vw, (max-width: 1362px) 62vw, 840px\" \/><\/figure>\n\n\n\n<p><\/p>\n\n\n\n<p>Podchodzimy bli\u017cej pod ruiny ordynackiej papierni z XVIII w., otoczone niemal pierwotnym lasem mieszanym, g\u0119stwin\u0105 drzew i krzew\u00f3w. Nale\u017ca\u0142a do najwi\u0119kszych zak\u0142ad\u00f3w w Kr\u00f3lestwie Polskim! <\/p>\n\n\n\n<figure class=\"wp-block-image size-large\"><img loading=\"lazy\" decoding=\"async\" width=\"1024\" height=\"576\" src=\"https:\/\/roztocze24.info\/wp-content\/uploads\/2023\/05\/PXL_20230520_104433471-1024x576.jpg\" alt=\"\" class=\"wp-image-8564\" srcset=\"https:\/\/roztocze24.info\/wp-content\/uploads\/2023\/05\/PXL_20230520_104433471-1024x576.jpg 1024w, https:\/\/roztocze24.info\/wp-content\/uploads\/2023\/05\/PXL_20230520_104433471-300x169.jpg 300w, https:\/\/roztocze24.info\/wp-content\/uploads\/2023\/05\/PXL_20230520_104433471-768x432.jpg 768w, https:\/\/roztocze24.info\/wp-content\/uploads\/2023\/05\/PXL_20230520_104433471-1200x675.jpg 1200w, https:\/\/roztocze24.info\/wp-content\/uploads\/2023\/05\/PXL_20230520_104433471.jpg 1422w\" sizes=\"auto, (max-width: 709px) 85vw, (max-width: 909px) 67vw, (max-width: 1362px) 62vw, 840px\" \/><\/figure>\n\n\n\n<p><\/p>\n\n\n\n<p>A by\u0142a tu te\u017c ordynacka hamernia! Dzi\u015b tak\u0105 nazw\u0119 nosi pobliska wie\u015b.<\/p>\n\n\n\n<figure class=\"wp-block-image size-large is-resized\"><img loading=\"lazy\" decoding=\"async\" src=\"https:\/\/roztocze24.info\/wp-content\/uploads\/2023\/05\/PXL_20230520_104553359-1024x576.jpg\" alt=\"\" class=\"wp-image-8554\" width=\"1024\" height=\"576\"\/><\/figure>\n\n\n\n<p><\/p>\n\n\n\n<p>Przed nami kolejna nowa k\u0142adka.<\/p>\n\n\n\n<figure class=\"wp-block-image size-large\"><img loading=\"lazy\" decoding=\"async\" width=\"1024\" height=\"576\" src=\"https:\/\/roztocze24.info\/wp-content\/uploads\/2023\/05\/PXL_20230520_104710754-1024x576.jpg\" alt=\"\" class=\"wp-image-8556\" srcset=\"https:\/\/roztocze24.info\/wp-content\/uploads\/2023\/05\/PXL_20230520_104710754-1024x576.jpg 1024w, https:\/\/roztocze24.info\/wp-content\/uploads\/2023\/05\/PXL_20230520_104710754-300x169.jpg 300w, https:\/\/roztocze24.info\/wp-content\/uploads\/2023\/05\/PXL_20230520_104710754-768x432.jpg 768w, https:\/\/roztocze24.info\/wp-content\/uploads\/2023\/05\/PXL_20230520_104710754-1200x675.jpg 1200w, https:\/\/roztocze24.info\/wp-content\/uploads\/2023\/05\/PXL_20230520_104710754.jpg 1422w\" sizes=\"auto, (max-width: 709px) 85vw, (max-width: 909px) 67vw, (max-width: 1362px) 62vw, 840px\" \/><\/figure>\n\n\n\n<p><\/p>\n\n\n\n<p>Widok na drug\u0105 stron\u0119. Tam ju\u017c byli\u015bmy.<\/p>\n\n\n\n<figure class=\"wp-block-image size-large\"><img loading=\"lazy\" decoding=\"async\" width=\"1024\" height=\"576\" src=\"https:\/\/roztocze24.info\/wp-content\/uploads\/2023\/05\/PXL_20230520_105325723-1024x576.jpg\" alt=\"\" class=\"wp-image-8557\" srcset=\"https:\/\/roztocze24.info\/wp-content\/uploads\/2023\/05\/PXL_20230520_105325723-1024x576.jpg 1024w, https:\/\/roztocze24.info\/wp-content\/uploads\/2023\/05\/PXL_20230520_105325723-300x169.jpg 300w, https:\/\/roztocze24.info\/wp-content\/uploads\/2023\/05\/PXL_20230520_105325723-768x432.jpg 768w, https:\/\/roztocze24.info\/wp-content\/uploads\/2023\/05\/PXL_20230520_105325723-1200x675.jpg 1200w, https:\/\/roztocze24.info\/wp-content\/uploads\/2023\/05\/PXL_20230520_105325723.jpg 1422w\" sizes=\"auto, (max-width: 709px) 85vw, (max-width: 909px) 67vw, (max-width: 1362px) 62vw, 840px\" \/><\/figure>\n\n\n\n<p><\/p>\n\n\n\n<p>Na koniec ogl\u0105damy pomnik upami\u0119tniaj\u0105cy Szko\u0142\u0119 Podchor\u0105\u017cych Sanitarnych z 1931 r. i partyzant\u00f3w.<\/p>\n\n\n\n<figure class=\"wp-block-image size-large\"><img loading=\"lazy\" decoding=\"async\" width=\"1024\" height=\"576\" src=\"https:\/\/roztocze24.info\/wp-content\/uploads\/2023\/05\/PXL_20230520_105804193-1024x576.jpg\" alt=\"\" class=\"wp-image-8558\" srcset=\"https:\/\/roztocze24.info\/wp-content\/uploads\/2023\/05\/PXL_20230520_105804193-1024x576.jpg 1024w, https:\/\/roztocze24.info\/wp-content\/uploads\/2023\/05\/PXL_20230520_105804193-300x169.jpg 300w, https:\/\/roztocze24.info\/wp-content\/uploads\/2023\/05\/PXL_20230520_105804193-768x432.jpg 768w, https:\/\/roztocze24.info\/wp-content\/uploads\/2023\/05\/PXL_20230520_105804193-1200x675.jpg 1200w, https:\/\/roztocze24.info\/wp-content\/uploads\/2023\/05\/PXL_20230520_105804193.jpg 1422w\" sizes=\"auto, (max-width: 709px) 85vw, (max-width: 909px) 67vw, (max-width: 1362px) 62vw, 840px\" \/><\/figure>\n","protected":false},"excerpt":{"rendered":"<p>Rezerwat&nbsp;Czartowe Pole&nbsp;to jedna z pere\u0142 Roztocza. Bodaj dekad\u0119 temu, w ramach szlaku Geoturystycznego Roztocza \u015arodkowego przygotowano tu tzw. \u015bcie\u017ck\u0119 doln\u0105 prowadz\u0105c\u0105 drewnian\u0105 k\u0142adk\u0105 nad wzburzonymi wodami rzeki Sopot. Z czasem k\u0142adka uleg\u0142a degradacji i zosta\u0142a zamkni\u0119ta. Przez kilka lat nic si\u0119 nie dzia\u0142o, a\u017c do wiosny 2023 r., gdy staraniem Nadle\u015bnictwa J\u00f3zef\u00f3w przygotowano zupe\u0142nie now\u0105 &hellip; <a href=\"https:\/\/roztocze24.info\/?page_id=8563\" class=\"more-link\">Czytaj dalej<span class=\"screen-reader-text\"> \u201eRezerwat Czartowe Pole na nowo\u201d<\/span><\/a><\/p>\n","protected":false},"author":1,"featured_media":0,"parent":895,"menu_order":0,"comment_status":"closed","ping_status":"closed","template":"","meta":{"footnotes":""},"class_list":["post-8563","page","type-page","status-publish","hentry"],"_links":{"self":[{"href":"https:\/\/roztocze24.info\/index.php?rest_route=\/wp\/v2\/pages\/8563","targetHints":{"allow":["GET"]}}],"collection":[{"href":"https:\/\/roztocze24.info\/index.php?rest_route=\/wp\/v2\/pages"}],"about":[{"href":"https:\/\/roztocze24.info\/index.php?rest_route=\/wp\/v2\/types\/page"}],"author":[{"embeddable":true,"href":"https:\/\/roztocze24.info\/index.php?rest_route=\/wp\/v2\/users\/1"}],"replies":[{"embeddable":true,"href":"https:\/\/roztocze24.info\/index.php?rest_route=%2Fwp%2Fv2%2Fcomments&post=8563"}],"version-history":[{"count":7,"href":"https:\/\/roztocze24.info\/index.php?rest_route=\/wp\/v2\/pages\/8563\/revisions"}],"predecessor-version":[{"id":8575,"href":"https:\/\/roztocze24.info\/index.php?rest_route=\/wp\/v2\/pages\/8563\/revisions\/8575"}],"up":[{"embeddable":true,"href":"https:\/\/roztocze24.info\/index.php?rest_route=\/wp\/v2\/pages\/895"}],"wp:attachment":[{"href":"https:\/\/roztocze24.info\/index.php?rest_route=%2Fwp%2Fv2%2Fmedia&parent=8563"}],"curies":[{"name":"wp","href":"https:\/\/api.w.org\/{rel}","templated":true}]}}